{"id":4916,"date":"2022-03-30T16:36:31","date_gmt":"2022-03-30T14:36:31","guid":{"rendered":"https:\/\/thrillsyndicate.com\/descargo-de-responsabilidad\/"},"modified":"2022-05-02T11:37:53","modified_gmt":"2022-05-02T09:37:53","slug":"descargo-de-responsabilidad","status":"publish","type":"page","link":"https:\/\/thrillsyndicate.com\/es\/descargo-de-responsabilidad\/","title":{"rendered":"Descargo de responsabilidad"},"content":{"rendered":"\n<p>Todos los derechos sobre los contenidos de este sitio de Internet con los nombres de dominio thrillsyndicate.com pertenecen a Thrill Syndicate bv, en la medida en que estos derechos no se otorguen a terceros cuyo material se puso a disposici\u00f3n en thrillsyndicate.com.<\/p>\n\n<p>El usuario reconoce los derechos de propiedad (intelectual) de Thrill Syndicate y sus proveedores sobre los contenidos de thrillsyndicate.com, en su totalidad o en parte, o contenidos en informaci\u00f3n que se demuestre basada en ellos y\/o derivada de ellos, independientemente de si la informaci\u00f3n, basada en ellos y\/o derivado de all\u00ed de esa manera, es (parcialmente) el producto de una adaptaci\u00f3n, mejora o logro por parte de alguien que no sea Thrill Syndicate y\/o sus proveedores.<\/p>\n\n<p>El usuario puede consultar y utilizar los contenidos de thrillsyndicate.com \u00fanicamente para uso personal.<\/p>\n\n<p>El usuario no est\u00e1 autorizado a publicar, reproducir o vender la informaci\u00f3n obtenida de thrillsyndicate.com salvo de forma ocasional y de cualquier forma, incluida su integraci\u00f3n en redes, su visualizaci\u00f3n en varios monitores o su publicaci\u00f3n de otro modo, despu\u00e9s de su adaptaci\u00f3n o no.<\/p>\n\n<p>El procesamiento de los datos en thrillsyndicate.com y la realizaci\u00f3n de thrillsyndicate.com se han llevado a cabo seg\u00fan nuestro leal saber y entender y con el m\u00e1ximo cuidado. Sin embargo, ni Thrill Syndicate ni sus proveedores garantizan que la informaci\u00f3n contenida en thrillsyndicate.com sea correcta y completa y, por lo tanto, no son responsables de los da\u00f1os causados por la inexactitud, incompletitud o ilicitud del contenido de la informaci\u00f3n ofrecida a trav\u00e9s de thrillsyndicate.com, a pesar de la intenci\u00f3n o negligencia grave por parte de Thrill Syndicate o sus proveedores. La exactitud de la informaci\u00f3n que es de importancia esencial para el usuario siempre debe ser verificada por el usuario. Thrill Syndicate no se hace responsable en caso de que thrillsyndicate.com no est\u00e9 accesible o disponible para el usuario como consecuencia de un mal funcionamiento.<\/p>\n\n<p><strong><a href=\"https:\/\/thrillsyndicate.com\/es\/?page_id=4890\">Pol\u00edtica de privacidad<\/a><\/strong><br\/> Nuestra pol\u00edtica de privacidad revela las pr\u00e1cticas de privacidad de (thrillsyndicate.com). Esta pol\u00edtica de privacidad se aplica \u00fanicamente a la informaci\u00f3n recopilada por este sitio web. Le notificar\u00e1 lo siguiente:<\/p>\n\n<ol class=\"wp-block-list\"><li>Qu\u00e9 informaci\u00f3n de identificaci\u00f3n personal se recopila de usted a trav\u00e9s del sitio web, c\u00f3mo se usa y con qui\u00e9n se puede compartir.<\/li><li>Qu\u00e9 opciones est\u00e1n disponibles para usted con respecto al uso de sus datos.<\/li><li>Los procedimientos de seguridad establecidos para proteger el mal uso de su informaci\u00f3n.<\/li><li>C\u00f3mo puede corregir cualquier inexactitud en la informaci\u00f3n.<\/li><\/ol>\n\n<p><strong>Recopilaci\u00f3n, uso y uso compartido de la informaci\u00f3n<\/strong><br\/> Somos los \u00fanicos propietarios de la informaci\u00f3n recopilada en este sitio. Solo tenemos acceso a\/recopilamos informaci\u00f3n que usted nos proporciona voluntariamente por correo electr\u00f3nico u otro contacto directo suyo. No venderemos ni alquilaremos esta informaci\u00f3n a nadie.<\/p>\n\n<p>Usaremos su informaci\u00f3n para responderle, con respecto a la raz\u00f3n por la que se comunic\u00f3 con nosotros. No compartiremos su informaci\u00f3n con ning\u00fan tercero fuera de nuestra organizaci\u00f3n, excepto cuando sea necesario para cumplir con su solicitud, por ejemplo, para enviar un pedido.<\/p>\n\n<p>A menos que nos solicite que no lo hagamos, es posible que nos comuniquemos con usted por correo electr\u00f3nico en el futuro para informarle sobre ofertas especiales, nuevos productos o servicios, o cambios en esta pol\u00edtica de privacidad.<\/p>\n\n<p><strong>Su acceso y control sobre la informaci\u00f3n<\/strong><br\/>Puede optar por no recibir nuestros contactos en el futuro en cualquier momento. Puede hacer lo siguiente en cualquier momento poni\u00e9ndose en contacto con nosotros a trav\u00e9s de la direcci\u00f3n de correo electr\u00f3nico o el n\u00famero de tel\u00e9fono que figuran en nuestro sitio web:<\/p>\n\n<ul class=\"wp-block-list\"><li>Vea qu\u00e9 datos tenemos sobre usted, si los hay.<\/li><li>Cambiar\/corregir cualquier dato que tengamos sobre usted.<\/li><li>P\u00eddanos que eliminemos cualquier dato que tengamos sobre usted.<\/li><li>Expresar cualquier inquietud que tenga sobre el uso que hacemos de sus datos.<\/li><\/ul>\n\n<p><strong>Seguridad<\/strong><br\/>Tomamos precauciones para proteger su informaci\u00f3n. Cuando env\u00eda informaci\u00f3n confidencial a trav\u00e9s del sitio web, su informaci\u00f3n est\u00e1 protegida tanto en l\u00ednea como fuera de l\u00ednea.<\/p>\n\n<p>Siempre que recopilemos informaci\u00f3n confidencial (como datos de tarjetas de cr\u00e9dito), esa informaci\u00f3n se cifra y se nos transmite de forma segura. Puede verificar esto buscando un \u00edcono de candado cerrado en la parte inferior de su navegador web, o buscando &#8220;https&#8221; al comienzo de la direcci\u00f3n de la p\u00e1gina web.<\/p>\n\n<p>Si bien utilizamos el cifrado para proteger la informaci\u00f3n confidencial transmitida en l\u00ednea, tambi\u00e9n protegemos su informaci\u00f3n fuera de l\u00ednea. Solo los empleados que necesitan la informaci\u00f3n para realizar un trabajo espec\u00edfico (por ejemplo, facturaci\u00f3n o servicio al cliente) tienen acceso a la informaci\u00f3n de identificaci\u00f3n personal. Las computadoras\/servidores en los que almacenamos informaci\u00f3n de identificaci\u00f3n personal se mantienen en un entorno seguro.<\/p>\n\n<p><strong>Pol\u00edtica de exclusi\u00f3n voluntaria del bolet\u00edn<\/strong><br\/>Solo le enviaremos correos electr\u00f3nicos que se consideren relevantes para usted en funci\u00f3n de sus criterios de suscripci\u00f3n de correo electr\u00f3nico.<\/p>\n\n<p>Nuestro bolet\u00edn le brindar\u00e1 la opci\u00f3n de detener su suscripci\u00f3n de correo electr\u00f3nico, lo que le indicar\u00e1 al sistema que lo elimine de nuestra lista de correo del bolet\u00edn. Nuestros boletines incluir\u00e1n un aviso de exclusi\u00f3n voluntaria y un enlace para cancelar la suscripci\u00f3n al pie de p\u00e1gina del mensaje.<\/p>\n\n<p><strong>Actualizaciones<\/strong><br\/> Nuestra Pol\u00edtica de privacidad puede cambiar de vez en cuando y todas las actualizaciones se publicar\u00e1n en esta p\u00e1gina.<\/p>\n\n<p>Si cree que no cumplimos con esta pol\u00edtica de privacidad, debe comunicarse con nosotros de inmediato a trav\u00e9s <a href=\"mailto:sales@thrillsyndicate.com\">de sales@thrillsyndicate.com<\/a> <\/p>\n","protected":false},"excerpt":{"rendered":"<p>Todos los derechos sobre los contenidos de este sitio de Internet con los nombres de dominio thrillsyndicate.com pertenecen a Thrill Syndicate bv, en la medida en que estos derechos no se otorguen a terceros cuyo material se puso a disposici\u00f3n en thrillsyndicate.com. El usuario reconoce los derechos de propiedad (intelectual) de Thrill Syndicate y sus [&hellip;]<\/p>\n","protected":false},"author":64,"featured_media":0,"parent":0,"menu_order":0,"comment_status":"closed","ping_status":"closed","template":"","meta":{"_coblocks_attr":"","_coblocks_dimensions":"","_coblocks_responsive_height":"","_coblocks_accordion_ie_support":"","footnotes":""},"class_list":["post-4916","page","type-page","status-publish","hentry"],"_links":{"self":[{"href":"https:\/\/thrillsyndicate.com\/es\/wp-json\/wp\/v2\/pages\/4916","targetHints":{"allow":["GET"]}}],"collection":[{"href":"https:\/\/thrillsyndicate.com\/es\/wp-json\/wp\/v2\/pages"}],"about":[{"href":"https:\/\/thrillsyndicate.com\/es\/wp-json\/wp\/v2\/types\/page"}],"author":[{"embeddable":true,"href":"https:\/\/thrillsyndicate.com\/es\/wp-json\/wp\/v2\/users\/64"}],"replies":[{"embeddable":true,"href":"https:\/\/thrillsyndicate.com\/es\/wp-json\/wp\/v2\/comments?post=4916"}],"version-history":[{"count":0,"href":"https:\/\/thrillsyndicate.com\/es\/wp-json\/wp\/v2\/pages\/4916\/revisions"}],"wp:attachment":[{"href":"https:\/\/thrillsyndicate.com\/es\/wp-json\/wp\/v2\/media?parent=4916"}],"curies":[{"name":"wp","href":"https:\/\/api.w.org\/{rel}","templated":true}]}}