{"id":4942,"date":"2022-03-25T12:50:55","date_gmt":"2022-03-25T11:50:55","guid":{"rendered":"https:\/\/thrillsyndicate.com\/acerca-de-thrill-syndicate\/"},"modified":"2025-06-08T08:27:20","modified_gmt":"2025-06-08T06:27:20","slug":"acerca-de-thrill-syndicate","status":"publish","type":"page","link":"https:\/\/thrillsyndicate.com\/es\/acerca-de-thrill-syndicate\/","title":{"rendered":"Acerca de Thrill Syndicate"},"content":{"rendered":"\n<h2 class=\"wp-block-heading\" id=\"h-worldwide-delivery-of-industry-standard-solutions-for-the-adventure-and-leisure-industry\">Entrega mundial de soluciones est\u00e1ndar de la industria para la industria de la aventura y el ocio<\/h2>\n\n<p><\/p>\n\n<div class=\"wp-block-image is-style-default\"><figure class=\"aligncenter size-full\"><img loading=\"lazy\" decoding=\"async\" width=\"1200\" height=\"628\" src=\"https:\/\/thrillsyndicate.com\/wp-content\/uploads\/2022\/03\/zipline-girl-5-wide-1.jpg\" alt=\"\" class=\"wp-image-1494\" srcset=\"https:\/\/thrillsyndicate.com\/wp-content\/uploads\/2022\/03\/zipline-girl-5-wide-1.jpg 1200w, https:\/\/thrillsyndicate.com\/wp-content\/uploads\/2022\/03\/zipline-girl-5-wide-1-458x240.jpg 458w, https:\/\/thrillsyndicate.com\/wp-content\/uploads\/2022\/03\/zipline-girl-5-wide-1-300x157.jpg 300w, https:\/\/thrillsyndicate.com\/wp-content\/uploads\/2022\/03\/zipline-girl-5-wide-1-1024x536.jpg 1024w, https:\/\/thrillsyndicate.com\/wp-content\/uploads\/2022\/03\/zipline-girl-5-wide-1-768x402.jpg 768w, https:\/\/thrillsyndicate.com\/wp-content\/uploads\/2022\/03\/zipline-girl-5-wide-1-100x52.jpg 100w\" sizes=\"auto, (max-width: 1200px) 100vw, 1200px\" \/><\/figure><\/div>\n\n<p>El experto de la industria en equipos de aventura innovadores: Thrill Syndicate dise\u00f1a y distribuye soluciones Epic Adventure en todo el mundo. Ofrecemos productos y servicios de seguridad y emoci\u00f3n de \u00faltima generaci\u00f3n a operadores profesionales de todo el mundo.<\/p>\n\n<h2 class=\"wp-block-heading\">Marcas que representamos<\/h2>\n\n<p>Thrill Syndicate representa las mejores marcas en la industria de la aventura. Combinamos estas marcas con el conocimiento experto del dise\u00f1o y la ingenier\u00eda de las aventuras m\u00e1s \u00e9picas del mundo. Nuestros productos permiten a los clientes de todo el mundo dar vida a su imaginaci\u00f3n.<\/p>\n\n<hr class=\"wp-block-coblocks-dynamic-separator is-style-line\" style=\"height:50px\">\n\n<div class=\"wp-block-image\"><figure class=\"alignleft size-large is-resized\"><a href=\"https:\/\/thrillsyndicate.com\/es\/marca\/head-rush-technologies-es\/\"><img loading=\"lazy\" decoding=\"async\" src=\"https:\/\/thrillsyndicate.com\/wp-content\/uploads\/2022\/03\/head-rush-technologies-logo-large-1024x298.png\" alt=\"\" class=\"wp-image-1273\" width=\"512\" height=\"149\" srcset=\"https:\/\/thrillsyndicate.com\/wp-content\/uploads\/2022\/03\/head-rush-technologies-logo-large-1024x298.png 1024w, https:\/\/thrillsyndicate.com\/wp-content\/uploads\/2022\/03\/head-rush-technologies-logo-large-458x133.png 458w, https:\/\/thrillsyndicate.com\/wp-content\/uploads\/2022\/03\/head-rush-technologies-logo-large-300x87.png 300w, https:\/\/thrillsyndicate.com\/wp-content\/uploads\/2022\/03\/head-rush-technologies-logo-large-768x223.png 768w, https:\/\/thrillsyndicate.com\/wp-content\/uploads\/2022\/03\/head-rush-technologies-logo-large-1536x447.png 1536w, https:\/\/thrillsyndicate.com\/wp-content\/uploads\/2022\/03\/head-rush-technologies-logo-large-2048x596.png 2048w, https:\/\/thrillsyndicate.com\/wp-content\/uploads\/2022\/03\/head-rush-technologies-logo-large-100x29.png 100w\" sizes=\"auto, (max-width: 512px) 100vw, 512px\" \/><\/a><figcaption>Haga clic para obtener una descripci\u00f3n general del producto Headrush<\/figcaption><\/figure><\/div>\n\n<div style=\"height:10px\" aria-hidden=\"true\" class=\"wp-block-spacer\"><\/div>\n\n<p>Head Rush Technologies es el experto de la industria en equipos de aventura innovadores. Mejor conocido por nuestra aplicaci\u00f3n de la tecnolog\u00eda de frenado por corrientes de Foucault en nuestros productos, incluidos los galardonados TRUBLUE Auto Belay, zipSTOP Zip Line Brake, QuickFlight y FlightLine Free Fall Devices, \u00a1y m\u00e1s!<\/p>\n\n<p>Todos ellos comienzan con la b\u00fasqueda de una forma de utilizar nuestra tecnolog\u00eda patentada y nuestra experiencia en ingenier\u00eda para mejorar las experiencias de aventura para los usuarios mientras ayudan a los operadores de las instalaciones a mejorar su negocio. Todo lo que dise\u00f1amos y fabricamos tiene estos dos objetivos en mente.<\/p>\n\n<p>A medida que cada producto tuvo \u00e9xito, nos encontramos expandi\u00e9ndonos constantemente para ayudar a nuestros clientes con problemas adicionales que encontraron en sus negocios, lo que nos llev\u00f3 a crear otros productos avanzados para resolver esos problemas. Esa fue la g\u00e9nesis de Impact Trolley, Gorilla Rope e incluso Arboreal Tree Climbing System, todos los cuales ingresaron a sus mercados como soluciones de primera l\u00ednea (y mejores productos) para nuestros clientes.<\/p>\n\n<hr class=\"wp-block-coblocks-dynamic-separator is-style-line\" style=\"height:50px\">\n\n<div class=\"wp-block-image\"><figure class=\"alignleft size-large is-resized\"><a href=\"https:\/\/thrillsyndicate.com\/es\/marca\/edelrid-es\/\"><img loading=\"lazy\" decoding=\"async\" src=\"https:\/\/thrillsyndicate.com\/wp-content\/uploads\/2022\/03\/Edelrid_Logo_2013.svg_-1024x305.png\" alt=\"\" class=\"wp-image-1274\" width=\"512\" height=\"153\" srcset=\"https:\/\/thrillsyndicate.com\/wp-content\/uploads\/2022\/03\/Edelrid_Logo_2013.svg_-1024x305.png 1024w, https:\/\/thrillsyndicate.com\/wp-content\/uploads\/2022\/03\/Edelrid_Logo_2013.svg_-458x137.png 458w, https:\/\/thrillsyndicate.com\/wp-content\/uploads\/2022\/03\/Edelrid_Logo_2013.svg_-300x90.png 300w, https:\/\/thrillsyndicate.com\/wp-content\/uploads\/2022\/03\/Edelrid_Logo_2013.svg_-768x229.png 768w, https:\/\/thrillsyndicate.com\/wp-content\/uploads\/2022\/03\/Edelrid_Logo_2013.svg_-100x30.png 100w, https:\/\/thrillsyndicate.com\/wp-content\/uploads\/2022\/03\/Edelrid_Logo_2013.svg_.png 1200w\" sizes=\"auto, (max-width: 512px) 100vw, 512px\" \/><\/a><figcaption>Haga clic para obtener una descripci\u00f3n general del producto Edelrid<\/figcaption><\/figure><\/div>\n\n<div style=\"height:10px\" aria-hidden=\"true\" class=\"wp-block-spacer\"><\/div>\n\n<p>Edelrid es pionera en el desarrollo de productos de alta calidad para parques de aventura. Si usted es una empresa operadora, gu\u00eda o constructor, nos aseguramos de que obtenga todo de una sola fuente.<\/p>\n\n<p>Por eso estamos constantemente desarrollando nuestros productos y soluciones, desde equipos de escalada en monta\u00f1a y deportes de interior hasta equipos de protecci\u00f3n personal (EPI) para aplicaciones comerciales.<br\/><br\/>Como fabricante arraigado en la regi\u00f3n de Allg\u00e4u, producimos nuestra cartera completa de cuerdas para deportes de monta\u00f1a, cuerdas est\u00e1ticas, cuerdas para enhebrar, as\u00ed como l\u00edneas para parapentes y muchas otras aplicaciones industriales en nuestra propia f\u00e1brica de cuerdas.<\/p>\n\n<hr class=\"wp-block-coblocks-dynamic-separator is-style-line\" style=\"height:50px\">\n\n<div class=\"wp-block-image\"><figure class=\"alignleft size-full is-resized\"><a href=\"https:\/\/thrillsyndicate.com\/es\/marca\/saferoller-es\/\"><img loading=\"lazy\" decoding=\"async\" src=\"https:\/\/thrillsyndicate.com\/wp-content\/uploads\/2022\/03\/Saferoller-logo.jpg\" alt=\"Sistema de aseguramiento continuo Saferoller\" class=\"wp-image-707\" width=\"512\" height=\"153\" srcset=\"https:\/\/thrillsyndicate.com\/wp-content\/uploads\/2022\/03\/Saferoller-logo.jpg 246w, https:\/\/thrillsyndicate.com\/wp-content\/uploads\/2022\/03\/Saferoller-logo-100x30.jpg 100w\" sizes=\"auto, (max-width: 512px) 100vw, 512px\" \/><\/a><figcaption>Haga clic para obtener una descripci\u00f3n general del producto Saferoller<\/figcaption><\/figure><\/div>\n\n<div style=\"height:10px\" aria-hidden=\"true\" class=\"wp-block-spacer\"><\/div>\n\n<p>Saferoller es el PRIMER sistema de aseguramiento continuo rodante del mundo y sigue siendo el \u00fanico sistema que se puede instalar con la l\u00ednea de seguridad fuera del alcance para obtener la m\u00e1xima descarga de adrenalina (2 m -2,3 m por encima de la altura de la plataforma)<\/p>\n\n<p><strong>Saferoller, rodadura r\u00e1pida y continua de extremo a extremo:<\/strong> simplemente col\u00f3quese y ruede. El movimiento r\u00e1pido y continuo de extremo a extremo y el movimiento sin manos sin igual crean una aventura llena de adrenalina.<\/p>\n\n<p><strong>Saferoller, dise\u00f1ado para la l\u00ednea de seguridad fuera del alcance:<\/strong> El \u00fanico sistema que se puede instalar con la l\u00ednea de seguridad fuera del alcance (2 m -2,3 m por encima de la altura de la plataforma) para obtener la m\u00e1xima adrenalina y la mejor experiencia.<\/p>\n\n<p><strong>Maximice el retorno de la inversi\u00f3n:<\/strong> el dise\u00f1o y la construcci\u00f3n profesionales aumentan las tasas de rendimiento de los usuarios y reducen los requisitos de personal. Mejore la experiencia del usuario optimizando el posicionamiento de las plataformas de inicio y final, giros, ascensos y descensos.<\/p>\n\n<p><strong>Reduzca los costos operativos anuales en un 25-35 %:<\/strong> el sistema de aseguramiento continuo rodante Saferoller requiere una supervisi\u00f3n m\u00ednima y menos personal. Aumente el rendimiento del cliente hasta en un 20%.<\/p>\n\n<p><strong>Minimice las tarifas de mantenimiento:<\/strong> los requisitos de mantenimiento m\u00e1s bajos del mercado y las piezas reemplazables hacen de Saferoller\u00ae el l\u00edder de la industria. La sesi\u00f3n informativa dura solo 60 segundos. Supervisi\u00f3n m\u00ednima y menos personal requerido.<\/p>\n\n<p><strong>Certificaci\u00f3n T\u00dcV S\u00fcd:<\/strong> las piezas de Saferoller se fabrican de acuerdo con estrictos est\u00e1ndares de calidad: (CATEGOR\u00cdA &#8220;E&#8221;, RfU CNB\/P\/11.104, EN 795 B, EN 15567-1, EN 15567-2, EN 12278) y de acuerdo con los est\u00e1ndares ACCT ( ESTADOS UNIDOS).<\/p>\n\n<hr class=\"wp-block-coblocks-dynamic-separator is-style-line\" style=\"height:50px\">\n\n<div class=\"wp-block-image\"><figure class=\"alignleft size-full is-resized\"><a href=\"https:\/\/thrillsyndicate.com\/es\/marca\/speedrunner-es\/\"><img loading=\"lazy\" decoding=\"async\" src=\"https:\/\/thrillsyndicate.com\/wp-content\/uploads\/2022\/03\/speedrunner-logo.jpg\" alt=\"Sistema de aseguramiento continuo Speedrunner\" class=\"wp-image-708\" width=\"512\" height=\"153\" srcset=\"https:\/\/thrillsyndicate.com\/wp-content\/uploads\/2022\/03\/speedrunner-logo.jpg 246w, https:\/\/thrillsyndicate.com\/wp-content\/uploads\/2022\/03\/speedrunner-logo-100x30.jpg 100w\" sizes=\"auto, (max-width: 512px) 100vw, 512px\" \/><\/a><figcaption>Haga clic para obtener una descripci\u00f3n general del producto Speedrunner<\/figcaption><\/figure><\/div>\n\n<div style=\"height:10px\" aria-hidden=\"true\" class=\"wp-block-spacer\"><\/div>\n\n<p>Speedrunner es la soluci\u00f3n de free-running para tu parque de aventuras a\u00e9reas. Con la l\u00ednea de seguridad a media altura, se puede adaptar r\u00e1pidamente a muchas situaciones. El dispositivo de conexi\u00f3n m\u00f3vil certificado (PPE) Kanhook es un sistema basado en gancho que presenta el primer mecanismo de brecha de cierre autom\u00e1tico de la industria. Es nuestro sistema m\u00e1s econ\u00f3mico y f\u00e1cil de instalar. Dise\u00f1ado para resistir el desgaste. Robusto, duradero y fiable. Solo engancha y listo.<\/p>\n\n<p>El sistema de aseguramiento continuo Speedrunner se basa en un gancho. El Kanhook (PPE) se desliza suave y silenciosamente sobre la l\u00ednea de seguridad, sigui\u00e9ndote dondequiera que vayas. Est\u00e1s continuamente protegido. La l\u00ednea de seguridad se instala a media altura (1,4 m -1,6 m) para permitir la manipulaci\u00f3n manual.<\/p>\n\n<p><strong>Certificaci\u00f3n T\u00dcV S\u00fcd:<\/strong> las piezas Speedrunner se fabrican de acuerdo con estrictos est\u00e1ndares de calidad: CATEGOR\u00cdA &#8220;E&#8221; certificada por T\u00dcV S\u00fcd EN 795 B EN 795 C EN 15567 EN 17109 RfU CNB\/P\/11.104 Normas ACCT (EE. UU.).<\/p>\n\n<hr class=\"wp-block-coblocks-dynamic-separator is-style-line\" style=\"height:50px\">\n\n<div class=\"wp-block-image\"><figure class=\"alignleft size-large is-resized\"><a href=\"https:\/\/thrillsyndicate.com\/es\/marca\/lockd-clips-es\/\"><img loading=\"lazy\" decoding=\"async\" src=\"https:\/\/thrillsyndicate.com\/wp-content\/uploads\/2022\/03\/2021_LockD_lowercase-logo-blackgold-1024x207.png\" alt=\"\" class=\"wp-image-1275\" width=\"512\" height=\"104\" srcset=\"https:\/\/thrillsyndicate.com\/wp-content\/uploads\/2022\/03\/2021_LockD_lowercase-logo-blackgold-1024x207.png 1024w, https:\/\/thrillsyndicate.com\/wp-content\/uploads\/2022\/03\/2021_LockD_lowercase-logo-blackgold-458x93.png 458w, https:\/\/thrillsyndicate.com\/wp-content\/uploads\/2022\/03\/2021_LockD_lowercase-logo-blackgold-300x61.png 300w, https:\/\/thrillsyndicate.com\/wp-content\/uploads\/2022\/03\/2021_LockD_lowercase-logo-blackgold-768x155.png 768w, https:\/\/thrillsyndicate.com\/wp-content\/uploads\/2022\/03\/2021_LockD_lowercase-logo-blackgold-1536x311.png 1536w, https:\/\/thrillsyndicate.com\/wp-content\/uploads\/2022\/03\/2021_LockD_lowercase-logo-blackgold-2048x414.png 2048w, https:\/\/thrillsyndicate.com\/wp-content\/uploads\/2022\/03\/2021_LockD_lowercase-logo-blackgold-100x20.png 100w\" sizes=\"auto, (max-width: 512px) 100vw, 512px\" \/><\/a><figcaption>Haga clic para obtener una descripci\u00f3n general del producto LockD Clips<\/figcaption><\/figure><\/div>\n\n<div style=\"height:10px\" aria-hidden=\"true\" class=\"wp-block-spacer\"><\/div>\n\n<p>Informado por los comentarios de la industria de la recreaci\u00f3n de aventuras, el dise\u00f1o optimizado e innovador &#8220;siempre bloqueado&#8221; de LockD Clips se ha desarrollado espec\u00edficamente para las necesidades de los operadores y participantes de la recreaci\u00f3n de aventuras.<\/p>\n\n<p><strong>Nuestro sistema de seguridad inteligente es simple, sencillo y seguro.<\/strong> <\/p>\n\n<p>Los sistemas de seguridad inteligentes para parques de aventuras, como LockD Clips, tambi\u00e9n permiten al escalador elegir diferentes senderos, adelantar a los escaladores m\u00e1s lentos y participar con elementos tanto verticales como horizontales, proporcionando un mayor control y flexibilidad en la actividad. Con nuestro dise\u00f1o simple &#8220;siempre bloqueado&#8221;, los clips LockD entregan de manera segura las cuerdas y las riendas al escalador para una experiencia aut\u00f3noma pero confiable.<\/p>\n\n<p>La &#8220;clave&#8221; para bloquear y desbloquear el sistema de seguridad inteligente LockD Clips es la Tweezle Key. Cuando se inserta un clip LockD en una llave Tweezle (montada en una l\u00ednea de vida), se bloquea, mientras que el otro clip se desbloquea.<\/p>\n\n<hr class=\"wp-block-coblocks-dynamic-separator is-style-line\" style=\"height:50px\">\n\n<div class=\"wp-block-image\"><figure class=\"alignleft size-full is-resized\"><a href=\"https:\/\/thrillsyndicate.com\/es\/marca\/isc-es\/\"><img decoding=\"async\" src=\"https:\/\/thrillsyndicate.com\/wp-content\/uploads\/2022\/04\/logoISCGrey.png\" alt=\"Componentes de seguridad internacional (ISC)\" class=\"wp-image-1814\" height=\"130\" srcset=\"https:\/\/thrillsyndicate.com\/wp-content\/uploads\/2022\/04\/logoISCGrey.png 400w, https:\/\/thrillsyndicate.com\/wp-content\/uploads\/2022\/04\/logoISCGrey-300x127.png 300w, https:\/\/thrillsyndicate.com\/wp-content\/uploads\/2022\/04\/logoISCGrey-100x42.png 100w\" sizes=\"(max-width: 400px) 100vw, 400px\" \/><\/a><figcaption>Haga clic para obtener una descripci\u00f3n general del producto ISC<\/figcaption><\/figure><\/div>\n\n<div style=\"height:10px\" aria-hidden=\"true\" class=\"wp-block-spacer\"><\/div>\n\n<p>International Safety Components (ISC) es un proveedor l\u00edder mundial de equipos de seguridad en altura. Dise\u00f1amos y fabricamos equipos para una variedad de industrias que incluyen arboricultura, acceso con cuerdas, rescate con cuerdas y parques de aventuras.<\/p>\n\n<p>Los productos ISC Challenge Course, Adventure Park y Zip line est\u00e1n dise\u00f1ados para ofrecer una experiencia segura y agradable a los usuarios, al tiempo que ofrecen una comodidad y un rendimiento \u00f3ptimos para los operadores del curso. En la mayor\u00eda de los casos, los productos ISC se pueden adaptar a los cursos existentes, con poca o ninguna necesidad de modificar las l\u00edneas. Todos los productos est\u00e1n dise\u00f1ados para un rendimiento y una durabilidad \u00f3ptimos. Trabajando con los mejores expertos de la industria, nuestros ingenieros han desarrollado una gama de poleas zip que ofrecen un rendimiento y una vida \u00fatil \u00f3ptimos.<\/p>\n\n<p>La gama ISC ZipSpeed Trolley se adapta a todo tipo de tirolesas, desde poleas ligeros Clip&#8217;n&#8217;Zip para Zip Parks, hasta poleas de rendimiento de alta velocidad para l\u00edneas s\u00faper r\u00e1pidas. Nuestra gama ZipSpeed Trolley se complementa con una amplia gama de opciones de accesorios que incluyen arneses estilo Paraca\u00eddas y Superman y la nueva c\u00e1mara antivuelco (ARC), dise\u00f1ada para optimizar el rendimiento al evitar que los usuarios retrocedan en la l\u00ednea.<\/p>\n\n<hr class=\"wp-block-coblocks-dynamic-separator is-style-line\" style=\"height:50px\">\n\n<div class=\"wp-block-image\"><figure class=\"alignleft size-large is-resized\"><a href=\"https:\/\/thrillsyndicate.com\/es\/marca\/thrill-syndicate-es\/\"><img decoding=\"async\" src=\"https:\/\/thrillsyndicate.com\/wp-content\/uploads\/2022\/03\/ts-wide-large-1024x196.png\" alt=\"\" class=\"wp-image-1546\" width=\"512\" srcset=\"https:\/\/thrillsyndicate.com\/wp-content\/uploads\/2022\/03\/ts-wide-large-1024x196.png 1024w, https:\/\/thrillsyndicate.com\/wp-content\/uploads\/2022\/03\/ts-wide-large-458x88.png 458w, https:\/\/thrillsyndicate.com\/wp-content\/uploads\/2022\/03\/ts-wide-large-300x57.png 300w, https:\/\/thrillsyndicate.com\/wp-content\/uploads\/2022\/03\/ts-wide-large-768x147.png 768w, https:\/\/thrillsyndicate.com\/wp-content\/uploads\/2022\/03\/ts-wide-large-1536x293.png 1536w, https:\/\/thrillsyndicate.com\/wp-content\/uploads\/2022\/03\/ts-wide-large-2048x391.png 2048w, https:\/\/thrillsyndicate.com\/wp-content\/uploads\/2022\/03\/ts-wide-large-100x19.png 100w\" sizes=\"(max-width: 1024px) 100vw, 1024px\" \/><\/a><figcaption>Haga clic para obtener una descripci\u00f3n general del producto Thrill Syndicate<\/figcaption><\/figure><\/div>\n\n<div style=\"height:10px\" aria-hidden=\"true\" class=\"wp-block-spacer\"><\/div>\n\n<p>Thrill Syndicate dise\u00f1a y distribuye soluciones de Epic Adventure en todo el mundo. Ofrecemos productos y servicios de seguridad y emoci\u00f3n de \u00faltima generaci\u00f3n a operadores profesionales de todo el mundo.<\/p>\n\n<p>Ya sea que est\u00e9n usando nuestros Auto Belays para un nuevo y emocionante elemento de escalada, nuestros frenos magn\u00e9ticos de tirolesa para crear la tirolesa m\u00e1s larga del mundo o uno de nuestra familia de productos Jump para brindar una emocionante experiencia de ca\u00edda libre a sus clientes, Thrill Syndicate realmente pone el poder de la imaginaci\u00f3n a trabajar.<\/p>\n\n<p>Utilizamos <a href=\"https:\/\/thrillsyndicate.com\/blog\/the-science-of-eddy-current-magnetic-braking\/\">tecnolog\u00eda de frenado por corrientes de Foucault magn\u00e9ticas<\/a> en dispositivos de escalada, ca\u00edda libre y tirolina. Nuestra tecnolog\u00eda de frenos de corrientes par\u00e1sitas es extremadamente confiable, suave y de bajo mantenimiento. El frenado es libre de fricci\u00f3n y sin partes en contacto.<\/p>\n\n<p><\/p>\n","protected":false},"excerpt":{"rendered":"<p>Entrega mundial de soluciones est\u00e1ndar de la industria para la industria de la aventura y el ocio El experto de la industria en equipos de aventura innovadores: Thrill Syndicate dise\u00f1a y distribuye soluciones Epic Adventure en todo el mundo. Ofrecemos productos y servicios de seguridad y emoci\u00f3n de \u00faltima generaci\u00f3n a operadores profesionales de todo [&hellip;]<\/p>\n","protected":false},"author":64,"featured_media":0,"parent":0,"menu_order":0,"comment_status":"closed","ping_status":"closed","template":"","meta":{"_coblocks_attr":"","_coblocks_dimensions":"","_coblocks_responsive_height":"","_coblocks_accordion_ie_support":"","footnotes":""},"class_list":["post-4942","page","type-page","status-publish","hentry"],"_links":{"self":[{"href":"https:\/\/thrillsyndicate.com\/es\/wp-json\/wp\/v2\/pages\/4942","targetHints":{"allow":["GET"]}}],"collection":[{"href":"https:\/\/thrillsyndicate.com\/es\/wp-json\/wp\/v2\/pages"}],"about":[{"href":"https:\/\/thrillsyndicate.com\/es\/wp-json\/wp\/v2\/types\/page"}],"author":[{"embeddable":true,"href":"https:\/\/thrillsyndicate.com\/es\/wp-json\/wp\/v2\/users\/64"}],"replies":[{"embeddable":true,"href":"https:\/\/thrillsyndicate.com\/es\/wp-json\/wp\/v2\/comments?post=4942"}],"version-history":[{"count":0,"href":"https:\/\/thrillsyndicate.com\/es\/wp-json\/wp\/v2\/pages\/4942\/revisions"}],"wp:attachment":[{"href":"https:\/\/thrillsyndicate.com\/es\/wp-json\/wp\/v2\/media?parent=4942"}],"curies":[{"name":"wp","href":"https:\/\/api.w.org\/{rel}","templated":true}]}}