{"id":10349,"date":"2023-05-16T18:27:39","date_gmt":"2023-05-16T16:27:39","guid":{"rendered":"https:\/\/thrillsyndicate.com\/shop\/edelrid-switch-adjust-adjustable-lanyard\/"},"modified":"2025-08-26T08:42:01","modified_gmt":"2025-08-26T06:42:01","slug":"edelrid-switch-adjust-adjustable-lanyard","status":"publish","type":"product","link":"https:\/\/thrillsyndicate.com\/es\/product\/edelrid-switch-adjust-adjustable-lanyard\/","title":{"rendered":"Edelrid Switch Adjust &#8211; Elemento de amarre ajustable"},"content":{"rendered":"<p>Te presentamos el Elemento de amarre ajustable Edelrid Switch Adjust, nuestra respuesta a lo \u00faltimo en elementos de amarre ajustables. Elaborado por expertos y meticulosamente dise\u00f1ado, ofrece una funcionalidad sin igual y un rendimiento superior. Fabricado con cuerda din\u00e1mica que absorbe la energ\u00eda, el Switch Adjust presenta una construcci\u00f3n \u00fanica SWIFT 48 Pro Dry de 8,9 mm que garantiza tanto robustez como flexibilidad.<\/p>\n<p>Su construcci\u00f3n de cuerda din\u00e1mica proporciona una ventaja distintiva en t\u00e9rminos de absorci\u00f3n de energ\u00eda. Esta caracter\u00edstica garantiza una reducci\u00f3n sustancial de la fuerza durante una ca\u00edda, proporcionando una seguridad adicional en comparaci\u00f3n con las eslingas de cuerda est\u00e1ticas tradicionales.<\/p>\n<h2>Ajustes r\u00e1pidos y sencillos, incluso bajo carga<\/h2>\n<p>Lo que distingue al Elemento de amarre ajustable Edelrid Switch Adjust es su capacidad para ajustarse r\u00e1pida y f\u00e1cilmente mediante una abrazadera de cuerda, incluso bajo carga. Esta caracter\u00edstica ofrece a los escaladores un alto nivel de adaptabilidad y comodidad durante sus escaladas. Tanto si ajustas la distancia desde el punto de anclaje como si cambias la direcci\u00f3n de ascenso, el Ajuste de Cambio garantiza un proceso fluido y eficaz.<\/p>\n<p>La longitud ajustable oscila entre 15 cm y unos generosos 120 cm, lo que ofrece un amplio espectro de flexibilidad para adaptarse a diversos escenarios de escalada. Con el Ajuste del Interruptor, tienes la libertad de ajustarte a tu entorno, no al rev\u00e9s.<\/p>\n<h2>Incorporaci\u00f3n del Mosquet\u00f3n KIWI SCREW<\/h2>\n<p>El Elemento de amarre ajustable Edelrid Switch Adjust no es s\u00f3lo su cuerda din\u00e1mica y su capacidad de ajuste. Tambi\u00e9n se trata de conexiones seguras. Este elemento de amarre viene con un mosquet\u00f3n KIWI SCREW integrado para una fijaci\u00f3n segura al punto de anclaje. Conocido por su construcci\u00f3n de alta calidad y su resistencia superior, el mosquet\u00f3n KIWI SCREW es un compa\u00f1ero fiable que garantiza tu seguridad durante todo tu viaje de escalada.<\/p>\n<h2>Haciendo hincapi\u00e9 en la construcci\u00f3n robusta de Kernmantle<\/h2>\n<p>El Ajuste del Interruptor presenta una construcci\u00f3n kernmantle muy robusta. Las cuerdas Kernmantle son famosas por su gran resistencia a la tracci\u00f3n y su excepcional durabilidad, gracias a su dise\u00f1o espec\u00edfico de n\u00facleo protegido (kern) dentro de una funda exterior tejida (manto). Esta construcci\u00f3n no s\u00f3lo aumenta la vida \u00fatil de la eslinga, sino que tambi\u00e9n garantiza un rendimiento constante en diversas condiciones meteorol\u00f3gicas y entornos dif\u00edciles.<\/p>\n<h2>Aprovechar la sencillez del enganche de cincha<\/h2>\n<p>El Elemento de amarre ajustable Edelrid Switch Adjust est\u00e1 dise\u00f1ado para una sujeci\u00f3n sencilla y segura a tu arn\u00e9s mediante un enganche de cincha. Esta caracter\u00edstica garantiza que el elemento de amarre permanezca firmemente sujeto a tu arn\u00e9s, proporcion\u00e1ndote una seguridad y estabilidad \u00f3ptimas durante el ascenso.<\/p>\n<h2>Especificaciones<\/h2>\n<ul>\n<li>Longitud ajustable incluso bajo carga<\/li>\n<li>Mosquet\u00f3n KIWI SCREW integrado para fijarlo al punto de anclaje<\/li>\n<li>Construcci\u00f3n kernmantle muy robusta<\/li>\n<li>Longitud ajustable de 15 a 120 cm<\/li>\n<li>Certificaci\u00f3n : EN 12275<\/li>\n<\/ul>\n<p><iframe loading=\"lazy\" title=\"How To Use: SWITCH (DOUBLE) ADJUST | EDELRID\" width=\"980\" height=\"551\" src=\"https:\/\/www.youtube.com\/embed\/U0CiunpFZQk?feature=oembed\" frameborder=\"0\" allow=\"accelerometer; autoplay; clipboard-write; encrypted-media; gyroscope; picture-in-picture; web-share\" referrerpolicy=\"strict-origin-when-cross-origin\" allowfullscreen><\/iframe><\/p>\n<h3 class=\"western\">\ud83d\udc49 \u00bfEst\u00e1s buscando un art\u00edculo Edelrid espec\u00edfico que no aparece en la tienda? Vendemos toda la gama de productos de aventura, deporte y seguridad. Por favor, <strong><a href=\"https:\/\/thrillsyndicate.com\/es\/contacto\/\">env\u00eda a<\/a><\/strong> un correo electr\u00f3nico o consulta la <strong><a href=\"https:\/\/thrillsyndicate.com\/edelrid-safety-price-list-2025\/\">lista de precios de seguridad aqu\u00ed<\/a><\/strong>. \ud83d\udc48<\/h3>\n","protected":false},"excerpt":{"rendered":"<p>El Edelrid Switch Adjust es un elemento de amarre autobloqueante ajustable, ingeniosamente fabricado con una cuerda din\u00e1mica que absorbe la energ\u00eda, concretamente la SWIFT 48 Pro Dry de 8,9 mm. La caracter\u00edstica distintiva de este elemento de amarre es su ajuste r\u00e1pido y sin esfuerzo mediante un bloqueador de cuerda, incluso cuando est\u00e1 sometido a carga. Adem\u00e1s, su dise\u00f1o incorpora un bucle de generosas dimensiones para una sujeci\u00f3n sencilla y segura al arn\u00e9s mediante un enganche de cincha.<\/p>\n","protected":false},"featured_media":10331,"template":"","meta":{"_coblocks_attr":"","_coblocks_dimensions":"","_coblocks_responsive_height":"","_coblocks_accordion_ie_support":"","wds_primary_product_brand":0,"wds_primary_product_cat":0},"product_brand":[62],"product_cat":[65],"product_tag":[57,176,807,67],"class_list":{"0":"post-10349","1":"product","2":"type-product","3":"status-publish","4":"has-post-thumbnail","6":"product_brand-edelrid","7":"product_cat-connecting","8":"product_tag-lanyard","9":"product_tag-connecting","10":"product_tag-adjustable-lanyard","11":"product_tag-ppe","13":"first","14":"instock","15":"taxable","16":"shipping-taxable","17":"purchasable","18":"product-type-simple"},"_links":{"self":[{"href":"https:\/\/thrillsyndicate.com\/es\/wp-json\/wp\/v2\/product\/10349","targetHints":{"allow":["GET"]}}],"collection":[{"href":"https:\/\/thrillsyndicate.com\/es\/wp-json\/wp\/v2\/product"}],"about":[{"href":"https:\/\/thrillsyndicate.com\/es\/wp-json\/wp\/v2\/types\/product"}],"wp:featuredmedia":[{"embeddable":true,"href":"https:\/\/thrillsyndicate.com\/es\/wp-json\/wp\/v2\/media\/10331"}],"wp:attachment":[{"href":"https:\/\/thrillsyndicate.com\/es\/wp-json\/wp\/v2\/media?parent=10349"}],"wp:term":[{"taxonomy":"product_brand","embeddable":true,"href":"https:\/\/thrillsyndicate.com\/es\/wp-json\/wp\/v2\/product_brand?post=10349"},{"taxonomy":"product_cat","embeddable":true,"href":"https:\/\/thrillsyndicate.com\/es\/wp-json\/wp\/v2\/product_cat?post=10349"},{"taxonomy":"product_tag","embeddable":true,"href":"https:\/\/thrillsyndicate.com\/es\/wp-json\/wp\/v2\/product_tag?post=10349"}],"curies":[{"name":"wp","href":"https:\/\/api.w.org\/{rel}","templated":true}]}}