{"id":10524,"date":"2023-05-24T15:09:17","date_gmt":"2023-05-24T13:09:17","guid":{"rendered":"https:\/\/thrillsyndicate.com\/shop\/edelrid-pes-eslinga-16-mm\/"},"modified":"2025-08-26T08:42:08","modified_gmt":"2025-08-26T06:42:08","slug":"edelrid-pes-eslinga-16-mm","status":"publish","type":"product","link":"https:\/\/thrillsyndicate.com\/es\/product\/edelrid-pes-eslinga-16-mm\/","title":{"rendered":"Cabestrillo Edelrid PES 16 mm"},"content":{"rendered":"<p>El robusto arn\u00e9s PES Edelrid de 16 mm es tu compa\u00f1ero de escalada de confianza. Con su indicador de desgaste incorporado, garantiza tu seguridad en todo momento.<\/p>\n<h2>Especificaciones<\/h2>\n<ul>\n<li>Indicador de desgaste interno de poli\u00e9ster rojo<\/li>\n<li>Etiqueta cosida con explicaci\u00f3n de la inspecci\u00f3n visual<\/li>\n<li>Cinta de poli\u00e9ster robusta y duradera<\/li>\n<li>Anchura: 16 mm<\/li>\n<li>Resistencia m\u00ednima a la rotura: 23 kN<\/li>\n<li>Certificaci\u00f3n : EN 354<\/li>\n<li>Certificaci\u00f3n : EN 566<\/li>\n<li>Certificaci\u00f3n : EN 795 Tipo B<\/li>\n<li>Material : Poli\u00e9ster<\/li>\n<\/ul>\n<h3 class=\"western\">\ud83d\udc49 \u00bfEst\u00e1s buscando un art\u00edculo Edelrid espec\u00edfico que no aparece en la tienda? Vendemos toda la gama de productos de aventura, deporte y seguridad. Por favor, <strong><a href=\"https:\/\/thrillsyndicate.com\/es\/contacto\/\">env\u00eda a<\/a><\/strong> un correo electr\u00f3nico o consulta la <strong><a href=\"https:\/\/thrillsyndicate.com\/edelrid-safety-price-list-2025\/\">lista de precios de seguridad aqu\u00ed<\/a><\/strong>. \ud83d\udc48<\/h3>\n","protected":false},"excerpt":{"rendered":"<p>Eslinga de 16 mm de poli\u00e9ster robusto y resistente a la abrasi\u00f3n, con indicador de desgaste incorporado. Las fibras rojas del interior de la eslinga se hacen visibles en cualquier punto de abrasi\u00f3n cr\u00edtica, lo que indica la necesidad de sustituirla.<\/p>\n","protected":false},"featured_media":10480,"template":"","meta":{"_coblocks_attr":"","_coblocks_dimensions":"","_coblocks_responsive_height":"","_coblocks_accordion_ie_support":"","wds_primary_product_brand":0,"wds_primary_product_cat":0},"product_brand":[62],"product_cat":[65,847],"product_tag":[848,176,67,806],"class_list":{"0":"post-10524","1":"product","2":"type-product","3":"status-publish","4":"has-post-thumbnail","6":"product_brand-edelrid","7":"product_cat-connecting","8":"product_cat-anchors","9":"product_tag-anchor","10":"product_tag-connecting","11":"product_tag-ppe","12":"product_tag-sling","14":"first","15":"instock","16":"taxable","17":"shipping-taxable","18":"purchasable","19":"product-type-variable","20":"has-default-attributes"},"_links":{"self":[{"href":"https:\/\/thrillsyndicate.com\/es\/wp-json\/wp\/v2\/product\/10524","targetHints":{"allow":["GET"]}}],"collection":[{"href":"https:\/\/thrillsyndicate.com\/es\/wp-json\/wp\/v2\/product"}],"about":[{"href":"https:\/\/thrillsyndicate.com\/es\/wp-json\/wp\/v2\/types\/product"}],"wp:featuredmedia":[{"embeddable":true,"href":"https:\/\/thrillsyndicate.com\/es\/wp-json\/wp\/v2\/media\/10480"}],"wp:attachment":[{"href":"https:\/\/thrillsyndicate.com\/es\/wp-json\/wp\/v2\/media?parent=10524"}],"wp:term":[{"taxonomy":"product_brand","embeddable":true,"href":"https:\/\/thrillsyndicate.com\/es\/wp-json\/wp\/v2\/product_brand?post=10524"},{"taxonomy":"product_cat","embeddable":true,"href":"https:\/\/thrillsyndicate.com\/es\/wp-json\/wp\/v2\/product_cat?post=10524"},{"taxonomy":"product_tag","embeddable":true,"href":"https:\/\/thrillsyndicate.com\/es\/wp-json\/wp\/v2\/product_tag?post=10524"}],"curies":[{"name":"wp","href":"https:\/\/api.w.org\/{rel}","templated":true}]}}