{"id":10533,"date":"2023-05-24T15:59:38","date_gmt":"2023-05-24T13:59:38","guid":{"rendered":"https:\/\/thrillsyndicate.com\/shop\/edelrid-antitorsion-16mm\/"},"modified":"2025-08-26T08:41:37","modified_gmt":"2025-08-26T06:41:37","slug":"edelrid-antitorsion-16mm","status":"publish","type":"product","link":"https:\/\/thrillsyndicate.com\/es\/product\/edelrid-antitorsion-16mm\/","title":{"rendered":"Edelrid Antitorsi\u00f3n 16 mm (10 uds.)"},"content":{"rendered":"<p>El Antitwist es la combinaci\u00f3n de Mosquet\u00f3n y Elemento de amarre. Fija el Mosquet\u00f3n de forma \u00f3ptima, para que los mosquetones retorcidos sean cosa del pasado. El ANTITWIST mantiene el Mosquet\u00f3n en su sitio y protege la cinta de la abrasi\u00f3n prematura.  <\/p>\n<p>Disponible para cintas de 16 mm de ancho. En <strong>paquetes de 10 unidades<\/strong>.<\/p>\n<h3 class=\"western\">\ud83d\udc49 \u00bfEst\u00e1s buscando un art\u00edculo Edelrid espec\u00edfico que no aparece en la tienda? Vendemos toda la gama de productos de aventura, deporte y seguridad. Por favor, <strong><a href=\"https:\/\/thrillsyndicate.com\/es\/contacto\/\">env\u00eda a<\/a><\/strong> un correo electr\u00f3nico o consulta la <strong><a href=\"https:\/\/thrillsyndicate.com\/edelrid-safety-price-list-2025\/\">lista de precios de seguridad aqu\u00ed<\/a><\/strong>. \ud83d\udc48<\/h3>\n","protected":false},"excerpt":{"rendered":"<p>El ANTITWIST fija el mosquet\u00f3n y la eslinga evitando rotaciones indeseadas durante su uso. Disponible para correas con una anchura de 16 mm.<\/p>\n","protected":false},"featured_media":10498,"template":"","meta":{"_coblocks_attr":"","_coblocks_dimensions":"","_coblocks_responsive_height":"","_coblocks_accordion_ie_support":"","wds_primary_product_brand":0,"wds_primary_product_cat":0},"product_brand":[660],"product_cat":[970,550,944,943],"product_tag":[551,552,581],"class_list":{"0":"post-10533","1":"product","2":"type-product","3":"status-publish","4":"has-post-thumbnail","6":"product_brand-edelrid-es","7":"product_cat-anclas","8":"product_cat-conectando-cordones-y-giratorios","9":"product_cat-conectores","10":"product_cat-mosquetones","11":"product_tag-acollador","12":"product_tag-conectando","13":"product_tag-epp","15":"first","16":"instock","17":"taxable","18":"shipping-taxable","19":"purchasable","20":"product-type-simple"},"_links":{"self":[{"href":"https:\/\/thrillsyndicate.com\/es\/wp-json\/wp\/v2\/product\/10533","targetHints":{"allow":["GET"]}}],"collection":[{"href":"https:\/\/thrillsyndicate.com\/es\/wp-json\/wp\/v2\/product"}],"about":[{"href":"https:\/\/thrillsyndicate.com\/es\/wp-json\/wp\/v2\/types\/product"}],"wp:featuredmedia":[{"embeddable":true,"href":"https:\/\/thrillsyndicate.com\/es\/wp-json\/wp\/v2\/media\/10498"}],"wp:attachment":[{"href":"https:\/\/thrillsyndicate.com\/es\/wp-json\/wp\/v2\/media?parent=10533"}],"wp:term":[{"taxonomy":"product_brand","embeddable":true,"href":"https:\/\/thrillsyndicate.com\/es\/wp-json\/wp\/v2\/product_brand?post=10533"},{"taxonomy":"product_cat","embeddable":true,"href":"https:\/\/thrillsyndicate.com\/es\/wp-json\/wp\/v2\/product_cat?post=10533"},{"taxonomy":"product_tag","embeddable":true,"href":"https:\/\/thrillsyndicate.com\/es\/wp-json\/wp\/v2\/product_tag?post=10533"}],"curies":[{"name":"wp","href":"https:\/\/api.w.org\/{rel}","templated":true}]}}