{"id":10899,"date":"2023-06-14T20:49:26","date_gmt":"2023-06-14T18:49:26","guid":{"rendered":"https:\/\/thrillsyndicate.com\/shop\/zipstop-zip-line-brake-annual-service\/"},"modified":"2025-08-25T17:22:01","modified_gmt":"2025-08-25T15:22:01","slug":"zipstop-zip-line-brake-annual-service","status":"publish","type":"product","link":"https:\/\/thrillsyndicate.com\/es\/product\/zipstop-zip-line-brake-annual-service\/","title":{"rendered":"zipSTOP Freno de tirolina &#8211; Servicio anual"},"content":{"rendered":"<p>Emb\u00e1rquese en sus emocionantes aventuras al aire libre con total tranquilidad gracias a nuestro Servicio Anual <a href=\"https:\/\/thrillsyndicate.com\/es\/categoria\/soluciones-de-seguridad-para-tirolesas\/sistemas-de-frenado-zipwire\/\">zipSTOP<\/a>. Como parte necesaria para mantener la garant\u00eda y los est\u00e1ndares de seguridad de su zipSTOP Zip Line Brake, nuestro servicio anual asegura que su equipo est\u00e9 siempre en las mejores condiciones, listo para crear experiencias memorables.<\/p>\n<h2>Procedimiento de servicio<\/h2>\n<ol>\n<li>A\u00f1ada el art\u00edculo a su cesta de la compra. Nota: <strong>la cantidad en su cesta debe coincidir con el n\u00famero de unidades que desea que se reparen<\/strong>.<\/li>\n<li>A\u00f1ada los art\u00edculos adicionales a su cesta de la compra. Por ejemplo, puede pagar por adelantado las correas o abonar el recargo por demora si su dispositivo ha superado en m\u00e1s de 30 d\u00edas la fecha de vencimiento del servicio (impresa en su dispositivo).<\/li>\n<li>Complete el proceso de pago.<\/li>\n<li>Una vez realizado el pedido, le enviaremos las etiquetas para el env\u00edo.<\/li>\n<li>Los gastos de env\u00edo, as\u00ed como los art\u00edculos da\u00f1ados o sustituidos, se facturar\u00e1n por separado una vez finalizado el servicio.<\/li>\n<\/ol>\n<p><strong>Seguridad sin compromisos<\/strong>: Con nuestro servicio anual zipSTOP, damos prioridad a su seguridad. El cumplimiento de rigurosas normas de seguridad no es una opci\u00f3n, sino una garant\u00eda.<\/p>\n<p>Garant\u00eda <strong>asegurada<\/strong>: Preserve la garant\u00eda de su freno de tirolina zipSTOP con nuestro servicio anual, dise\u00f1ado espec\u00edficamente para garantizar el cumplimiento de la garant\u00eda.<\/p>\n<p><strong>Experiencia sin complicaciones<\/strong>: Ofrecemos opciones de env\u00edo prepagadas e instrucciones f\u00e1ciles de seguir para un proceso de servicio fluido y sin estr\u00e9s.<\/p>\n<p>Proceso de servicio <strong>eficiente<\/strong>: Nuestro proceso de servicio optimizado le permite enviar f\u00e1cilmente su unidad para su servicio anual necesario, garantizando un tiempo de inactividad m\u00ednimo.<\/p>\n<p><strong>Env\u00edo pre<\/strong>pagado: Proporcionamos una etiqueta de env\u00edo prepagada para un env\u00edo sin complicaciones desde su ubicaci\u00f3n hasta nosotros.<\/p>\n<p><strong>Servicio integral<\/strong>: Desde la comprobaci\u00f3n del desgaste hasta la sustituci\u00f3n de las correas si es necesario, nuestro servicio cubre todos los aspectos de su unidad zipSTOP.<\/p>\n<p><strong>Opciones de env\u00edo flexibles<\/strong>: Tienes la opci\u00f3n de pagar por adelantado las <a href=\"https:\/\/thrillsyndicate.com\/es\/categoria\/soluciones-de-seguridad-para-tirolesas\/sistemas-de-frenado-zipwire\/correa-de-repuesto-zipstop\/\">correas<\/a> o de abonar un recargo por demora si tu dispositivo se retrasa en el servicio. Nos adaptamos a sus necesidades particulares.<\/p>\n<p><strong>Socio de confianza<\/strong>: Como su socio de equipos de aventura de confianza, estamos comprometidos a proporcionar un servicio de primer nivel para su zipSTOP Zip Line Brake.<\/p>\n","protected":false},"excerpt":{"rendered":"<p>Lleve su zipSTOP Zip Line Brake a un servicio profesional anualmente. Garantice la seguridad, la longevidad y el cumplimiento de la garant\u00eda con nuestro servicio anual zipSTOP.<\/p>\n","protected":false},"featured_media":10832,"template":"","meta":{"_coblocks_attr":"","_coblocks_dimensions":"","_coblocks_responsive_height":"","_coblocks_accordion_ie_support":"","wds_primary_product_brand":0,"wds_primary_product_cat":0},"product_brand":[70],"product_cat":[773],"product_tag":[775,774,29],"class_list":{"0":"post-10899","1":"product","2":"type-product","3":"status-publish","4":"has-post-thumbnail","6":"product_brand-thrill-syndicate","7":"product_cat-maintenance","8":"product_tag-maintenance","9":"product_tag-annual-service","10":"product_tag-zipstop","12":"first","13":"instock","14":"taxable","15":"shipping-taxable","16":"purchasable","17":"product-type-variable"},"_links":{"self":[{"href":"https:\/\/thrillsyndicate.com\/es\/wp-json\/wp\/v2\/product\/10899","targetHints":{"allow":["GET"]}}],"collection":[{"href":"https:\/\/thrillsyndicate.com\/es\/wp-json\/wp\/v2\/product"}],"about":[{"href":"https:\/\/thrillsyndicate.com\/es\/wp-json\/wp\/v2\/types\/product"}],"wp:featuredmedia":[{"embeddable":true,"href":"https:\/\/thrillsyndicate.com\/es\/wp-json\/wp\/v2\/media\/10832"}],"wp:attachment":[{"href":"https:\/\/thrillsyndicate.com\/es\/wp-json\/wp\/v2\/media?parent=10899"}],"wp:term":[{"taxonomy":"product_brand","embeddable":true,"href":"https:\/\/thrillsyndicate.com\/es\/wp-json\/wp\/v2\/product_brand?post=10899"},{"taxonomy":"product_cat","embeddable":true,"href":"https:\/\/thrillsyndicate.com\/es\/wp-json\/wp\/v2\/product_cat?post=10899"},{"taxonomy":"product_tag","embeddable":true,"href":"https:\/\/thrillsyndicate.com\/es\/wp-json\/wp\/v2\/product_tag?post=10899"}],"curies":[{"name":"wp","href":"https:\/\/api.w.org\/{rel}","templated":true}]}}