{"id":10903,"date":"2023-06-14T20:18:17","date_gmt":"2023-06-14T18:18:17","guid":{"rendered":"https:\/\/thrillsyndicate.com\/shop\/trublue-iq-auto-belay-annual-service\/"},"modified":"2025-08-25T17:36:01","modified_gmt":"2025-08-25T15:36:01","slug":"trublue-iq-auto-belay-annual-service","status":"publish","type":"product","link":"https:\/\/thrillsyndicate.com\/es\/product\/trublue-iq-auto-belay-annual-service\/","title":{"rendered":"Trublue iQ Auto Belay &#8211; Servicio anual"},"content":{"rendered":"<p>El servicio anual Trublue <a href=\"https:\/\/thrillsyndicate.com\/es\/shop\/trublue-iq-plus\/\">iQ<\/a> es una parte integral del mantenimiento de su sistema de autoaseguramiento Trublue iQ. Garantiza el rendimiento \u00f3ptimo del dispositivo, prolonga su vida \u00fatil y mantiene el cumplimiento de las normas de seguridad. Este servicio no es s\u00f3lo un requisito para preservar la garant\u00eda, sino tambi\u00e9n una medida crucial para garantizar la seguridad de sus usuarios.<\/p>\n<h2>Procedimiento de servicio<\/h2>\n<ol>\n<li>A\u00f1ada el art\u00edculo a su cesta de la compra. Nota: <strong>la cantidad en su cesta debe coincidir con el n\u00famero de unidades que desea que se reparen<\/strong>.<\/li>\n<li>A\u00f1ada los art\u00edculos adicionales a su cesta de la compra. Por ejemplo, puede pagar por adelantado las correas o abonar el recargo por demora si su dispositivo ha superado en m\u00e1s de 30 d\u00edas la fecha de vencimiento del servicio (impresa en su dispositivo).<\/li>\n<li>Complete el proceso de pago.<\/li>\n<li>Una vez realizado el pedido, le enviaremos las etiquetas para el env\u00edo.<\/li>\n<li>Los gastos de env\u00edo, as\u00ed como los art\u00edculos da\u00f1ados o sustituidos, se facturar\u00e1n por separado una vez finalizado el servicio.<\/li>\n<\/ol>\n<p><strong>Cumplimiento de<\/strong> la garant\u00eda: El Servicio Anual Trublue iQ mantiene intacta la garant\u00eda de su TRUBLUE iQ Auto Belay. No dejes que la garant\u00eda caduque: mant\u00e9n tu dispositivo revisado y protegido.<\/p>\n<p><strong>Cumplimiento de las normas<\/strong> de seguridad: Con nuestro servicio anual, su sistema de autoaseguramiento TRUBLUE iQ sigue cumpliendo las normas de seguridad. Damos prioridad a su seguridad, asegur\u00e1ndonos de que su dispositivo est\u00e9 siempre a la altura.<\/p>\n<p><strong>Env\u00edos sin complicaciones<\/strong>: Olv\u00eddese de los complejos procedimientos de env\u00edo. Nuestro servicio incluye una etiqueta de env\u00edo prepagada desde tu localidad hasta el centro de servicio. Conc\u00e9ntrese en sus aventuras, nosotros nos ocupamos del resto.<\/p>\n<p><strong>Correas de recambio prepagadas<\/strong>: Somos conscientes del desgaste que sufre el equipo de aventura. Por eso, nuestro servicio incluye una opci\u00f3n de sustituci\u00f3n de <a href=\"https:\/\/thrillsyndicate.com\/es\/shop\/trublue-iq-reemplazo-cincha\/\">correas<\/a> prepagada, sea cual sea el estado de sus correas actuales.<\/p>\n<p><strong>Centros de servicio globales<\/strong>: Est\u00e9 donde est\u00e9 en el mundo, le tenemos cubierto. Nuestros centros de servicio de todo el mundo est\u00e1n preparados para proporcionarle el servicio necesario para su dispositivo.<\/p>\n<p><strong>Servicio personalizable<\/strong>: El n\u00famero de unidades para las que necesita servicio, cualquier elemento adicional: personalice su orden de servicio para adaptarla a sus necesidades.<\/p>\n<p><strong>Embalaje seguro<\/strong>: Garantizamos un tr\u00e1nsito seguro para tu dispositivo. Puedes enviar tu dispositivo en su caja original o comprar una de repuesto.<\/p>\n<p><strong>Proceso de pago eficaz<\/strong>: Nuestro proceso de pago es muy sencillo. Complete la direcci\u00f3n de devoluci\u00f3n o la informaci\u00f3n de env\u00edo y listo.<\/p>\n","protected":false},"excerpt":{"rendered":"<p>El servicio anual Trublue iQ es imprescindible para mantener la garant\u00eda y la seguridad de su sistema de autoaseguramiento Trublue iQ. Es una inversi\u00f3n en seguridad y longevidad para su negocio de aventura.<\/p>\n","protected":false},"featured_media":10840,"template":"","meta":{"_coblocks_attr":"","_coblocks_dimensions":"","_coblocks_responsive_height":"","_coblocks_accordion_ie_support":"","wds_primary_product_brand":0,"wds_primary_product_cat":0},"product_brand":[70],"product_cat":[773],"product_tag":[775,774,24],"class_list":{"0":"post-10903","1":"product","2":"type-product","3":"status-publish","4":"has-post-thumbnail","6":"product_brand-thrill-syndicate","7":"product_cat-maintenance","8":"product_tag-maintenance","9":"product_tag-annual-service","10":"product_tag-trublue","12":"first","13":"instock","14":"taxable","15":"shipping-taxable","16":"purchasable","17":"product-type-variable"},"_links":{"self":[{"href":"https:\/\/thrillsyndicate.com\/es\/wp-json\/wp\/v2\/product\/10903","targetHints":{"allow":["GET"]}}],"collection":[{"href":"https:\/\/thrillsyndicate.com\/es\/wp-json\/wp\/v2\/product"}],"about":[{"href":"https:\/\/thrillsyndicate.com\/es\/wp-json\/wp\/v2\/types\/product"}],"wp:featuredmedia":[{"embeddable":true,"href":"https:\/\/thrillsyndicate.com\/es\/wp-json\/wp\/v2\/media\/10840"}],"wp:attachment":[{"href":"https:\/\/thrillsyndicate.com\/es\/wp-json\/wp\/v2\/media?parent=10903"}],"wp:term":[{"taxonomy":"product_brand","embeddable":true,"href":"https:\/\/thrillsyndicate.com\/es\/wp-json\/wp\/v2\/product_brand?post=10903"},{"taxonomy":"product_cat","embeddable":true,"href":"https:\/\/thrillsyndicate.com\/es\/wp-json\/wp\/v2\/product_cat?post=10903"},{"taxonomy":"product_tag","embeddable":true,"href":"https:\/\/thrillsyndicate.com\/es\/wp-json\/wp\/v2\/product_tag?post=10903"}],"curies":[{"name":"wp","href":"https:\/\/api.w.org\/{rel}","templated":true}]}}