{"id":10906,"date":"2023-06-14T18:38:39","date_gmt":"2023-06-14T16:38:39","guid":{"rendered":"https:\/\/thrillsyndicate.com\/shop\/trublue-auto-belay-annual-service\/"},"modified":"2025-08-25T17:36:08","modified_gmt":"2025-08-25T15:36:08","slug":"trublue-auto-belay-annual-service","status":"publish","type":"product","link":"https:\/\/thrillsyndicate.com\/es\/product\/trublue-auto-belay-annual-service\/","title":{"rendered":"Trublue 2 Auto Belay &#8211; Servicio anual"},"content":{"rendered":"<p>El servicio anual <a href=\"https:\/\/thrillsyndicate.com\/es\/categoria\/sistemas-de-autoaseguramiento-vertical\/\">Trublue<\/a> 2 es un componente vital en el mantenimiento de su dispositivo de autoaseguramiento TRUBLUE. Este servicio no s\u00f3lo ayuda a mantener la garant\u00eda de su aparato, sino que tambi\u00e9n garantiza que cumple las normas de seguridad. Pensando en la comodidad del cliente, le ofrecemos una etiqueta de env\u00edo prepagada para que nos env\u00ede su dispositivo para su reparaci\u00f3n.<\/p>\n<h2>Procedimiento de servicio<\/h2>\n<ol>\n<li>A\u00f1ada el art\u00edculo a su cesta de la compra. Nota: <strong>la cantidad en su cesta debe coincidir con el n\u00famero de unidades que desea que se reparen<\/strong>.<\/li>\n<li>A\u00f1ada los art\u00edculos adicionales a su cesta de la compra. Por ejemplo, puede pagar por adelantado las correas o abonar el recargo por demora si su dispositivo ha superado en m\u00e1s de 30 d\u00edas la fecha de vencimiento del servicio (impresa en su dispositivo).<\/li>\n<li>Complete el proceso de pago.<\/li>\n<li>Una vez realizado el pedido, le enviaremos las etiquetas para el env\u00edo.<\/li>\n<li>Los gastos de env\u00edo, as\u00ed como los art\u00edculos da\u00f1ados o sustituidos, se facturar\u00e1n por separado una vez finalizado el servicio.<\/li>\n<\/ol>\n<p>Mantenimiento <strong>de<\/strong> la garant\u00eda: El Servicio Anual Trublue 2 es crucial para mantener la garant\u00eda de su dispositivo TRUBLUE Auto Belay. Las revisiones peri\u00f3dicas ayudan a garantizar que su equipo se mantiene dentro de los plazos de garant\u00eda y en \u00f3ptimas condiciones de funcionamiento.<\/p>\n<p><strong>Cumplimiento de las<\/strong> normas de seguridad: Todos los dispositivos TRUBLUE 2 deben someterse a una revisi\u00f3n anual para garantizar el cumplimiento de las normas de seguridad. Nuestro servicio anual le ofrece la tranquilidad de saber que su equipo cumple las normas de seguridad del sector y funciona correctamente.<\/p>\n<p><strong>Comodidad<\/strong>: Nuestro proceso de servicio est\u00e1 dise\u00f1ado pensando en su comodidad. Desde una etiqueta de env\u00edo prepagada hasta la posibilidad de pagar por adelantado la sustituci\u00f3n de las correas, nuestro objetivo es que el proceso de mantenimiento sea lo m\u00e1s fluido y sencillo posible.<\/p>\n<p><strong>Asequible<\/strong>: Con precios a partir de 319 euros, el Servicio Anual Trublue 2 es una soluci\u00f3n asequible para mantener la longevidad y seguridad de tu dispositivo de Autoaseguramiento TRUBLUE.<\/p>\n<p>Env\u00edo <strong>prepagado<\/strong>: Para facilitar el proceso a nuestros clientes, proporcionamos una etiqueta de env\u00edo prepagada para que nos env\u00ede su dispositivo. Los gastos de devoluci\u00f3n se calculan por separado en la p\u00e1gina de pago.<\/p>\n<p><strong>Sustituci\u00f3n de<\/strong> correas: Si eliges la opci\u00f3n de <a href=\"https:\/\/thrillsyndicate.com\/es\/shop\/trublue-reemplazo-correa\/\">correas<\/a> prepagadas, reemplazaremos las correas independientemente de su estado. Esto garantiza el m\u00e1ximo nivel de seguridad para su dispositivo.<\/p>\n<p>Proceso de <strong>pago sencillo<\/strong>: Nuestro proceso de pago es sencillo y f\u00e1cil de usar. Le permite a\u00f1adir el servicio a su cesta, optar por cualquier art\u00edculo adicional como correas prepagadas y completar su direcci\u00f3n de devoluci\u00f3n o env\u00edo.<\/p>\n<p><strong>Embalaje seguro<\/strong>: Para evitar cualquier da\u00f1o durante el env\u00edo, recomendamos embalar tu dispositivo en su caja original. Aseg\u00farese de retirar todos los mosquetones, cadenas de montaje y pasadores de su unidad antes de envi\u00e1rnosla.<\/p>\n","protected":false},"excerpt":{"rendered":"<p>El Servicio Anual Trublue, a partir de s\u00f3lo 319 euros, es esencial para el mantenimiento de tu aparato de Autoaseguramiento TRUBLUE. Garantiza el cumplimiento de la garant\u00eda y ofrece una experiencia de servicio ininterrumpida.<\/p>\n","protected":false},"featured_media":10844,"template":"","meta":{"_coblocks_attr":"","_coblocks_dimensions":"","_coblocks_responsive_height":"","_coblocks_accordion_ie_support":"","wds_primary_product_brand":0,"wds_primary_product_cat":0},"product_brand":[70],"product_cat":[773],"product_tag":[775,774,24],"class_list":{"0":"post-10906","1":"product","2":"type-product","3":"status-publish","4":"has-post-thumbnail","6":"product_brand-thrill-syndicate","7":"product_cat-maintenance","8":"product_tag-maintenance","9":"product_tag-annual-service","10":"product_tag-trublue","12":"first","13":"instock","14":"taxable","15":"shipping-taxable","16":"purchasable","17":"product-type-variable","18":"has-default-attributes"},"_links":{"self":[{"href":"https:\/\/thrillsyndicate.com\/es\/wp-json\/wp\/v2\/product\/10906","targetHints":{"allow":["GET"]}}],"collection":[{"href":"https:\/\/thrillsyndicate.com\/es\/wp-json\/wp\/v2\/product"}],"about":[{"href":"https:\/\/thrillsyndicate.com\/es\/wp-json\/wp\/v2\/types\/product"}],"wp:featuredmedia":[{"embeddable":true,"href":"https:\/\/thrillsyndicate.com\/es\/wp-json\/wp\/v2\/media\/10844"}],"wp:attachment":[{"href":"https:\/\/thrillsyndicate.com\/es\/wp-json\/wp\/v2\/media?parent=10906"}],"wp:term":[{"taxonomy":"product_brand","embeddable":true,"href":"https:\/\/thrillsyndicate.com\/es\/wp-json\/wp\/v2\/product_brand?post=10906"},{"taxonomy":"product_cat","embeddable":true,"href":"https:\/\/thrillsyndicate.com\/es\/wp-json\/wp\/v2\/product_cat?post=10906"},{"taxonomy":"product_tag","embeddable":true,"href":"https:\/\/thrillsyndicate.com\/es\/wp-json\/wp\/v2\/product_tag?post=10906"}],"curies":[{"name":"wp","href":"https:\/\/api.w.org\/{rel}","templated":true}]}}