{"id":10912,"date":"2023-06-14T15:46:39","date_gmt":"2023-06-14T13:46:39","guid":{"rendered":"https:\/\/thrillsyndicate.com\/shop\/quickflight-free-fall-device-annual-service\/"},"modified":"2025-08-25T17:36:35","modified_gmt":"2025-08-25T15:36:35","slug":"quickflight-free-fall-device-annual-service","status":"publish","type":"product","link":"https:\/\/thrillsyndicate.com\/es\/product\/quickflight-free-fall-device-annual-service\/","title":{"rendered":"Dispositivo de ca\u00edda libre QuickFlight &#8211; Servicio anual"},"content":{"rendered":"<p>Mant\u00e9ngase seguro con el servicio anual <a href=\"https:\/\/thrillsyndicate.com\/es\/shop\/quickflight-free-fall-dispositivo\/\">QuickFlight<\/a>. Dise\u00f1ado para profesionales de los sectores de actividades al aire libre, atracciones y aventura, este servicio es imprescindible para el mantenimiento de su dispositivo de ca\u00edda libre QuickFlight. No s\u00f3lo mantiene su dispositivo conforme a las normas de seguridad, sino que tambi\u00e9n preserva su garant\u00eda, asegurando que su equipo est\u00e9 siempre listo para su pr\u00f3xima aventura.<\/p>\n<h2>Procedimiento de servicio<\/h2>\n<ol>\n<li>A\u00f1ada el art\u00edculo a su cesta de la compra. Nota: <strong>la cantidad en su cesta debe coincidir con el n\u00famero de unidades que desea que se reparen<\/strong>.<\/li>\n<li>A\u00f1ada los art\u00edculos adicionales a su cesta de la compra. Por ejemplo, puede pagar por adelantado las correas o abonar el recargo por demora si su dispositivo ha superado en m\u00e1s de 30 d\u00edas la fecha de vencimiento del servicio (impresa en su dispositivo).<\/li>\n<li>Complete el proceso de pago.<\/li>\n<li>Una vez realizado el pedido, le enviaremos las etiquetas para el env\u00edo.<\/li>\n<li>Los gastos de env\u00edo, as\u00ed como los art\u00edculos da\u00f1ados o sustituidos, se facturar\u00e1n por separado una vez finalizado el servicio.<\/li>\n<\/ol>\n<p><strong>Mantenga la cobertura de la garant\u00eda<\/strong>: Estar al d\u00eda con su Servicio Anual QuickFlight es vital para mantener la garant\u00eda de su dispositivo. Con el servicio anual, puede asegurarse de que su dispositivo de ca\u00edda libre QuickFlight siga cubierto y protegido por la garant\u00eda, lo que le dar\u00e1 tranquilidad en cada aventura.<\/p>\n<p><strong>Cumplimiento<\/strong> de las normas de seguridad: Garantizar el cumplimiento de las normas de seguridad es primordial en el sector de la aventura y las actividades al aire libre. El Servicio Anual QuickFlight garantiza que su dispositivo cumple estas normas, lo que lo convierte en un componente crucial de su rutina de seguridad.<\/p>\n<p><strong>Proceso sin complicaciones<\/strong>: Nuestro servicio anual QuickFlight se ha dise\u00f1ado para que no le suponga ninguna molestia. Con una etiqueta de env\u00edo prepagada para el env\u00edo desde su ubicaci\u00f3n hasta nosotros, y un sencillo proceso de pago, hemos hecho que el mantenimiento de su dispositivo sea sencillo y f\u00e1cil.<\/p>\n<p>Opciones de env\u00edo <strong>c\u00f3modas<\/strong>: Una de las caracter\u00edsticas clave de nuestro Servicio Anual QuickFlight es la comodidad de nuestras opciones de env\u00edo. La etiqueta de env\u00edo prepagada facilita el env\u00edo del dispositivo desde su ubicaci\u00f3n.<\/p>\n<p>Instrucciones <strong>detalladas<\/strong> de servicio: Para garantizar una experiencia de servicio sin problemas, proporcionamos instrucciones detalladas para los clientes de EE. UU. y una lista de centros de servicio globales para los clientes internacionales. Con estos recursos, reparar tu aparato es pan comido.<\/p>\n<p><strong>Servicio por cantidades flexible<\/strong>: Tanto si tiene uno como varios dispositivos, nuestro servicio anual QuickFlight se adapta a sus necesidades. La cantidad en su cesta coincide con el n\u00famero de unidades que desea que se reparen, lo que proporciona flexibilidad para empresas de todos los tama\u00f1os.<\/p>\n<p><strong>Complementos opcionales<\/strong>: Nuestro servicio anual QuickFlight ofrece elementos adicionales para su comodidad. Puede pagar por adelantado las <a href=\"https:\/\/thrillsyndicate.com\/es\/categoria\/dispositivos-de-caida-libre\/cinta-de-repuesto-de-caida-libre\/\">correas<\/a> o abonar el recargo por demora si su dispositivo se retrasa en el servicio, lo que lo convierte en un paquete de servicios completo.<\/p>\n<p><strong>Medidas de prevenci\u00f3n de da\u00f1os<\/strong>: Para proteger tu dispositivo durante el env\u00edo, te aconsejamos embalarlo en su caja original y retirar todos los mosquetones, cadenas de montaje y pasadores. Esto garantiza que su dispositivo de ca\u00edda libre QuickFlight nos llegue en las mejores condiciones posibles para su mantenimiento.<\/p>\n","protected":false},"excerpt":{"rendered":"<p>El servicio anual QuickFlight garantiza que su equipo de aventura siga cumpliendo las normas y est\u00e9 cubierto por la garant\u00eda. Para profesionales del sector de las actividades al aire libre y recreativas.<\/p>\n","protected":false},"featured_media":10848,"template":"","meta":{"_coblocks_attr":"","_coblocks_dimensions":"","_coblocks_responsive_height":"","_coblocks_accordion_ie_support":"","wds_primary_product_brand":0,"wds_primary_product_cat":0},"product_brand":[662],"product_cat":[786],"product_tag":[],"class_list":{"0":"post-10912","1":"product","2":"type-product","3":"status-publish","4":"has-post-thumbnail","6":"product_brand-thrill-syndicate-es","7":"product_cat-mantenimiento","9":"first","10":"instock","11":"taxable","12":"shipping-taxable","13":"purchasable","14":"product-type-variable"},"_links":{"self":[{"href":"https:\/\/thrillsyndicate.com\/es\/wp-json\/wp\/v2\/product\/10912","targetHints":{"allow":["GET"]}}],"collection":[{"href":"https:\/\/thrillsyndicate.com\/es\/wp-json\/wp\/v2\/product"}],"about":[{"href":"https:\/\/thrillsyndicate.com\/es\/wp-json\/wp\/v2\/types\/product"}],"wp:featuredmedia":[{"embeddable":true,"href":"https:\/\/thrillsyndicate.com\/es\/wp-json\/wp\/v2\/media\/10848"}],"wp:attachment":[{"href":"https:\/\/thrillsyndicate.com\/es\/wp-json\/wp\/v2\/media?parent=10912"}],"wp:term":[{"taxonomy":"product_brand","embeddable":true,"href":"https:\/\/thrillsyndicate.com\/es\/wp-json\/wp\/v2\/product_brand?post=10912"},{"taxonomy":"product_cat","embeddable":true,"href":"https:\/\/thrillsyndicate.com\/es\/wp-json\/wp\/v2\/product_cat?post=10912"},{"taxonomy":"product_tag","embeddable":true,"href":"https:\/\/thrillsyndicate.com\/es\/wp-json\/wp\/v2\/product_tag?post=10912"}],"curies":[{"name":"wp","href":"https:\/\/api.w.org\/{rel}","templated":true}]}}