{"id":11769,"date":"2023-12-07T10:06:58","date_gmt":"2023-12-07T09:06:58","guid":{"rendered":"https:\/\/thrillsyndicate.com\/shop\/edelrid-radialis-air-arnes-completo\/"},"modified":"2025-12-01T10:37:27","modified_gmt":"2025-12-01T09:37:27","slug":"edelrid-radialis-air-arnes-completo","status":"publish","type":"product","link":"https:\/\/thrillsyndicate.com\/es\/product\/edelrid-radialis-air-arnes-completo\/","title":{"rendered":"Edelrid Radialis Air &#8211; Arn\u00e9s completo"},"content":{"rendered":"<h3>Promoci\u00f3n de primavera: <strong>compra un m\u00ednimo de 10 piezas y consigue 20 euros de descuento en cada una<\/strong><\/h3>\n<p>Arn\u00e9s completo f\u00e1cilmente ajustable y vers\u00e1til para su uso en cursos de cuerdas altas. Los diferentes colores de las correas de hombros, caderas y perneras hacen que el arn\u00e9s sea intuitivo de poner y permiten a los entrenadores comprobarlo de forma r\u00e1pida y fiable. Las ocho hebillas Slide Block permiten ajustar el arn\u00e9s de forma \u00f3ptima a una amplia gama de alturas y tallas de usuario. Gracias al ojal dorsal certificado seg\u00fan la norma EN 361, el RADIALIS AIR ofrece un punto de enganche adicional, por ejemplo para su uso con pamper pole o elementos de ca\u00edda libre. El campo de etiquetado y el transpondedor RFID integrado pueden utilizarse para personalizar el arn\u00e9s y facilitar enormemente la documentaci\u00f3n de su uso.<\/p>\n<h2>Caracter\u00edsticas<\/h2>\n<ul>\n<li>Terminaciones de cinchas cosidas dise\u00f1adas para que las correas no se puedan desenroscar por completo<\/li>\n<li>Anillo en D central para sujetar un cord\u00f3n<\/li>\n<li>Transpondedor RFID integrado<\/li>\n<li>Correas de poli\u00e9ster resistente a la abrasi\u00f3n con hilos indicadores<\/li>\n<li>Diferenciaci\u00f3n por colores de las piezas del arn\u00e9s<\/li>\n<li>Ojal dorsal adicional para utilizar con p\u00e9rtiga o elementos de pamper pole o ca\u00edda libre<\/li>\n<li>C\u00f3modos elementos acolchados en la espalda y las caderas<\/li>\n<\/ul>\n<h2>Informaci\u00f3n t\u00e9cnica<\/h2>\n<ul>\n<li>Certificaci\u00f3n: EN 12277<\/li>\n<li>Material: Poli\u00e9ster \/ Poliamida<\/li>\n<\/ul>\n<h3>Especificaciones Radialis Air Adultos<\/h3>\n<ul>\n<li>m\u00e1x. Circunferencia de la pernera: 85 cm<\/li>\n<li>pernera m\u00edn.: 25 cm<\/li>\n<li>m\u00e1x. talla de cintura: 150 cm<\/li>\n<li>Cintura m\u00ednima: 45 cm<\/li>\n<\/ul>\n<h3>Especificaciones de Radialis Air Junior<\/h3>\n<ul>\n<li>m\u00e1x. Circunferencia de la pernera: 65 cm<\/li>\n<li>pernera m\u00edn.: 25 cm<\/li>\n<li>m\u00e1x. talla de cintura: 110 cm<\/li>\n<li>Cintura m\u00ednima: 45 cm<\/li>\n<\/ul>\n<h3 class=\"western\">\ud83d\udc49 \u00bfEst\u00e1s buscando un art\u00edculo Edelrid espec\u00edfico que no aparece en la tienda? Vendemos toda la gama de productos de aventura, deporte y seguridad. Por favor, <strong><a href=\"https:\/\/thrillsyndicate.com\/es\/contacto\/\">env\u00eda a<\/a><\/strong> un correo electr\u00f3nico o consulta la <strong><a href=\"https:\/\/thrillsyndicate.com\/edelrid-safety-price-list-2025\/\">lista de precios de seguridad aqu\u00ed<\/a><\/strong>. \ud83d\udc48<\/h3>\n","protected":false},"excerpt":{"rendered":"<p>El Arn\u00e9s completo RADIALIS AIR (Adulto\/Junior) ofrece un f\u00e1cil ajuste y correas intuitivas codificadas por colores para un equipamiento r\u00e1pido y seguro en cursos de cuerdas altas. Incorpora ocho hebillas Slide Block para un ajuste perfecto, un ojal dorsal para mayor sujeci\u00f3n y un RFID integrado para un seguimiento y una personalizaci\u00f3n eficaces.<\/p>\n","protected":false},"featured_media":11752,"template":"","meta":{"_coblocks_attr":"","_coblocks_dimensions":"","_coblocks_responsive_height":"","_coblocks_accordion_ie_support":"","wds_primary_product_brand":0,"wds_primary_product_cat":0},"product_brand":[62],"product_cat":[60,803],"product_tag":[576,573,442,581],"class_list":{"0":"post-11769","1":"product","2":"type-product","3":"status-publish","4":"has-post-thumbnail","6":"product_brand-edelrid","7":"product_cat-ropes-course-harnesses","8":"product_cat-adventure-harnesses","9":"product_tag-arnes-de-cuerpo-entero","10":"product_tag-arneses","11":"product_tag-curso-de-cuerdas","12":"product_tag-epp","14":"first","15":"instock","16":"taxable","17":"shipping-taxable","18":"purchasable","19":"product-type-variable","20":"has-default-attributes"},"_links":{"self":[{"href":"https:\/\/thrillsyndicate.com\/es\/wp-json\/wp\/v2\/product\/11769","targetHints":{"allow":["GET"]}}],"collection":[{"href":"https:\/\/thrillsyndicate.com\/es\/wp-json\/wp\/v2\/product"}],"about":[{"href":"https:\/\/thrillsyndicate.com\/es\/wp-json\/wp\/v2\/types\/product"}],"wp:featuredmedia":[{"embeddable":true,"href":"https:\/\/thrillsyndicate.com\/es\/wp-json\/wp\/v2\/media\/11752"}],"wp:attachment":[{"href":"https:\/\/thrillsyndicate.com\/es\/wp-json\/wp\/v2\/media?parent=11769"}],"wp:term":[{"taxonomy":"product_brand","embeddable":true,"href":"https:\/\/thrillsyndicate.com\/es\/wp-json\/wp\/v2\/product_brand?post=11769"},{"taxonomy":"product_cat","embeddable":true,"href":"https:\/\/thrillsyndicate.com\/es\/wp-json\/wp\/v2\/product_cat?post=11769"},{"taxonomy":"product_tag","embeddable":true,"href":"https:\/\/thrillsyndicate.com\/es\/wp-json\/wp\/v2\/product_tag?post=11769"}],"curies":[{"name":"wp","href":"https:\/\/api.w.org\/{rel}","templated":true}]}}