{"id":17071,"date":"2024-10-08T13:10:54","date_gmt":"2024-10-08T11:10:54","guid":{"rendered":"https:\/\/thrillsyndicate.com\/?post_type=product&#038;p=17071"},"modified":"2025-08-25T10:07:36","modified_gmt":"2025-08-25T08:07:36","slug":"lockd-clips-rocas-auto-retencion-continua","status":"publish","type":"product","link":"https:\/\/thrillsyndicate.com\/es\/product\/lockd-clips-rocas-auto-retencion-continua\/","title":{"rendered":"LockD Clips Rocks | Auto-retenci\u00f3n continua"},"content":{"rendered":"<p><strong>LockD Clips R<\/strong>OCKS es la nueva generaci\u00f3n de sistemas de aseguramiento inteligentes, dise\u00f1ados espec\u00edficamente para las exigentes necesidades de las v\u00edas ferratas. Con su innovador dise\u00f1o &#8220;siempre bloqueado&#8221; y su absorbedor de impactos integrado, LockD Clips ROCKS garantiza la m\u00e1xima seguridad para escaladores de todas las edades y niveles de habilidad. Los operadores de parques de aventura pueden confiar en su durabilidad, f\u00e1cil integraci\u00f3n y mantenimiento rentable, lo que lo convierte en la elecci\u00f3n ideal para cualquier v\u00eda ferrata o Circuito de Cuerdas.  <\/p>\n<h2>Por qu\u00e9 LockD Clips ROCKS es la elecci\u00f3n perfecta para tu v\u00eda ferrata<\/h2>\n<h3>Dise\u00f1o intuitivo para una escalada sin fisuras<\/h3>\n<p>El sistema LockD Clips ROCKS incorpora una sencilla e intuitiva tecla Tweezle que permite a los escaladores identificar f\u00e1cilmente d\u00f3nde deben enganchar sus mosquetones. Esto facilita la navegaci\u00f3n por el recorrido a los participantes, desde principiantes a escaladores experimentados. El dise\u00f1o aerodin\u00e1mico del clip es ligero y f\u00e1cil de manejar, adapt\u00e1ndose c\u00f3modamente tanto a manos peque\u00f1as como grandes.  <\/p>\n<h3>Seguridad inigualable para todas las edades<\/h3>\n<p>La seguridad es el n\u00facleo del sistema LockD Clips ROCKS. Su dise\u00f1o &#8220;siempre bloqueado&#8221; garantiza que los escaladores permanezcan firmemente sujetos a la l\u00ednea de seguridad durante todo el recorrido, eliminando cualquier riesgo de desenganche. Incluso los ni\u00f1os pueden recorrer v\u00edas ferratas con seguridad, gracias al cumplimiento de la norma EN 958, lo que da a los operadores la libertad de ampliar los l\u00edmites de edad sin comprometer la seguridad.  <\/p>\n<h3>Equipos rentables y duraderos<\/h3>\n<p>LockD Clips ROCKS se ha dise\u00f1ado pensando en el operador, ofreciendo unos costes de inspecci\u00f3n anuales reducidos y un desgaste m\u00ednimo de las piezas. Con una garant\u00eda de tres a\u00f1os en los componentes que no se desgastan y la posibilidad de realizar reparaciones in situ, los operadores pueden disfrutar de un menor tiempo de inactividad y una mayor longevidad del equipo, ahorrando dinero y manteniendo sus cursos en perfecto funcionamiento. <\/p>\n<p><iframe loading=\"lazy\" title=\"LockD Clips - The Most Advanced Smart Belay System in the Adventure Recreation Industry\" width=\"980\" height=\"551\" src=\"https:\/\/www.youtube.com\/embed\/s29RnH1cFPI?feature=oembed\" frameborder=\"0\" allow=\"accelerometer; autoplay; clipboard-write; encrypted-media; gyroscope; picture-in-picture; web-share\" referrerpolicy=\"strict-origin-when-cross-origin\" allowfullscreen><\/iframe><\/p>\n<h2>Especificaciones avanzadas que hacen destacar a LockD Clips ROCKS<\/h2>\n<h3>Absorbedores de energ\u00eda integrados para mayor protecci\u00f3n<\/h3>\n<p>Una de las caracter\u00edsticas m\u00e1s destacadas del LockD Clips ROCKS es su amortiguador integrado, dise\u00f1ado para proporcionar protecci\u00f3n adicional en caso de ca\u00edda inesperada. Esta innovadora caracter\u00edstica garantiza la amortiguaci\u00f3n de las ca\u00eddas repentinas de los escaladores, aumentando a\u00fan m\u00e1s la seguridad del sistema. <\/p>\n<h3>Elemento de amarre doble para seguridad continua<\/h3>\n<p>El dise\u00f1o de cord\u00f3n doble garantiza que un clip est\u00e9 siempre bloqueado mientras el otro est\u00e1 abierto, manteniendo a los escaladores continuamente sujetos a la l\u00ednea de vida. Este dise\u00f1o hace que el sistema sea adecuado tanto para retos horizontales como verticales en el recorrido, ofreciendo flexibilidad y control sin comprometer la seguridad. <\/p>\n<h3>F\u00e1cil integraci\u00f3n en cursos existentes<\/h3>\n<p>Tanto si est\u00e1s mejorando un circuito existente como construyendo uno nuevo, LockD Clips ROCKS se integra perfectamente en tu instalaci\u00f3n. El sistema es compatible con la mayor\u00eda de las v\u00edas ferratas est\u00e1ndar y puede introducirse gradualmente o de golpe, haciendo que la transici\u00f3n sea rentable y sin complicaciones para los operadores. <\/p>\n<h2>Especificaciones completas de LockD Clips ROCKS<\/h2>\n<ul>\n<li><strong>Tipo de sistema:<\/strong> Sistema de aseguramiento inteligente con cord\u00f3n doble, mecanismo siempre bloqueado<\/li>\n<li><strong>Absorbedores de energ\u00eda:<\/strong> Absorbedores de energ\u00eda integrados para la protecci\u00f3n contra ca\u00eddas<\/li>\n<li><strong>Requisitos de edad:<\/strong> Adecuado para ni\u00f1os y adultos (cumple la norma EN 958)<\/li>\n<li><strong>Mecanismo de llave:<\/strong> Tweezle Llave para bloqueo\/desbloqueo intuitivo<\/li>\n<li><strong>Conformidad:<\/strong> Cumple las normas de seguridad EN 958 para sistemas de v\u00eda ferrata<\/li>\n<li><strong>Dise\u00f1o de Mosquet\u00f3n:<\/strong> Ligero, ergon\u00f3mico y se adapta a manos peque\u00f1as y grandes<\/li>\n<li><strong>Garant\u00eda:<\/strong> 3 a\u00f1os de garant\u00eda en las piezas que no se desgastan<\/li>\n<li><strong>Mantenimiento:<\/strong> Inspecci\u00f3n anual in situ y reparaciones sencillas<\/li>\n<li><strong>Integraci\u00f3n:<\/strong> Compatibilidad perfecta con los cursos de v\u00eda ferrata existentes<\/li>\n<li><strong>Caracter\u00edstica de seguridad:<\/strong> El sistema de doble cord\u00f3n garantiza una sujeci\u00f3n continua a la l\u00ednea de vida<\/li>\n<\/ul>\n<p><strong>LockD Clips ROCKS<\/strong> ofrece una seguridad, fiabilidad y facilidad de uso superiores, tanto para los participantes como para los operadores, lo que lo convierte en el sistema de aseguramiento definitivo para v\u00edas ferratas y cursos de cuerdas forestales.<\/p>\n<p><iframe loading=\"lazy\" title=\"LockD Clips - How they work\" width=\"980\" height=\"551\" src=\"https:\/\/www.youtube.com\/embed\/_MC5FSHDRj0?feature=oembed\" frameborder=\"0\" allow=\"accelerometer; autoplay; clipboard-write; encrypted-media; gyroscope; picture-in-picture; web-share\" referrerpolicy=\"strict-origin-when-cross-origin\" allowfullscreen><\/iframe><\/p>\n","protected":false},"excerpt":{"rendered":"<p><strong>LockD Clips ROCKS<\/strong> es un revolucionario sistema de aseguramiento inteligente dise\u00f1ado para v\u00edas ferratas, que garantiza que los escaladores permanezcan bien sujetos gracias a un amortiguador integrado. Agiliza la seguridad de tu recorrido con nuestro sistema de mosquet\u00f3n avanzado y f\u00e1cil de usar. <\/p>\n","protected":false},"featured_media":17080,"template":"","meta":{"_coblocks_attr":"","_coblocks_dimensions":"","_coblocks_responsive_height":"","_coblocks_accordion_ie_support":"","wds_primary_product_brand":0,"wds_primary_product_cat":0},"product_brand":[675],"product_cat":[559,652],"product_tag":[543,442,440],"class_list":{"0":"post-17071","1":"product","2":"type-product","3":"status-publish","4":"has-post-thumbnail","6":"product_brand-lockd-clips-es","7":"product_cat-sistema-de-autoaseguramiento-continuo-lockd","8":"product_cat-sistemas-de-aseguramiento-de-recorrido-de-cuerdas","9":"product_tag-aseguramiento-continuo","10":"product_tag-curso-de-cuerdas","11":"product_tag-sistemas-de-seguridad","13":"first","14":"instock","15":"taxable","16":"shipping-taxable","17":"purchasable","18":"product-type-simple"},"_links":{"self":[{"href":"https:\/\/thrillsyndicate.com\/es\/wp-json\/wp\/v2\/product\/17071","targetHints":{"allow":["GET"]}}],"collection":[{"href":"https:\/\/thrillsyndicate.com\/es\/wp-json\/wp\/v2\/product"}],"about":[{"href":"https:\/\/thrillsyndicate.com\/es\/wp-json\/wp\/v2\/types\/product"}],"wp:featuredmedia":[{"embeddable":true,"href":"https:\/\/thrillsyndicate.com\/es\/wp-json\/wp\/v2\/media\/17080"}],"wp:attachment":[{"href":"https:\/\/thrillsyndicate.com\/es\/wp-json\/wp\/v2\/media?parent=17071"}],"wp:term":[{"taxonomy":"product_brand","embeddable":true,"href":"https:\/\/thrillsyndicate.com\/es\/wp-json\/wp\/v2\/product_brand?post=17071"},{"taxonomy":"product_cat","embeddable":true,"href":"https:\/\/thrillsyndicate.com\/es\/wp-json\/wp\/v2\/product_cat?post=17071"},{"taxonomy":"product_tag","embeddable":true,"href":"https:\/\/thrillsyndicate.com\/es\/wp-json\/wp\/v2\/product_tag?post=17071"}],"curies":[{"name":"wp","href":"https:\/\/api.w.org\/{rel}","templated":true}]}}