{"id":17126,"date":"2023-06-13T13:40:49","date_gmt":"2023-06-13T11:40:49","guid":{"rendered":"https:\/\/thrillsyndicate.com\/shop\/edelrid-acero-hms-triple-mosqueton\/"},"modified":"2025-08-25T17:36:46","modified_gmt":"2025-08-25T15:36:46","slug":"edelrid-acero-hms-triple-mosqueton","status":"publish","type":"product","link":"https:\/\/thrillsyndicate.com\/es\/product\/edelrid-acero-hms-triple-mosqueton\/","title":{"rendered":"Mosquet\u00f3n TRIPLE Edelrid STEEL HMS"},"content":{"rendered":"<p>En un sector en el que el rendimiento y la seguridad no s\u00f3lo son esenciales, sino sacrosantos, el STEEL HMS TRIPLE act\u00faa como el guardi\u00e1n y facilitador definitivo para los profesionales que se dedican a la aventura, el aire libre, la diversi\u00f3n y el ocio. Con un mecanismo de bloqueo triple y una construcci\u00f3n pr\u00e1cticamente indestructible, este Mosquet\u00f3n de acero est\u00e1 dise\u00f1ado para quienes no transigen con la calidad ni la seguridad. <\/p>\n<h2>Construido para las Inquebrantables Exigencias de las Actividades al Aire Libre H3: Un Guardi\u00e1n Contra Lo Inesperado<\/h2>\n<p>El STEEL HMS TRIPLE no es s\u00f3lo un mosquet\u00f3n; es una inversi\u00f3n en tranquilidad. Con su dise\u00f1o de nariz con cierre de llave y su gatillo de triple acci\u00f3n, impide eficazmente la apertura accidental, garantizando tu seguridad incluso en las situaciones m\u00e1s impredecibles. <\/p>\n<h3>El temple del acero para tareas herc\u00faleas<\/h3>\n<p>Fabricado con acero de la m\u00e1s alta calidad, este Mosquet\u00f3n es inmune al desgaste. Su robusta construcci\u00f3n garantiza una longevidad excepcional y un rendimiento sin parang\u00f3n, lo que lo convierte en un activo inestimable en entornos rigurosos. <\/p>\n<h3>Manipulaci\u00f3n sin esfuerzo<\/h3>\n<p>La forma ergon\u00f3mica del TRIPLE DE ACERO HMS garantiza que no s\u00f3lo sea resistente, sino tambi\u00e9n incre\u00edblemente f\u00e1cil de manejar. La gran abertura del port\u00f3n da cabida a diversas opciones de aparejo, haciendo que las operaciones sean fluidas y eficientes. <\/p>\n<h2>Especificaciones de ingenier\u00eda magistrales H3: Un coloso en capacidad de carga<\/h2>\n<p>El TRIPLE DE ACERO HMS puede soportar una asombrosa carga de 40 kN a lo largo de su eje principal. Esta descomunal capacidad garantiza que pueda gestionar f\u00e1cilmente las tareas m\u00e1s exigentes con una fiabilidad inquebrantable. <\/p>\n<h3>Bloqueo autom\u00e1tico para ganar<\/h3>\n<p>Una caracter\u00edstica integral de este Mosquet\u00f3n de acero es su triple mecanismo de bloqueo autom\u00e1tico. Este atributo cr\u00edtico garantiza que, una vez bloqueado, el Mosquet\u00f3n permanezca firmemente cerrado, eliminando cualquier riesgo asociado a una apertura accidental. <\/p>\n<h3>Formidablemente resistente a las cargas cruzadas<\/h3>\n<p>Con una impresionante resistencia del eje menor de 16 kN, el TRIPLE DE ACERO HMS se mantiene robusto frente a las presiones de carga transversal. Este atributo la hace altamente fiable, especialmente en operaciones de aparejo complejas. <\/p>\n<h3>La puerta m\u00e1s amplia a la eficiencia<\/h3>\n<p>Con una abertura de 27 mm, este Mosquet\u00f3n permite el mosquetoneo r\u00e1pido y f\u00e1cil de cuerdas y cinchas. Esto, unido a su dise\u00f1o ergon\u00f3mico, garantiza una experiencia operativa sin problemas. <\/p>\n<h3>Cumplimiento que inspira confianza<\/h3>\n<p>El TRIPLE DE ACERO HMS cumple las normas EN 362 y EN 12275, que avalan su alta calidad y fiabilidad. Cuando eliges este Mosquet\u00f3n, no s\u00f3lo est\u00e1s seleccionando un producto, sino aline\u00e1ndote con la excelencia. <\/p>\n<h2>Especificaciones<\/h2>\n<ul>\n<li>Anchura: 74 mm<\/li>\n<li>Apertura de la puerta: 23 mm<\/li>\n<li>Fm\u00e1x. eje mayor: 40 kN<\/li>\n<li>Fm\u00e1x. eje menor : 15 kN<\/li>\n<li>Fm\u00e1x. abierto : 15 kN<\/li>\n<li>Certificaci\u00f3n : EN 362<\/li>\n<li>Material : Acero<\/li>\n<li>Cierre : Triple<\/li>\n<li>Forma del Mosquet\u00f3n : HMS<\/li>\n<\/ul>\n<h3 class=\"western\">\ud83d\udc49 \u00bfEst\u00e1s buscando un art\u00edculo Edelrid espec\u00edfico que no aparece en la tienda? Vendemos toda la gama de productos de aventura, deporte y seguridad. Por favor, <strong><a href=\"https:\/\/thrillsyndicate.com\/es\/contacto\/\">env\u00eda a<\/a><\/strong> un correo electr\u00f3nico o consulta la <strong><a href=\"https:\/\/thrillsyndicate.com\/edelrid-safety-price-list-2025\/\">lista de precios de seguridad aqu\u00ed<\/a><\/strong>. \ud83d\udc48<\/h3>\n","protected":false},"excerpt":{"rendered":"<p>El STEEL HMS TRIPLE de Edelrid es un mosquet\u00f3n de acero ultrarrobusto perfecto para los profesionales de la aventura y las actividades al aire libre. Su impecable dise\u00f1o garantiza seguridad y facilidad en las operaciones. <\/p>\n","protected":false},"featured_media":10746,"template":"","meta":{"_coblocks_attr":"","_coblocks_dimensions":"","_coblocks_responsive_height":"","_coblocks_accordion_ie_support":"","wds_primary_product_brand":0,"wds_primary_product_cat":0},"product_brand":[660],"product_cat":[944,589,943],"product_tag":[552,946,639,945,974],"class_list":{"0":"post-17126","1":"product","2":"type-product","3":"status-publish","4":"has-post-thumbnail","6":"product_brand-edelrid-es","7":"product_cat-conectores","8":"product_cat-cuerdas-y-mosquetones","9":"product_cat-mosquetones","10":"product_tag-conectando","11":"product_tag-hms-es","12":"product_tag-mosqueton","13":"product_tag-mosqueton-de-bloqueo","14":"product_tag-mosquetones-de-triple-cierre","16":"first","17":"instock","18":"taxable","19":"shipping-taxable","20":"purchasable","21":"product-type-simple"},"_links":{"self":[{"href":"https:\/\/thrillsyndicate.com\/es\/wp-json\/wp\/v2\/product\/17126","targetHints":{"allow":["GET"]}}],"collection":[{"href":"https:\/\/thrillsyndicate.com\/es\/wp-json\/wp\/v2\/product"}],"about":[{"href":"https:\/\/thrillsyndicate.com\/es\/wp-json\/wp\/v2\/types\/product"}],"wp:featuredmedia":[{"embeddable":true,"href":"https:\/\/thrillsyndicate.com\/es\/wp-json\/wp\/v2\/media\/10746"}],"wp:attachment":[{"href":"https:\/\/thrillsyndicate.com\/es\/wp-json\/wp\/v2\/media?parent=17126"}],"wp:term":[{"taxonomy":"product_brand","embeddable":true,"href":"https:\/\/thrillsyndicate.com\/es\/wp-json\/wp\/v2\/product_brand?post=17126"},{"taxonomy":"product_cat","embeddable":true,"href":"https:\/\/thrillsyndicate.com\/es\/wp-json\/wp\/v2\/product_cat?post=17126"},{"taxonomy":"product_tag","embeddable":true,"href":"https:\/\/thrillsyndicate.com\/es\/wp-json\/wp\/v2\/product_tag?post=17126"}],"curies":[{"name":"wp","href":"https:\/\/api.w.org\/{rel}","templated":true}]}}