{"id":17132,"date":"2024-02-18T18:57:57","date_gmt":"2024-02-18T17:57:57","guid":{"rendered":"https:\/\/thrillsyndicate.com\/shop\/pinza-edelrid-dispositivo-de-aseguramiento-versatil\/"},"modified":"2025-08-25T17:21:43","modified_gmt":"2025-08-25T15:21:43","slug":"pinza-edelrid-dispositivo-de-aseguramiento-versatil","status":"publish","type":"product","link":"https:\/\/thrillsyndicate.com\/es\/product\/pinza-edelrid-dispositivo-de-aseguramiento-versatil\/","title":{"rendered":"Edelrid Pinch | Dispositivo de aseguramiento vers\u00e1til"},"content":{"rendered":"<p data-sourcepos=\"7:1-7:654\">Presentamos el PINCH de Edelrid, un dispositivo innovador en el mundo de los aseguradores autom\u00e1ticos. Dise\u00f1ado espec\u00edficamente para operadores profesionales de los sectores de la aventura, las actividades al aire libre, la diversi\u00f3n y el ocio, el PINCH ofrece una seguridad y facilidad de uso inigualables. Su tecnolog\u00eda de frenado asistido ofrece un descenso suave y controlado tanto para escaladores principiantes como experimentados, mientras que el mecanismo de bloqueo autom\u00e1tico proporciona una detenci\u00f3n de ca\u00eddas instant\u00e1nea para mayor tranquilidad. Tanto si diriges un curso de cuerdas altas como un gimnasio de escalada o una tirolina, el PINCH eleva los niveles de seguridad y agiliza tus operaciones.   <\/p>\n<h2>Seguridad inigualable con bloqueo autom\u00e1tico:<\/h2>\n<p>El PINCH se bloquea autom\u00e1ticamente en caso de ca\u00edda, deteniendo a los usuarios al instante y eliminando el riesgo de error humano. Esta caracter\u00edstica garantiza la m\u00e1xima seguridad para escaladores de todos los niveles, asegurando la tranquilidad tanto de los operadores como de los participantes. <\/p>\n<h3>Descenso sin esfuerzo para una experiencia suave:<\/h3>\n<p>El innovador sistema de frenado del PINCH proporciona un descenso suave y controlado, independientemente del peso del usuario o de la velocidad de descenso. Esto hace que el aseguramiento no suponga ning\u00fan esfuerzo para los operadores, incluso con escaladores pesados o durante descensos prolongados. <\/p>\n<h3>Operaciones eficientes para aumentar el rendimiento:<\/h3>\n<p>El dise\u00f1o intuitivo del PINCH permite un manejo r\u00e1pido y sencillo, minimizando el tiempo de aseguramiento y maximizando el rendimiento del usuario. Esto se traduce en una mayor eficacia y rentabilidad para tu negocio. <\/p>\n<p><iframe loading=\"lazy\" title=\"Elevate Your Climbing Experience with Edelrid PINCH: Where Safety Meets Innovation\" width=\"980\" height=\"551\" src=\"https:\/\/www.youtube.com\/embed\/nbPH4eyDhKE?feature=oembed\" frameborder=\"0\" allow=\"accelerometer; autoplay; clipboard-write; encrypted-media; gyroscope; picture-in-picture; web-share\" referrerpolicy=\"strict-origin-when-cross-origin\" allowfullscreen><\/iframe><\/p>\n<h2>Construcci\u00f3n duradera para un rendimiento duradero:<\/h2>\n<p>Fabricada con materiales de alta calidad y un dise\u00f1o robusto, la PINCH est\u00e1 hecha para soportar los rigores del uso profesional. Su construcci\u00f3n resistente a la intemperie garantiza un rendimiento fiable en todas las condiciones. <\/p>\n<h3>Compatibilidad vers\u00e1til para diversas aplicaciones:<\/h3>\n<p>El PINCH es compatible con una amplia gama de cuerdas, lo que lo hace adecuado para diversas aplicaciones, desde roc\u00f3dromos y tirolinas hasta recorridos de cuerdas altas y descensos controlados.<\/p>\n<h3>Dise\u00f1o f\u00e1cil de usar para agilizar las operaciones:<\/h3>\n<p>El PINCH tiene un dise\u00f1o sencillo, con indicadores visuales claros y controles ergon\u00f3micos, para que operadores de todos los niveles puedan utilizarlo con seguridad y eficacia.<\/p>\n<ul>\n<li><strong>Fijaci\u00f3n directa al arn\u00e9s<\/strong>: Primer dispositivo de aseguramiento del mercado que puede fijarse directamente a la anilla central del arn\u00e9s de escalada, adem\u00e1s de utilizar un mosquet\u00f3n de aseguramiento.<\/li>\n<li><strong>Recorrido lineal<\/strong> de la <strong>cuerda<\/strong>: Control total al descender y descender en r\u00e1pel: la gr\u00faa cuelga menos de la cuerda.<\/li>\n<li><strong>Funci\u00f3n antip\u00e1nico desactiv<\/strong>able: La funci\u00f3n antip\u00e1nico se puede desactivar permanentemente mediante un tornillo incluido en el embalaje. Perfecto para profesionales o t\u00e9cnicas de acceso por cuerda en cuerdas gruesas. <\/li>\n<li><strong>Segunda unidad de frenado integrada<\/strong>: Si la funci\u00f3n antip\u00e1nico se activa con demasiada frecuencia debido a un rozamiento excesivo de la cuerda, puedes descender o hacer r\u00e1pel f\u00e1cilmente incluso con cargas muy bajas continuando tirando de la palanca de desbloqueo.<\/li>\n<li><strong>Uso vers\u00e1til<\/strong>: escalada en polea, aseguramiento de un segundo, encordamiento, descenso y r\u00e1pel: un mismo dispositivo para escalada deportiva, v\u00edas de varios largos y t\u00e9cnicas de acceso mediante cuerda.<\/li>\n<li>Respuesta m\u00e1s directa gracias a la posici\u00f3n cercana al cuerpo al asegurar.<\/li>\n<li>20 &#8211; 30 cm m\u00e1s de cuerda por cada salida de cuerda.<\/li>\n<\/ul>\n<h2>Especificaciones<\/h2>\n<ul>\n<li>UIAA<\/li>\n<li>Di\u00e1metro de cuerda homologado: 8,5 &#8211; 10,5 mm<\/li>\n<li>Certificaci\u00f3n : EN 15151-1<\/li>\n<li>Material : Acero\/ALU<\/li>\n<li>Mec\u00e1nica<\/li>\n<li>Asegurador de frenado asistido para un uso vers\u00e1til en escalada deportiva, escalada en varios largos y t\u00e9cnicas de acceso por cuerda<\/li>\n<li>La posici\u00f3n cercana al cuerpo gracias a la conexi\u00f3n directa al arn\u00e9s aumenta el control de la cuerda de frenado y mejora la usabilidad<\/li>\n<li>La conexi\u00f3n directa al arn\u00e9s elimina el riesgo de carga cruzada del mosquet\u00f3n de aseguramiento<\/li>\n<li>La funci\u00f3n antip\u00e1nico puede desactivarse para aumentar la seguridad, bloqueando autom\u00e1ticamente el dispositivo si se tira demasiado hacia atr\u00e1s de la palanca de desbloqueo<\/li>\n<li>Segundo nivel de frenado si la funci\u00f3n antip\u00e1nico se activa con demasiada frecuencia debido a una carga insuficiente y\/o a una fricci\u00f3n excesiva de la cuerda<\/li>\n<li>Las ranuras frontales de freno de acero permiten que la cuerda corra linealmente y garantizan menos enredos de cuerda, mayor durabilidad y evitan la decoloraci\u00f3n antiest\u00e9tica que se produce cuando la cuerda roza con el aluminio<\/li>\n<li>Fijaci\u00f3n al soporte en cuatro direcciones diferentes en incrementos de 90<\/li>\n<li>Funcionamiento igual para diestros y zurdos<\/li>\n<li>Adecuado para cuerdas est\u00e1ticas de 10,0 a 10,5 mm de di\u00e1metro (120 kg de peso m\u00e1ximo del usuario)<\/li>\n<li>Adecuado para cuerdas din\u00e1micas de 8,5 a 10,5 mm de di\u00e1metro<\/li>\n<\/ul>\n<h3 class=\"western\">\ud83d\udc49 \u00bfEst\u00e1s buscando un art\u00edculo Edelrid espec\u00edfico que no aparece en la tienda? Vendemos toda la gama de productos de aventura, deporte y seguridad. Por favor, <strong><a href=\"https:\/\/thrillsyndicate.com\/es\/contacto\/\">env\u00eda a<\/a><\/strong> un correo electr\u00f3nico o consulta la <strong><a href=\"https:\/\/thrillsyndicate.com\/edelrid-safety-price-list-2025\/\">lista de precios de seguridad aqu\u00ed<\/a><\/strong>. \ud83d\udc48<\/h3>\n","protected":false},"excerpt":{"rendered":"<p>El PINCH de Edelrid es un dispositivo de aseguramiento autom\u00e1tico de nueva generaci\u00f3n que ofrece una seguridad y facilidad de uso sin igual para los profesionales. Su innovador dise\u00f1o garantiza un descenso suave y la detenci\u00f3n autom\u00e1tica en caso de ca\u00edda, por lo que es ideal para parques de aventura, Salas de Escalada e instalaciones de ocio. <\/p>\n","protected":false},"featured_media":12244,"template":"","meta":{"_coblocks_attr":"","_coblocks_dimensions":"","_coblocks_responsive_height":"","_coblocks_accordion_ie_support":"","wds_primary_product_brand":0,"wds_primary_product_cat":0},"product_brand":[62],"product_cat":[92,840],"product_tag":[93,811,67,8],"class_list":{"0":"post-17132","1":"product","2":"type-product","3":"status-publish","4":"has-post-thumbnail","6":"product_brand-edelrid","7":"product_cat-descent-rescue-devices","8":"product_cat-descenders","9":"product_tag-descent-rescue","10":"product_tag-descender","11":"product_tag-ppe","12":"product_tag-belay-systems","14":"first","15":"instock","16":"taxable","17":"shipping-taxable","18":"purchasable","19":"product-type-simple"},"_links":{"self":[{"href":"https:\/\/thrillsyndicate.com\/es\/wp-json\/wp\/v2\/product\/17132","targetHints":{"allow":["GET"]}}],"collection":[{"href":"https:\/\/thrillsyndicate.com\/es\/wp-json\/wp\/v2\/product"}],"about":[{"href":"https:\/\/thrillsyndicate.com\/es\/wp-json\/wp\/v2\/types\/product"}],"wp:featuredmedia":[{"embeddable":true,"href":"https:\/\/thrillsyndicate.com\/es\/wp-json\/wp\/v2\/media\/12244"}],"wp:attachment":[{"href":"https:\/\/thrillsyndicate.com\/es\/wp-json\/wp\/v2\/media?parent=17132"}],"wp:term":[{"taxonomy":"product_brand","embeddable":true,"href":"https:\/\/thrillsyndicate.com\/es\/wp-json\/wp\/v2\/product_brand?post=17132"},{"taxonomy":"product_cat","embeddable":true,"href":"https:\/\/thrillsyndicate.com\/es\/wp-json\/wp\/v2\/product_cat?post=17132"},{"taxonomy":"product_tag","embeddable":true,"href":"https:\/\/thrillsyndicate.com\/es\/wp-json\/wp\/v2\/product_tag?post=17132"}],"curies":[{"name":"wp","href":"https:\/\/api.w.org\/{rel}","templated":true}]}}