{"id":17150,"date":"2024-03-14T10:12:32","date_gmt":"2024-03-14T09:12:32","guid":{"rendered":"https:\/\/thrillsyndicate.com\/shop\/edelrid-switch-doble-y-lanyard\/"},"modified":"2025-08-25T15:52:56","modified_gmt":"2025-08-25T13:52:56","slug":"edelrid-switch-doble-y-lanyard","status":"publish","type":"product","link":"https:\/\/thrillsyndicate.com\/es\/product\/edelrid-switch-doble-y-lanyard\/","title":{"rendered":"Edelrid Interruptor Doble | Y-lanyard"},"content":{"rendered":"<p data-sourcepos=\"11:1-11:234\">Para los escaladores profesionales, aventureros y trabajadores de la industria al aire libre, cada gramo cuenta. El elemento de amarre doble Edelrid Switch encarna esta filosof\u00eda, ofreciendo una soluci\u00f3n din\u00e1mica de autoaseguramiento que prioriza tanto la seguridad como la eficacia. <\/p>\n<h2 data-sourcepos=\"13:1-13:49\">Conquista los retos con una versatilidad inigualable:<\/h2>\n<ul data-sourcepos=\"15:1-20:0\">\n<li data-sourcepos=\"15:1-16:0\">\n<p data-sourcepos=\"15:3-15:244\"><strong>Doble funcionalidad:<\/strong> Con un dise\u00f1o asim\u00e9trico con brazos de 75 cm y 40 cm, el Switch Doble se adapta a diversos escenarios de escalada. Utiliza el brazo m\u00e1s largo para autoasegurarte y el m\u00e1s corto para rapelar o enganchar un descensor. <\/p>\n<\/li>\n<li data-sourcepos=\"17:1-18:0\">\n<p data-sourcepos=\"17:3-17:191\"><strong>Seguridad din\u00e1mica:<\/strong> Fabricado con cuerda SWIFT 48 PRO DRY de 8,9 mm que absorbe la energ\u00eda, el Switch Doble amortigua las ca\u00eddas y minimiza las fuerzas de impacto, manteni\u00e9ndote seguro durante los r\u00e1peles y las maniobras.<\/p>\n<\/li>\n<li data-sourcepos=\"19:1-20:0\">\n<p data-sourcepos=\"19:3-19:241\"><strong>Libertad de movimientos:<\/strong> El dise\u00f1o ligero y el tama\u00f1o reducido de la mochila garantizan que la Switch Doble no te pese. Disfruta de una mayor movilidad y conc\u00e9ntrate en la tarea que tienes entre manos, ya sea conquistar una escalada desafiante o asistir a clientes. <\/p>\n<\/li>\n<\/ul>\n<h2 data-sourcepos=\"21:1-21:44\">Construido para resistir: Confianza en cada movimiento<\/h2>\n<ul data-sourcepos=\"23:1-28:0\">\n<li data-sourcepos=\"23:1-24:0\">\n<p data-sourcepos=\"23:3-23:217\"><strong>Resistencia sin concesiones:<\/strong> El Switch Double presume de una resistencia m\u00ednima a la rotura de 15 kN, superando las certificaciones de seguridad UIAA y EN. Escala con confianza, sabiendo que tu equipo puede hacer frente a situaciones exigentes. <\/p>\n<\/li>\n<li data-sourcepos=\"25:1-26:0\">\n<p data-sourcepos=\"25:3-25:250\"><strong>Construcci\u00f3n ecol\u00f3gica:<\/strong> Edelrid utiliza materiales con certificaci\u00f3n bluesign\u00ae en la construcci\u00f3n de la Switch Double. Esto se traduce en una huella medioambiental reducida, lo que te permite tomar decisiones sostenibles sin comprometer el rendimiento. <\/p>\n<\/li>\n<li data-sourcepos=\"27:1-28:0\">\n<p data-sourcepos=\"27:3-27:226\"><strong>Durabilidad en la que puedes confiar:<\/strong> La robusta construcci\u00f3n de kernmantle garantiza que la Switch Double resista el desgaste del uso frecuente. Escala temporada tras temporada con la tranquilidad que proporciona un equipo duradero. <\/p>\n<\/li>\n<\/ul>\n<h2>Caracter\u00edsticas y especificaciones<\/h2>\n<ul>\n<li>Peque\u00f1o tama\u00f1o de la mochila y poco peso<\/li>\n<li>Construcci\u00f3n kernmantle muy robusta<\/li>\n<li>SWIFT 48: fabricado con materiales certificados bluesign<\/li>\n<li>Nota: no debe utilizarse como v\u00eda ferrata<\/li>\n<li>UIAA<\/li>\n<li>Resistencia m\u00ednima a la rotura: 15 kN<\/li>\n<li>Certificaci\u00f3n : UIAA 109<\/li>\n<li>Certificaci\u00f3n : EN 17520<\/li>\n<li>Material : Poliamida<\/li>\n<\/ul>\n<p><iframe loading=\"lazy\" title=\"How to Use: SWITCH (DOUBLE) | EDELRID\" width=\"980\" height=\"551\" src=\"https:\/\/www.youtube.com\/embed\/4Qlv3jLs7bw?feature=oembed\" frameborder=\"0\" allow=\"accelerometer; autoplay; clipboard-write; encrypted-media; gyroscope; picture-in-picture; web-share\" referrerpolicy=\"strict-origin-when-cross-origin\" allowfullscreen><\/iframe><\/p>\n<h3 class=\"western\">\ud83d\udc49 \u00bfEst\u00e1s buscando un art\u00edculo Edelrid espec\u00edfico que no aparece en la tienda? Vendemos toda la gama de productos de aventura, deporte y seguridad. Por favor, <strong><a href=\"https:\/\/thrillsyndicate.com\/es\/contacto\/\">env\u00eda a<\/a><\/strong> un correo electr\u00f3nico o consulta la <strong><a href=\"https:\/\/thrillsyndicate.com\/edelrid-safety-price-list-2025\/\">lista de precios de seguridad aqu\u00ed<\/a><\/strong>. \ud83d\udc48<\/h3>\n","protected":false},"excerpt":{"rendered":"<p>El Edelrid Switch Doble es un elemento de amarre autobloqueante din\u00e1mico dise\u00f1ado para la eficacia. Sus brazos asim\u00e9tricos y su construcci\u00f3n ligera lo hacen perfecto para escaladores profesionales, aventureros y trabajadores de la industria al aire libre. <\/p>\n","protected":false},"featured_media":12646,"template":"","meta":{"_coblocks_attr":"","_coblocks_dimensions":"","_coblocks_responsive_height":"","_coblocks_accordion_ie_support":"","wds_primary_product_brand":0,"wds_primary_product_cat":0},"product_brand":[660],"product_cat":[953,550],"product_tag":[552,1031,581],"class_list":{"0":"post-17150","1":"product","2":"type-product","3":"status-publish","4":"has-post-thumbnail","6":"product_brand-edelrid-es","7":"product_cat-barranquismo","8":"product_cat-conectando-cordones-y-giratorios","9":"product_tag-conectando","10":"product_tag-elemento-de-amarre-en-y","11":"product_tag-epp","13":"first","14":"instock","15":"taxable","16":"shipping-taxable","17":"purchasable","18":"product-type-simple"},"_links":{"self":[{"href":"https:\/\/thrillsyndicate.com\/es\/wp-json\/wp\/v2\/product\/17150","targetHints":{"allow":["GET"]}}],"collection":[{"href":"https:\/\/thrillsyndicate.com\/es\/wp-json\/wp\/v2\/product"}],"about":[{"href":"https:\/\/thrillsyndicate.com\/es\/wp-json\/wp\/v2\/types\/product"}],"wp:featuredmedia":[{"embeddable":true,"href":"https:\/\/thrillsyndicate.com\/es\/wp-json\/wp\/v2\/media\/12646"}],"wp:attachment":[{"href":"https:\/\/thrillsyndicate.com\/es\/wp-json\/wp\/v2\/media?parent=17150"}],"wp:term":[{"taxonomy":"product_brand","embeddable":true,"href":"https:\/\/thrillsyndicate.com\/es\/wp-json\/wp\/v2\/product_brand?post=17150"},{"taxonomy":"product_cat","embeddable":true,"href":"https:\/\/thrillsyndicate.com\/es\/wp-json\/wp\/v2\/product_cat?post=17150"},{"taxonomy":"product_tag","embeddable":true,"href":"https:\/\/thrillsyndicate.com\/es\/wp-json\/wp\/v2\/product_tag?post=17150"}],"curies":[{"name":"wp","href":"https:\/\/api.w.org\/{rel}","templated":true}]}}