{"id":17154,"date":"2024-02-29T16:32:15","date_gmt":"2024-02-29T15:32:15","guid":{"rendered":"https:\/\/thrillsyndicate.com\/shop\/cuerda-estatica-edelrid-performance-90-120-mm\/"},"modified":"2025-08-25T17:21:30","modified_gmt":"2025-08-25T15:21:30","slug":"cuerda-estatica-edelrid-performance-90-120-mm","status":"publish","type":"product","link":"https:\/\/thrillsyndicate.com\/es\/product\/cuerda-estatica-edelrid-performance-90-120-mm\/","title":{"rendered":"Cuerda est\u00e1tica Edelrid Performance | 9,0 &#8211; 12,0 mm"},"content":{"rendered":"<p>Cuerda kernmantle semiest\u00e1tica que impresiona por su mayor resistencia a la abrasi\u00f3n, menor alargamiento y manejo equilibrado.<\/p>\n<p>Las cuerdas kernmantle de baja elasticidad se ensayan conforme a la norma EN 1891, que distingue entre dos perfiles de requisitos: tipo A y tipo B. Las cuerdas de tipo A son cuerdas est\u00e1ticas dise\u00f1adas para aplicaciones en las que los usuarios est\u00e1n asegurados por una cuerda, incluidos todos los tipos de posicionamiento y sujeci\u00f3n en el trabajo. Esto incluye tambi\u00e9n el trabajo con cuerda en el \u00e1mbito de los rescates o la exploraci\u00f3n de cuevas. Las cuerdas de tipo B son cuerdas est\u00e1ticas que tienen caracter\u00edsticas de rendimiento inferiores a las de las cuerdas de tipo A (menor peso, menor di\u00e1metro y menor resistencia), por lo que deben utilizarse con el m\u00e1ximo cuidado. Se utilizan principalmente para operaciones de rescate junto con descensores adecuados (por ejemplo, EN 341).   <\/p>\n<h2 class=\"h3 uk-margin-small-bottom uk-margin-medium-top\">CUERDA EDELRID PERFORMANCE STATIC 9,0MM<\/h2>\n<ul>\n<li>Proporci\u00f3n del n\u00facleo: 60 %<\/li>\n<li>Di\u00e1metro: 9 mm<\/li>\n<li>Anudabilidad: 0,90<\/li>\n<li>Proporci\u00f3n de la vaina: 40 %<\/li>\n<li>Schrinkage H20: 3,10 %.<\/li>\n<li>Peso por metro: 53 g\/m<\/li>\n<li>Resistencia m\u00ednima a la rotura: 23 kN<\/li>\n<li>Alargamiento est\u00e1tico 4,9 %<\/li>\n<li>Resistencia m\u00ednima a la rotura en nudo de ocho: 12 kN<\/li>\n<li>Certificaci\u00f3n : EN 1891 Tipo B<\/li>\n<li>Material : Poliamida<\/li>\n<li>Tipo de cuerda : Est\u00e1tica B<\/li>\n<\/ul>\n<h2 class=\"h3 uk-margin-small-bottom uk-margin-medium-top\">CUERDA EDELRID PERFORMANCE STATIC 10,0MM<\/h2>\n<ul>\n<li>UIAA<\/li>\n<li>Proporci\u00f3n del n\u00facleo: 63 %<\/li>\n<li>Di\u00e1metro: 10 mm<\/li>\n<li>Anudabilidad: 0,90<\/li>\n<li>Proporci\u00f3n de la vaina: 37 %<\/li>\n<li>Schrinkage H20: 3,80 %.<\/li>\n<li>Peso por metro: 66 g\/m<\/li>\n<li>Resistencia m\u00ednima a la rotura: 25 kN<\/li>\n<li>Alargamiento est\u00e1tico 3,7 %<\/li>\n<li>Resistencia m\u00ednima a la rotura en nudo de ocho: 16 kN<\/li>\n<li>Certificaci\u00f3n : EN 1891 Tipo A<\/li>\n<li>Material : Poliamida<\/li>\n<li>Tipo de cuerda: est\u00e1tica A.<\/li>\n<\/ul>\n<h2 class=\"h3 uk-margin-small-bottom uk-margin-medium-top\">CUERDA EDELRID PERFORMANCE STATIC 10,5MM<\/h2>\n<ul>\n<li>Proporci\u00f3n del n\u00facleo: 64 %<\/li>\n<li>Di\u00e1metro: 10,50 mm<\/li>\n<li>Nudabilidad: 1<\/li>\n<li>Proporci\u00f3n de la vaina: 36 %<\/li>\n<li>Schrinkage H20: 3,90 %.<\/li>\n<li>Peso por metro: 72 g\/m<\/li>\n<li>Resistencia m\u00ednima a la rotura: 28 kN<\/li>\n<li>Alargamiento est\u00e1tico 3,7 %<\/li>\n<li>Resistencia m\u00ednima a la rotura en nudo de ocho: 18 kN<\/li>\n<li>Certificaci\u00f3n : EN 1891 Tipo A<\/li>\n<li>Material : Poliamida<\/li>\n<li>Tipo de cuerda: est\u00e1tica A.<\/li>\n<\/ul>\n<h2 class=\"h3 uk-margin-small-bottom uk-margin-medium-top\">CUERDA EDELRID PERFORMANCE STATIC 11,0MM<\/h2>\n<ul>\n<li>UIAA<\/li>\n<li>Proporci\u00f3n del n\u00facleo: 59 %<\/li>\n<li>Di\u00e1metro: 11 mm<\/li>\n<li>Nudabilidad: 1<\/li>\n<li>Proporci\u00f3n de la vaina: 41 %<\/li>\n<li>Schrinkage H20: 4,10 %.<\/li>\n<li>Peso por metro: 79 g\/m<\/li>\n<li>Resistencia m\u00ednima a la rotura: 34 kN<\/li>\n<li>Alargamiento est\u00e1tico 3,4 %<\/li>\n<li>Resistencia m\u00ednima a la rotura en nudo de ocho: 22 kN<\/li>\n<li>Certificaci\u00f3n : EN 1891 Tipo A<\/li>\n<li>Material : Poliamida<\/li>\n<li>Tipo de cuerda: est\u00e1tica A.<\/li>\n<li>Marcado medio<\/li>\n<li>UIAA<\/li>\n<\/ul>\n<h2 class=\"h3 uk-margin-small-bottom uk-margin-medium-top\">CUERDA EDELRID PERFORMANCE STATIC 12,0MM<\/h2>\n<ul>\n<li>Proporci\u00f3n del n\u00facleo: 62 %<\/li>\n<li>Di\u00e1metro: 12 mm<\/li>\n<li>Nudabilidad: 1<\/li>\n<li>Proporci\u00f3n de la vaina: 38 %<\/li>\n<li>Schrinkage H20: 4<\/li>\n<li>Peso por metro: 93 g\/m<\/li>\n<li>Resistencia m\u00ednima a la rotura: 38 kN<\/li>\n<li>Alargamiento est\u00e1tico 3,0 %<\/li>\n<li>Resistencia m\u00ednima a la rotura en nudo de ocho: 25 kN<\/li>\n<li>Certificaci\u00f3n : EN 1891 Tipo A<\/li>\n<li>Material : Poliamida<\/li>\n<li>Tipo de cuerda: est\u00e1tica A.<\/li>\n<\/ul>\n<h3 class=\"western\">\ud83d\udc49 \u00bfEst\u00e1s buscando un art\u00edculo Edelrid espec\u00edfico que no aparece en la tienda? Vendemos toda la gama de productos de aventura, deporte y seguridad. Por favor, <strong><a href=\"https:\/\/thrillsyndicate.com\/es\/contacto\/\">env\u00eda a<\/a><\/strong> un correo electr\u00f3nico o consulta la <strong><a href=\"https:\/\/thrillsyndicate.com\/edelrid-safety-price-list-2025\/\">lista de precios de seguridad aqu\u00ed<\/a><\/strong>. \ud83d\udc48<\/h3>\n","protected":false},"excerpt":{"rendered":"<p>La cuerda est\u00e1tica Edelrid Performance combina una magn\u00edfica resistencia a la abrasi\u00f3n y un bajo alargamiento con una excelente manejabilidad. La construcci\u00f3n de kernmantel de alta calidad proporciona una excelente relaci\u00f3n calidad-precio. <\/p>\n","protected":false},"featured_media":12342,"template":"","meta":{"_coblocks_attr":"","_coblocks_dimensions":"","_coblocks_responsive_height":"","_coblocks_accordion_ie_support":"","wds_primary_product_brand":0,"wds_primary_product_cat":0},"product_brand":[62],"product_cat":[812,844],"product_tag":[619,987,937,539],"class_list":{"0":"post-17154","1":"product","2":"type-product","3":"status-publish","4":"has-post-thumbnail","6":"product_brand-edelrid","7":"product_cat-ropes","8":"product_cat-professional-ropes","9":"product_tag-statisches-seil","10":"product_tag-semi-statisches-seil","11":"product_tag-seile","12":"product_tag-abstieg-rettung","14":"first","15":"instock","16":"taxable","17":"shipping-taxable","18":"purchasable","19":"product-type-variable","20":"has-default-attributes"},"_links":{"self":[{"href":"https:\/\/thrillsyndicate.com\/es\/wp-json\/wp\/v2\/product\/17154","targetHints":{"allow":["GET"]}}],"collection":[{"href":"https:\/\/thrillsyndicate.com\/es\/wp-json\/wp\/v2\/product"}],"about":[{"href":"https:\/\/thrillsyndicate.com\/es\/wp-json\/wp\/v2\/types\/product"}],"wp:featuredmedia":[{"embeddable":true,"href":"https:\/\/thrillsyndicate.com\/es\/wp-json\/wp\/v2\/media\/12342"}],"wp:attachment":[{"href":"https:\/\/thrillsyndicate.com\/es\/wp-json\/wp\/v2\/media?parent=17154"}],"wp:term":[{"taxonomy":"product_brand","embeddable":true,"href":"https:\/\/thrillsyndicate.com\/es\/wp-json\/wp\/v2\/product_brand?post=17154"},{"taxonomy":"product_cat","embeddable":true,"href":"https:\/\/thrillsyndicate.com\/es\/wp-json\/wp\/v2\/product_cat?post=17154"},{"taxonomy":"product_tag","embeddable":true,"href":"https:\/\/thrillsyndicate.com\/es\/wp-json\/wp\/v2\/product_tag?post=17154"}],"curies":[{"name":"wp","href":"https:\/\/api.w.org\/{rel}","templated":true}]}}