{"id":17205,"date":"2024-03-07T15:07:18","date_gmt":"2024-03-07T14:07:18","guid":{"rendered":"https:\/\/thrillsyndicate.com\/shop\/inspecciones-anuales-de-tirolesas\/"},"modified":"2025-08-25T15:52:53","modified_gmt":"2025-08-25T13:52:53","slug":"inspecciones-anuales-de-tirolesas","status":"publish","type":"product","link":"https:\/\/thrillsyndicate.com\/es\/product\/inspecciones-anuales-de-tirolesas\/","title":{"rendered":"Inspecciones anuales de tirolinas"},"content":{"rendered":"<p>En el mundo de la aventura y el ocio al aire libre, la seguridad es primordial. Nuestras inspecciones anuales de tirolesas ofrecen revisiones independientes y objetivas, que garantizan el cumplimiento de las normas del sector y los requisitos jurisdiccionales. Centradas en la seguridad y la eficacia, nuestras inspecciones proporcionan tranquilidad a operadores y usuarios.  <\/p>\n<p>No comprometas la seguridad. Programa hoy mismo tu inspecci\u00f3n anual de tirolinas. Rellena este formulario para obtener una propuesta  <\/p>\n<h2>Inspecciones exhaustivas<\/h2>\n<p>Nuestros inspectores cualificados realizan evaluaciones pr\u00e1cticas de cada elemento del recorrido, garantizando el cumplimiento de las normas del sector. Desde la documentaci\u00f3n hasta el equipamiento, no dejamos piedra sin remover para garantizar la seguridad y eficacia de tu sistema de tirolesas. <\/p>\n<h2>Evaluaci\u00f3n fiable del equipo<\/h2>\n<p>Con nuestros servicios de inspecci\u00f3n, los operadores pueden estar tranquilos sabiendo que cada pieza del equipo se eval\u00faa a fondo. Desde el inventario del equipo de seguridad hasta la revisi\u00f3n de la documentaci\u00f3n, proporcionamos informes detallados para identificar las necesidades de mantenimiento y garantizar un rendimiento \u00f3ptimo. <\/p>\n<h2>Garant\u00eda de tranquilidad<\/h2>\n<p>Al confiar las inspecciones de tus tirolinas a nuestros inspectores certificados, ganas en tranquilidad al saber que la seguridad es nuestra m\u00e1xima prioridad. Nuestras evaluaciones exhaustivas y nuestra documentaci\u00f3n minuciosa garantizan el cumplimiento de la normativa, minimizando los riesgos tanto para los operadores como para los usuarios. <\/p>\n<h2>Pruebas con Cuerda Magn\u00e9tica (MRT)<\/h2>\n<p>Nuestras avanzadas Pruebas Magn\u00e9ticas de Cuerdas (MRT) garantizan la durabilidad y seguridad de las cuerdas de las tirolinas. Realizando inspecciones peri\u00f3dicas con MRT, los operadores pueden detectar a tiempo posibles problemas y mantener la integridad de sus sistemas de tirolesa, garantizando una experiencia segura y emocionante para los usuarios. <\/p>\n<h2>Cumplimiento legal y normas de seguridad<\/h2>\n<p>Las inspecciones peri\u00f3dicas son esenciales para el cumplimiento legal y la adhesi\u00f3n a las normas de seguridad. Nuestras inspecciones abarcan aspectos visuales, operativos y funcionales, garantizando que todos los componentes cumplen las especificaciones del fabricante. Con nuestras minuciosas evaluaciones, los operadores pueden cumplir sus obligaciones legales y mantener un entorno de tirolesa seguro para todos los usuarios.  <\/p>\n<h2>El tipo de cursos que inspeccionamos:<\/h2>\n<ul>\n<li>Cursos de tirolinas y tirolesas<\/li>\n<li>Cursos de cuerdas altas<\/li>\n<li>General Construcciones a\u00e9reas de aventura<\/li>\n<li>Net Parques de aventura<\/li>\n<li>Roc\u00f3dromos<\/li>\n<li>Cursos de Cuerdas Cortas<\/li>\n<li>Parques infantiles<\/li>\n<\/ul>\n<h2>Servicios de inspecci\u00f3n ofrecidos:<\/h2>\n<ul>\n<li><strong>Revisa los materiales de marketing, los materiales de preparaci\u00f3n de los participantes, la se\u00f1alizaci\u00f3n de los cursos y los mensajes:<\/strong>\n<ul>\n<li>Garantizar la exactitud de la representaci\u00f3n<\/li>\n<li>Comunicar eficazmente los requisitos y riesgos de los participantes<\/li>\n<\/ul>\n<\/li>\n<li><strong>Revisi\u00f3n de los documentos y manuales de funcionamiento:<\/strong>\n<ul>\n<li>Eval\u00faa los manuales del fabricante y del equipo<\/li>\n<li>Evaluar las especificaciones de dise\u00f1o y los manuales de pol\u00edticas\/procedimientos<\/li>\n<li>Revisar los informes de incidentes y cuasi accidentes, las evaluaciones de riesgos y los planes de acci\u00f3n de emergencia<\/li>\n<li>Verificar los programas de formaci\u00f3n, las cualificaciones del personal y los informes de inspecci\u00f3n<\/li>\n<li>Examinar los registros de mantenimiento y los acuerdos de los participantes<\/li>\n<\/ul>\n<\/li>\n<li><strong>Revisi\u00f3n \/ demostraci\u00f3n de los procedimientos operativos para garantizar el cumplimiento de la documentaci\u00f3n:<\/strong>\n<ul>\n<li>Evaluar los procedimientos de apertura y preutilizaci\u00f3n de los cursos<\/li>\n<li>Evaluar la admisi\u00f3n, la selecci\u00f3n y las expectativas de los participantes<\/li>\n<li>Revisar la formaci\u00f3n en habilidades de los participantes y los procedimientos operativos generales<\/li>\n<li>Protocolos de direcci\u00f3n para condiciones inusuales o interrupciones<\/li>\n<li>Garantizar la existencia de planes de acci\u00f3n de emergencia y procedimientos de rescate<\/li>\n<li>Validar las pr\u00e1cticas de inspecci\u00f3n y mantenimiento<\/li>\n<li>Confirma el uso correcto del equipo de seguridad personal y de los procedimientos de trabajo en altura<\/li>\n<\/ul>\n<\/li>\n<li><strong>Servicios adicionales de inspecci\u00f3n:<\/strong>\n<ul>\n<li>Auditor\u00eda de la documentaci\u00f3n operativa seg\u00fan EN15567-2<\/li>\n<li>Planificaci\u00f3n de las necesidades futuras de mantenimiento<\/li>\n<li>Utilizaci\u00f3n de listas de comprobaci\u00f3n suministradas por el fabricante<\/li>\n<\/ul>\n<\/li>\n<\/ul>\n","protected":false},"excerpt":{"rendered":"<p>Garantiza la seguridad y el cumplimiento con inspecciones anuales de tirolesas. Inspectores certificados eval\u00faan cada elemento, proporcionando tranquilidad a operadores y jinetes. Las inspecciones anuales de tirolinas garantizan la seguridad y el cumplimiento de las normas del sector. Nuestros inspectores certificados realizan minuciosas evaluaciones pr\u00e1cticas para un rendimiento \u00f3ptimo.   <\/p>\n","protected":false},"featured_media":12536,"template":"","meta":{"_coblocks_attr":"","_coblocks_dimensions":"","_coblocks_responsive_height":"","_coblocks_accordion_ie_support":"","wds_primary_product_brand":0,"wds_primary_product_cat":0},"product_brand":[],"product_cat":[776,799],"product_tag":[794,58,774,795],"class_list":{"0":"post-17205","1":"product","2":"type-product","3":"status-publish","4":"has-post-thumbnail","6":"product_cat-services","7":"product_cat-inspections","8":"product_tag-inspections","9":"product_tag-service","10":"product_tag-annual-service","11":"product_tag-on-site-service","13":"first","14":"instock","15":"taxable","16":"shipping-taxable","17":"product-type-simple"},"_links":{"self":[{"href":"https:\/\/thrillsyndicate.com\/es\/wp-json\/wp\/v2\/product\/17205","targetHints":{"allow":["GET"]}}],"collection":[{"href":"https:\/\/thrillsyndicate.com\/es\/wp-json\/wp\/v2\/product"}],"about":[{"href":"https:\/\/thrillsyndicate.com\/es\/wp-json\/wp\/v2\/types\/product"}],"wp:featuredmedia":[{"embeddable":true,"href":"https:\/\/thrillsyndicate.com\/es\/wp-json\/wp\/v2\/media\/12536"}],"wp:attachment":[{"href":"https:\/\/thrillsyndicate.com\/es\/wp-json\/wp\/v2\/media?parent=17205"}],"wp:term":[{"taxonomy":"product_brand","embeddable":true,"href":"https:\/\/thrillsyndicate.com\/es\/wp-json\/wp\/v2\/product_brand?post=17205"},{"taxonomy":"product_cat","embeddable":true,"href":"https:\/\/thrillsyndicate.com\/es\/wp-json\/wp\/v2\/product_cat?post=17205"},{"taxonomy":"product_tag","embeddable":true,"href":"https:\/\/thrillsyndicate.com\/es\/wp-json\/wp\/v2\/product_tag?post=17205"}],"curies":[{"name":"wp","href":"https:\/\/api.w.org\/{rel}","templated":true}]}}