{"id":17287,"date":"2024-06-05T16:04:05","date_gmt":"2024-06-05T14:04:05","guid":{"rendered":"https:\/\/thrillsyndicate.com\/shop\/sensor-de-altura-tru-alert\/"},"modified":"2025-11-03T14:02:03","modified_gmt":"2025-11-03T13:02:03","slug":"sensor-de-altura-tru-alert","status":"publish","type":"product","link":"https:\/\/thrillsyndicate.com\/es\/product\/sensor-de-altura-tru-alert\/","title":{"rendered":"TRU-ALERT Sensor de altura"},"content":{"rendered":"<p data-sourcepos=\"15:1-15:428\">El <strong>TRU-ALERT Sensor de altura<\/strong> es una innovadora soluci\u00f3n de seguridad dise\u00f1ada para evitar uno de los riesgos m\u00e1s comunes y peligrosos en el Autoaseguramiento: los escaladores desenganchados. Al emitir avisos a alturas clave, este dispositivo compacto garantiza que tanto los escaladores como el personal sean alertados de los peligros potenciales antes de que se produzcan accidentes. Sin necesidad de alterar la pared ni de costosas instalaciones, es el complemento perfecto para cualquier instalaci\u00f3n de aventura o recreo que busque mejorar la seguridad y la confianza.  <\/p>\n<h2>Ventajas del TRU-ALERT Sensor de altura<\/h2>\n<h3>Mayor seguridad del escalador<\/h3>\n<p>El <strong>TRU-ALERT Sensor de altura<\/strong> mejora significativamente la seguridad en la escalada al detectar cuando los escaladores ascienden sin engancharse. El sistema automatizado garantiza que, aunque el personal est\u00e9 distra\u00eddo, los escaladores sean alertados mediante avisos sonoros y visuales en las alturas cr\u00edticas. Esto proporciona tanto a los operarios como a los escaladores una capa adicional de seguridad, reduciendo el riesgo de accidentes graves.  <\/p>\n<h3>Vigilancia fiable y constante<\/h3>\n<p>A diferencia de los controles de seguridad manuales que dependen de la atenci\u00f3n del personal, el sistema <strong>TRU-ALERT<\/strong> est\u00e1 siempre alerta. En el momento en que un escalador alcanza 1,5 metros sin engancharse, se activa un aviso, y si sobrepasa los 2,5 metros, suena una alarma continua hasta que interviene un miembro del personal. Esta vigilancia constante a\u00f1ade una medida de seguridad inestimable, que garantiza que ning\u00fan error pase desapercibido.  <\/p>\n<h3>F\u00e1cil de instalar, sin problemas de mantenimiento<\/h3>\n<p>Con <strong>TRU-ALERT<\/strong> no es necesario realizar costosas modificaciones en la pared ni complejos procedimientos de instalaci\u00f3n. Se acopla f\u00e1cilmente a cualquier arn\u00e9s de escalada e incluye una bater\u00eda recargable, lo que lo convierte en una soluci\u00f3n sin complicaciones para los operarios. Adem\u00e1s, el dispositivo es muy duradero, requiere un mantenimiento m\u00ednimo y ofrece un rendimiento fiable a largo plazo.  <\/p>\n<p><iframe loading=\"lazy\" title=\"TRU CLIP Connector and TRU ALERT Height Sensor\" width=\"980\" height=\"551\" src=\"https:\/\/www.youtube.com\/embed\/s5c-bGy78Ro?feature=oembed\" frameborder=\"0\" allow=\"accelerometer; autoplay; clipboard-write; encrypted-media; gyroscope; picture-in-picture; web-share\" referrerpolicy=\"strict-origin-when-cross-origin\" allowfullscreen><\/iframe><\/p>\n<h2>Especificaciones clave y sus ventajas<\/h2>\n<h3>Dise\u00f1o compacto y ligero<\/h3>\n<p>El <strong>TRU-ALERT Sensor de altura<\/strong> est\u00e1 dise\u00f1ado para ofrecer la m\u00e1xima comodidad, pesa s\u00f3lo 46 gramos y mide 79 mm por 46 mm por 17 mm. Su tama\u00f1o compacto garantiza que no interfiera en el rendimiento del escalador, al tiempo que proporciona un control de seguridad \u00f3ptimo. <\/p>\n<h3>Vers\u00e1til y compatible con cualquier arn\u00e9s<\/h3>\n<p>Este dispositivo es totalmente compatible con cualquier arn\u00e9s de escalada y con los principales conectores secuenciales, lo que significa que los operadores no necesitan invertir en equipo adicional. Esta versatilidad lo convierte en una soluci\u00f3n ideal para una amplia variedad de configuraciones de escalada, garantizando una integraci\u00f3n perfecta en tu sistema actual. <\/p>\n<h3>Opciones de rearme remoto y manual<\/h3>\n<p>El <strong>TRU-ALERT<\/strong> ofrece funciones de restablecimiento flexibles. El personal puede restablecer manualmente el dispositivo in situ, o utilizar la opci\u00f3n de restablecimiento remoto, ahorrando tiempo y esfuerzo. Esta funci\u00f3n permite a los operadores hacer frente r\u00e1pidamente a las alarmas, manteniendo las sesiones de escalada en marcha de forma fluida y segura.  <\/p>\n<hr>\n<h2>Especificaciones completas del producto<\/h2>\n<ul>\n<li><strong>Peso<\/strong>: 46 g<\/li>\n<li><strong>Longitud<\/strong>: 79 mm<\/li>\n<li><strong>Anchura<\/strong>: 46 mm<\/li>\n<li><strong>Altura<\/strong>: 17 mm<\/li>\n<li><strong>Alturas de aviso<\/strong>: Alarma inicial a 1,5 m, alarma continua a 2,5 m<\/li>\n<li><strong>Bater\u00eda<\/strong>: Recargable, puerto de carga USB-C<\/li>\n<li><strong>Compatibilidad<\/strong>: Compatible con cualquier arn\u00e9s de escalada, no requiere modificaciones en la pared<\/li>\n<li><strong>Opciones de reinicio<\/strong>: Funciones de rearme manual y remoto disponibles<\/li>\n<\/ul>\n<p>Para una seguridad \u00f3ptima, el <a href=\"https:\/\/thrillsyndicate.com\/shop\/tru-clip-connector\/\">TRU-CLIP Connector<\/a> y el TRU-ALERT Sensor de altura se han dise\u00f1ado para funcionar conjuntamente. <a href=\"https:\/\/thrillsyndicate.com\/shop\/tru-clip-connector\/\">TRU-CLIP<\/a> evita errores cuando se utiliza el Autoaseguramiento, mientras que TRU-ALERT protege a los usuarios que no est\u00e1n enganchados.<\/p>\n<p data-sourcepos=\"30:1-30:87\"><img loading=\"lazy\" decoding=\"async\" class=\"alignnone wp-image-17538 size-full\" src=\"https:\/\/thrillsyndicate.com\/wp-content\/uploads\/2024\/06\/TRU-ALERT-Sell-Sheet-1.webp\" alt=\"Evita los accidentes de escalada antes de que ocurran con TRU-ALERT Sensor de altura. Nuestro innovador sistema basado en el arn\u00e9s alerta al personal cuando los escaladores no est\u00e1n sujetos. Descubre un Autoaseguramiento m\u00e1s seguro.\" width=\"1000\" height=\"1154\" srcset=\"https:\/\/thrillsyndicate.com\/wp-content\/uploads\/2024\/06\/TRU-ALERT-Sell-Sheet-1.webp 1000w, https:\/\/thrillsyndicate.com\/wp-content\/uploads\/2024\/06\/TRU-ALERT-Sell-Sheet-1-458x529.webp 458w, https:\/\/thrillsyndicate.com\/wp-content\/uploads\/2024\/06\/TRU-ALERT-Sell-Sheet-1-260x300.webp 260w, https:\/\/thrillsyndicate.com\/wp-content\/uploads\/2024\/06\/TRU-ALERT-Sell-Sheet-1-887x1024.webp 887w, https:\/\/thrillsyndicate.com\/wp-content\/uploads\/2024\/06\/TRU-ALERT-Sell-Sheet-1-768x886.webp 768w, https:\/\/thrillsyndicate.com\/wp-content\/uploads\/2024\/06\/TRU-ALERT-Sell-Sheet-1-100x115.webp 100w\" sizes=\"auto, (max-width: 1000px) 100vw, 1000px\" \/><\/p>\n<p><iframe loading=\"lazy\" title=\"TRU-CLIP Connector and TRU-ALERT Height Sensor\" width=\"980\" height=\"551\" src=\"https:\/\/www.youtube.com\/embed\/wHuYmy5OugA?feature=oembed\" frameborder=\"0\" allow=\"accelerometer; autoplay; clipboard-write; encrypted-media; gyroscope; picture-in-picture; web-share\" referrerpolicy=\"strict-origin-when-cross-origin\" allowfullscreen><\/iframe><\/p>\n","protected":false},"excerpt":{"rendered":"<p>El <strong>TRU-ALERT Sensor de altura<\/strong> es un dispositivo de seguridad para escalada que detecta cuando los usuarios escalan sin estar correctamente enganchados. Proporciona alertas sonoras y visuales inmediatas para evitar accidentes. <\/p>\n","protected":false},"featured_media":17521,"template":"","meta":{"_coblocks_attr":"","_coblocks_dimensions":"","_coblocks_responsive_height":"","_coblocks_accordion_ie_support":"","wds_primary_product_brand":0,"wds_primary_product_cat":0},"product_brand":[667],"product_cat":[473,469],"product_tag":[581,440],"class_list":{"0":"post-17287","1":"product","2":"type-product","3":"status-publish","4":"has-post-thumbnail","6":"product_brand-head-rush-technologies-es","7":"product_cat-accesorios-de-autoaseguramiento-trublue","8":"product_cat-sistemas-de-autoaseguramiento-vertical","9":"product_tag-epp","10":"product_tag-sistemas-de-seguridad","12":"first","13":"instock","14":"taxable","15":"shipping-taxable","16":"purchasable","17":"product-type-variable"},"_links":{"self":[{"href":"https:\/\/thrillsyndicate.com\/es\/wp-json\/wp\/v2\/product\/17287","targetHints":{"allow":["GET"]}}],"collection":[{"href":"https:\/\/thrillsyndicate.com\/es\/wp-json\/wp\/v2\/product"}],"about":[{"href":"https:\/\/thrillsyndicate.com\/es\/wp-json\/wp\/v2\/types\/product"}],"wp:featuredmedia":[{"embeddable":true,"href":"https:\/\/thrillsyndicate.com\/es\/wp-json\/wp\/v2\/media\/17521"}],"wp:attachment":[{"href":"https:\/\/thrillsyndicate.com\/es\/wp-json\/wp\/v2\/media?parent=17287"}],"wp:term":[{"taxonomy":"product_brand","embeddable":true,"href":"https:\/\/thrillsyndicate.com\/es\/wp-json\/wp\/v2\/product_brand?post=17287"},{"taxonomy":"product_cat","embeddable":true,"href":"https:\/\/thrillsyndicate.com\/es\/wp-json\/wp\/v2\/product_cat?post=17287"},{"taxonomy":"product_tag","embeddable":true,"href":"https:\/\/thrillsyndicate.com\/es\/wp-json\/wp\/v2\/product_tag?post=17287"}],"curies":[{"name":"wp","href":"https:\/\/api.w.org\/{rel}","templated":true}]}}