{"id":17291,"date":"2024-05-24T09:29:20","date_gmt":"2024-05-24T07:29:20","guid":{"rendered":"https:\/\/thrillsyndicate.com\/shop\/conector-tru-clip\/"},"modified":"2025-11-03T14:02:01","modified_gmt":"2025-11-03T13:02:01","slug":"conector-tru-clip","status":"publish","type":"product","link":"https:\/\/thrillsyndicate.com\/es\/product\/conector-tru-clip\/","title":{"rendered":"TRU-CLIP Connector"},"content":{"rendered":"<p data-sourcepos=\"15:1-15:535\">El TRU-CLIP Connector es la soluci\u00f3n definitiva para parques de aventura, Salas de Escalada y centros recreativos preocupados por la seguridad. Dise\u00f1ado espec\u00edficamente para Autoaseguramientos de Escalada, este innovador conector elimina el riesgo de errores de enganche y accidentes. Su dise\u00f1o intuitivo permite a los escaladores engancharse de forma independiente, minimizando la intervenci\u00f3n del operador y reduciendo las necesidades de personal, al tiempo que ofrece tranquilidad tanto a los operadores como a los escaladores.  <\/p>\n<p data-sourcepos=\"15:1-15:535\">El TRU-CLIP Connector se suministra como conector en la cinta. Esto significa que puedes tener el TRU-CLIP Connector en cualquier Autoaseguramiento Trublue. Para los nuevos dispositivos, s\u00f3lo tienes que seleccionar el conector TRU-CLIP como tu conector de cinta preferido. Si quieres actualizar tu actual Autoaseguramiento Trublue con el conector TRU-CLIP, selecciona a continuaci\u00f3n el tipo de Autoaseguramiento:   <\/p>\n<ul>\n<li data-sourcepos=\"15:1-15:535\"><a href=\"https:\/\/thrillsyndicate.com\/shop\/trublue-iq-replacement-webbing\/\"> Correa de recambio TRUBLUE iQ<\/a><\/li>\n<li data-sourcepos=\"15:1-15:535\"><a href=\"https:\/\/thrillsyndicate.com\/shop\/trublue-replacement-webbing\/\">Correa de repuesto TRUBLUE<\/a><\/li>\n<li data-sourcepos=\"15:1-15:535\"><a href=\"https:\/\/thrillsyndicate.com\/shop\/trublue-speed-replacement-webbing\/\">Correa de repuesto TRUBLUE SPEED<\/a><\/li>\n<li data-sourcepos=\"15:1-15:535\"><a href=\"https:\/\/thrillsyndicate.com\/shop\/trublue-xl-replacement-webbing\/\">Correa de repuesto TRUBLUE XL<\/a><\/li>\n<\/ul>\n<h2>Accesorios TRU-CLIP<\/h2>\n<p>Selecciona y a\u00f1ade los Accesorios TRU-CLIP a tu pedido de Cinchas de recambio o Autoaseguramiento Trublue, cuando selecciones el TRU-CLIP Connector.<\/p>\n<ul>\n<li>Enlace Clave (alias Enlace Delta)<\/li>\n<li>Paquete a granel de eslabones de llave (10 eslabones de llave, 10 correas de posicionamiento, llave hexagonal de 2 mm y 5 mm, 3 tornillos prisioneros)<\/li>\n<li>Correa de posicionamiento (juego de 20)<\/li>\n<li>Paquete de recambio de tornillos prisioneros<\/li>\n<li><a href=\"https:\/\/thrillsyndicate.com\/shop\/tru-clip-climbing-gym-rig\/\">TRU-CLIP Aparejo para Gimnasio de Escalada<\/a><\/li>\n<\/ul>\n<h2>Ventajas del TRU-CLIP Connector<\/h2>\n<h3>Mayor seguridad con cero errores de recorte<\/h3>\n<p>El TRU-CLIP Connector elimina la posibilidad de enganches incorrectos al utilizar una conexi\u00f3n secuenciada que no puede engancharse en la parte incorrecta del arn\u00e9s. Esto reduce dr\u00e1sticamente el riesgo de accidentes y garantiza que los escaladores est\u00e9n bien sujetos en todo momento. Una vez conectados, los escaladores no pueden soltarse hasta que regresen al suelo de forma segura.  <\/p>\n<h3>Mayor eficacia con menor necesidad de supervisi\u00f3n<\/h3>\n<p>TRU-CLIP permite a los escaladores engancharse y desengancharse de forma independiente sin necesidad de ayuda de un operario, lo que lo hace perfecto para entornos con mucho tr\u00e1fico. Esto libera al personal para supervisar grupos m\u00e1s grandes, agilizando las operaciones y reduciendo los costes de personal. Su dise\u00f1o intuitivo garantiza que escaladores de todas las edades y niveles de habilidad puedan utilizarlo con facilidad.  <\/p>\n<h3>Dise\u00f1o apto para ni\u00f1os y aprobado por el operador<\/h3>\n<p>TRU-CLIP, que pesa menos que otros conectores similares y tiene un tama\u00f1o espec\u00edfico para ni\u00f1os, ofrece una experiencia de uso superior. Su dise\u00f1o ligero y de perfil bajo garantiza que no estorbar\u00e1 durante las escaladas, mientras que el pivote remoto evita que los cabos de cinta se retuerzan, mejorando a\u00fan m\u00e1s la facilidad de uso. <\/p>\n<p><iframe loading=\"lazy\" title=\"TRU CLIP Connector and TRU ALERT Height Sensor\" width=\"980\" height=\"551\" src=\"https:\/\/www.youtube.com\/embed\/s5c-bGy78Ro?feature=oembed\" frameborder=\"0\" allow=\"accelerometer; autoplay; clipboard-write; encrypted-media; gyroscope; picture-in-picture; web-share\" referrerpolicy=\"strict-origin-when-cross-origin\" allowfullscreen><\/iframe><\/p>\n<h2>Caracter\u00edsticas principales y especificaciones del TRU-CLIP Connector<\/h2>\n<h3>Asequible y de bajo mantenimiento<\/h3>\n<p>El TRU-CLIP Connector no s\u00f3lo es el conector secuenciado m\u00e1s asequible del mercado, sino que adem\u00e1s no tiene cuotas de recertificaci\u00f3n, lo que lo convierte en una soluci\u00f3n rentable para parques de aventura e instalaciones de escalada. Una vez adquirido, no requiere configuraci\u00f3n ni instalaci\u00f3n adicionales. <\/p>\n<h3>Llaveros de acero inoxidable duraderos<\/h3>\n<p>Los eslabones clave de acero inoxidable proporcionan puntos de conexi\u00f3n ultrarresistentes que soportan un uso intensivo incluso en los entornos m\u00e1s exigentes. Dise\u00f1ados para durar, estos componentes garantizan un rendimiento fiable en cada ascenso. <\/p>\n<h3>Preinstalado en los Autoaseguramientos TRUBLUE para uso inmediato<\/h3>\n<p>TRU-CLIP viene preinstalado en los Autoaseguramientos TRUBLUE, lo que elimina la necesidad de una configuraci\u00f3n compleja. Esta funcionalidad plug-and-play garantiza que los operadores puedan integrar r\u00e1pidamente el conector en sus operaciones con un tiempo de inactividad m\u00ednimo. <\/p>\n<h2>Lista completa de especificaciones<\/h2>\n<ul>\n<li><strong>Dimensiones del conector<\/strong>: 135 x 69 x 33 mm (5,3 x 2,7 x 1,3 pulg.)<\/li>\n<li><strong>Peso del conector<\/strong>: 310 g<\/li>\n<li><strong>Dimensiones del eslab\u00f3n<\/strong> clave: 55 x 67 x 21 mm (2,2 x 2,6 x 0,8 pulg.)<\/li>\n<li><strong>Peso del eslab\u00f3n<\/strong>: 96 g<\/li>\n<li><strong>Conjunto de correas<\/strong>: Conector + eslab\u00f3n + empu\u00f1adura de cincha + eslab\u00f3n giratorio<\/li>\n<li><strong>Peso total<\/strong>: 545 g<\/li>\n<li><strong>Cumplimiento de normas<\/strong>: EN362:2004 (Clase T) Conectores<\/li>\n<\/ul>\n<p>El TRU-CLIP Connector ofrece una combinaci\u00f3n perfecta de seguridad, facilidad de uso y asequibilidad, lo que lo convierte en la elecci\u00f3n perfecta para los operadores de aventura y ocio que buscan mejorar la seguridad y agilizar las operaciones. Para una seguridad \u00f3ptima, el TRU-CLIP Connector y <a href=\"https:\/\/thrillsyndicate.com\/shop\/tru-alert-height-sensor\/\">el TRU-ALERT Sensor de altura<\/a> se han dise\u00f1ado para funcionar conjuntamente. TRU-CLIP evita errores cuando se utiliza el Autoaseguramiento, mientras que <a href=\"https:\/\/thrillsyndicate.com\/shop\/tru-alert-height-sensor\/\">TRU-ALERT<\/a> protege a los usuarios que no est\u00e1n enganchados.  <\/p>\n<p><img loading=\"lazy\" decoding=\"async\" class=\"alignnone size-large wp-image-17418\" src=\"https:\/\/thrillsyndicate.com\/wp-content\/uploads\/2024\/05\/TRU-CLIP-Sell-Sheet-990x1024.webp\" alt=\"Elimina los problemas de seguridad en la escalada con el TRU-CLIP Connector, el \u00fanico conector de Autoaseguramiento que garantiza una sujeci\u00f3n perfecta en todo momento. \u00a1Comprueba c\u00f3mo funciona hoy mismo!\" width=\"980\" height=\"1014\" srcset=\"https:\/\/thrillsyndicate.com\/wp-content\/uploads\/2024\/05\/TRU-CLIP-Sell-Sheet-990x1024.webp 990w, https:\/\/thrillsyndicate.com\/wp-content\/uploads\/2024\/05\/TRU-CLIP-Sell-Sheet-458x474.webp 458w, https:\/\/thrillsyndicate.com\/wp-content\/uploads\/2024\/05\/TRU-CLIP-Sell-Sheet-290x300.webp 290w, https:\/\/thrillsyndicate.com\/wp-content\/uploads\/2024\/05\/TRU-CLIP-Sell-Sheet-768x794.webp 768w, https:\/\/thrillsyndicate.com\/wp-content\/uploads\/2024\/05\/TRU-CLIP-Sell-Sheet-1485x1536.webp 1485w, https:\/\/thrillsyndicate.com\/wp-content\/uploads\/2024\/05\/TRU-CLIP-Sell-Sheet-1980x2048.webp 1980w, https:\/\/thrillsyndicate.com\/wp-content\/uploads\/2024\/05\/TRU-CLIP-Sell-Sheet-100x103.webp 100w\" sizes=\"auto, (max-width: 980px) 100vw, 980px\" \/><\/p>\n","protected":false},"excerpt":{"rendered":"<p>El TRU-CLIP Connector garantiza siempre el clip perfecto, ya que evita los errores humanos durante el proceso de clipado. Dise\u00f1ado para Autoaseguramientos de Escalada, ofrece una seguridad y facilidad de uso inigualables. <\/p>\n","protected":false},"featured_media":17417,"template":"","meta":{"_coblocks_attr":"","_coblocks_dimensions":"","_coblocks_responsive_height":"","_coblocks_accordion_ie_support":"","wds_primary_product_brand":0,"wds_primary_product_cat":0},"product_brand":[72],"product_cat":[23,33],"product_tag":[176,67,8],"class_list":{"0":"post-17291","1":"product","2":"type-product","3":"status-publish","4":"has-post-thumbnail","6":"product_brand-head-rush-technologies","7":"product_cat-vertical-auto-belay-systems","8":"product_cat-trublue-accessories","9":"product_tag-connecting","10":"product_tag-ppe","11":"product_tag-belay-systems","13":"first","14":"instock","15":"taxable","16":"shipping-taxable","17":"purchasable","18":"product-type-variable"},"_links":{"self":[{"href":"https:\/\/thrillsyndicate.com\/es\/wp-json\/wp\/v2\/product\/17291","targetHints":{"allow":["GET"]}}],"collection":[{"href":"https:\/\/thrillsyndicate.com\/es\/wp-json\/wp\/v2\/product"}],"about":[{"href":"https:\/\/thrillsyndicate.com\/es\/wp-json\/wp\/v2\/types\/product"}],"wp:featuredmedia":[{"embeddable":true,"href":"https:\/\/thrillsyndicate.com\/es\/wp-json\/wp\/v2\/media\/17417"}],"wp:attachment":[{"href":"https:\/\/thrillsyndicate.com\/es\/wp-json\/wp\/v2\/media?parent=17291"}],"wp:term":[{"taxonomy":"product_brand","embeddable":true,"href":"https:\/\/thrillsyndicate.com\/es\/wp-json\/wp\/v2\/product_brand?post=17291"},{"taxonomy":"product_cat","embeddable":true,"href":"https:\/\/thrillsyndicate.com\/es\/wp-json\/wp\/v2\/product_cat?post=17291"},{"taxonomy":"product_tag","embeddable":true,"href":"https:\/\/thrillsyndicate.com\/es\/wp-json\/wp\/v2\/product_tag?post=17291"}],"curies":[{"name":"wp","href":"https:\/\/api.w.org\/{rel}","templated":true}]}}