{"id":18347,"date":"2024-12-19T11:14:21","date_gmt":"2024-12-19T10:14:21","guid":{"rendered":"https:\/\/thrillsyndicate.com\/shop\/edelrid-tectum-air-work-safety-helmet\/"},"modified":"2025-08-24T16:13:01","modified_gmt":"2025-08-24T14:13:01","slug":"edelrid-tectum-air-work-safety-helmet","status":"publish","type":"product","link":"https:\/\/thrillsyndicate.com\/es\/product\/edelrid-tectum-air-work-safety-helmet\/","title":{"rendered":"Casco de seguridad laboral Edelrid Tectum Air"},"content":{"rendered":"<p>Los cascos Edelrid Tectum Air estar\u00e1n <strong>disponibles a partir de mediados de marzo<\/strong> y ya se pueden encargar por adelantado.<\/p>\n<p>El casco Edelrid Tectum Air es la elecci\u00f3n definitiva para los profesionales que buscan seguridad sin renunciar a la comodidad ni al estilo. Dise\u00f1ado con una carcasa ligera de ABS y material EPS amortiguador, este casco ofrece una protecci\u00f3n excepcional sin dejar de ser lo bastante vers\u00e1til para adaptarse a diversos entornos de trabajo. Con certificaciones que cumplen las normas EN 12492, EN 397 (con las ranuras de ventilaci\u00f3n cerradas) y ANSI\/ISEA Z89.1, el Tectum Air est\u00e1 fabricado para sobresalir en condiciones exigentes.  <\/p>\n<h2 class=\"mb-2 mt-6 text-lg first:mt-3\">Ventajas del casco Edelrid Tectum Air<\/h2>\n<h3 class=\"mb-2 mt-6 text-lg first:mt-3\">Comodidad y ajuste inigualables<\/h3>\n<p>El Casco Tectum Air incorpora un innovador sistema Wing Fit con un dial de ajuste trasero, que garantiza un ajuste seguro y c\u00f3modo para tama\u00f1os de cabeza de entre 53 y 63 cm. Su dise\u00f1o plegable permite a los usuarios adaptar el casco a sus necesidades \u00fanicas, manteniendo la comodidad durante todo el d\u00eda en tareas intensas.  \u00a1Echa tambi\u00e9n un vistazo a toda la gama de <a href=\"https:\/\/thrillsyndicate.com\/es\/shop\/edelrid-tectum-helmet-accessories\/\">Accesorios para Cascos Tectum<\/a>!<\/p>\n<h3 class=\"mb-2 mt-6 text-lg first:mt-3\">Personalizable para cada trabajo<\/h3>\n<p>Equipado con Euroslots integrados y cuatro robustos clips para linternas frontales, este casco est\u00e1 preparado para alojar protectores auriculares, viseras u otros accesorios esenciales para tareas espec\u00edficas. Tanto si trabajas en condiciones de poca luz como en entornos ruidosos, el Tectum Air se adapta a la perfecci\u00f3n. <\/p>\n<h3 class=\"mb-2 mt-6 text-lg first:mt-3\">Funciones de seguridad mejoradas<\/h3>\n<p>Dise\u00f1ado con grandes aberturas de ventilaci\u00f3n que se pueden cerrar, adhesivos reflectantes en los modelos HiVis y correas de barbilla reemplazables que cumplen la normativa EN, el Tectum Air prioriza la seguridad del usuario en todas las condiciones. La tecnolog\u00eda NFC incorporada tambi\u00e9n a\u00f1ade una capa extra de funcionalidad. <\/p>\n<h2 class=\"mb-2 mt-6 text-lg first:mt-3\">Especificaciones clave y sus ventajas<\/h2>\n<h3 class=\"mb-2 mt-6 text-lg first:mt-3\">Construcci\u00f3n ligera pero duradera<\/h3>\n<p>La carcasa de pl\u00e1stico ABS del casco garantiza la resistencia a los impactos sin a\u00f1adir peso innecesario (450 g). Combinado con la calota interior de EPS para la absorci\u00f3n de impactos, este dise\u00f1o ofrece una protecci\u00f3n fiable sin sacrificar la movilidad. <\/p>\n<h3 class=\"mb-2 mt-6 text-lg first:mt-3\">Adaptabilidad de la ventilaci\u00f3n<\/h3>\n<p>Las aberturas de ventilaci\u00f3n cerrables proporcionan un excelente flujo de aire en condiciones calurosas, al tiempo que sellan el aire fr\u00edo o los residuos cuando es necesario. Esta adaptabilidad hace que el casco sea adecuado para diversos entornos. <\/p>\n<h3 class=\"mb-2 mt-6 text-lg first:mt-3\">Normas de seguridad certificadas<\/h3>\n<p>Al cumplir las normas EN 12492, EN 397 (ventilaci\u00f3n cerrada) y ANSI Z89.1 Tipo I Clase C, el Tectum Air garantiza una protecci\u00f3n de primer nivel en sectores como la construcci\u00f3n, los deportes de aventura y el ocio al aire libre.<\/p>\n<h2 class=\"mb-2 mt-6 text-lg first:mt-3\">Especificaciones<\/h2>\n<ul class=\"marker:text-textOff list-disc pl-8\">\n<li><strong>Peso:<\/strong> 450 g<\/li>\n<li><strong>Rango de tama\u00f1o de la cabeza:<\/strong> 53 &#8211; 63 cm<\/li>\n<li><strong>Material:<\/strong> Carcasa de pl\u00e1stico ABS con carcasa interior de EPS<\/li>\n<li><strong>Ventilaci\u00f3n:<\/strong> Grandes aberturas que se pueden cerrar<\/li>\n<li><strong>Sistema de ajuste:<\/strong> Sistema Wing Fit con dial de ajuste trasero<\/li>\n<li><strong>Compatibilidad de accesorios:<\/strong> ranuras Euroslots de 30 mm para protectores auriculares\/visores; cuatro clips para faros<\/li>\n<li><strong>Certificaciones:<\/strong> EN 12492, EN 397 (ventilaci\u00f3n cerrada), ANSI Z89.1 Tipo I Clase C<\/li>\n<li><strong>Caracter\u00edsticas adicionales:<\/strong> Hebilla de la correa de la barbilla reemplazable; acolchado interior lavable; tecnolog\u00eda NFC integrada<\/li>\n<li><strong>Modelo HiVis:<\/strong> Pegatinas reflectantes y combinaci\u00f3n de colores de alta visibilidad<\/li>\n<\/ul>\n<p>El casco Edelrid Tectum Air es tu compa\u00f1ero de confianza en materia de seguridad, ya que ofrece una versatilidad y un rendimiento inigualables en cualquier entorno profesional. \u00a1Echa tambi\u00e9n un vistazo a la gama completa de <a href=\"https:\/\/thrillsyndicate.com\/es\/shop\/edelrid-tectum-helmet-accessories\/\">Accesorios para Cascos<\/a> Tectum! <\/p>\n<h3>\ud83d\udc49 \u00bfEst\u00e1s buscando un art\u00edculo Edelrid espec\u00edfico que no aparece en la tienda? Vendemos toda la gama de productos de aventura, deporte y seguridad. <a href=\"https:\/\/thrillsyndicate.com\/es\/contacto\/\">Env\u00edanos<\/a> un correo electr\u00f3nico o consulta la <a href=\"https:\/\/thrillsyndicate.com\/edelrid-safety-price-list-2025\/\">lista completa de precios de seguridad aqu\u00ed<\/a>. \ud83d\udc48<\/h3>\n","protected":false},"excerpt":{"rendered":"<p>El casco Edelrid Tectum Air combina una durabilidad ligera con funciones de seguridad avanzadas, lo que lo hace ideal para profesionales en entornos industriales y al aire libre. Su dise\u00f1o personalizable garantiza comodidad, adaptabilidad y protecci\u00f3n de primer nivel. <\/p>\n","protected":false},"featured_media":18037,"template":"","meta":{"_coblocks_attr":"","_coblocks_dimensions":"","_coblocks_responsive_height":"","_coblocks_accordion_ie_support":"","wds_primary_product_brand":0,"wds_primary_product_cat":0},"product_brand":[660],"product_cat":[927,579],"product_tag":[1009,853,1012],"class_list":{"0":"post-18347","1":"product","2":"type-product","3":"status-publish","4":"has-post-thumbnail","6":"product_brand-edelrid-es","7":"product_cat-cascos","8":"product_cat-cascos-de-cuerdas","9":"product_tag-profesional","10":"product_tag-seguridad-en-el-trabajo","11":"product_tag-trabajo-en-altura","13":"first","14":"instock","15":"taxable","16":"shipping-taxable","17":"purchasable","18":"product-type-variable","19":"has-default-attributes"},"_links":{"self":[{"href":"https:\/\/thrillsyndicate.com\/es\/wp-json\/wp\/v2\/product\/18347","targetHints":{"allow":["GET"]}}],"collection":[{"href":"https:\/\/thrillsyndicate.com\/es\/wp-json\/wp\/v2\/product"}],"about":[{"href":"https:\/\/thrillsyndicate.com\/es\/wp-json\/wp\/v2\/types\/product"}],"wp:featuredmedia":[{"embeddable":true,"href":"https:\/\/thrillsyndicate.com\/es\/wp-json\/wp\/v2\/media\/18037"}],"wp:attachment":[{"href":"https:\/\/thrillsyndicate.com\/es\/wp-json\/wp\/v2\/media?parent=18347"}],"wp:term":[{"taxonomy":"product_brand","embeddable":true,"href":"https:\/\/thrillsyndicate.com\/es\/wp-json\/wp\/v2\/product_brand?post=18347"},{"taxonomy":"product_cat","embeddable":true,"href":"https:\/\/thrillsyndicate.com\/es\/wp-json\/wp\/v2\/product_cat?post=18347"},{"taxonomy":"product_tag","embeddable":true,"href":"https:\/\/thrillsyndicate.com\/es\/wp-json\/wp\/v2\/product_tag?post=18347"}],"curies":[{"name":"wp","href":"https:\/\/api.w.org\/{rel}","templated":true}]}}