{"id":18856,"date":"2025-02-13T15:12:05","date_gmt":"2025-02-13T14:12:05","guid":{"rendered":"https:\/\/thrillsyndicate.com\/shop\/edelrid-warp-pulley\/"},"modified":"2025-08-24T16:10:00","modified_gmt":"2025-08-24T14:10:00","slug":"edelrid-warp-pulley","status":"publish","type":"product","link":"https:\/\/thrillsyndicate.com\/es\/product\/edelrid-warp-pulley\/","title":{"rendered":"Polea WARP Edelrid"},"content":{"rendered":"<p>La polea WARP de Edelrid es tu soluci\u00f3n para una gesti\u00f3n fiable y eficaz de las cuerdas en parques de aventura y tirolinas. Dise\u00f1ada pensando en la durabilidad, incorpora rodillos con cojinetes de bolas optimizados para cuerdas de acero y compatibles con cuerdas de tela. Con una estructura robusta y un dise\u00f1o cuidado, la polea WARP garantiza un funcionamiento sin problemas incluso en entornos exigentes.  <\/p>\n<h2>Polea WARP Edelrid<\/h2>\n<ul>\n<li><strong>Construida para un uso intensivo: <\/strong>La polea WARP de Edelrid est\u00e1 fabricada con acero inoxidable y aluminio de alta calidad, lo que la hace excepcionalmente duradera. Sus rodillos resistentes al desgaste est\u00e1n optimizados para cables de acero, lo que garantiza un rendimiento duradero en condiciones dif\u00edciles. <\/li>\n<li><strong>Alta eficiencia para un funcionamiento suave: <\/strong>Con un impresionante \u00edndice de eficiencia del 92%, esta polea minimiza la p\u00e9rdida de energ\u00eda durante su uso. Tanto si trabajas con cuerdas de acero como de tela, puedes confiar en su sistema de cojinetes de bolas para un funcionamiento sin problemas. <\/li>\n<li><strong>Dise\u00f1o vers\u00e1til para aplicaciones profesionales: <\/strong>La gran abertura admite dos mosquetones, mientras que el punto de conexi\u00f3n superior admite sistemas redundantes con doble gu\u00eda de cuerda. Esto hace que la Polea WARP sea perfecta para parques de aventura y montajes de tirolesas. <\/li>\n<\/ul>\n<h2>Especificaciones<\/h2>\n<ul>\n<li><strong>Ingenier\u00eda de precisi\u00f3n: <\/strong>La polea WARP de Edelrid est\u00e1 certificada seg\u00fan la norma EN 12278, lo que garantiza el cumplimiento de los requisitos de seguridad del sector. Su robusta construcci\u00f3n soporta un l\u00edmite de carga de trabajo de hasta 1.000 kg. <\/li>\n<li><strong>Compatibilidad optimizada con cuerdas: <\/strong>Dise\u00f1ada para manejar cuerdas de hasta 13 mm de di\u00e1metro, esta polea funciona perfectamente tanto con cuerdas de acero como de tela. Su versatilidad la convierte en la opci\u00f3n ideal para diversos montajes profesionales. <\/li>\n<li><strong>Compacta pero potente: <\/strong>Con s\u00f3lo 85 mm de altura y 100 mm de anchura, la Polea WARP combina un dise\u00f1o compacto con una resistencia incre\u00edble. Con una resistencia m\u00ednima a la rotura de 32 kN, est\u00e1 hecha para soportar tareas exigentes. <\/li>\n<\/ul>\n<h2>Lista de especificaciones<\/h2>\n<ul>\n<li><strong>Altura:<\/strong> 85 mm<\/li>\n<li><strong>Anchura:<\/strong> 100 mm<\/li>\n<li><strong>Eficacia:<\/strong> 92<\/li>\n<li><strong>L\u00edmite de carga de trabajo:<\/strong> 1.000 kg<\/li>\n<li><strong>Resistencia m\u00ednima a la rotura:<\/strong> 32 kN<\/li>\n<li><strong>Di\u00e1metro de cuerda aprobado:<\/strong> &lt;13 mm<\/li>\n<li><strong>Material:<\/strong> Aluminio\/Acero<\/li>\n<li><strong>Certificaci\u00f3n:<\/strong> EN 12278<\/li>\n<\/ul>\n","protected":false},"excerpt":{"rendered":"<p><span class=\"animate-in fade-in-25 duration-700\">La polea <strong>Edel<\/strong><\/span><span class=\"animate-in fade-in-25 duration-700\"><strong>rid WARP<\/strong> es<\/span><span class=\"animate-in fade-in-25 duration-700\"> una polea de alto rendimiento<\/span><span class=\"animate-in fade-in-25 duration-700\">le dise\u00f1ada<\/span><span class=\"animate-in fade-in-25 duration-700\">gada para parques<\/span><span class=\"animate-in fade-in-25 duration-700\">parques de aventura y<\/span><span class=\"animate-in fade-in-25 duration-700\"> tirolesas<\/span><span class=\"animate-in fade-in-25 duration-700\">. Su desgaste <\/span><span class=\"animate-in fade-in-25 duration-700\">-Rollo de acero<\/span><span class=\"animate-in fade-in-25 duration-700\">rrolladores de acero<\/span><span class=\"animate-in fade-in-25 duration-700\">de acero sin<\/span><span class=\"animate-in fade-in-25 duration-700\">con acero y<\/span><span class=\"animate-in fade-in-25 duration-700\"> de acero y<\/span><span class=\"animate-in fade-in-25 duration-700\"> cuerdas de tela.<\/span><\/p>\n","protected":false},"featured_media":18853,"template":"","meta":{"_coblocks_attr":"","_coblocks_dimensions":"","_coblocks_responsive_height":"","_coblocks_accordion_ie_support":"","wds_primary_product_brand":0,"wds_primary_product_cat":0},"product_brand":[62],"product_cat":[161],"product_tag":[162],"class_list":{"0":"post-18856","1":"product","2":"type-product","3":"status-publish","4":"has-post-thumbnail","6":"product_brand-edelrid","7":"product_cat-pulleys","8":"product_tag-pulley","10":"first","11":"instock","12":"taxable","13":"shipping-taxable","14":"purchasable","15":"product-type-simple"},"_links":{"self":[{"href":"https:\/\/thrillsyndicate.com\/es\/wp-json\/wp\/v2\/product\/18856","targetHints":{"allow":["GET"]}}],"collection":[{"href":"https:\/\/thrillsyndicate.com\/es\/wp-json\/wp\/v2\/product"}],"about":[{"href":"https:\/\/thrillsyndicate.com\/es\/wp-json\/wp\/v2\/types\/product"}],"wp:featuredmedia":[{"embeddable":true,"href":"https:\/\/thrillsyndicate.com\/es\/wp-json\/wp\/v2\/media\/18853"}],"wp:attachment":[{"href":"https:\/\/thrillsyndicate.com\/es\/wp-json\/wp\/v2\/media?parent=18856"}],"wp:term":[{"taxonomy":"product_brand","embeddable":true,"href":"https:\/\/thrillsyndicate.com\/es\/wp-json\/wp\/v2\/product_brand?post=18856"},{"taxonomy":"product_cat","embeddable":true,"href":"https:\/\/thrillsyndicate.com\/es\/wp-json\/wp\/v2\/product_cat?post=18856"},{"taxonomy":"product_tag","embeddable":true,"href":"https:\/\/thrillsyndicate.com\/es\/wp-json\/wp\/v2\/product_tag?post=18856"}],"curies":[{"name":"wp","href":"https:\/\/api.w.org\/{rel}","templated":true}]}}