{"id":18860,"date":"2025-02-13T14:54:44","date_gmt":"2025-02-13T13:54:44","guid":{"rendered":"https:\/\/thrillsyndicate.com\/shop\/edelrid-flux-pulley\/"},"modified":"2025-08-24T16:09:58","modified_gmt":"2025-08-24T14:09:58","slug":"edelrid-flux-pulley","status":"publish","type":"product","link":"https:\/\/thrillsyndicate.com\/es\/product\/edelrid-flux-pulley\/","title":{"rendered":"Polea Edelrid FLUX"},"content":{"rendered":"<p>La Polea FLUX de Edelrid es tu soluci\u00f3n para un aparejo eficaz en sistemas de bloque y aparejo o anclajes direccionales. Compacta pero potente, esta ligera polea est\u00e1 equipada con tecnolog\u00eda de rodamientos de bolas para un funcionamiento suave e incorpora placas laterales flexibles para una instalaci\u00f3n r\u00e1pida. Dise\u00f1ada para soportar cargas medias con facilidad, es perfecta para los profesionales de los sectores de la aventura, el aire libre, la diversi\u00f3n y el ocio.  <\/p>\n<h2>Polea Edelrid FLUX<\/h2>\n<ul>\n<li><strong>Un aparejo sencillo y sin esfuerzo: <\/strong>La Polea FLUX de Edelrid incorpora placas laterales flexibles que permiten un montaje r\u00e1pido y sencillo sin comprometer la seguridad. Tanto si trabajas con anclajes direccionales como con sistemas de bloqueo y amarre, este dise\u00f1o garantiza un funcionamiento sin problemas en cualquier escenario. <\/li>\n<li><strong>Dise\u00f1o Compacto Pero Potente: <\/strong>A pesar de su construcci\u00f3n ligera, la Polea FLUX de Edelrid est\u00e1 fabricada para soportar cargas medias, con un l\u00edmite de carga de trabajo de 500 kg. Su tama\u00f1o compacto hace que sea f\u00e1cil de transportar a la vez que proporciona la fuerza que necesitas para tareas exigentes. <\/li>\n<li><strong>Eficiencia inigualable: <\/strong>Gracias a su sistema polea montado sobre rodamientos de bolas, el Edelrid FLUX alcanza una impresionante eficiencia del 94%. Esto garantiza un movimiento suave de la cuerda, reduciendo la fricci\u00f3n y maximizando el rendimiento durante las operaciones cr\u00edticas. <\/li>\n<\/ul>\n<h2>Especificaciones de la Polea Edelrid FLUX<\/h2>\n<ul>\n<li><strong>Sistema de rodamiento de bolas de alto rendimiento: <\/strong>El rodillo con rodamiento de bolas garantiza una eficacia excepcional del 94%, por lo que es ideal para los profesionales que exigen un funcionamiento suave y fiable en cada uso.<\/li>\n<li><strong>Construcci\u00f3n duradera de aluminio anodizado: <\/strong>Fabricada en aluminio anodizado, la Polea Edelrid FLUX ofrece durabilidad sin a\u00f1adir peso innecesario a tu equipo. Su robusto dise\u00f1o garantiza un rendimiento duradero en condiciones dif\u00edciles. <\/li>\n<li><strong>Amplia compatibilidad con cuerdas y mosquetones: <\/strong>Compatible con cuerdas de di\u00e1metros comprendidos entre 6 y 13 mm, este polea se adapta perfectamente a diversas configuraciones. El gran orificio del mosquet\u00f3n admite todos los mosquetones EDELRID est\u00e1ndar, para una mayor versatilidad. <\/li>\n<\/ul>\n<h2>Lista de especificaciones<\/h2>\n<ul>\n<li><strong>Altura:<\/strong> 75 mm<\/li>\n<li><strong>Anchura:<\/strong> 50 mm<\/li>\n<li><strong>Eficacia:<\/strong> 94<\/li>\n<li><strong>L\u00edmite de carga de trabajo:<\/strong> 500 kg<\/li>\n<li><strong>Resistencia m\u00ednima a la rotura:<\/strong> 26 kN<\/li>\n<li><strong>Di\u00e1metro de cuerda aprobado:<\/strong> 6 &#8211; 13 mm<\/li>\n<li><strong>Material:<\/strong> Aluminio anodizado<\/li>\n<li><strong>Certificaci\u00f3n:<\/strong> EN 12278<\/li>\n<\/ul>\n","protected":false},"excerpt":{"rendered":"<p>La <strong>Polea FLUX de Edelrid<\/strong> es una polea compacta, montada sobre rodamientos de bolas, dise\u00f1ada para sistemas de poleas y anclajes direccionales. Su construcci\u00f3n ligera y sus piezas laterales flexibles garantizan un aparejo r\u00e1pido y un rendimiento fiable. <\/p>\n","protected":false},"featured_media":18844,"template":"","meta":{"_coblocks_attr":"","_coblocks_dimensions":"","_coblocks_responsive_height":"","_coblocks_accordion_ie_support":"","wds_primary_product_brand":0,"wds_primary_product_cat":0},"product_brand":[660],"product_cat":[587],"product_tag":[591],"class_list":{"0":"post-18860","1":"product","2":"type-product","3":"status-publish","4":"has-post-thumbnail","6":"product_brand-edelrid-es","7":"product_cat-poleas","8":"product_tag-polea","10":"first","11":"instock","12":"taxable","13":"shipping-taxable","14":"purchasable","15":"product-type-simple"},"_links":{"self":[{"href":"https:\/\/thrillsyndicate.com\/es\/wp-json\/wp\/v2\/product\/18860","targetHints":{"allow":["GET"]}}],"collection":[{"href":"https:\/\/thrillsyndicate.com\/es\/wp-json\/wp\/v2\/product"}],"about":[{"href":"https:\/\/thrillsyndicate.com\/es\/wp-json\/wp\/v2\/types\/product"}],"wp:featuredmedia":[{"embeddable":true,"href":"https:\/\/thrillsyndicate.com\/es\/wp-json\/wp\/v2\/media\/18844"}],"wp:attachment":[{"href":"https:\/\/thrillsyndicate.com\/es\/wp-json\/wp\/v2\/media?parent=18860"}],"wp:term":[{"taxonomy":"product_brand","embeddable":true,"href":"https:\/\/thrillsyndicate.com\/es\/wp-json\/wp\/v2\/product_brand?post=18860"},{"taxonomy":"product_cat","embeddable":true,"href":"https:\/\/thrillsyndicate.com\/es\/wp-json\/wp\/v2\/product_cat?post=18860"},{"taxonomy":"product_tag","embeddable":true,"href":"https:\/\/thrillsyndicate.com\/es\/wp-json\/wp\/v2\/product_tag?post=18860"}],"curies":[{"name":"wp","href":"https:\/\/api.w.org\/{rel}","templated":true}]}}