{"id":19069,"date":"2025-03-27T16:50:09","date_gmt":"2025-03-27T15:50:09","guid":{"rendered":"https:\/\/thrillsyndicate.com\/shop\/tru-clip-climbing-gym-rig\/"},"modified":"2025-11-03T14:00:45","modified_gmt":"2025-11-03T13:00:45","slug":"tru-clip-climbing-gym-rig","status":"publish","type":"product","link":"https:\/\/thrillsyndicate.com\/es\/product\/tru-clip-climbing-gym-rig\/","title":{"rendered":"TRU-CLIP Aparejo para Gimnasio de Escalada"},"content":{"rendered":"<p data-sourcepos=\"5:1-5:486\">El Aparejo para Sala de Escalada TRU-CLIP revoluciona la experiencia de escalada para los operadores profesionales de los sectores de la aventura, el aire libre, las atracciones y el ocio. Dise\u00f1ado para aumentar la seguridad y la eficacia, este aparejo permite a los escaladores utilizar sus arneses personales con un TRU-CLIP Connector secuenciado seguro, agilizando el proceso de enganche a los autoaseguramientos. Elige entre las configuraciones condensada o extendida para satisfacer las necesidades espec\u00edficas de tu entorno de escalada y clientela.  <\/p>\n<p>El TRU-CLIP Gym Rig permite a los escaladores utilizar con seguridad sus propios arneses con un TRU-CLIP Sequenced Connector.<\/p>\n<h2 data-sourcepos=\"5:1-5:486\">C\u00f3mo funciona<\/h2>\n<ol>\n<li>Un escalador lleva su arn\u00e9s a la recepci\u00f3n.<\/li>\n<li>Un miembro del personal asegura el equipo al bucle de aseguramiento del arn\u00e9s.<\/li>\n<li>El escalador utiliza cualquier Autoaseguramiento con un TRU-CLIP.<\/li>\n<li>El escalador vuelve al mostrador, un miembro del personal le quita el aparejo.<\/li>\n<\/ol>\n<h2 data-sourcepos=\"7:1-7:38\">Seguridad y eficacia sin igual<\/h2>\n<p data-sourcepos=\"9:1-9:392\">El <a href=\"https:\/\/thrillsyndicate.com\/shop\/tru-clip-connector\/\">sistema TRU-CLIP<\/a> reduce significativamente el riesgo de errores de enganche, una preocupaci\u00f3n com\u00fan en los entornos de escalada. Al permitir que los escaladores utilicen sus arneses personales, proporcionas una experiencia familiar y c\u00f3moda, aumentando la confianza y el compromiso. Este sistema simplifica el proceso de registro, reduciendo los tiempos de espera y aumentando el rendimiento, algo crucial para las instalaciones de escalada de gran afluencia.  <\/p>\n<h2 data-sourcepos=\"11:1-11:48\">Configuraci\u00f3n vers\u00e1til para escaladores diversos<\/h2>\n<p data-sourcepos=\"13:1-13:448\">Las opciones de montaje condensado y extendido garantizan la adaptabilidad a distintos perfiles de escalador. El Aparejo Condensado proporciona una conexi\u00f3n sencilla y robusta, ideal para escaladores experimentados que buscan una configuraci\u00f3n simplificada. El Aparejo Extendido, que incorpora una eslinga de Dyneema, ofrece una mayor flexibilidad, especialmente beneficiosa para los escaladores m\u00e1s j\u00f3venes o los que necesitan un mayor alcance. Esta versatilidad se adapta a un p\u00fablico m\u00e1s amplio, mejorando la inclusi\u00f3n y la accesibilidad.   <\/p>\n<h2 data-sourcepos=\"15:1-15:35\">Componentes robustos y certificados<\/h2>\n<p data-sourcepos=\"17:1-17:488\">El Aparejo para Sala de Escalada TRU-CLIP est\u00e1 fabricado con componentes certificados de primera calidad, que garantizan su durabilidad y fiabilidad. El Mosquet\u00f3n Edelrid Oval Power 2500 PermaLock, con su exclusiva funci\u00f3n de bloqueo con pasador y las certificaciones CE EN 362 y CE EN 12275, proporciona una conexi\u00f3n segura. La barra de posicionamiento cautiva Edelrid Oval Power estabiliza a\u00fan m\u00e1s el montaje, evitando movimientos no deseados. El arn\u00e9s Express Edelrid Dyneema del Extended Rig, con certificaci\u00f3n CE EN 566, a\u00f1ade una extensi\u00f3n ligera pero resistente.   <\/p>\n<h2 data-sourcepos=\"19:1-19:18\">Especificaciones<\/h2>\n<ul data-sourcepos=\"21:1-28:0\">\n<li data-sourcepos=\"21:1-23:54\"><strong>Aparejo condensado:<\/strong>\n<ul data-sourcepos=\"22:5-23:54\">\n<li data-sourcepos=\"22:5-22:53\">1 x Mosquet\u00f3n Edelrid <a href=\"https:\/\/thrillsyndicate.com\/shop\/edelrid-oval-power-2500-permalock-carabiner\/\">Oval Power 2500 PermaLock<\/a><\/li>\n<li data-sourcepos=\"23:5-23:54\">1 x Edelrid <a href=\"https:\/\/thrillsyndicate.com\/shop\/edelrid-oval-power-captive\/\">Oval Power Captive<\/a> (barra de posicionamiento)<\/li>\n<\/ul>\n<\/li>\n<li data-sourcepos=\"24:1-28:0\"><strong>Aparejo extendido:<\/strong>\n<ul data-sourcepos=\"25:5-28:0\">\n<li data-sourcepos=\"25:5-25:53\">1 x Mosquet\u00f3n Edelrid Oval Power 2500 PermaLock<\/li>\n<li data-sourcepos=\"26:5-26:54\">1 x Edelrid Oval Power Captive (barra de posicionamiento)<\/li>\n<li data-sourcepos=\"27:5-28:0\">1 x Eslinga Express Dyneema Edelrid (11 cm)<\/li>\n<\/ul>\n<\/li>\n<\/ul>\n<p><a href=\"https:\/\/thrillsyndicate.com\/es\/soluciones-de-conectores-secuenciados-para-gimnasios-de-escalada-comercial\/\">Lee nuestro<\/a> extenso art\u00edculo sobre las Soluciones de Conectores Secuenciados para Salas de Escalada Comerciales<\/p>\n","protected":false},"excerpt":{"rendered":"<p>Mejora la seguridad y la comodidad de los escaladores con el Aparejo para Sala de Escalada TRU-CLIP. Este equipo permite a los escaladores utilizar sus propios arneses, minimizando los errores de enganche con el conector secuenciado TRU-CLIP. <\/p>\n","protected":false},"featured_media":19050,"template":"","meta":{"_coblocks_attr":"","_coblocks_dimensions":"","_coblocks_responsive_height":"","_coblocks_accordion_ie_support":"","wds_primary_product_brand":0,"wds_primary_product_cat":0},"product_brand":[662],"product_cat":[473],"product_tag":[1015,470],"class_list":{"0":"post-19069","1":"product","2":"type-product","3":"status-publish","4":"has-post-thumbnail","6":"product_brand-thrill-syndicate-es","7":"product_cat-accesorios-de-autoaseguramiento-trublue","8":"product_tag-accesorios","9":"product_tag-trublue-es","11":"first","12":"instock","13":"taxable","14":"shipping-taxable","15":"purchasable","16":"product-type-variable","17":"has-default-attributes"},"_links":{"self":[{"href":"https:\/\/thrillsyndicate.com\/es\/wp-json\/wp\/v2\/product\/19069","targetHints":{"allow":["GET"]}}],"collection":[{"href":"https:\/\/thrillsyndicate.com\/es\/wp-json\/wp\/v2\/product"}],"about":[{"href":"https:\/\/thrillsyndicate.com\/es\/wp-json\/wp\/v2\/types\/product"}],"wp:featuredmedia":[{"embeddable":true,"href":"https:\/\/thrillsyndicate.com\/es\/wp-json\/wp\/v2\/media\/19050"}],"wp:attachment":[{"href":"https:\/\/thrillsyndicate.com\/es\/wp-json\/wp\/v2\/media?parent=19069"}],"wp:term":[{"taxonomy":"product_brand","embeddable":true,"href":"https:\/\/thrillsyndicate.com\/es\/wp-json\/wp\/v2\/product_brand?post=19069"},{"taxonomy":"product_cat","embeddable":true,"href":"https:\/\/thrillsyndicate.com\/es\/wp-json\/wp\/v2\/product_cat?post=19069"},{"taxonomy":"product_tag","embeddable":true,"href":"https:\/\/thrillsyndicate.com\/es\/wp-json\/wp\/v2\/product_tag?post=19069"}],"curies":[{"name":"wp","href":"https:\/\/api.w.org\/{rel}","templated":true}]}}