{"id":19078,"date":"2024-04-10T15:23:46","date_gmt":"2024-04-10T13:23:46","guid":{"rendered":"https:\/\/thrillsyndicate.com\/shop\/edelrid-oval-power-2500-permalock-carabiner\/"},"modified":"2025-08-25T11:09:17","modified_gmt":"2025-08-25T09:09:17","slug":"edelrid-oval-power-2500-permalock-carabiner","status":"publish","type":"product","link":"https:\/\/thrillsyndicate.com\/es\/product\/edelrid-oval-power-2500-permalock-carabiner\/","title":{"rendered":"Mosquet\u00f3n Edelrid OVAL POWER 2500 PERMALOCK"},"content":{"rendered":"<p data-sourcepos=\"17:1-17:527\">Para los escaladores profesionales, los arboricultores y los t\u00e9cnicos de acceso mediante cuerdas, la seguridad y la eficacia son primordiales. El Mosquet\u00f3n Oval Power 2500 PermaLock de Edelrid ofrece un enfoque revolucionario de los mosquetones. Este innovador mosquet\u00f3n incorpora el cierre PermaLock, un sistema f\u00e1cil de usar que ofrece la seguridad de un mosquet\u00f3n de bloqueo con la facilidad de uso de un cierre de rosca. Su forma ovalada permite una colocaci\u00f3n \u00f3ptima de las placas de aparejo, poleas y bloqueadores de ascenso, mientras que el dise\u00f1o de cierre con llave evita enganches al enganchar y desenganchar.   <\/p>\n<h2 data-sourcepos=\"19:1-19:74\">Seguridad sin igual, funcionamiento sin esfuerzo:<\/h2>\n<ul data-sourcepos=\"21:1-24:0\">\n<li data-sourcepos=\"21:1-21:185\"><strong>Cierre PermaLock:<\/strong> Este innovador mecanismo de cierre combina la seguridad de un mosquet\u00f3n de cierre con la facilidad de uso de un cierre de rosca, minimizando el riesgo de apertura accidental.<\/li>\n<li data-sourcepos=\"22:1-22:153\"><strong>Mecanismo de cierre con llave:<\/strong> El dise\u00f1o del cierre con llave evita enganches en cuerdas y eslingas, garantizando un funcionamiento suave y un enganche y desenganche eficaces.<\/li>\n<li data-sourcepos=\"23:1-24:0\"><strong>Colocaci\u00f3n \u00f3ptima del equipo:<\/strong> La forma ovalada permite un aparejo eficaz de poleas, sujetacables, descensores y otros equipos, minimizando la fricci\u00f3n y maximizando la eficacia.<\/li>\n<\/ul>\n<h2 data-sourcepos=\"25:1-25:72\">Funciones para operaciones seguras:<\/h2>\n<ul data-sourcepos=\"27:1-31:0\">\n<li data-sourcepos=\"27:1-27:98\"><strong>Dise\u00f1o ligero:<\/strong> Con un peso de s\u00f3lo 73 gramos, este Mosquet\u00f3n minimiza el peso en tu arn\u00e9s.<\/li>\n<li data-sourcepos=\"28:1-28:119\"><strong>Alta resistencia a la rotura:<\/strong> 25 kN en el eje mayor, 9 kN en el eje menor y 7 kN con la puerta abierta.<\/li>\n<li data-sourcepos=\"29:1-29:97\"><strong>Seguridad certificada:<\/strong> Certificaci\u00f3n EN 12275 y EN 362 para aplicaciones de escalada y acceso mediante cuerdas.<\/li>\n<li data-sourcepos=\"30:1-31:0\"><strong>Gran abertura de la compuerta:<\/strong> La abertura de la compuerta de 20 mm permite enganchar y desenganchar f\u00e1cilmente cuerdas y eslingas.<\/li>\n<\/ul>\n<h2 data-sourcepos=\"32:1-32:107\">Mosquet\u00f3n Edelrid Oval Power 2500 PermaLock &#8211; Detalles t\u00e9cnicos:<\/h2>\n<ul data-sourcepos=\"34:1-45:30\">\n<li data-sourcepos=\"34:1-34:14\">Peso: 73 g<\/li>\n<li data-sourcepos=\"35:1-35:20\">Material: Aluminio<\/li>\n<li data-sourcepos=\"36:1-36:20\">Cierre: PermaLock<\/li>\n<li data-sourcepos=\"37:1-37:23\">Forma de Mosquet\u00f3n: Oval<\/li>\n<li data-sourcepos=\"38:1-38:20\"><span class=\"citation-0\">Anchura: 64 mm<\/span><\/li>\n<li data-sourcepos=\"39:1-39:16\"><span class=\"citation-0\">Longitud: 110 mm<\/span><\/li>\n<li data-sourcepos=\"40:1-40:21\"><span class=\"citation-0\">Apertura de la puerta: 20 mm<\/span><\/li>\n<li data-sourcepos=\"41:1-41:25\"><span class=\"citation-0\">Fm\u00e1x. eje mayor: 25 kN<\/span><\/li>\n<li data-sourcepos=\"42:1-42:24\"><span class=\"citation-0\">Fm\u00e1x. eje menor: 9 kN<\/span><\/li>\n<li data-sourcepos=\"43:1-43:18\"><span class=\"citation-0\">Fm\u00e1x. abierto: 7 kN<\/span><\/li>\n<li data-sourcepos=\"44:1-44:25\"><span class=\"citation-0\">Certificaci\u00f3n: EN 12275<\/span><\/li>\n<li data-sourcepos=\"45:1-45:30\"><span class=\"citation-0 citation-end-0\">Certificaci\u00f3n: EN 362<\/span><\/li>\n<\/ul>\n<h2>Funcionamiento del Cierre PermaLock<\/h2>\n<p><iframe loading=\"lazy\" title=\"HMS BULLET PERMALOCK\" width=\"980\" height=\"551\" src=\"https:\/\/www.youtube.com\/embed\/pRoJARM8-qI?feature=oembed\" frameborder=\"0\" allow=\"accelerometer; autoplay; clipboard-write; encrypted-media; gyroscope; picture-in-picture; web-share\" referrerpolicy=\"strict-origin-when-cross-origin\" allowfullscreen><\/iframe><\/p>\n<h3 class=\"western\">\ud83d\udc49 \u00bfEst\u00e1s buscando un art\u00edculo Edelrid espec\u00edfico que no aparece en la tienda? Vendemos toda la gama de productos de aventura, deporte y seguridad. Por favor, <strong><a href=\"https:\/\/thrillsyndicate.com\/es\/contacto\/\">env\u00eda a<\/a><\/strong> un correo electr\u00f3nico o consulta la <strong><a href=\"https:\/\/thrillsyndicate.com\/edelrid-safety-price-list-2025\/\">lista de precios de seguridad aqu\u00ed<\/a><\/strong>. \ud83d\udc48<\/h3>\n","protected":false},"excerpt":{"rendered":"<p>El Mosquet\u00f3n Oval Power 2500 <strong>PermaLock<\/strong> de Edelrid es un mosquet\u00f3n oval <strong>ligero y vers\u00e1til<\/strong> que incorpora el innovador <strong>cierre PermaLock<\/strong>. Este sistema \u00fanico combina la seguridad de un mosquet\u00f3n de cierre con la facilidad de uso de un cierre de rosca, perfecto para aplicaciones de escalada, aparejos y trabajos con cuerdas. La <strong>forma ovalada<\/strong> optimiza la colocaci\u00f3n del equipo en poleas, ascensores y placas de aparejo.  <\/p>\n","protected":false},"featured_media":14751,"template":"","meta":{"_coblocks_attr":"","_coblocks_dimensions":"","_coblocks_responsive_height":"","_coblocks_accordion_ie_support":"","wds_primary_product_brand":0,"wds_primary_product_cat":0},"product_brand":[660],"product_cat":[944,943],"product_tag":[552,639,945,1036,947],"class_list":{"0":"post-19078","1":"product","2":"type-product","3":"status-publish","4":"has-post-thumbnail","6":"product_brand-edelrid-es","7":"product_cat-conectores","8":"product_cat-mosquetones","9":"product_tag-conectando","10":"product_tag-mosqueton","11":"product_tag-mosqueton-de-bloqueo","12":"product_tag-mosquetones-ovalados","13":"product_tag-permalock-es","15":"first","16":"instock","17":"taxable","18":"shipping-taxable","19":"purchasable","20":"product-type-variable","21":"has-default-attributes"},"_links":{"self":[{"href":"https:\/\/thrillsyndicate.com\/es\/wp-json\/wp\/v2\/product\/19078","targetHints":{"allow":["GET"]}}],"collection":[{"href":"https:\/\/thrillsyndicate.com\/es\/wp-json\/wp\/v2\/product"}],"about":[{"href":"https:\/\/thrillsyndicate.com\/es\/wp-json\/wp\/v2\/types\/product"}],"wp:featuredmedia":[{"embeddable":true,"href":"https:\/\/thrillsyndicate.com\/es\/wp-json\/wp\/v2\/media\/14751"}],"wp:attachment":[{"href":"https:\/\/thrillsyndicate.com\/es\/wp-json\/wp\/v2\/media?parent=19078"}],"wp:term":[{"taxonomy":"product_brand","embeddable":true,"href":"https:\/\/thrillsyndicate.com\/es\/wp-json\/wp\/v2\/product_brand?post=19078"},{"taxonomy":"product_cat","embeddable":true,"href":"https:\/\/thrillsyndicate.com\/es\/wp-json\/wp\/v2\/product_cat?post=19078"},{"taxonomy":"product_tag","embeddable":true,"href":"https:\/\/thrillsyndicate.com\/es\/wp-json\/wp\/v2\/product_tag?post=19078"}],"curies":[{"name":"wp","href":"https:\/\/api.w.org\/{rel}","templated":true}]}}