{"id":19086,"date":"2024-04-10T16:39:26","date_gmt":"2024-04-10T14:39:26","guid":{"rendered":"https:\/\/thrillsyndicate.com\/shop\/edelrid-oval-power-captive\/"},"modified":"2025-08-25T11:09:16","modified_gmt":"2025-08-25T09:09:16","slug":"edelrid-oval-power-captive","status":"publish","type":"product","link":"https:\/\/thrillsyndicate.com\/es\/product\/edelrid-oval-power-captive\/","title":{"rendered":"Edelrid OVAL POWER CAPTIVE"},"content":{"rendered":"<p data-sourcepos=\"17:1-17:448\">Una orientaci\u00f3n incorrecta del Mosquet\u00f3n puede provocar una carga cruzada, una situaci\u00f3n potencialmente peligrosa para los escaladores. El Cautivo Edelrid Oval Power ofrece una soluci\u00f3n sencilla y eficaz. Este ligero accesorio se fija f\u00e1cilmente a tu <a href=\"https:\/\/thrillsyndicate.com\/es\/tag-es\/mosquetones-ovalados\/\">mosquet\u00f3n Edelrid Oval Power Steel u Oval Power 2500<\/a> con un solo tornillo. Una vez asegurado, el Mosquet\u00f3n Oval Power evita que el mosquet\u00f3n se retuerza, garantizando un posicionamiento \u00f3ptimo y reduciendo el riesgo de carga cruzada.   <\/p>\n<h2 data-sourcepos=\"19:1-19:61\">Maximizar la seguridad, minimizar el riesgo:<\/h2>\n<ul data-sourcepos=\"21:1-24:0\">\n<li data-sourcepos=\"21:1-21:165\"><strong>Evita la Carga Cruzada:<\/strong> El Mosquet\u00f3n Oval Power Captive de Edelrid mantiene tu mosquet\u00f3n alineado, reduciendo el riesgo de carga cruzada y fomentando unas pr\u00e1cticas de escalada seguras.<\/li>\n<li data-sourcepos=\"22:1-22:174\"><strong>Optimiza el Rendimiento del Mosquet\u00f3n:<\/strong> Al evitar la torsi\u00f3n, el Mosquet\u00f3n Oval Power Captive garantiza que tu mosquet\u00f3n est\u00e9 cargado en su eje mayor para obtener una resistencia y un rendimiento \u00f3ptimos.<\/li>\n<li data-sourcepos=\"23:1-24:0\"><strong>F\u00e1cil de usar:<\/strong> este ligero accesorio se engancha y desengancha r\u00e1pida y f\u00e1cilmente con un solo tornillo, lo que permite realizar ajustes eficaces durante las subidas.<\/li>\n<\/ul>\n<h2 data-sourcepos=\"25:1-25:70\">Caracter\u00edsticas para una escalada segura:<\/h2>\n<ul data-sourcepos=\"27:1-30:0\">\n<li data-sourcepos=\"27:1-27:108\"><strong>Dise\u00f1o ligero:<\/strong> Con un peso de s\u00f3lo 6 gramos, el Cautivo Ovalado de Potencia a\u00f1ade un peso m\u00ednimo a tu arn\u00e9s.<\/li>\n<li data-sourcepos=\"28:1-28:106\"><strong>Fijaci\u00f3n r\u00e1pida y f\u00e1cil:<\/strong> Se engancha y desengancha con un solo tornillo para utilizarlo sin problemas durante las subidas.<\/li>\n<li data-sourcepos=\"29:1-30:0\"><strong>Compatibilidad:<\/strong> Dise\u00f1ado espec\u00edficamente para los mosquetones Edelrid Oval Power Steel y Oval Power 2500.<\/li>\n<\/ul>\n<h2 data-sourcepos=\"31:1-31:90\">Edelrid Oval Power Captive &#8211; Detalles t\u00e9cnicos:<\/h2>\n<ul data-sourcepos=\"33:1-34:26\">\n<li data-sourcepos=\"33:1-33:13\">Peso: 6 g<\/li>\n<\/ul>\n<h3 class=\"western\">\ud83d\udc49 \u00bfEst\u00e1s buscando un art\u00edculo Edelrid espec\u00edfico que no aparece en la tienda? Vendemos toda la gama de productos de aventura, deporte y seguridad. Por favor, <strong><a href=\"https:\/\/thrillsyndicate.com\/es\/contacto\/\">env\u00eda a<\/a><\/strong> un correo electr\u00f3nico o consulta la <strong><a href=\"https:\/\/thrillsyndicate.com\/edelrid-safety-price-list-2025\/\">lista de precios de seguridad aqu\u00ed<\/a><\/strong>. \ud83d\udc48<\/h3>\n","protected":false},"excerpt":{"rendered":"<p>El Mosquet\u00f3n Cautivo Edelrid Oval Power es un accesorio <strong>ligero y esencial<\/strong> que evita las torsiones y garantiza un posicionamiento \u00f3ptimo. Este sencillo accesorio atornillable mantiene alineados tus mosquetones Edelrid Oval Power Steel u Oval Power 2500, reduciendo el riesgo de cargas cruzadas peligrosas durante las actividades de escalada. <\/p>\n","protected":false},"featured_media":14773,"template":"","meta":{"_coblocks_attr":"","_coblocks_dimensions":"","_coblocks_responsive_height":"","_coblocks_accordion_ie_support":"","wds_primary_product_brand":0,"wds_primary_product_cat":0},"product_brand":[660],"product_cat":[944,943],"product_tag":[1015,552,639,1036],"class_list":{"0":"post-19086","1":"product","2":"type-product","3":"status-publish","4":"has-post-thumbnail","6":"product_brand-edelrid-es","7":"product_cat-conectores","8":"product_cat-mosquetones","9":"product_tag-accesorios","10":"product_tag-conectando","11":"product_tag-mosqueton","12":"product_tag-mosquetones-ovalados","14":"first","15":"instock","16":"taxable","17":"shipping-taxable","18":"purchasable","19":"product-type-simple"},"_links":{"self":[{"href":"https:\/\/thrillsyndicate.com\/es\/wp-json\/wp\/v2\/product\/19086","targetHints":{"allow":["GET"]}}],"collection":[{"href":"https:\/\/thrillsyndicate.com\/es\/wp-json\/wp\/v2\/product"}],"about":[{"href":"https:\/\/thrillsyndicate.com\/es\/wp-json\/wp\/v2\/types\/product"}],"wp:featuredmedia":[{"embeddable":true,"href":"https:\/\/thrillsyndicate.com\/es\/wp-json\/wp\/v2\/media\/14773"}],"wp:attachment":[{"href":"https:\/\/thrillsyndicate.com\/es\/wp-json\/wp\/v2\/media?parent=19086"}],"wp:term":[{"taxonomy":"product_brand","embeddable":true,"href":"https:\/\/thrillsyndicate.com\/es\/wp-json\/wp\/v2\/product_brand?post=19086"},{"taxonomy":"product_cat","embeddable":true,"href":"https:\/\/thrillsyndicate.com\/es\/wp-json\/wp\/v2\/product_cat?post=19086"},{"taxonomy":"product_tag","embeddable":true,"href":"https:\/\/thrillsyndicate.com\/es\/wp-json\/wp\/v2\/product_tag?post=19086"}],"curies":[{"name":"wp","href":"https:\/\/api.w.org\/{rel}","templated":true}]}}