{"id":19136,"date":"2024-03-26T17:23:53","date_gmt":"2024-03-26T16:23:53","guid":{"rendered":"https:\/\/thrillsyndicate.com\/shop\/edelrid-hms-magnum-triple-carabiner\/"},"modified":"2025-08-25T14:28:16","modified_gmt":"2025-08-25T12:28:16","slug":"edelrid-hms-magnum-triple-carabiner","status":"publish","type":"product","link":"https:\/\/thrillsyndicate.com\/es\/product\/edelrid-hms-magnum-triple-carabiner\/","title":{"rendered":"Mosquet\u00f3n TRIPLE Edelrid HMS MAGNUM"},"content":{"rendered":"<p data-sourcepos=\"9:1-9:263\">Los escaladores profesionales, los operadores de parques de atracciones y los equipos de rescate dependen de un equipo fiable incluso para las tareas m\u00e1s complicadas. El Mosquet\u00f3n Edelrid HMS MAGNUM TRIPLE est\u00e1 a la altura del desaf\u00edo, ofreciendo una funcionalidad sin igual y unas caracter\u00edsticas de seguridad excepcionales. <\/p>\n<h2 data-sourcepos=\"11:1-11:63\">Maniobrabilidad sin igual: Conquista configuraciones complejas con facilidad<\/h2>\n<ul data-sourcepos=\"13:1-15:0\">\n<li data-sourcepos=\"13:1-13:196\"><strong>Apertura de la compuerta extragrande y generosas dimensiones interiores:<\/strong> Engancha y desengancha sin esfuerzo varias cuerdas o eslingas de cincha durante la construcci\u00f3n del anclaje, gracias al espacioso dise\u00f1o del Mosquet\u00f3n.<\/li>\n<li data-sourcepos=\"14:1-15:0\"><strong>Mecanismo de cierre Keylock:<\/strong> Experimenta un manejo suave y un enganche eficaz, incluso con guantes, gracias al cierre con llave que evita enganches.<\/li>\n<\/ul>\n<h2 data-sourcepos=\"16:1-16:54\">Construido para resistir: Seguridad y resistencia en las que puedes confiar<\/h2>\n<ul data-sourcepos=\"18:1-21:0\">\n<li data-sourcepos=\"18:1-18:171\"><strong>Triple Bloqueo para M\u00e1xima Seguridad:<\/strong> Elimina las aperturas accidentales del port\u00f3n con el mecanismo de bloqueo triple, que garantiza el m\u00e1ximo nivel de seguridad durante las operaciones cr\u00edticas.<\/li>\n<li data-sourcepos=\"19:1-21:0\"><strong>Construcci\u00f3n con perfil en H para una \u00f3ptima relaci\u00f3n resistencia-peso:<\/strong> El dise\u00f1o del Mosquet\u00f3n maximiza la eficiencia del material, lo que da como resultado una construcci\u00f3n ligera sin comprometer la resistencia (24 kN eje mayor).<\/li>\n<\/ul>\n<h2 data-sourcepos=\"22:1-22:54\">Calidad Edelrid: Certificaciones y especificaciones<\/h2>\n<p data-sourcepos=\"24:1-24:135\">Este Mosquet\u00f3n est\u00e1 certificado seg\u00fan las normas EN 12275 y EN 362, lo que garantiza su conformidad con las estrictas normativas europeas de seguridad.<\/p>\n<ul data-sourcepos=\"26:1-30:0\">\n<li data-sourcepos=\"26:1-26:18\"><strong>Peso:<\/strong> 89 g<\/li>\n<li data-sourcepos=\"27:1-27:18\"><strong>Anchura:<\/strong> 76 mm<\/li>\n<li data-sourcepos=\"28:1-28:20\"><strong>Longitud:<\/strong> 120 mm<\/li>\n<li data-sourcepos=\"29:1-30:0\"><strong>Apertura de la puerta:<\/strong> 22 mm<\/li>\n<\/ul>\n<p data-sourcepos=\"31:1-31:72\"><strong>Invierte en Confianza: Elige el Mosquet\u00f3n Edelrid HMS MAGNUM TRIPLE<\/strong><\/p>\n<p data-sourcepos=\"33:1-33:298\">Para los operadores profesionales de los sectores de la aventura, las actividades al aire libre, la diversi\u00f3n y el ocio, el Mosquet\u00f3n TRIPLE HMS MAGNUM de Edelrid es una herramienta indispensable. Su dise\u00f1o superior, su excepcional resistencia y su seguro mecanismo de bloqueo triple te permiten afrontar con confianza complejos retos de aparejo. <\/p>\n<p data-sourcepos=\"33:1-33:298\">Todas las especificaciones<\/p>\n<ul>\n<li>Apertura de puerta extragrande y dimensiones interiores generosas<\/li>\n<li>La construcci\u00f3n de perfil en H garantiza el mejor uso posible del material y un peso m\u00ednimo<\/li>\n<li>Mecanismo de cierre Keylock para un manejo \u00f3ptimo al enganchar y desenganchar<\/li>\n<li>El radio interior grande minimiza el desgaste de la cuerda<\/li>\n<li>Disponible con cierre de rosca, giratorio o triple<\/li>\n<li>Anchura: 76 mm<\/li>\n<li>Longitud: 120 mm<\/li>\n<li>Apertura de la puerta: 22 mm<\/li>\n<li>Fm\u00e1x. eje mayor: 24 kN<\/li>\n<li>Fm\u00e1x. eje menor : 8 kN<\/li>\n<li>Fm\u00e1x. abierto : 9 kN<\/li>\n<li>Certificaci\u00f3n : EN 12275<\/li>\n<li>Certificaci\u00f3n : EN 362<\/li>\n<li>Material : Aluminio<\/li>\n<li>Cierre : Triple<\/li>\n<li>Forma del Mosquet\u00f3n : HMS<\/li>\n<\/ul>\n<h3 class=\"western\">\ud83d\udc49 \u00bfEst\u00e1s buscando un art\u00edculo Edelrid espec\u00edfico que no aparece en la tienda? Vendemos toda la gama de productos de aventura, deporte y seguridad. Por favor, <strong><a href=\"https:\/\/thrillsyndicate.com\/es\/contacto\/\">env\u00eda a<\/a><\/strong> un correo electr\u00f3nico o consulta la <strong><a href=\"https:\/\/thrillsyndicate.com\/edelrid-safety-price-list-2025\/\">lista de precios de seguridad aqu\u00ed<\/a><\/strong>. \ud83d\udc48<\/h3>\n","protected":false},"excerpt":{"rendered":"<p data-sourcepos=\"1:1-1:79\">Conquista los aparejos complejos con confianza &#8211; El Mosquet\u00f3n Edelrid HMS MAGNUM TRIPLE es un mosquet\u00f3n grande y asim\u00e9trico con un cierre triple para una seguridad m\u00e1xima. Su dise\u00f1o en forma de pera presenta una gran abertura de cierre, ideal para maniobras de aparejo complejas en escalada profesional, parques de atracciones y operaciones de rescate. <\/p>\n","protected":false},"featured_media":13548,"template":"","meta":{"_coblocks_attr":"","_coblocks_dimensions":"","_coblocks_responsive_height":"","_coblocks_accordion_ie_support":"","wds_primary_product_brand":0,"wds_primary_product_cat":0},"product_brand":[62],"product_cat":[160,813,843],"product_tag":[552,946,639,945,974],"class_list":{"0":"post-19136","1":"product","2":"type-product","3":"status-publish","4":"has-post-thumbnail","6":"product_brand-edelrid","7":"product_cat-ropes-carabiners","8":"product_cat-carabiners","9":"product_cat-connectors","10":"product_tag-conectando","11":"product_tag-hms-es","12":"product_tag-mosqueton","13":"product_tag-mosqueton-de-bloqueo","14":"product_tag-mosquetones-de-triple-cierre","16":"first","17":"instock","18":"taxable","19":"shipping-taxable","20":"purchasable","21":"product-type-variable","22":"has-default-attributes"},"_links":{"self":[{"href":"https:\/\/thrillsyndicate.com\/es\/wp-json\/wp\/v2\/product\/19136","targetHints":{"allow":["GET"]}}],"collection":[{"href":"https:\/\/thrillsyndicate.com\/es\/wp-json\/wp\/v2\/product"}],"about":[{"href":"https:\/\/thrillsyndicate.com\/es\/wp-json\/wp\/v2\/types\/product"}],"wp:featuredmedia":[{"embeddable":true,"href":"https:\/\/thrillsyndicate.com\/es\/wp-json\/wp\/v2\/media\/13548"}],"wp:attachment":[{"href":"https:\/\/thrillsyndicate.com\/es\/wp-json\/wp\/v2\/media?parent=19136"}],"wp:term":[{"taxonomy":"product_brand","embeddable":true,"href":"https:\/\/thrillsyndicate.com\/es\/wp-json\/wp\/v2\/product_brand?post=19136"},{"taxonomy":"product_cat","embeddable":true,"href":"https:\/\/thrillsyndicate.com\/es\/wp-json\/wp\/v2\/product_cat?post=19136"},{"taxonomy":"product_tag","embeddable":true,"href":"https:\/\/thrillsyndicate.com\/es\/wp-json\/wp\/v2\/product_tag?post=19136"}],"curies":[{"name":"wp","href":"https:\/\/api.w.org\/{rel}","templated":true}]}}