{"id":19141,"date":"2024-03-26T16:14:13","date_gmt":"2024-03-26T15:14:13","guid":{"rendered":"https:\/\/thrillsyndicate.com\/shop\/edelrid-hms-bulletproof-screw-carabiner\/"},"modified":"2025-08-25T14:28:20","modified_gmt":"2025-08-25T12:28:20","slug":"edelrid-hms-bulletproof-screw-carabiner","status":"publish","type":"product","link":"https:\/\/thrillsyndicate.com\/es\/product\/edelrid-hms-bulletproof-screw-carabiner\/","title":{"rendered":"Mosquet\u00f3n Edelrid HMS BULLETPROOF SCREW"},"content":{"rendered":"<p data-sourcepos=\"9:1-9:237\">Los escaladores, alpinistas y equipos de rescate profesionales exigen el mejor equipo. El Mosquet\u00f3n Edelrid HMS BULLETPROOF SCREW responde a esa demanda con un dise\u00f1o revolucionario que combina una resistencia inigualable con un incre\u00edble ahorro de peso. <\/p>\n<h2 data-sourcepos=\"11:1-11:31\">Construido para durar:<\/h2>\n<ul data-sourcepos=\"13:1-16:0\">\n<li data-sourcepos=\"13:1-13:192\"><strong>Rendimiento indestructible:<\/strong> Un inserto de acero en el v\u00e9rtice protege contra el desgaste provocado por la fricci\u00f3n de la cuerda y los ganchos de los pernos, prolongando la vida \u00fatil del Mosquet\u00f3n y garantizando una fiabilidad inquebrantable.<\/li>\n<li data-sourcepos=\"14:1-14:156\"><strong>Campe\u00f3n Ligero:<\/strong> El innovador uso del aluminio mantiene el peso al m\u00ednimo sin sacrificar la resistencia, facilitando cada movimiento en tu ascenso.<\/li>\n<li data-sourcepos=\"15:1-16:0\"><strong>Manejo sin fisuras:<\/strong> El sistema de cierre con llave del mosquet\u00f3n superior permite engancharlo y desengancharlo sin esfuerzo, incluso con guantes.<\/li>\n<\/ul>\n<h2 data-sourcepos=\"17:1-17:48\">Construido con precisi\u00f3n, dise\u00f1ado para la seguridad:<\/h2>\n<ul data-sourcepos=\"19:1-22:0\">\n<li data-sourcepos=\"19:1-19:94\"><strong>Dise\u00f1o HMS:<\/strong> La forma HMS proporciona un amplio espacio para maniobras de cuerda y dispositivos de aseguramiento.<\/li>\n<li data-sourcepos=\"20:1-20:153\"><strong>Seguridad certificada:<\/strong> Las certificaciones EN 12275 y EN 362 garantizan que el Mosquet\u00f3n cumple las normas de seguridad m\u00e1s estrictas para escalada y alpinismo.<\/li>\n<li data-sourcepos=\"21:1-22:0\"><strong>M\u00faltiples opciones de compuerta:<\/strong> Elige entre el cl\u00e1sico cierre de compuerta de rosca o el modelo de triple cerradura para una capa extra de seguridad.<\/li>\n<\/ul>\n<p data-sourcepos=\"23:1-23:170\"><strong>El Mosquet\u00f3n Edelrid HMS BULLETPROOF SCREW es la elecci\u00f3n definitiva para los profesionales que buscan un mosquet\u00f3n que ofrezca una resistencia inquebrantable sin sacrificar el peso.<\/strong><\/p>\n<p data-sourcepos=\"23:1-23:170\">Todas las especificaciones<\/p>\n<ul>\n<li>Sistema de cierre Keylock en el Mosquet\u00f3n superior para un manejo \u00f3ptimo al enganchar y desenganchar<\/li>\n<li>La construcci\u00f3n de perfil en H garantiza el mejor uso posible del material y un peso m\u00ednimo<\/li>\n<li>El inserto de acero evita el desgaste prematuro por la fricci\u00f3n de la cuerda o los pernos de suspensi\u00f3n<\/li>\n<li>Disponible como modelo de cierre de rosca o de triple cierre<\/li>\n<li>Anchura: 89 mm<\/li>\n<li>Longitud: 110 mm<\/li>\n<li>Apertura de la puerta: 24 mm<\/li>\n<li>Fm\u00e1x. eje mayor: 25 kN<\/li>\n<li>Fm\u00e1x. eje menor : 9 kN<\/li>\n<li>Fm\u00e1x. abierto : 9 kN<\/li>\n<li>Certificaci\u00f3n : EN 12275<\/li>\n<li>Certificaci\u00f3n : EN 362<\/li>\n<li>Material : Aluminio\/Acero<\/li>\n<li>A prueba de balas<\/li>\n<li>Cierre : Tornillo<\/li>\n<li>Forma del Mosquet\u00f3n : HMS<\/li>\n<\/ul>\n<h3 class=\"western\">\ud83d\udc49 \u00bfEst\u00e1s buscando un art\u00edculo Edelrid espec\u00edfico que no aparece en la tienda? Vendemos toda la gama de productos de aventura, deporte y seguridad. Por favor, <strong><a href=\"https:\/\/thrillsyndicate.com\/es\/contacto\/\">env\u00eda a<\/a><\/strong> un correo electr\u00f3nico o consulta la <strong><a href=\"https:\/\/thrillsyndicate.com\/edelrid-safety-price-list-2025\/\">lista de precios de seguridad aqu\u00ed<\/a><\/strong>. \ud83d\udc48<\/h3>\n","protected":false},"excerpt":{"rendered":"<p data-sourcepos=\"1:1-1:90\">Rendimiento indestructible, dise\u00f1o ligero &#8211; El Mosquet\u00f3n HMS BULLETPROOF SCREW de Edelrid ofrece una durabilidad sin igual gracias a su inserto de acero y una ligereza excepcional gracias a su cuerpo de aluminio.<\/p>\n","protected":false},"featured_media":13556,"template":"","meta":{"_coblocks_attr":"","_coblocks_dimensions":"","_coblocks_responsive_height":"","_coblocks_accordion_ie_support":"","wds_primary_product_brand":0,"wds_primary_product_cat":0},"product_brand":[62],"product_cat":[160,813,843],"product_tag":[176,833,175,831,869],"class_list":{"0":"post-19141","1":"product","2":"type-product","3":"status-publish","4":"has-post-thumbnail","6":"product_brand-edelrid","7":"product_cat-ropes-carabiners","8":"product_cat-carabiners","9":"product_cat-connectors","10":"product_tag-connecting","11":"product_tag-hms","12":"product_tag-carabiner","13":"product_tag-locking-carabiner","14":"product_tag-screw-carabiner","16":"first","17":"instock","18":"taxable","19":"shipping-taxable","20":"purchasable","21":"product-type-simple"},"_links":{"self":[{"href":"https:\/\/thrillsyndicate.com\/es\/wp-json\/wp\/v2\/product\/19141","targetHints":{"allow":["GET"]}}],"collection":[{"href":"https:\/\/thrillsyndicate.com\/es\/wp-json\/wp\/v2\/product"}],"about":[{"href":"https:\/\/thrillsyndicate.com\/es\/wp-json\/wp\/v2\/types\/product"}],"wp:featuredmedia":[{"embeddable":true,"href":"https:\/\/thrillsyndicate.com\/es\/wp-json\/wp\/v2\/media\/13556"}],"wp:attachment":[{"href":"https:\/\/thrillsyndicate.com\/es\/wp-json\/wp\/v2\/media?parent=19141"}],"wp:term":[{"taxonomy":"product_brand","embeddable":true,"href":"https:\/\/thrillsyndicate.com\/es\/wp-json\/wp\/v2\/product_brand?post=19141"},{"taxonomy":"product_cat","embeddable":true,"href":"https:\/\/thrillsyndicate.com\/es\/wp-json\/wp\/v2\/product_cat?post=19141"},{"taxonomy":"product_tag","embeddable":true,"href":"https:\/\/thrillsyndicate.com\/es\/wp-json\/wp\/v2\/product_tag?post=19141"}],"curies":[{"name":"wp","href":"https:\/\/api.w.org\/{rel}","templated":true}]}}