{"id":19915,"date":"2024-05-16T13:18:52","date_gmt":"2024-05-16T11:18:52","guid":{"rendered":"https:\/\/thrillsyndicate.com\/shop\/edelrid-dynamite-dynamic-rope-11-mm\/"},"modified":"2025-08-25T10:10:50","modified_gmt":"2025-08-25T08:10:50","slug":"edelrid-dynamite-dynamic-rope-11-mm","status":"publish","type":"product","link":"https:\/\/thrillsyndicate.com\/es\/product\/edelrid-dynamite-dynamic-rope-11-mm\/","title":{"rendered":"Cuerda Din\u00e1mica Edelrid DYNAMITE | 11,0 mm"},"content":{"rendered":"<p data-sourcepos=\"17:1-17:452\">Para los operadores profesionales en entornos industriales y de parques de aventura, garantizar la seguridad es primordial. La cuerda din\u00e1mica Edelrid DYNAMITE 11,0MM es la respuesta. Esta cuerda certificada ofrece una resistencia excepcional, con un \u00edndice de ca\u00edda certificado de 15 ca\u00eddas, y un agarre seguro gracias a su funda texturizada. Tambi\u00e9n es sorprendentemente ligera para facilitar su manejo, lo que la convierte en una opci\u00f3n vers\u00e1til para sistemas de protecci\u00f3n antica\u00eddas, cuerdas de seguridad y diversos sistemas de cuerdas.   <\/p>\n<h2 data-sourcepos=\"19:1-19:72\">Seguridad inigualable, rendimiento excepcional:<\/h2>\n<ul data-sourcepos=\"21:1-24:0\">\n<li data-sourcepos=\"21:1-21:175\"><strong>Seguridad certificada:<\/strong> El Edelrid DYNAMITE cuenta con la certificaci\u00f3n EN 892, que garantiza el cumplimiento de las normas de seguridad m\u00e1s exigentes para el uso profesional en sistemas de protecci\u00f3n antica\u00eddas.<\/li>\n<li data-sourcepos=\"22:1-22:176\"><strong>Resistencia excepcional:<\/strong> Esta cuerda din\u00e1mica tiene un impresionante \u00edndice de ca\u00edda de 15 ca\u00eddas y una fuerza de impacto de 8,8 kN, lo que garantiza una protecci\u00f3n fiable en situaciones exigentes.<\/li>\n<li data-sourcepos=\"23:1-24:0\"><strong>Agarre Seguro:<\/strong> La funda texturizada proporciona un agarre seguro, incluso cuando est\u00e1 mojada, para mejorar el manejo y la seguridad del usuario.<\/li>\n<\/ul>\n<h2 data-sourcepos=\"25:1-25:81\">Construido para resistir las condiciones m\u00e1s duras:<\/h2>\n<ul data-sourcepos=\"27:1-31:0\">\n<li data-sourcepos=\"27:1-27:134\"><strong>Dise\u00f1o ligero (78 g\/m):<\/strong> Proporciona una resistencia excepcional para tareas exigentes a la vez que minimiza el peso para una portabilidad \u00f3ptima.<\/li>\n<li data-sourcepos=\"28:1-28:99\"><strong>Tratamiento Termoescudo:<\/strong> Garantiza un manejo agradable y una mayor durabilidad para un uso prolongado.<\/li>\n<li data-sourcepos=\"29:1-29:117\"><strong>Manejo Agradable:<\/strong> La funda texturizada ofrece un agarre c\u00f3modo, incluso cuando est\u00e1 mojada, para mejorar la experiencia del usuario.<\/li>\n<li data-sourcepos=\"30:1-31:0\"><strong>Versatilidad:<\/strong> Ideal para diversas aplicaciones en entornos industriales y de parques de aventura, incluida la protecci\u00f3n contra ca\u00eddas, las eslingas y los sistemas de cuerdas.<\/li>\n<\/ul>\n<h2 data-sourcepos=\"32:1-32:87\">Edelrid DYNAMITE 11.0MM &#8211; Detalles t\u00e9cnicos:<\/h2>\n<ul data-sourcepos=\"34:1-43:20\">\n<li data-sourcepos=\"34:1-34:23\"><span class=\"citation-0\">Di\u00e1metro: 11 mm<\/span><\/li>\n<li data-sourcepos=\"35:1-35:21\"><span class=\"citation-0\">N\u00famero de ca\u00eddas: 15<\/span><\/li>\n<li data-sourcepos=\"36:1-36:22\"><span class=\"citation-0\">Fuerza de impacto: 8,8 kN<\/span><\/li>\n<li data-sourcepos=\"37:1-37:25\"><span class=\"citation-0\">Proporci\u00f3n de la vaina: 37 %<\/span><\/li>\n<li data-sourcepos=\"38:1-38:26\"><span class=\"citation-0\">Peso por metro: 78 g\/m<\/span><\/li>\n<li data-sourcepos=\"39:1-39:26\"><span class=\"citation-0\">Alargamiento est\u00e1tico 7,7 %<\/span><\/li>\n<li data-sourcepos=\"40:1-40:26\"><span class=\"citation-0\">Alargamiento din\u00e1mico: 31 %<\/span><\/li>\n<li data-sourcepos=\"41:1-41:23\"><span class=\"citation-0\">Certificaci\u00f3n: EN 892<\/span><\/li>\n<li data-sourcepos=\"42:1-42:21\"><span class=\"citation-0\">Material: Poliamida<\/span><\/li>\n<li data-sourcepos=\"43:1-43:20\"><span class=\"citation-0 citation-end-0\">Cuerda simple<\/span><\/li>\n<\/ul>\n<h3>\ud83d\udc49 \u00bfEst\u00e1s buscando un art\u00edculo Edelrid espec\u00edfico que no aparece en la tienda? Vendemos toda la gama de productos de aventura, deporte y seguridad. <a href=\"https:\/\/thrillsyndicate.com\/es\/contacto\/\">Env\u00edanos<\/a> un correo electr\u00f3nico o consulta la <a href=\"https:\/\/thrillsyndicate.com\/edelrid-safety-price-list-2025\/\">lista completa de precios de seguridad aqu\u00ed<\/a>. \ud83d\udc48<\/h3>\n","protected":false},"excerpt":{"rendered":"<p>La Edelrid DYNAMITE 11,0MM es una cuerda din\u00e1mica <strong>certificada<\/strong> que ofrece <strong>una resistencia excepcional (15 ca\u00eddas) y un agarre seguro<\/strong>. Esta cuerda <strong>ligera<\/strong> (78 g\/m) presenta un <strong>manejo agradable<\/strong> gracias al tratamiento Thermo Shield y es ideal para la protecci\u00f3n antica\u00eddas, las cuerdas de seguridad y los sistemas de cuerdas en entornos industriales y de parques de aventura. <\/p>\n","protected":false},"featured_media":15661,"template":"","meta":{"_coblocks_attr":"","_coblocks_dimensions":"","_coblocks_responsive_height":"","_coblocks_accordion_ie_support":"","wds_primary_product_brand":0,"wds_primary_product_cat":0},"product_brand":[660],"product_cat":[952,951],"product_tag":[1049,954,588],"class_list":{"0":"post-19915","1":"product","2":"type-product","3":"status-publish","4":"has-post-thumbnail","6":"product_brand-edelrid-es","7":"product_cat-cuerdas-es","8":"product_cat-cuerdas","9":"product_tag-cuerda-dinamica","10":"product_tag-cuerdas","11":"product_tag-descenso-y-rescate","13":"first","14":"instock","15":"taxable","16":"shipping-taxable","17":"purchasable","18":"product-type-variable","19":"has-default-attributes"},"_links":{"self":[{"href":"https:\/\/thrillsyndicate.com\/es\/wp-json\/wp\/v2\/product\/19915","targetHints":{"allow":["GET"]}}],"collection":[{"href":"https:\/\/thrillsyndicate.com\/es\/wp-json\/wp\/v2\/product"}],"about":[{"href":"https:\/\/thrillsyndicate.com\/es\/wp-json\/wp\/v2\/types\/product"}],"wp:featuredmedia":[{"embeddable":true,"href":"https:\/\/thrillsyndicate.com\/es\/wp-json\/wp\/v2\/media\/15661"}],"wp:attachment":[{"href":"https:\/\/thrillsyndicate.com\/es\/wp-json\/wp\/v2\/media?parent=19915"}],"wp:term":[{"taxonomy":"product_brand","embeddable":true,"href":"https:\/\/thrillsyndicate.com\/es\/wp-json\/wp\/v2\/product_brand?post=19915"},{"taxonomy":"product_cat","embeddable":true,"href":"https:\/\/thrillsyndicate.com\/es\/wp-json\/wp\/v2\/product_cat?post=19915"},{"taxonomy":"product_tag","embeddable":true,"href":"https:\/\/thrillsyndicate.com\/es\/wp-json\/wp\/v2\/product_tag?post=19915"}],"curies":[{"name":"wp","href":"https:\/\/api.w.org\/{rel}","templated":true}]}}