{"id":19926,"date":"2024-05-02T16:34:59","date_gmt":"2024-05-02T14:34:59","guid":{"rendered":"https:\/\/thrillsyndicate.com\/shop\/edelrid-switch-double-adjust-adjustable-lanyard\/"},"modified":"2025-08-25T10:09:26","modified_gmt":"2025-08-25T08:09:26","slug":"edelrid-switch-double-adjust-adjustable-lanyard","status":"publish","type":"product","link":"https:\/\/thrillsyndicate.com\/es\/product\/edelrid-switch-double-adjust-adjustable-lanyard\/","title":{"rendered":"Edelrid Interruptor Doble Ajuste | Elemento de amarre ajustable"},"content":{"rendered":"<p data-sourcepos=\"17:1-17:436\">Para los operadores profesionales de los sectores de la aventura, el aire libre, la diversi\u00f3n y el ocio, la eficacia y la versatilidad son fundamentales. El SWITCH DOUBLE ADJUST de Edelrid es un elemento de amarre multifuncional que simplifica la gesti\u00f3n de los puntos de anclaje. Con una construcci\u00f3n de cuerda din\u00e1mica y un Mosquet\u00f3n KIWI SCREW integrado, este innovador elemento de amarre permite un f\u00e1cil ajuste bajo carga, lo que lo hace ideal para el posicionamiento de trabajo, los ascensos por cuerda y el r\u00e1pel.  <\/p>\n<h2 data-sourcepos=\"19:1-19:75\">Versatilidad inigualable, eficacia sin esfuerzo<\/h2>\n<ul data-sourcepos=\"21:1-22:20\">\n<li data-sourcepos=\"21:1-21:160\"><strong>Altamente ajustable:<\/strong> El DOBLE AJUSTE DEL INTERRUPTOR permite ajustar la longitud sin esfuerzo bajo carga, garantizando un ajuste perfecto para diversas tareas y situaciones.<\/li>\n<li data-sourcepos=\"22:1-22:20\"><strong>Dise\u00f1o Multifuncional:<\/strong> Este Elemento de amarre \u00fanico combina una cuerda din\u00e1mica con un Mosquet\u00f3n integrado, ofreciendo funcionalidad para el posicionamiento de trabajo, el r\u00e1pel y los ascensos por cuerda.<\/li>\n<li data-sourcepos=\"23:1-24:0\"><strong>Conexi\u00f3n segura:<\/strong> El Mosquet\u00f3n KIWI SCREW integrado proporciona un punto de enganche seguro y fiable al anclaje.<\/li>\n<\/ul>\n<h2 data-sourcepos=\"25:1-25:76\">Construido para ofrecer rendimiento y fiabilidad<\/h2>\n<ul data-sourcepos=\"27:1-31:0\">\n<li data-sourcepos=\"27:1-27:141\"><strong>Construcci\u00f3n de cuerda din\u00e1mica (SWIFT 48 PRO DRY 8,9 MM):<\/strong> Absorbe las fuerzas de impacto y garantiza la comodidad durante el posicionamiento de trabajo y el descenso en r\u00e1pel.<\/li>\n<li data-sourcepos=\"28:1-28:120\"><strong>Mosquet\u00f3n de TORNILLO KIWI integrado:<\/strong> Proporciona un punto de conexi\u00f3n seguro con un cierre de rosca para mayor seguridad.<\/li>\n<li data-sourcepos=\"29:1-29:119\"><strong>Longitud ajustable bajo carga (15-120 cm):<\/strong> Permite un f\u00e1cil ajuste para adaptarse a diversas tareas y preferencias del usuario.<\/li>\n<li data-sourcepos=\"30:1-31:0\"><strong>Brazo corto (45 cm):<\/strong> Ideal para fijar dispositivos de descenso.<\/li>\n<\/ul>\n<h2 data-sourcepos=\"32:1-32:39\">Edelrid INTERRUPTOR DOBLE AJUSTE &#8211; Detalles t\u00e9cnicos<\/h2>\n<ul data-sourcepos=\"34:1-38:52\">\n<li data-sourcepos=\"34:1-34:15\">Peso: 268 g<\/li>\n<li data-sourcepos=\"35:1-35:61\">Material: Cuerda (SWIFT 48 PRO DRY 8,9 MM), Acero (Mosquet\u00f3n)<\/li>\n<li data-sourcepos=\"36:1-36:31\">Cierre: Mosquet\u00f3n a rosca<\/li>\n<li data-sourcepos=\"37:1-37:42\">Certificaciones: UIAA, EN 12275, EN 17520<\/li>\n<li data-sourcepos=\"38:1-38:52\">Nota: no debe utilizarse como v\u00eda ferrata<\/li>\n<\/ul>\n<h3><span data-doc-id=\"-1\" data-doc-type=\"writer\">\ud83d\udc49 \u00bfEst\u00e1s buscando un art\u00edculo Edelrid espec\u00edfico que no aparece en la tienda? Vendemos toda la gama de productos de aventura, deporte y seguridad. Por favor, <\/span><a href=\"https:\/\/thrillsyndicate.com\/es\/contacto\/\">env\u00edanos<\/a> un correo electr\u00f3nico o consulta la <a href=\"https:\/\/thrillsyndicate.com\/edelrid-safety-price-list-2025\/\">lista completa de precios de seguridad aqu\u00ed<\/a>. \ud83d\udc48<span data-range-char-type=\"start\" data-bookmark-info=\"{\"type\":\"bookmark\",\"id\":\"toc_8qk3o4w7itvk\",\"name\":\"_Toca3iviqahxlt0\"}\" data-bookmark-id=\"toc_8qk3o4w7itvk\"> <\/span><span data-range-char-type=\"end\" data-bookmark-info=\"{\"type\":\"bookmark\",\"id\":\"toc_8qk3o4w7itvk\",\"name\":\"_Toca3iviqahxlt0\"}\" data-bookmark-id=\"toc_8qk3o4w7itvk\"> <\/span><span data-range-char-type=\"end\" data-bookmark-info=\"{\"type\":\"bookmark\",\"id\":\"toc_4g7p1tu5wqid\"}\" data-bookmark-id=\"toc_4g7p1tu5wqid\"> <\/span><\/h3>\n","protected":false},"excerpt":{"rendered":"<p>El SWITCH DOUBLE ADJUST de Edelrid es un elemento de amarre ajustable <strong>y vers\u00e1til<\/strong> con una <strong>cuerda din\u00e1mica<\/strong> y un <strong>mosquet\u00f3n KIWI SCREW<\/strong> integrado. Este innovador elemento de amarre permite el <strong>ajuste bajo carga<\/strong> y presenta un <strong>brazo m\u00e1s corto<\/strong> ideal para los descensos. Perfecto para el posicionamiento en el trabajo, los ascensos por cuerda y diversas aplicaciones de anclaje.  <\/p>\n","protected":false},"featured_media":15606,"template":"","meta":{"_coblocks_attr":"","_coblocks_dimensions":"","_coblocks_responsive_height":"","_coblocks_accordion_ie_support":"","wds_primary_product_brand":0,"wds_primary_product_cat":0},"product_brand":[660],"product_cat":[550],"product_tag":[551,552,907,1031,581],"class_list":{"0":"post-19926","1":"product","2":"type-product","3":"status-publish","4":"has-post-thumbnail","6":"product_brand-edelrid-es","7":"product_cat-conectando-cordones-y-giratorios","8":"product_tag-acollador","9":"product_tag-conectando","10":"product_tag-cordones-ajustables","11":"product_tag-elemento-de-amarre-en-y","12":"product_tag-epp","14":"first","15":"instock","16":"taxable","17":"shipping-taxable","18":"purchasable","19":"product-type-simple"},"_links":{"self":[{"href":"https:\/\/thrillsyndicate.com\/es\/wp-json\/wp\/v2\/product\/19926","targetHints":{"allow":["GET"]}}],"collection":[{"href":"https:\/\/thrillsyndicate.com\/es\/wp-json\/wp\/v2\/product"}],"about":[{"href":"https:\/\/thrillsyndicate.com\/es\/wp-json\/wp\/v2\/types\/product"}],"wp:featuredmedia":[{"embeddable":true,"href":"https:\/\/thrillsyndicate.com\/es\/wp-json\/wp\/v2\/media\/15606"}],"wp:attachment":[{"href":"https:\/\/thrillsyndicate.com\/es\/wp-json\/wp\/v2\/media?parent=19926"}],"wp:term":[{"taxonomy":"product_brand","embeddable":true,"href":"https:\/\/thrillsyndicate.com\/es\/wp-json\/wp\/v2\/product_brand?post=19926"},{"taxonomy":"product_cat","embeddable":true,"href":"https:\/\/thrillsyndicate.com\/es\/wp-json\/wp\/v2\/product_cat?post=19926"},{"taxonomy":"product_tag","embeddable":true,"href":"https:\/\/thrillsyndicate.com\/es\/wp-json\/wp\/v2\/product_tag?post=19926"}],"curies":[{"name":"wp","href":"https:\/\/api.w.org\/{rel}","templated":true}]}}