{"id":19932,"date":"2024-04-12T16:26:16","date_gmt":"2024-04-12T14:26:16","guid":{"rendered":"https:\/\/thrillsyndicate.com\/shop\/screw-link-triangle-carabiner\/"},"modified":"2025-08-25T10:46:52","modified_gmt":"2025-08-25T08:46:52","slug":"screw-link-triangle-carabiner","status":"publish","type":"product","link":"https:\/\/thrillsyndicate.com\/es\/product\/screw-link-triangle-carabiner\/","title":{"rendered":"Mosquet\u00f3n triangular de eslab\u00f3n r\u00e1pido 8 mm"},"content":{"rendered":"<p data-sourcepos=\"19:1-19:445\">Para los operadores profesionales de los sectores de la aventura, el aire libre, las atracciones y el ocio, el Mosquet\u00f3n Maillon Rapide \/ Quick Link es imprescindible. Este innovador Mosquet\u00f3n cuenta con un dise\u00f1o triangular \u00fanico que optimiza la distribuci\u00f3n de la carga y la versatilidad. Fabricado con acero de alta resistencia, ofrece una durabilidad excepcional y una resistencia a la rotura de 27 kN en el eje mayor. El cierre de tornillo seguro garantiza un bloqueo fiable, incluso con cargas pesadas. <span class=\"citation-21 citation-end-21\">Tanto si lo llamas Maillon Rapide, Screw Link o Screwlock Link, nuestro eslab\u00f3n Delta certificado es el eslab\u00f3n r\u00e1pido triangular <\/span> que necesitas para las conexiones m\u00e1s seguras.   <\/p>\n<h2 data-sourcepos=\"21:1-21:72\">Versatilidad inigualable, conexiones seguras:<\/h2>\n<ul data-sourcepos=\"23:1-26:0\">\n<li data-sourcepos=\"23:1-23:222\"><strong>Dise\u00f1o triangular \u00fanico:<\/strong> La innovadora forma triangular permite una distribuci\u00f3n \u00f3ptima de la carga y facilita la conexi\u00f3n de varias cuerdas o eslingas en varios \u00e1ngulos, por lo que es ideal para sistemas de aparejo y aseguramiento.<\/li>\n<li data-sourcepos=\"24:1-24:181\">Cierre de rosca <strong>seguro:<\/strong> El cierre de rosca ofrece un mecanismo de bloqueo fiable, que evita la apertura accidental y garantiza que las conexiones permanezcan seguras en situaciones cr\u00edticas.<\/li>\n<li data-sourcepos=\"25:1-26:0\"><strong>Certificado de seguridad:<\/strong> Este Mosquet\u00f3n cuenta con las certificaciones EN 12275 y EN 362, lo que garantiza el cumplimiento de las normas de seguridad m\u00e1s estrictas para uso profesional.<\/li>\n<\/ul>\n<h2 data-sourcepos=\"27:1-27:69\">Dise\u00f1ado para diversas aplicaciones:<\/h2>\n<ul data-sourcepos=\"29:1-32:0\">\n<li data-sourcepos=\"29:1-29:132\"><strong>Dise\u00f1o ligero (85 g):<\/strong> Proporciona una resistencia excepcional para tareas exigentes a la vez que minimiza el peso para una portabilidad \u00f3ptima.<\/li>\n<li data-sourcepos=\"30:1-30:116\"><strong>Gran abertura de la compuerta (rosca de tornillo):<\/strong> Permite conectar f\u00e1cilmente cuerdas, eslingas y cinchas de diversos tama\u00f1os.<\/li>\n<li data-sourcepos=\"31:1-32:0\"><strong>Construcci\u00f3n de acero certificada:<\/strong> Garantiza una durabilidad excepcional y un rendimiento fiable en entornos dif\u00edciles.<\/li>\n<\/ul>\n<h2 data-sourcepos=\"33:1-33:93\">Triangle Maillon Rapide \/ Mosquet\u00f3n de eslab\u00f3n r\u00e1pido &#8211; Detalles t\u00e9cnicos:<\/h2>\n<ul data-sourcepos=\"35:1-45:0\">\n<li data-sourcepos=\"35:1-35:14\"><span class=\"citation-20 citation-end-20\">Eslab\u00f3n Delta (Tri\u00e1ngulo): El Eslab\u00f3n R\u00e1pido Screwlock Estilo Maillon Rapide <\/span> para Parques de Aventura<\/li>\n<li data-sourcepos=\"35:1-35:14\">Di\u00e1metro: 8 mm<\/li>\n<li data-sourcepos=\"35:1-35:14\">Peso: 85 g<\/li>\n<li data-sourcepos=\"36:1-36:17\">Material: Acero<\/li>\n<li data-sourcepos=\"37:1-37:16\">Cierre: Tornillo<\/li>\n<li data-sourcepos=\"38:1-38:35\">Forma de Mosquet\u00f3n: Delta (tri\u00e1ngulo)<\/li>\n<li data-sourcepos=\"39:1-39:14\">Anchura: 56 mm<\/li>\n<li data-sourcepos=\"40:1-40:15\">Longitud: 72 mm<\/li>\n<li data-sourcepos=\"41:1-41:25\">Fm\u00e1x. eje mayor: 27 kN<\/li>\n<li data-sourcepos=\"42:1-42:19\">Fm\u00e1x. abierto: 10 kN<\/li>\n<li data-sourcepos=\"43:1-43:25\">Certificaci\u00f3n: EN 12275<\/li>\n<li data-sourcepos=\"44:1-45:0\">Certificaci\u00f3n: EN 362<\/li>\n<\/ul>\n<h2 data-sourcepos=\"46:1-46:23\">Accesorio opcional:<\/h2>\n<p data-sourcepos=\"48:3-48:276\"><strong>Tri\u00e1ngulo Cautivo:<\/strong> Este dispositivo de bloqueo, fabricado con poliamida reciclada, est\u00e1 disponible como accesorio para mayor seguridad. Proporciona una protecci\u00f3n sencilla contra la torsi\u00f3n y la apertura, por lo que es ideal para conexiones fijas entre elementos de amarre o entre un elemento de amarre y componentes de ferreter\u00eda. <\/p>\n<ul>\n<li data-sourcepos=\"50:3-50:23\">Material: PA reciclado<\/li>\n<li data-sourcepos=\"50:3-50:23\">Certificado UIAA<\/li>\n<\/ul>\n<h3>\ud83d\udc49 \u00bfEst\u00e1s buscando un art\u00edculo Edelrid espec\u00edfico que no aparece en la tienda? Vendemos toda la gama de productos de aventura, deporte y seguridad. Por favor, <strong><a href=\"https:\/\/thrillsyndicate.com\/es\/contacto\/\">env\u00eda a<\/a><\/strong> un correo electr\u00f3nico o consulta la <strong><a href=\"https:\/\/thrillsyndicate.com\/es\/edelrid-safety-price-list-2024\/\">lista de precios de seguridad aqu\u00ed<\/a><\/strong>. \ud83d\udc48<\/h3>\n","protected":false},"excerpt":{"rendered":"<p>El Mosquet\u00f3n de Eslab\u00f3n R\u00e1pido Triangular es un mosquet\u00f3n <strong>vers\u00e1til<\/strong> de eslab\u00f3n de rosca de acero<strong>(forma delta<\/strong>) que presenta un <strong>cierre de rosca seguro<\/strong> y un <strong>dise\u00f1o ligero (85 g)<\/strong>. Certificado para la seguridad, es ideal para diversas aplicaciones, como eslingas, sistemas de aseguramiento y arneses de conexi\u00f3n. <\/p>\n","protected":false},"featured_media":15111,"template":"","meta":{"_coblocks_attr":"","_coblocks_dimensions":"","_coblocks_responsive_height":"","_coblocks_accordion_ie_support":"","wds_primary_product_brand":0,"wds_primary_product_cat":0},"product_brand":[70],"product_cat":[813,65,843],"product_tag":[552,1052,1053,639,945],"class_list":{"0":"post-19932","1":"product","2":"type-product","3":"status-publish","4":"has-post-thumbnail","6":"product_brand-thrill-syndicate","7":"product_cat-carabiners","8":"product_cat-connecting","9":"product_cat-connectors","10":"product_tag-conectando","11":"product_tag-enlace-rapido","12":"product_tag-maillon-rapido","13":"product_tag-mosqueton","14":"product_tag-mosqueton-de-bloqueo","16":"first","17":"instock","18":"taxable","19":"shipping-taxable","20":"purchasable","21":"product-type-variable"},"_links":{"self":[{"href":"https:\/\/thrillsyndicate.com\/es\/wp-json\/wp\/v2\/product\/19932","targetHints":{"allow":["GET"]}}],"collection":[{"href":"https:\/\/thrillsyndicate.com\/es\/wp-json\/wp\/v2\/product"}],"about":[{"href":"https:\/\/thrillsyndicate.com\/es\/wp-json\/wp\/v2\/types\/product"}],"wp:featuredmedia":[{"embeddable":true,"href":"https:\/\/thrillsyndicate.com\/es\/wp-json\/wp\/v2\/media\/15111"}],"wp:attachment":[{"href":"https:\/\/thrillsyndicate.com\/es\/wp-json\/wp\/v2\/media?parent=19932"}],"wp:term":[{"taxonomy":"product_brand","embeddable":true,"href":"https:\/\/thrillsyndicate.com\/es\/wp-json\/wp\/v2\/product_brand?post=19932"},{"taxonomy":"product_cat","embeddable":true,"href":"https:\/\/thrillsyndicate.com\/es\/wp-json\/wp\/v2\/product_cat?post=19932"},{"taxonomy":"product_tag","embeddable":true,"href":"https:\/\/thrillsyndicate.com\/es\/wp-json\/wp\/v2\/product_tag?post=19932"}],"curies":[{"name":"wp","href":"https:\/\/api.w.org\/{rel}","templated":true}]}}