{"id":19938,"date":"2024-04-13T14:00:30","date_gmt":"2024-04-13T12:00:30","guid":{"rendered":"https:\/\/thrillsyndicate.com\/shop\/edelrid-clip-scissors\/"},"modified":"2025-08-25T10:45:20","modified_gmt":"2025-08-25T08:45:20","slug":"edelrid-clip-scissors","status":"publish","type":"product","link":"https:\/\/thrillsyndicate.com\/es\/product\/edelrid-clip-scissors\/","title":{"rendered":"tijeras de clip edelrid"},"content":{"rendered":"<p data-sourcepos=\"17:1-17:313\">Para los operadores profesionales de rescate, trabajos en altura y otros entornos exigentes, es esencial cortar las cuerdas de forma r\u00e1pida y eficaz. Las TIJERAS CLIP Edelrid son la soluci\u00f3n perfecta. Estas robustas tijeras incorporan un mecanismo de bloqueo seguro que impide su apertura accidental, garantizando un corte seguro y controlado.  <\/p>\n<h2 data-sourcepos=\"19:1-19:68\">Eficiencia inigualable, seguridad mejorada:<\/h2>\n<ul data-sourcepos=\"21:1-24:0\">\n<li data-sourcepos=\"21:1-21:152\"><strong>Corte R\u00e1pido y Sin Esfuerzo:<\/strong> Las afiladas cuchillas permiten cortar cuerdas y correas de forma r\u00e1pida y sencilla, ideal para diversas situaciones de trabajo y rescate.<\/li>\n<li data-sourcepos=\"22:1-22:139\"><strong>Mecanismo de bloqueo seguro:<\/strong> El mecanismo de bloqueo integrado impide la apertura accidental, garantizando un funcionamiento seguro y la protecci\u00f3n del usuario.<\/li>\n<li data-sourcepos=\"23:1-24:0\"><strong>Siempre al alcance de la mano:<\/strong> El sistema retractor incorporado minimiza el riesgo de perder las tijeras, mientras que la funda incluida proporciona un c\u00f3modo acceso para una respuesta r\u00e1pida.<\/li>\n<\/ul>\n<h2 data-sourcepos=\"25:1-25:78\">Construida para ser fiable y c\u00f3moda:<\/h2>\n<ul data-sourcepos=\"27:1-31:0\">\n<li data-sourcepos=\"27:1-27:114\"><strong>Dise\u00f1o ligero (200 g):<\/strong> Minimiza el peso para una portabilidad \u00f3ptima sin comprometer la potencia de corte.<\/li>\n<li data-sourcepos=\"28:1-28:84\"><strong>Construcci\u00f3n duradera:<\/strong> Construida para soportar un uso exigente en entornos dif\u00edciles.<\/li>\n<li data-sourcepos=\"29:1-29:109\"><strong>Sistema Retractor Integrado:<\/strong> Evita la p\u00e9rdida y garantiza que las tijeras est\u00e9n f\u00e1cilmente disponibles cuando se necesiten.<\/li>\n<li data-sourcepos=\"30:1-31:0\"><strong>Pr\u00e1ctica Funda:<\/strong> Proporciona un acceso f\u00e1cil y un almacenamiento seguro para las tijeras.<\/li>\n<\/ul>\n<h2 data-sourcepos=\"32:1-32:85\">TIJERAS DE PINZA Edelrid &#8211; Detalles t\u00e9cnicos:<\/h2>\n<ul data-sourcepos=\"34:1-37:19\">\n<li data-sourcepos=\"34:1-34:15\">Peso: 200 g<\/li>\n<li data-sourcepos=\"35:1-35:26\">Material: No especificado<\/li>\n<li data-sourcepos=\"36:1-36:28\">Cierre: Mecanismo de cierre<\/li>\n<li data-sourcepos=\"37:1-37:19\">Incluye: Funda<\/li>\n<\/ul>\n<h3><span data-doc-id=\"-1\" data-doc-type=\"writer\">\ud83d\udc49 \u00bfEst\u00e1s buscando un art\u00edculo Edelrid espec\u00edfico que no aparece en la tienda? Vendemos toda la gama de productos de aventura, deporte y seguridad. Por favor, <\/span><a href=\"https:\/\/thrillsyndicate.com\/es\/contacto\/\">env\u00edanos<\/a> un correo electr\u00f3nico o consulta la <a href=\"https:\/\/thrillsyndicate.com\/edelrid-safety-price-list-2025\/\">lista completa de precios de seguridad aqu\u00ed<\/a>. \ud83d\udc48<span data-range-char-type=\"start\" data-bookmark-info=\"{\"type\":\"bookmark\",\"id\":\"toc_8qk3o4w7itvk\",\"name\":\"_Toca3iviqahxlt0\"}\" data-bookmark-id=\"toc_8qk3o4w7itvk\"> <\/span><span data-range-char-type=\"end\" data-bookmark-info=\"{\"type\":\"bookmark\",\"id\":\"toc_8qk3o4w7itvk\",\"name\":\"_Toca3iviqahxlt0\"}\" data-bookmark-id=\"toc_8qk3o4w7itvk\"> <\/span><span data-range-char-type=\"end\" data-bookmark-info=\"{\"type\":\"bookmark\",\"id\":\"toc_4g7p1tu5wqid\"}\" data-bookmark-id=\"toc_4g7p1tu5wqid\"> <\/span><\/h3>\n","protected":false},"excerpt":{"rendered":"<p>Las TIJERAS CLIP Edelrid son unas tijeras <strong>vers\u00e1tiles<\/strong> de rescate y trabajo que incorporan un <strong>mecanismo de bloqueo<\/strong> seguro para cortar con seguridad. Estas tijeras ligeras (200 g) cuentan con un <strong>sistema retractor integrado<\/strong> para evitar su p\u00e9rdida y una <strong>funda<\/strong> para facilitar el acceso en situaciones cr\u00edticas. <\/p>\n","protected":false},"featured_media":15136,"template":"","meta":{"_coblocks_attr":"","_coblocks_dimensions":"","_coblocks_responsive_height":"","_coblocks_accordion_ie_support":"","wds_primary_product_brand":0,"wds_primary_product_cat":0},"product_brand":[62],"product_cat":[92],"product_tag":[],"class_list":{"0":"post-19938","1":"product","2":"type-product","3":"status-publish","4":"has-post-thumbnail","6":"product_brand-edelrid","7":"product_cat-descent-rescue-devices","9":"first","10":"instock","11":"taxable","12":"shipping-taxable","13":"purchasable","14":"product-type-simple"},"_links":{"self":[{"href":"https:\/\/thrillsyndicate.com\/es\/wp-json\/wp\/v2\/product\/19938","targetHints":{"allow":["GET"]}}],"collection":[{"href":"https:\/\/thrillsyndicate.com\/es\/wp-json\/wp\/v2\/product"}],"about":[{"href":"https:\/\/thrillsyndicate.com\/es\/wp-json\/wp\/v2\/types\/product"}],"wp:featuredmedia":[{"embeddable":true,"href":"https:\/\/thrillsyndicate.com\/es\/wp-json\/wp\/v2\/media\/15136"}],"wp:attachment":[{"href":"https:\/\/thrillsyndicate.com\/es\/wp-json\/wp\/v2\/media?parent=19938"}],"wp:term":[{"taxonomy":"product_brand","embeddable":true,"href":"https:\/\/thrillsyndicate.com\/es\/wp-json\/wp\/v2\/product_brand?post=19938"},{"taxonomy":"product_cat","embeddable":true,"href":"https:\/\/thrillsyndicate.com\/es\/wp-json\/wp\/v2\/product_cat?post=19938"},{"taxonomy":"product_tag","embeddable":true,"href":"https:\/\/thrillsyndicate.com\/es\/wp-json\/wp\/v2\/product_tag?post=19938"}],"curies":[{"name":"wp","href":"https:\/\/api.w.org\/{rel}","templated":true}]}}