{"id":19945,"date":"2024-03-25T20:07:47","date_gmt":"2024-03-25T19:07:47","guid":{"rendered":"https:\/\/thrillsyndicate.com\/shop\/edelrid-beaker-toolbag\/"},"modified":"2025-08-25T14:27:58","modified_gmt":"2025-08-25T12:27:58","slug":"edelrid-beaker-toolbag","status":"publish","type":"product","link":"https:\/\/thrillsyndicate.com\/es\/product\/edelrid-beaker-toolbag\/","title":{"rendered":"Edelrid BEAKER | Bolsa de herramientas"},"content":{"rendered":"<p data-sourcepos=\"15:1-15:298\">\u00bfCansado de buscar herramientas a tientas en los momentos m\u00e1s cr\u00edticos? \u00a1La Bolsa de Herramientas Edelrid BEAKER es tu soluci\u00f3n! Dise\u00f1ada pensando en las necesidades de los profesionales de los sectores de la aventura, el aire libre, la diversi\u00f3n y el ocio, esta bolsa ofrece una organizaci\u00f3n excepcional y un f\u00e1cil acceso a tu equipo esencial.  <\/p>\n<h2 data-sourcepos=\"17:1-17:34\">Ventajas:<\/h2>\n<ul>\n<li data-sourcepos=\"19:3-19:252\"><strong>Versatilidad sin igual:<\/strong> El exclusivo <strong>dise\u00f1o reversible<\/strong> de la BEAKER te permite cambiar entre bolsillos internos y bolsillos laterales externos en funci\u00f3n de tus necesidades. Esto proporciona la m\u00e1xima flexibilidad para organizar una gran variedad de herramientas y equipos. <\/li>\n<li data-sourcepos=\"21:3-21:237\"><strong>Construida para durar:<\/strong> fabricada con <strong>lona resistente a la abrasi\u00f3n<\/strong>, la BEAKER est\u00e1 hecha para soportar el desgaste de los entornos m\u00e1s exigentes. Tanto si est\u00e1s escalando una pared rocosa como dirigiendo un concurrido parque tem\u00e1tico, esta bolsa puede con todo. <\/li>\n<li data-sourcepos=\"23:3-23:224\"><strong>Acceso sin esfuerzo:<\/strong> La <strong>amplia tapa con cierre magn\u00e9tico seguro<\/strong> permite un acceso r\u00e1pido y f\u00e1cil a tus herramientas, incluso con viento. Se acab\u00f3 perder un tiempo precioso buscando a tientas con cremalleras o cierres complicados. <\/li>\n<\/ul>\n<h2 data-sourcepos=\"25:1-25:38\">Especificaciones:<\/h2>\n<ul>\n<li data-sourcepos=\"27:3-27:203\"><strong>Construcci\u00f3n de lona duradera:<\/strong> La BEAKER est\u00e1 fabricada con lona de alta calidad, famosa por su solidez y resistencia a la abrasi\u00f3n. Esto garantiza que tu bolsa resistir\u00e1 los rigores del uso diario. <\/li>\n<li data-sourcepos=\"29:3-29:210\"><strong>Amplia Capacidad de 9 L:<\/strong> Con una generosa capacidad de 9 litros, el BEAKER ofrece amplio espacio para todas tus herramientas y equipos esenciales. Mantenlo todo organizado y f\u00e1cilmente accesible en un c\u00f3modo lugar. <\/li>\n<li data-sourcepos=\"31:3-31:199\"><strong>Compatibilidad con el arn\u00e9s:<\/strong> El BEAKER se integra a la perfecci\u00f3n con las peque\u00f1as trabillas de los arneses VECTOR y VERTIC de Edelrid, permiti\u00e9ndote tener tus herramientas al alcance de la mano mientras te desplazas.<\/li>\n<\/ul>\n<p data-sourcepos=\"33:1-33:218\">Al incorporar estas secciones y centrarte en las ventajas para el usuario, habr\u00e1s creado una descripci\u00f3n de producto convincente que atraer\u00e1 a los profesionales de sectores relacionados con la aventura a considerar la Bolsa de herramientas BEAKER de Edelrid.<\/p>\n<ul>\n<li>Puede conectarse a los peque\u00f1os bucles de engranaje de los arneses VECTOR y VERTIC<\/li>\n<li>Capacidad: 9 l<\/li>\n<li>La amplia tapa de f\u00e1cil acceso est\u00e1 equipada con un im\u00e1n incrustado para mantenerla sujeta en situaciones de viento.<\/li>\n<li>Dise\u00f1o reversible<\/li>\n<\/ul>\n<h3 class=\"western\">\ud83d\udc49 \u00bfEst\u00e1s buscando un art\u00edculo Edelrid espec\u00edfico que no aparece en la tienda? Vendemos toda la gama de productos de aventura, deporte y seguridad. Por favor, <strong><a href=\"https:\/\/thrillsyndicate.com\/es\/contacto\/\">env\u00eda a<\/a><\/strong> un correo electr\u00f3nico o consulta la <strong><a href=\"https:\/\/thrillsyndicate.com\/edelrid-safety-price-list-2025\/\">lista de precios de seguridad aqu\u00ed<\/a><\/strong>. \ud83d\udc48<\/h3>\n","protected":false},"excerpt":{"rendered":"<p data-sourcepos=\"1:1-1:63\">El Organizador de Equipo Definitivo para Profesionales &#8211; La Bolsa de Herramientas Edelrid BEAKER es una robusta bolsa de lona dise\u00f1ada para profesionales. Su dise\u00f1o reversible y su tapa de f\u00e1cil acceso con cierre magn\u00e9tico la hacen perfecta para organizar y transportar tu equipo esencial. <\/p>\n","protected":false},"featured_media":13491,"template":"","meta":{"_coblocks_attr":"","_coblocks_dimensions":"","_coblocks_responsive_height":"","_coblocks_accordion_ie_support":"","wds_primary_product_brand":0,"wds_primary_product_cat":0},"product_brand":[62],"product_cat":[817,845],"product_tag":[818],"class_list":{"0":"post-19945","1":"product","2":"type-product","3":"status-publish","4":"has-post-thumbnail","6":"product_brand-edelrid","7":"product_cat-gear-bags","8":"product_cat-transport-sacks-bags","9":"product_tag-gear-bag","11":"first","12":"instock","13":"taxable","14":"shipping-taxable","15":"purchasable","16":"product-type-simple"},"_links":{"self":[{"href":"https:\/\/thrillsyndicate.com\/es\/wp-json\/wp\/v2\/product\/19945","targetHints":{"allow":["GET"]}}],"collection":[{"href":"https:\/\/thrillsyndicate.com\/es\/wp-json\/wp\/v2\/product"}],"about":[{"href":"https:\/\/thrillsyndicate.com\/es\/wp-json\/wp\/v2\/types\/product"}],"wp:featuredmedia":[{"embeddable":true,"href":"https:\/\/thrillsyndicate.com\/es\/wp-json\/wp\/v2\/media\/13491"}],"wp:attachment":[{"href":"https:\/\/thrillsyndicate.com\/es\/wp-json\/wp\/v2\/media?parent=19945"}],"wp:term":[{"taxonomy":"product_brand","embeddable":true,"href":"https:\/\/thrillsyndicate.com\/es\/wp-json\/wp\/v2\/product_brand?post=19945"},{"taxonomy":"product_cat","embeddable":true,"href":"https:\/\/thrillsyndicate.com\/es\/wp-json\/wp\/v2\/product_cat?post=19945"},{"taxonomy":"product_tag","embeddable":true,"href":"https:\/\/thrillsyndicate.com\/es\/wp-json\/wp\/v2\/product_tag?post=19945"}],"curies":[{"name":"wp","href":"https:\/\/api.w.org\/{rel}","templated":true}]}}