{"id":19949,"date":"2024-03-25T14:26:17","date_gmt":"2024-03-25T13:26:17","guid":{"rendered":"https:\/\/thrillsyndicate.com\/shop\/edelrid-cask-28-rope-bag\/"},"modified":"2025-08-25T15:06:49","modified_gmt":"2025-08-25T13:06:49","slug":"edelrid-cask-28-rope-bag","status":"publish","type":"product","link":"https:\/\/thrillsyndicate.com\/es\/product\/edelrid-cask-28-rope-bag\/","title":{"rendered":"Edelrid CASK 28 | Bolsa de cuerda"},"content":{"rendered":"<p data-sourcepos=\"9:1-9:345\">La bolsa para cuerdas CASK 28 de Edelrid es la compa\u00f1era definitiva para escaladores profesionales, arboristas y cualquiera que dependa de sus cuerdas para rendir al m\u00e1ximo. Esta bolsa de alta resistencia est\u00e1 fabricada con una lona robusta que la hace resistente al desgaste, ideal para los entornos exigentes de la escalada, la espeleolog\u00eda y otras actividades al aire libre. <\/p>\n<h2 data-sourcepos=\"11:1-11:57\">Construido para durar: durabilidad inigualable para un uso exigente<\/h2>\n<ul>\n<li data-sourcepos=\"13:3-13:279\"><strong>Construcci\u00f3n robusta de lona:<\/strong> El CASK 28 cuenta con un robusto exterior de lona, que garantiza una resistencia excepcional a la abrasi\u00f3n, los pinchazos y los elementos. Este material de primera calidad protege tus cuerdas de posibles da\u00f1os durante el transporte y el almacenamiento, incluso en condiciones exteriores adversas. <\/li>\n<li data-sourcepos=\"15:3-15:283\"><strong>Dise\u00f1o r\u00edgido para un f\u00e1cil manejo:<\/strong> El CASK 28 presenta un dise\u00f1o semirr\u00edgido que mantiene su forma, facilitando el embalaje y desembalaje de tus cuerdas. Esta innovadora estructura permite un enrollado eficaz y evita los enredos, ahorr\u00e1ndote un tiempo valioso en el risco o en el lugar de trabajo. <\/li>\n<\/ul>\n<h2 data-sourcepos=\"17:1-17:65\">Maximiza la eficacia: Caracter\u00edsticas para una gesti\u00f3n racionalizada de la cuerda<\/h2>\n<ul>\n<li data-sourcepos=\"19:3-19:291\"><strong>Amplia Capacidad:<\/strong> Con un generoso volumen de 28 litros, el CASK 28 aloja c\u00f3modamente una cuerda de escalada en \u00e1rbol de 60 metros o una cuerda est\u00e1tica de 80 metros. Este amplio espacio te garantiza que tendr\u00e1s sitio suficiente para tu equipo esencial de escalada, manteniendo tu material organizado y f\u00e1cilmente accesible. <\/li>\n<li data-sourcepos=\"21:3-21:288\"><strong>Almacenamiento Seguro de Cuerda Adicional:<\/strong> El CASK 28 dispone de una zona designada en la parte superior de la bolsa para guardar otra cuerda, perfecta para transportar un cabo de tracci\u00f3n o una cuerda de escalada m\u00e1s corta. Esto elimina la necesidad de una bolsa aparte, agilizando tu transporte y reduciendo el volumen total. <\/li>\n<li data-sourcepos=\"23:3-23:311\"><strong>Compatibilidad integrada con CASK 55:<\/strong> Para quienes necesiten a\u00fan m\u00e1s espacio de almacenamiento, la CASK 28 est\u00e1 dise\u00f1ada para encajar perfectamente dentro de la bolsa CASK 55 de Edelrid, de mayor tama\u00f1o. Este sistema anidado crea una soluci\u00f3n de transporte compacta y organizada, ideal para transportar varias cuerdas y material de escalada en expediciones prolongadas. <\/li>\n<\/ul>\n<h2>Todas las especificaciones<\/h2>\n<ul>\n<li>De lona resistente<\/li>\n<li>Se puede fijar otra cuerda en la parte superior<\/li>\n<li>CASK 28 cabe dentro de CASK 55 para un sistema compacto<\/li>\n<li>Fald\u00f3n en CASK 55 para permitir el sobreembalaje<\/li>\n<li>Volumen: 28 l<\/li>\n<li>Material : Lona \/ Poli\u00e9ster<\/li>\n<\/ul>\n<h3 class=\"western\">\ud83d\udc49 \u00bfEst\u00e1s buscando un art\u00edculo Edelrid espec\u00edfico que no aparece en la tienda? Vendemos toda la gama de productos de aventura, deporte y seguridad. Por favor, <strong><a href=\"https:\/\/thrillsyndicate.com\/es\/contacto\/\">env\u00eda a<\/a><\/strong> un correo electr\u00f3nico o consulta la <strong><a href=\"https:\/\/thrillsyndicate.com\/edelrid-safety-price-list-2025\/\">lista de precios de seguridad aqu\u00ed<\/a><\/strong>. \ud83d\udc48<\/h3>\n","protected":false},"excerpt":{"rendered":"<p data-sourcepos=\"1:1-1:64\">Protege tu cuerda de escalada con estilo &#8211; La bolsa para cuerda CASK 28 de Edelrid es un robusto y espacioso portador de cuerda dise\u00f1ado para uso profesional en escalada, arboricultura y ocio. Fabricada con lona resistente, ofrece una excelente durabilidad y protege tu cuerda durante el transporte y el almacenamiento. <\/p>\n","protected":false},"featured_media":13322,"template":"","meta":{"_coblocks_attr":"","_coblocks_dimensions":"","_coblocks_responsive_height":"","_coblocks_accordion_ie_support":"","wds_primary_product_brand":0,"wds_primary_product_cat":0},"product_brand":[62],"product_cat":[817,845],"product_tag":[823,818,819,67,820],"class_list":{"0":"post-19949","1":"product","2":"type-product","3":"status-publish","4":"has-post-thumbnail","6":"product_brand-edelrid","7":"product_cat-gear-bags","8":"product_cat-transport-sacks-bags","9":"product_tag-rope-bag","10":"product_tag-gear-bag","11":"product_tag-transport","12":"product_tag-ppe","13":"product_tag-backpack","15":"first","16":"instock","17":"taxable","18":"shipping-taxable","19":"purchasable","20":"product-type-simple"},"_links":{"self":[{"href":"https:\/\/thrillsyndicate.com\/es\/wp-json\/wp\/v2\/product\/19949","targetHints":{"allow":["GET"]}}],"collection":[{"href":"https:\/\/thrillsyndicate.com\/es\/wp-json\/wp\/v2\/product"}],"about":[{"href":"https:\/\/thrillsyndicate.com\/es\/wp-json\/wp\/v2\/types\/product"}],"wp:featuredmedia":[{"embeddable":true,"href":"https:\/\/thrillsyndicate.com\/es\/wp-json\/wp\/v2\/media\/13322"}],"wp:attachment":[{"href":"https:\/\/thrillsyndicate.com\/es\/wp-json\/wp\/v2\/media?parent=19949"}],"wp:term":[{"taxonomy":"product_brand","embeddable":true,"href":"https:\/\/thrillsyndicate.com\/es\/wp-json\/wp\/v2\/product_brand?post=19949"},{"taxonomy":"product_cat","embeddable":true,"href":"https:\/\/thrillsyndicate.com\/es\/wp-json\/wp\/v2\/product_cat?post=19949"},{"taxonomy":"product_tag","embeddable":true,"href":"https:\/\/thrillsyndicate.com\/es\/wp-json\/wp\/v2\/product_tag?post=19949"}],"curies":[{"name":"wp","href":"https:\/\/api.w.org\/{rel}","templated":true}]}}