{"id":19950,"date":"2024-03-25T14:42:34","date_gmt":"2024-03-25T13:42:34","guid":{"rendered":"https:\/\/thrillsyndicate.com\/shop\/edelrid-cask-55-rope-bag\/"},"modified":"2025-08-25T15:06:47","modified_gmt":"2025-08-25T13:06:47","slug":"edelrid-cask-55-rope-bag","status":"publish","type":"product","link":"https:\/\/thrillsyndicate.com\/es\/product\/edelrid-cask-55-rope-bag\/","title":{"rendered":"Edelrid CASK 55 | Bolsa de cuerda"},"content":{"rendered":"<p data-sourcepos=\"9:1-9:234\">Para los escaladores profesionales y los operadores del sector de la aventura, salvaguardar sus cuerdas es primordial. La bolsa para cuerdas CASK 55 de Edelrid ofrece una soluci\u00f3n excepcional, que combina una durabilidad sin concesiones con un dise\u00f1o funcional. <\/p>\n<h2 data-sourcepos=\"11:1-11:50\">La bolsa de cuerda CASK 55 de Edelrid:<\/h2>\n<ul>\n<li data-sourcepos=\"13:3-13:167\"><strong>Construida para durar:<\/strong> fabricada con <strong>lona de alta resistencia<\/strong>, la CASK 55 resiste el desgaste y las roturas, garantizando que tu bolsa para cuerdas resista incluso en los entornos m\u00e1s exigentes.<\/li>\n<li data-sourcepos=\"15:3-15:179\"><strong>Manipulaci\u00f3n de cuerdas sin esfuerzo:<\/strong> El <strong>dise\u00f1o r\u00edgido<\/strong> del CASK 55 permite <strong>enrollar y desenrollar f\u00e1cilmente<\/strong> tus cuerdas, ahorr\u00e1ndote un tiempo precioso durante el montaje y el desmontaje.<\/li>\n<li data-sourcepos=\"17:3-17:260\"><strong>Capacidad inigualable:<\/strong> Con un <strong>generoso volumen de 55 litros<\/strong>, el CASK 55 aloja c\u00f3modamente hasta <strong>100 metros de cuerda de escalada en \u00e1rboles<\/strong> o la asombrosa cifra de <strong>190 metros de cuerda est\u00e1tica<\/strong>, lo que lo hace perfecto para abordar una amplia gama de aplicaciones de escalada.<\/li>\n<\/ul>\n<h2 data-sourcepos=\"19:1-19:39\">Especificaciones y caracter\u00edsticas clave:<\/h2>\n<ul>\n<li data-sourcepos=\"21:3-21:94\"><strong>Material:<\/strong> Lona \/ Poli\u00e9ster &#8211; Ofrece una mezcla de <strong>resistencia<\/strong> y <strong>flexibilidad<\/strong>.<\/li>\n<li data-sourcepos=\"23:3-23:94\"><strong>Interior espacioso:<\/strong> La capacidad de 55 litros garantiza un amplio espacio incluso para las cuerdas m\u00e1s largas.<\/li>\n<li data-sourcepos=\"25:3-25:124\"><strong>Dise\u00f1o apilable:<\/strong> El CASK 55 te permite apilar ordenadamente un CASK 28 m\u00e1s peque\u00f1o en su interior para obtener una <strong>soluci\u00f3n de almacenamiento compacta<\/strong>.<\/li>\n<li data-sourcepos=\"27:3-27:138\"><strong>Flexibilidad de sobreembalaje:<\/strong> El fald\u00f3n integrado en el CASK 55 proporciona espacio adicional para esas ocasiones en las que necesitas meter equipo extra.<\/li>\n<li data-sourcepos=\"29:3-29:118\"><strong>Fijaci\u00f3n superior segura:<\/strong> Se puede fijar c\u00f3modamente una cuerda adicional en la parte superior de la bolsa para facilitar su transporte.<\/li>\n<\/ul>\n<p data-sourcepos=\"31:1-31:156\">Invierte en la bolsa para cuerdas CASK 55 de Edelrid y experimenta la confianza que da saber que tus cuerdas de escalada vitales est\u00e1n protegidas y son f\u00e1ciles de manejar.<\/p>\n<h2 data-sourcepos=\"31:1-31:156\">Todas las especificaciones<\/h2>\n<ul>\n<li>De lona resistente<\/li>\n<li>Se puede fijar otra cuerda en la parte superior<\/li>\n<li>CASK 28 cabe dentro de CASK 55 para un sistema compacto<\/li>\n<li>Fald\u00f3n en CASK 55 para permitir el sobreembalaje<\/li>\n<li>Volumen: 55 l<\/li>\n<li>Material : Lona \/ Poli\u00e9ster<\/li>\n<\/ul>\n<h3 class=\"western\">\ud83d\udc49 \u00bfEst\u00e1s buscando un art\u00edculo Edelrid espec\u00edfico que no aparece en la tienda? Vendemos toda la gama de productos de aventura, deporte y seguridad. Por favor, <strong><a href=\"https:\/\/thrillsyndicate.com\/es\/contacto\/\">env\u00eda a<\/a><\/strong> un correo electr\u00f3nico o consulta la <strong><a href=\"https:\/\/thrillsyndicate.com\/edelrid-safety-price-list-2025\/\">lista de precios de seguridad aqu\u00ed<\/a><\/strong>. \ud83d\udc48<\/h3>\n","protected":false},"excerpt":{"rendered":"<p data-sourcepos=\"1:1-1:88\">Protecci\u00f3n duradera para tus cuerdas de escalada &#8211; La bolsa para cuerdas CASK 55 de Edelrid es una soluci\u00f3n duradera y espaciosa para guardar y transportar cuerdas de escalada. Fabricada con lona resistente, tiene una capacidad de 55 litros, lo que la hace ideal para los profesionales de los sectores de la aventura, las actividades al aire libre, la diversi\u00f3n y el ocio. <\/p>\n","protected":false},"featured_media":13351,"template":"","meta":{"_coblocks_attr":"","_coblocks_dimensions":"","_coblocks_responsive_height":"","_coblocks_accordion_ie_support":"","wds_primary_product_brand":0,"wds_primary_product_cat":0},"product_brand":[62],"product_cat":[817,845],"product_tag":[823,818,819,67,820],"class_list":{"0":"post-19950","1":"product","2":"type-product","3":"status-publish","4":"has-post-thumbnail","6":"product_brand-edelrid","7":"product_cat-gear-bags","8":"product_cat-transport-sacks-bags","9":"product_tag-rope-bag","10":"product_tag-gear-bag","11":"product_tag-transport","12":"product_tag-ppe","13":"product_tag-backpack","15":"first","16":"instock","17":"taxable","18":"shipping-taxable","19":"purchasable","20":"product-type-simple"},"_links":{"self":[{"href":"https:\/\/thrillsyndicate.com\/es\/wp-json\/wp\/v2\/product\/19950","targetHints":{"allow":["GET"]}}],"collection":[{"href":"https:\/\/thrillsyndicate.com\/es\/wp-json\/wp\/v2\/product"}],"about":[{"href":"https:\/\/thrillsyndicate.com\/es\/wp-json\/wp\/v2\/types\/product"}],"wp:featuredmedia":[{"embeddable":true,"href":"https:\/\/thrillsyndicate.com\/es\/wp-json\/wp\/v2\/media\/13351"}],"wp:attachment":[{"href":"https:\/\/thrillsyndicate.com\/es\/wp-json\/wp\/v2\/media?parent=19950"}],"wp:term":[{"taxonomy":"product_brand","embeddable":true,"href":"https:\/\/thrillsyndicate.com\/es\/wp-json\/wp\/v2\/product_brand?post=19950"},{"taxonomy":"product_cat","embeddable":true,"href":"https:\/\/thrillsyndicate.com\/es\/wp-json\/wp\/v2\/product_cat?post=19950"},{"taxonomy":"product_tag","embeddable":true,"href":"https:\/\/thrillsyndicate.com\/es\/wp-json\/wp\/v2\/product_tag?post=19950"}],"curies":[{"name":"wp","href":"https:\/\/api.w.org\/{rel}","templated":true}]}}