{"id":19981,"date":"2024-03-25T09:07:19","date_gmt":"2024-03-25T08:07:19","guid":{"rendered":"https:\/\/thrillsyndicate.com\/shop\/edelrid-enduro-static-rope-95-110-mm\/"},"modified":"2025-08-25T15:07:36","modified_gmt":"2025-08-25T13:07:36","slug":"edelrid-enduro-static-rope-95-110-mm","status":"publish","type":"product","link":"https:\/\/thrillsyndicate.com\/es\/product\/edelrid-enduro-static-rope-95-110-mm\/","title":{"rendered":"Cuerda Edelrid ENDURO STATIC | 9,5 &#8211; 11,0 mm"},"content":{"rendered":"<p data-sourcepos=\"11:1-11:312\">Afronta las tareas de aparejo m\u00e1s exigentes con confianza. La cuerda Edelrid ENDURO STATIC est\u00e1 fabricada para sobresalir en diversas aplicaciones profesionales. Este caballo de batalla polivalente ofrece una resistencia, durabilidad y facilidad de uso superiores, lo que la convierte en la favorita de arboristas, t\u00e9cnicos de acceso mediante cuerda, equipos de rescate y muchos m\u00e1s.  <\/p>\n<h2 data-sourcepos=\"13:1-13:25\">Ventajas inigualables:<\/h2>\n<ul>\n<li data-sourcepos=\"15:3-15:212\"><strong>Construida para durar:<\/strong> Edelrid ENDURO STATIC tiene una construcci\u00f3n robusta, con una funda de poli\u00e9ster trenzado que le confiere una extraordinaria resistencia a la abrasi\u00f3n. Se enfrenta a entornos exigentes con facilidad, minimizando el desgaste. <\/li>\n<li data-sourcepos=\"17:3-17:224\"><strong>Manejo excepcional:<\/strong> Experimenta un manejo suave y uniforme, incluso tras un uso prolongado o m\u00faltiples ciclos de mojado y secado. El tratamiento Thermo Shield garantiza un agarre c\u00f3modo para un control sin esfuerzo durante las maniobras con cuerda. <\/li>\n<li data-sourcepos=\"19:3-19:207\"><strong>Rendimiento fiable:<\/strong> Edelrid ENDURO STATIC prioriza la seguridad. La cuerda cumple la certificaci\u00f3n EN 1891 Tipo A, lo que garantiza una resistencia y fiabilidad excepcionales para las operaciones profesionales. <\/li>\n<\/ul>\n<h2 data-sourcepos=\"21:1-21:35\">Especificaciones y ventajas clave:<\/h2>\n<ul>\n<li data-sourcepos=\"23:3-23:155\"><strong>Construcci\u00f3n duradera:<\/strong> La funda de poli\u00e9ster trenzado ofrece una resistencia superior a la abrasi\u00f3n, prolongando la vida \u00fatil de la cuerda y reduciendo los costes de sustituci\u00f3n.<\/li>\n<li data-sourcepos=\"25:3-25:142\"><strong>Hilos trazadores:<\/strong> Los hilos trazadores integrados en la funda indican c\u00f3modamente el di\u00e1metro de la cuerda para identificarla r\u00e1pidamente durante su uso.<\/li>\n<li data-sourcepos=\"27:3-27:116\"><strong>M\u00faltiples longitudes:<\/strong> Elige entre varias longitudes (50 m, 100 m, 200 m) para adaptarlas a tus necesidades y aplicaciones espec\u00edficas.<\/li>\n<\/ul>\n<h3>Edelrid ENDURO STATIC 9,5MM Especificaciones<\/h3>\n<ul>\n<li>Proporci\u00f3n del n\u00facleo: 60 %<\/li>\n<li>Di\u00e1metro: 9,50 mm<\/li>\n<li>Anudabilidad: 0,90<\/li>\n<li>Proporci\u00f3n de la vaina: 40 %<\/li>\n<li>Schrinkage H20: 1,30 %.<\/li>\n<li>Peso por metro: 64 g\/m<\/li>\n<li>Resistencia m\u00ednima a la rotura: 28 kN<\/li>\n<li>Alargamiento est\u00e1tico: 2,6 %.<\/li>\n<li>Resistencia m\u00ednima a la rotura en nudo de ocho: 16 kN<\/li>\n<li>Certificaci\u00f3n : EN 1891 Tipo A<\/li>\n<li>Material : Poli\u00e9ster \/ Poliamida<\/li>\n<li>Tipo de cuerda: est\u00e1tica A.<\/li>\n<\/ul>\n<h3>Edelrid ENDURO STATIC 10,0MM Especificaciones<\/h3>\n<ul>\n<li>Proporci\u00f3n del n\u00facleo: 40 %<\/li>\n<li>Di\u00e1metro: 10 mm<\/li>\n<li>Anudabilidad: 0,80<\/li>\n<li>Proporci\u00f3n de la vaina: 60 %<\/li>\n<li>Schrinkage H20: 1,30 %.<\/li>\n<li>Peso por metro: 70 g\/m<\/li>\n<li>Resistencia m\u00ednima a la rotura: 30 kN<\/li>\n<li>Alargamiento est\u00e1tico: 2,9 %.<\/li>\n<li>Resistencia m\u00ednima a la rotura en nudo de ocho: 17 kN<\/li>\n<li>Certificaci\u00f3n : EN 1891 Tipo A<\/li>\n<li>Material : Poli\u00e9ster \/ Poliamida<\/li>\n<li>Tipo de cuerda: est\u00e1tica A.<\/li>\n<\/ul>\n<h3>Edelrid ENDURO STATIC 10,5MM Especificaciones<\/h3>\n<ul>\n<li>Proporci\u00f3n del n\u00facleo: 59 %<\/li>\n<li>Di\u00e1metro: 10,50 mm<\/li>\n<li>Anudabilidad: 0,80<\/li>\n<li>Proporci\u00f3n de la vaina: 41 %<\/li>\n<li>Schrinkage H20: 1,30 %.<\/li>\n<li>Peso por metro: 74 g\/m<\/li>\n<li>Resistencia m\u00ednima a la rotura: 34 kN<\/li>\n<li>Alargamiento est\u00e1tico: 2,5 %.<\/li>\n<li>Resistencia m\u00ednima a la rotura en nudo de ocho: 18 kN<\/li>\n<li>Certificaci\u00f3n : EN 1891 Tipo A<\/li>\n<li>Material : Poli\u00e9ster \/ Poliamida<\/li>\n<li>Tipo de cuerda: est\u00e1tica A.<\/li>\n<\/ul>\n<h3>Edelrid ENDURO STATIC 11,0 MM Especificaciones<\/h3>\n<ul>\n<li>Proporci\u00f3n del n\u00facleo: 62 %<\/li>\n<li>Di\u00e1metro: 11 mm<\/li>\n<li>Anudabilidad: 0,90<\/li>\n<li>Proporci\u00f3n de la vaina: 38 %<\/li>\n<li>Schrinkage H20: 2,40 %.<\/li>\n<li>Peso por metro: 82 g\/m<\/li>\n<li>Resistencia m\u00ednima a la rotura: 32 kN<\/li>\n<li>Alargamiento est\u00e1tico 3,0 %<\/li>\n<li>Resistencia m\u00ednima a la rotura en nudo de ocho: 18 kN<\/li>\n<li>Certificaci\u00f3n : EN 1891 Tipo A<\/li>\n<li>Material : Poli\u00e9ster \/ Poliamida<\/li>\n<\/ul>\n<h3 class=\"western\">\ud83d\udc49 \u00bfEst\u00e1s buscando un art\u00edculo Edelrid espec\u00edfico que no aparece en la tienda? Vendemos toda la gama de productos de aventura, deporte y seguridad. Por favor, <strong><a href=\"https:\/\/thrillsyndicate.com\/es\/contacto\/\">env\u00eda a<\/a><\/strong> un correo electr\u00f3nico o consulta la <strong><a href=\"https:\/\/thrillsyndicate.com\/edelrid-safety-price-list-2025\/\">lista de precios de seguridad aqu\u00ed<\/a><\/strong>. \ud83d\udc48<\/h3>\n","protected":false},"excerpt":{"rendered":"<p data-sourcepos=\"1:1-1:70\">La cuerda ENDURO STATIC de Edelrid es una cuerda est\u00e1tica muy duradera y vers\u00e1til, ideal para uso profesional en los sectores de la aventura, el aire libre, las atracciones y el ocio. Ofrece un manejo y una resistencia a la abrasi\u00f3n excepcionales para un rendimiento duradero. <\/p>\n","protected":false},"featured_media":13200,"template":"","meta":{"_coblocks_attr":"","_coblocks_dimensions":"","_coblocks_responsive_height":"","_coblocks_accordion_ie_support":"","wds_primary_product_brand":0,"wds_primary_product_cat":0},"product_brand":[62],"product_cat":[812,844],"product_tag":[177,815,93],"class_list":{"0":"post-19981","1":"product","2":"type-product","3":"status-publish","4":"has-post-thumbnail","6":"product_brand-edelrid","7":"product_cat-ropes","8":"product_cat-professional-ropes","9":"product_tag-static-rope","10":"product_tag-rope","11":"product_tag-descent-rescue","13":"first","14":"instock","15":"taxable","16":"shipping-taxable","17":"purchasable","18":"product-type-variable","19":"has-default-attributes"},"_links":{"self":[{"href":"https:\/\/thrillsyndicate.com\/es\/wp-json\/wp\/v2\/product\/19981","targetHints":{"allow":["GET"]}}],"collection":[{"href":"https:\/\/thrillsyndicate.com\/es\/wp-json\/wp\/v2\/product"}],"about":[{"href":"https:\/\/thrillsyndicate.com\/es\/wp-json\/wp\/v2\/types\/product"}],"wp:featuredmedia":[{"embeddable":true,"href":"https:\/\/thrillsyndicate.com\/es\/wp-json\/wp\/v2\/media\/13200"}],"wp:attachment":[{"href":"https:\/\/thrillsyndicate.com\/es\/wp-json\/wp\/v2\/media?parent=19981"}],"wp:term":[{"taxonomy":"product_brand","embeddable":true,"href":"https:\/\/thrillsyndicate.com\/es\/wp-json\/wp\/v2\/product_brand?post=19981"},{"taxonomy":"product_cat","embeddable":true,"href":"https:\/\/thrillsyndicate.com\/es\/wp-json\/wp\/v2\/product_cat?post=19981"},{"taxonomy":"product_tag","embeddable":true,"href":"https:\/\/thrillsyndicate.com\/es\/wp-json\/wp\/v2\/product_tag?post=19981"}],"curies":[{"name":"wp","href":"https:\/\/api.w.org\/{rel}","templated":true}]}}