{"id":20117,"date":"2024-03-24T16:31:23","date_gmt":"2024-03-24T15:31:23","guid":{"rendered":"https:\/\/thrillsyndicate.com\/shop\/edelrid-prostatic-synctec-static-rope-10-5-11-0-mm\/"},"modified":"2025-08-25T15:18:19","modified_gmt":"2025-08-25T13:18:19","slug":"edelrid-prostatic-synctec-static-rope-10-5-11-0-mm","status":"publish","type":"product","link":"https:\/\/thrillsyndicate.com\/es\/product\/edelrid-prostatic-synctec-static-rope-10-5-11-0-mm\/","title":{"rendered":"Cuerda Est\u00e1tica Edelrid Prostatic SyncTec | 10,5 &#8211; 11,0 mm"},"content":{"rendered":"<p data-sourcepos=\"10:1-10:278\">La cuerda est\u00e1tica Edelrid Prostatic SyncTec cambia las reglas del juego para los operadores profesionales de los sectores de aventura, actividades al aire libre, atracciones y ocio. Esta cuerda prioriza la seguridad y la durabilidad, por lo que es ideal para situaciones de alto riesgo como la escalada, el rescate y los sistemas de poleas. <\/p>\n<h2 data-sourcepos=\"12:1-12:37\">Seguridad y rendimiento inigualables:<\/h2>\n<ul data-sourcepos=\"14:1-16:0\">\n<li data-sourcepos=\"14:1-14:320\"><strong>Tecnolog\u00eda SyncTec:<\/strong> Con una construcci\u00f3n de n\u00facleo y funda permanente e interconectada mec\u00e1nicamente (SyncTec), la Prostatic SyncTec presume de una estabilidad dimensional excepcional y una seguridad inigualable. Este dise\u00f1o \u00fanico minimiza el deslizamiento y garantiza que la cuerda mantenga su forma bajo carga, reduciendo el riesgo de accidentes. <\/li>\n<li data-sourcepos=\"15:1-16:0\"><strong>Mayor vida \u00fatil:<\/strong> La uni\u00f3n permanente entre el n\u00facleo y la funda, combinada con una robusta funda de poli\u00e9ster, prolonga significativamente la vida \u00fatil de la cuerda. Resiste mejor la abrasi\u00f3n y el desgaste que las cuerdas est\u00e1ticas tradicionales, reduciendo los costes de sustituci\u00f3n. <\/li>\n<\/ul>\n<h2 data-sourcepos=\"17:1-17:26\">Precisi\u00f3n y control:<\/h2>\n<ul data-sourcepos=\"19:1-21:0\">\n<li data-sourcepos=\"19:1-19:297\"><strong>Bajo alargamiento:<\/strong> Gracias a la funda de poli\u00e9ster de enrollado m\u00faltiple, el SyncTec Prost\u00e1tico ofrece unos valores excepcionales de bajo alargamiento, inferiores al 3%. Este estiramiento m\u00ednimo proporciona un control y una precisi\u00f3n superiores durante las operaciones cr\u00edticas, garantizando ascensos, r\u00e1peles y maniobras de arrastre sin problemas. <\/li>\n<li data-sourcepos=\"20:1-21:0\"><strong>Manejo f\u00e1cil:<\/strong> El tratamiento Thermo Shield mejora el manejo, haciendo que la cuerda sea c\u00f3moda y f\u00e1cil de agarrar, incluso en condiciones meteorol\u00f3gicas adversas.<\/li>\n<\/ul>\n<h2 data-sourcepos=\"22:1-22:38\">Especificaciones y ventajas clave:<\/h2>\n<ul data-sourcepos=\"24:1-31:0\">\n<li data-sourcepos=\"24:1-24:93\">Conexi\u00f3n permanente n\u00facleo-vaina (SyncTec) para una estabilidad dimensional y una seguridad excepcionales<\/li>\n<li data-sourcepos=\"25:1-25:81\">La robusta funda de poli\u00e9ster maximiza la resistencia a la abrasi\u00f3n y prolonga la vida \u00fatil de la cuerda<\/li>\n<li data-sourcepos=\"26:1-26:86\">La construcci\u00f3n de la vaina con bobinado m\u00faltiple minimiza el alargamiento (&lt;3%) para un control preciso<\/li>\n<li data-sourcepos=\"27:1-27:72\">El tratamiento Thermo Shield garantiza un manejo c\u00f3modo en todas las condiciones<\/li>\n<li data-sourcepos=\"28:1-28:17\">Di\u00e1metro: 11 mm<\/li>\n<li data-sourcepos=\"29:1-29:31\">Fuerza de rotura m\u00ednima: 38 kN<\/li>\n<li data-sourcepos=\"30:1-31:0\">Certificado seg\u00fan la norma EN 1891 Tipo A<\/li>\n<\/ul>\n<h2 data-sourcepos=\"32:1-32:74\">Cuerda est\u00e1tica Edelrid Prostatic SyncTec: invierte en seguridad y confianza<\/h2>\n<p data-sourcepos=\"34:1-34:240\">La cuerda est\u00e1tica Edelrid Prostatic SyncTec es una inversi\u00f3n excepcional para los profesionales que priorizan la seguridad y el rendimiento. Sus incomparables caracter\u00edsticas garantizan la confianza del usuario y un funcionamiento fiable incluso en las situaciones m\u00e1s exigentes. <\/p>\n<p><iframe loading=\"lazy\" title=\"PROSTATIC SYNCTEC (DE) | EDELRID\" width=\"980\" height=\"551\" src=\"https:\/\/www.youtube.com\/embed\/T4eFpMVv1jc?feature=oembed\" frameborder=\"0\" allow=\"accelerometer; autoplay; clipboard-write; encrypted-media; gyroscope; picture-in-picture; web-share\" referrerpolicy=\"strict-origin-when-cross-origin\" allowfullscreen><\/iframe><\/p>\n<h2 data-sourcepos=\"34:1-34:240\">Especificaciones de Prostatic SyncTec 10,5 mm<\/h2>\n<ul>\n<li>Di\u00e1metro: 10,50 mm<\/li>\n<li>Nudabilidad: 1<\/li>\n<li>Proporci\u00f3n de la vaina: 40 %<\/li>\n<li>Schrinkage H20: 1,80 %.<\/li>\n<li>Peso por metro: 79 g\/m<\/li>\n<li>Resistencia m\u00ednima a la rotura: 36 kN<\/li>\n<li>Alargamiento est\u00e1tico: 2,8 %.<\/li>\n<li>Resistencia m\u00ednima a la rotura en nudo de ocho: 20 kN<\/li>\n<li>Certificaci\u00f3n : EN 1891 Tipo A<\/li>\n<li>Material : Poli\u00e9ster \/ Poliamida<\/li>\n<li>Tipo de cuerda: est\u00e1tica A.<\/li>\n<\/ul>\n<p>&nbsp;<\/p>\n<h2 data-sourcepos=\"34:1-34:240\">Especificaciones de Prostatic SyncTec 10,5 mm<\/h2>\n<ul>\n<li>Di\u00e1metro: 11 mm<\/li>\n<li>Nudabilidad: 1<\/li>\n<li>Proporci\u00f3n de la vaina: 37 %<\/li>\n<li>Schrinkage H20: 2 %.<\/li>\n<li>Peso por metro: 85 g\/m<\/li>\n<li>Resistencia m\u00ednima a la rotura: 38 kN<\/li>\n<li>Alargamiento est\u00e1tico: 2,5 %.<\/li>\n<li>Resistencia m\u00ednima a la rotura en nudo de ocho: 22 kN<\/li>\n<li>Certificaci\u00f3n : EN 1891 Tipo A<\/li>\n<li>Material : Poli\u00e9ster \/ Poliamida<\/li>\n<li>Tipo de cuerda: est\u00e1tica A.<\/li>\n<\/ul>\n<h3 class=\"western\">\ud83d\udc49 \u00bfEst\u00e1s buscando un art\u00edculo Edelrid espec\u00edfico que no aparece en la tienda? Vendemos toda la gama de productos de aventura, deporte y seguridad. Por favor, <strong><a href=\"https:\/\/thrillsyndicate.com\/es\/contacto\/\">env\u00eda a<\/a><\/strong> un correo electr\u00f3nico o consulta la <strong><a href=\"https:\/\/thrillsyndicate.com\/edelrid-safety-price-list-2025\/\">lista de precios de seguridad aqu\u00ed<\/a><\/strong>. \ud83d\udc48<\/h3>\n","protected":false},"excerpt":{"rendered":"<p data-sourcepos=\"1:1-1:91\">Seguridad y durabilidad inigualables para profesionales &#8211; La cuerda est\u00e1tica Edelrid Prostatic SyncTec prioriza la seguridad y la durabilidad para uso profesional en escalada, rescate y otras operaciones exigentes. Su conexi\u00f3n permanente n\u00facleo-vaina y su funda resistente a la abrasi\u00f3n la convierten en una elecci\u00f3n fiable para los profesionales. <\/p>\n","protected":false},"featured_media":13019,"template":"","meta":{"_coblocks_attr":"","_coblocks_dimensions":"","_coblocks_responsive_height":"","_coblocks_accordion_ie_support":"","wds_primary_product_brand":0,"wds_primary_product_cat":0},"product_brand":[660],"product_cat":[951,952],"product_tag":[593,954,588],"class_list":{"0":"post-20117","1":"product","2":"type-product","3":"status-publish","4":"has-post-thumbnail","6":"product_brand-edelrid-es","7":"product_cat-cuerdas","8":"product_cat-cuerdas-es","9":"product_tag-cuerda-estatica","10":"product_tag-cuerdas","11":"product_tag-descenso-y-rescate","13":"first","14":"instock","15":"taxable","16":"shipping-taxable","17":"purchasable","18":"product-type-variable","19":"has-default-attributes"},"_links":{"self":[{"href":"https:\/\/thrillsyndicate.com\/es\/wp-json\/wp\/v2\/product\/20117","targetHints":{"allow":["GET"]}}],"collection":[{"href":"https:\/\/thrillsyndicate.com\/es\/wp-json\/wp\/v2\/product"}],"about":[{"href":"https:\/\/thrillsyndicate.com\/es\/wp-json\/wp\/v2\/types\/product"}],"wp:featuredmedia":[{"embeddable":true,"href":"https:\/\/thrillsyndicate.com\/es\/wp-json\/wp\/v2\/media\/13019"}],"wp:attachment":[{"href":"https:\/\/thrillsyndicate.com\/es\/wp-json\/wp\/v2\/media?parent=20117"}],"wp:term":[{"taxonomy":"product_brand","embeddable":true,"href":"https:\/\/thrillsyndicate.com\/es\/wp-json\/wp\/v2\/product_brand?post=20117"},{"taxonomy":"product_cat","embeddable":true,"href":"https:\/\/thrillsyndicate.com\/es\/wp-json\/wp\/v2\/product_cat?post=20117"},{"taxonomy":"product_tag","embeddable":true,"href":"https:\/\/thrillsyndicate.com\/es\/wp-json\/wp\/v2\/product_tag?post=20117"}],"curies":[{"name":"wp","href":"https:\/\/api.w.org\/{rel}","templated":true}]}}