{"id":20132,"date":"2024-03-22T14:58:44","date_gmt":"2024-03-22T13:58:44","guid":{"rendered":"https:\/\/thrillsyndicate.com\/shop\/edelrid-shockstop-y-140-giant-ansi\/"},"modified":"2025-08-25T15:18:12","modified_gmt":"2025-08-25T13:18:12","slug":"edelrid-shockstop-y-140-giant-ansi","status":"publish","type":"product","link":"https:\/\/thrillsyndicate.com\/es\/product\/edelrid-shockstop-y-140-giant-ansi\/","title":{"rendered":"Edelrid Shockstop-Y 140 Giant Ansi"},"content":{"rendered":"<p data-sourcepos=\"9:1-9:223\">Lleva la protecci\u00f3n contra ca\u00eddas al siguiente nivel con el Shockstop-Y 140 Giant Ansi de Edelrid. Este elemento de amarre <strong>con certificaci\u00f3n ANSI<\/strong> est\u00e1 dise\u00f1ado para profesionales que trabajan en altura en los sectores de la aventura, el aire libre, las atracciones y el ocio. <\/p>\n<h2 data-sourcepos=\"11:1-11:53\">Seguridad y flexibilidad inigualables:<\/h2>\n<ul data-sourcepos=\"13:1-16:0\">\n<li data-sourcepos=\"13:1-13:180\"><strong>Protecci\u00f3n sin concesiones:<\/strong> Con un Absorbedor de energ\u00eda integrado y una gran capacidad de carga de 140 kg, el Shockstop-Y 140 Giant Ansi garantiza la m\u00e1xima seguridad en caso de ca\u00edda.<\/li>\n<li data-sourcepos=\"14:1-14:193\"><strong>Maniobra sin esfuerzo:<\/strong> Los brazos el\u00e1sticos y un Mosquet\u00f3n giratorio para la sujeci\u00f3n al arn\u00e9s proporcionan una excepcional libertad de movimientos, permiti\u00e9ndote navegar por cuerdas y estructuras con facilidad.<\/li>\n<li data-sourcepos=\"15:1-16:0\"><strong>Pruebas rigurosas:<\/strong> Probada a fondo y certificada conforme a las normas EN 355 y ANSI Z359.13, puedes confiar en que la Shockstop-Y 140 Giant Ansi ofrecer\u00e1 un rendimiento fiable en entornos exigentes.<\/li>\n<\/ul>\n<h2 data-sourcepos=\"17:1-17:54\">Dise\u00f1ado para la confianza:<\/h2>\n<ul data-sourcepos=\"19:1-23:0\">\n<li data-sourcepos=\"19:1-19:130\"><strong>Doble seguridad:<\/strong> Los grandes mosquetones de aluminio con una abertura de 64 mm ofrecen puntos de conexi\u00f3n seguros para mayor tranquilidad.<\/li>\n<li data-sourcepos=\"20:1-20:106\"><strong>Alcance ampliado:<\/strong> Una extensi\u00f3n del amortiguador de 160 cm proporciona un amplio alcance para diversas aplicaciones.<\/li>\n<li data-sourcepos=\"21:1-23:0\"><strong>Versatilidad para Todos:<\/strong> Homologada para un rango de peso de 60-140 kg, la Shockstop-Y 140 Giant Ansi se adapta a una amplia gama de usuarios.<\/li>\n<\/ul>\n<p data-sourcepos=\"24:1-24:174\">Invierte en tu seguridad y en la de tu equipo. Elige el Shockstop-Y 140 Giant Ansi de Edelrid para disfrutar de una protecci\u00f3n antica\u00eddas sin igual y de confianza cuando trabajes en altura. <\/p>\n<h2 data-sourcepos=\"24:1-24:174\">Todas las especificaciones:<\/h2>\n<ul>\n<li>Certificado ANSI<\/li>\n<li>Extensi\u00f3n del amortiguador: 160 cm<\/li>\n<li>Canto probado seg\u00fan RFU 11.075 y, por tanto, autorizado para uso horizontal<\/li>\n<li>Gran capacidad de carga m\u00e1xima (140 kg)<\/li>\n<li>Mosquet\u00f3n giratorio integrado para conexi\u00f3n al arn\u00e9s<\/li>\n<li>Mosquet\u00f3n grande de aluminio con un ancho de apertura de 64 mm<\/li>\n<li>Homologado para 60 &#8211; 140 kg<\/li>\n<li>Resistencia m\u00ednima a la rotura: 15 kN<\/li>\n<li>Certificaci\u00f3n : EN 355<\/li>\n<li>Certificaci\u00f3n : ANSI Z359.13<\/li>\n<\/ul>\n<h3 class=\"western\">\ud83d\udc49 \u00bfEst\u00e1s buscando un art\u00edculo Edelrid espec\u00edfico que no aparece en la tienda? Vendemos toda la gama de productos de aventura, deporte y seguridad. Por favor, <strong><a href=\"https:\/\/thrillsyndicate.com\/es\/contacto\/\">env\u00eda a<\/a><\/strong> un correo electr\u00f3nico o consulta la <strong><a href=\"https:\/\/thrillsyndicate.com\/edelrid-safety-price-list-2025\/\">lista de precios de seguridad aqu\u00ed<\/a><\/strong>. \ud83d\udc48<\/h3>\n","protected":false},"excerpt":{"rendered":"<p data-sourcepos=\"1:1-1:99\">Edelrid Shockstop-Y 140 Giant Ansi: Protecci\u00f3n antica\u00eddas certificada para profesionales &#8211; El Edelrid Shockstop-Y 140 Giant Ansi es un cord\u00f3n en Y con absorbedor de impactos integrado, dise\u00f1ado para una protecci\u00f3n antica\u00eddas excepcional y libertad de movimientos en aplicaciones profesionales.<\/p>\n","protected":false},"featured_media":12900,"template":"","meta":{"_coblocks_attr":"","_coblocks_dimensions":"","_coblocks_responsive_height":"","_coblocks_accordion_ie_support":"","wds_primary_product_brand":0,"wds_primary_product_cat":0},"product_brand":[660],"product_cat":[965],"product_tag":[957,551,910,552,1031,581],"class_list":{"0":"post-20132","1":"product","2":"type-product","3":"status-publish","4":"has-post-thumbnail","6":"product_brand-edelrid-es","7":"product_cat-lanyards-es","8":"product_tag-absorbedores-de-energia","9":"product_tag-acollador","10":"product_tag-andamios","11":"product_tag-conectando","12":"product_tag-elemento-de-amarre-en-y","13":"product_tag-epp","15":"first","16":"instock","17":"taxable","18":"shipping-taxable","19":"purchasable","20":"product-type-variable","21":"has-default-attributes"},"_links":{"self":[{"href":"https:\/\/thrillsyndicate.com\/es\/wp-json\/wp\/v2\/product\/20132","targetHints":{"allow":["GET"]}}],"collection":[{"href":"https:\/\/thrillsyndicate.com\/es\/wp-json\/wp\/v2\/product"}],"about":[{"href":"https:\/\/thrillsyndicate.com\/es\/wp-json\/wp\/v2\/types\/product"}],"wp:featuredmedia":[{"embeddable":true,"href":"https:\/\/thrillsyndicate.com\/es\/wp-json\/wp\/v2\/media\/12900"}],"wp:attachment":[{"href":"https:\/\/thrillsyndicate.com\/es\/wp-json\/wp\/v2\/media?parent=20132"}],"wp:term":[{"taxonomy":"product_brand","embeddable":true,"href":"https:\/\/thrillsyndicate.com\/es\/wp-json\/wp\/v2\/product_brand?post=20132"},{"taxonomy":"product_cat","embeddable":true,"href":"https:\/\/thrillsyndicate.com\/es\/wp-json\/wp\/v2\/product_cat?post=20132"},{"taxonomy":"product_tag","embeddable":true,"href":"https:\/\/thrillsyndicate.com\/es\/wp-json\/wp\/v2\/product_tag?post=20132"}],"curies":[{"name":"wp","href":"https:\/\/api.w.org\/{rel}","templated":true}]}}