{"id":20135,"date":"2024-03-22T14:16:44","date_gmt":"2024-03-22T13:16:44","guid":{"rendered":"https:\/\/thrillsyndicate.com\/shop\/edelrid-shockstop-lite-i-140-giant\/"},"modified":"2025-08-25T15:28:53","modified_gmt":"2025-08-25T13:28:53","slug":"edelrid-shockstop-lite-i-140-giant","status":"publish","type":"product","link":"https:\/\/thrillsyndicate.com\/es\/product\/edelrid-shockstop-lite-i-140-giant\/","title":{"rendered":"Edelrid Shockstop-Lite-I 140 Giant"},"content":{"rendered":"<p data-sourcepos=\"9:1-9:276\">Mantente seguro y eficiente mientras trabajas en altura con el SHOCKSTOP-LITE-I 140 GIANT de Edelrid. Este elemento de amarre profesional combina un amortiguador fiable con un dise\u00f1o c\u00f3modo, por lo que es ideal para profesionales de los sectores de la aventura, el aire libre, las atracciones y el ocio. <\/p>\n<h2>Seguridad y protecci\u00f3n antica\u00eddas inigualables:<\/h2>\n<ul>\n<li style=\"list-style-type: none;\">\n<ul data-sourcepos=\"14:3-15:85\">\n<li data-sourcepos=\"14:3-14:81\">El Absorbedor de energ\u00eda integrado reduce las fuerzas de impacto de la ca\u00edda, minimizando el riesgo de lesiones.<\/li>\n<li data-sourcepos=\"15:3-15:85\">Certificado seg\u00fan la norma EN 355 para la detenci\u00f3n de ca\u00eddas, garantizando el cumplimiento de las normas de seguridad.<\/li>\n<\/ul>\n<\/li>\n<\/ul>\n<h2>Mayor libertad de movimientos:<\/h2>\n<ul>\n<li style=\"list-style-type: none;\">\n<ul data-sourcepos=\"17:3-18:93\">\n<li data-sourcepos=\"17:3-17:100\">Las correas el\u00e1sticas y el dise\u00f1o compacto de los Absorbedores de energ\u00eda proporcionan un movimiento sin restricciones durante el trabajo.<\/li>\n<li data-sourcepos=\"18:3-18:93\">La gran abertura de 64 mm del Mosquet\u00f3n permite una f\u00e1cil conexi\u00f3n y desconexi\u00f3n.<\/li>\n<\/ul>\n<\/li>\n<\/ul>\n<h2>Construido para uso profesional:<\/h2>\n<ul>\n<li style=\"list-style-type: none;\">\n<ul data-sourcepos=\"20:3-22:0\">\n<li data-sourcepos=\"20:3-20:90\">La elevada capacidad de carga m\u00e1xima de 140 kg permite acomodar diversos pesos de usuarios y equipos.<\/li>\n<li data-sourcepos=\"21:3-22:0\">Probado en los bordes para uso horizontal, a\u00f1adiendo versatilidad a tus opciones de posicionamiento de trabajo.<\/li>\n<\/ul>\n<\/li>\n<\/ul>\n<h2 data-sourcepos=\"23:1-23:37\">Especificaciones:<\/h2>\n<ul data-sourcepos=\"25:1-27:173\">\n<li data-sourcepos=\"25:1-25:175\"><strong>Brazo el\u00e1stico y Mosquet\u00f3n grande:<\/strong> La cincha el\u00e1stica y el Mosquet\u00f3n grande con abertura de compuerta ancha permiten una conexi\u00f3n y un manejo sin esfuerzo con guantes.<\/li>\n<li data-sourcepos=\"26:1-26:150\"><strong>Borde probado para uso horizontal:<\/strong> Aprobado para su uso en aplicaciones horizontales, proporcionando flexibilidad adicional para tus necesidades de posicionamiento de trabajo.<\/li>\n<li data-sourcepos=\"27:1-27:173\"><strong>Construcci\u00f3n duradera y ligera:<\/strong> Fabricado con materiales de alta calidad, el SHOCKSTOP-LITE-I 140 GIANT ofrece una construcci\u00f3n robusta con un peso f\u00e1cil de usar de 730 gramos.<\/li>\n<\/ul>\n<h3 class=\"western\">\ud83d\udc49 \u00bfEst\u00e1s buscando un art\u00edculo Edelrid espec\u00edfico que no aparece en la tienda? Vendemos toda la gama de productos de aventura, deporte y seguridad. Por favor, <strong><a href=\"https:\/\/thrillsyndicate.com\/es\/contacto\/\">env\u00eda a<\/a><\/strong> un correo electr\u00f3nico o consulta la <strong><a href=\"https:\/\/thrillsyndicate.com\/edelrid-safety-price-list-2025\/\">lista de precios de seguridad aqu\u00ed<\/a><\/strong>. \ud83d\udc48<\/h3>\n","protected":false},"excerpt":{"rendered":"<p data-sourcepos=\"1:1-1:95\">Edelrid SHOCKSTOP-LITE-I 140 GIANT: Posicionamiento Laboral Seguro para Profesionales &#8211; El Edelrid SHOCKSTOP-LITE-I 140 GIANT es un elemento de amarre profesional con absorbedor de energ\u00eda integrado, que ofrece una seguridad y libertad de movimientos excepcionales para el posicionamiento laboral en altura.<\/p>\n","protected":false},"featured_media":12873,"template":"","meta":{"_coblocks_attr":"","_coblocks_dimensions":"","_coblocks_responsive_height":"","_coblocks_accordion_ie_support":"","wds_primary_product_brand":0,"wds_primary_product_cat":0},"product_brand":[660],"product_cat":[965],"product_tag":[957,551,910,552,581],"class_list":{"0":"post-20135","1":"product","2":"type-product","3":"status-publish","4":"has-post-thumbnail","6":"product_brand-edelrid-es","7":"product_cat-lanyards-es","8":"product_tag-absorbedores-de-energia","9":"product_tag-acollador","10":"product_tag-andamios","11":"product_tag-conectando","12":"product_tag-epp","14":"first","15":"instock","16":"taxable","17":"shipping-taxable","18":"purchasable","19":"product-type-simple"},"_links":{"self":[{"href":"https:\/\/thrillsyndicate.com\/es\/wp-json\/wp\/v2\/product\/20135","targetHints":{"allow":["GET"]}}],"collection":[{"href":"https:\/\/thrillsyndicate.com\/es\/wp-json\/wp\/v2\/product"}],"about":[{"href":"https:\/\/thrillsyndicate.com\/es\/wp-json\/wp\/v2\/types\/product"}],"wp:featuredmedia":[{"embeddable":true,"href":"https:\/\/thrillsyndicate.com\/es\/wp-json\/wp\/v2\/media\/12873"}],"wp:attachment":[{"href":"https:\/\/thrillsyndicate.com\/es\/wp-json\/wp\/v2\/media?parent=20135"}],"wp:term":[{"taxonomy":"product_brand","embeddable":true,"href":"https:\/\/thrillsyndicate.com\/es\/wp-json\/wp\/v2\/product_brand?post=20135"},{"taxonomy":"product_cat","embeddable":true,"href":"https:\/\/thrillsyndicate.com\/es\/wp-json\/wp\/v2\/product_cat?post=20135"},{"taxonomy":"product_tag","embeddable":true,"href":"https:\/\/thrillsyndicate.com\/es\/wp-json\/wp\/v2\/product_tag?post=20135"}],"curies":[{"name":"wp","href":"https:\/\/api.w.org\/{rel}","templated":true}]}}