{"id":20136,"date":"2024-03-22T14:30:49","date_gmt":"2024-03-22T13:30:49","guid":{"rendered":"https:\/\/thrillsyndicate.com\/shop\/edelrid-shockstop-i-140-giant\/"},"modified":"2025-08-25T15:28:58","modified_gmt":"2025-08-25T13:28:58","slug":"edelrid-shockstop-i-140-giant","status":"publish","type":"product","link":"https:\/\/thrillsyndicate.com\/es\/product\/edelrid-shockstop-i-140-giant\/","title":{"rendered":"Edelrid Shockstop-I 140 Giant"},"content":{"rendered":"<p data-sourcepos=\"9:1-9:223\">Para los profesionales que trabajan en altura en los sectores de la aventura, el aire libre, las atracciones y el ocio, la seguridad es primordial. El Elemento de amarre Edelrid Shockstop-I 140 Giant es una soluci\u00f3n robusta y fiable dise\u00f1ada para mantenerte seguro. <\/p>\n<h2 data-sourcepos=\"11:1-11:46\">Seguridad que inspira confianza<\/h2>\n<ul data-sourcepos=\"13:1-16:0\">\n<li data-sourcepos=\"13:1-13:186\"><strong>Capacidad de carga inigualable:<\/strong> <strong>Con una capacidad nominal de 140 kg<\/strong>, el Shockstop-I 140 Giant supera las normas del sector, proporcionando una protecci\u00f3n antica\u00eddas excepcional a una amplia gama de usuarios.<\/li>\n<li data-sourcepos=\"14:1-14:152\"><strong>Rendimiento a prueba de bordes:<\/strong> <strong>Supera la RFU 11.075 para uso horizontal<\/strong>, garantizando un rendimiento fiable incluso cuando se trabaja en vigas o superficies irregulares.<\/li>\n<li data-sourcepos=\"15:1-16:0\"><strong>Dise\u00f1o Compacto, M\u00e1xima Eficacia:<\/strong> El <strong>Absorbedor de energ\u00eda integrado<\/strong> es peque\u00f1o y discreto, mientras que el <strong>cord\u00f3n extensible<\/strong> ofrece una \u00f3ptima libertad de movimiento.<\/li>\n<\/ul>\n<h2 data-sourcepos=\"17:1-17:40\">Especificaciones y ventajas clave<\/h2>\n<ul data-sourcepos=\"19:1-22:0\">\n<li data-sourcepos=\"19:1-19:150\"><strong>Construcci\u00f3n duradera:<\/strong> <strong>Mosquet\u00f3n grande de aluminio<\/strong> con una amplia abertura de puerta (64 mm) para facilitar la conexi\u00f3n y el manejo, incluso con guantes.<\/li>\n<li data-sourcepos=\"20:1-20:121\"><strong>Maniobrabilidad mejorada:<\/strong> <strong>la extensi\u00f3n de 160 cm del absorbedor de energ\u00eda<\/strong> permite un mayor alcance y flexibilidad durante el trabajo.<\/li>\n<li data-sourcepos=\"21:1-22:0\"><strong>Seguridad sin concesiones:<\/strong> <strong>Con certificaci\u00f3n EN 355<\/strong> y una resistencia m\u00ednima a la rotura de 15 kN, garantiza el cumplimiento de las normas de seguridad m\u00e1s estrictas.<\/li>\n<\/ul>\n<p data-sourcepos=\"23:1-23:110\">Invierte en tu seguridad y tranquilidad con el Elemento de amarre Edelrid Shockstop-I 140 Giant. \u00a1Pide la tuya hoy mismo! <\/p>\n<h2 data-sourcepos=\"23:1-23:110\">Todas las especificaciones<\/h2>\n<ul>\n<li>Canto probado seg\u00fan RFU 11.075 y, por tanto, autorizado para uso horizontal<\/li>\n<li>Extensi\u00f3n del amortiguador: 160 cm<\/li>\n<li>Correa extensible y Absorbedores de energ\u00eda peque\u00f1os y compactos para un manejo \u00f3ptimo<\/li>\n<li>Mosquet\u00f3n grande de aluminio con un ancho de apertura de 64 mm<\/li>\n<li>Gran capacidad de carga m\u00e1xima (140 kg)<\/li>\n<li>Resistencia m\u00ednima a la rotura: 15 kN<\/li>\n<li>Certificaci\u00f3n : EN 355<\/li>\n<\/ul>\n<h3 class=\"western\">\ud83d\udc49 \u00bfEst\u00e1s buscando un art\u00edculo Edelrid espec\u00edfico que no aparece en la tienda? Vendemos toda la gama de productos de aventura, deporte y seguridad. Por favor, <strong><a href=\"https:\/\/thrillsyndicate.com\/es\/contacto\/\">env\u00eda a<\/a><\/strong> un correo electr\u00f3nico o consulta la <strong><a href=\"https:\/\/thrillsyndicate.com\/edelrid-safety-price-list-2025\/\">lista de precios de seguridad aqu\u00ed<\/a><\/strong>. \ud83d\udc48<\/h3>\n","protected":false},"excerpt":{"rendered":"<p data-sourcepos=\"1:1-1:78\">Edelrid Shockstop-I 140 Giant: Salvaguardando a los Profesionales en Trabajos de Alto Riesgo &#8211; El Edelrid Shockstop-I 140 Giant es un elemento de amarre de gran capacidad con un absorbedor de energ\u00eda integrado, ideal para usuarios profesionales de los sectores de la aventura, el aire libre, la diversi\u00f3n y el ocio. Garantiza la m\u00e1xima seguridad durante las ca\u00eddas con una capacidad certificada de 140 kg. <\/p>\n","protected":false},"featured_media":12882,"template":"","meta":{"_coblocks_attr":"","_coblocks_dimensions":"","_coblocks_responsive_height":"","_coblocks_accordion_ie_support":"","wds_primary_product_brand":0,"wds_primary_product_cat":0},"product_brand":[62],"product_cat":[846],"product_tag":[805,57,877,176,67],"class_list":{"0":"post-20136","1":"product","2":"type-product","3":"status-publish","4":"has-post-thumbnail","6":"product_brand-edelrid","7":"product_cat-lanyards","8":"product_tag-energy-absorbers","9":"product_tag-lanyard","10":"product_tag-scaffolding","11":"product_tag-connecting","12":"product_tag-ppe","14":"first","15":"instock","16":"taxable","17":"shipping-taxable","18":"purchasable","19":"product-type-simple"},"_links":{"self":[{"href":"https:\/\/thrillsyndicate.com\/es\/wp-json\/wp\/v2\/product\/20136","targetHints":{"allow":["GET"]}}],"collection":[{"href":"https:\/\/thrillsyndicate.com\/es\/wp-json\/wp\/v2\/product"}],"about":[{"href":"https:\/\/thrillsyndicate.com\/es\/wp-json\/wp\/v2\/types\/product"}],"wp:featuredmedia":[{"embeddable":true,"href":"https:\/\/thrillsyndicate.com\/es\/wp-json\/wp\/v2\/media\/12882"}],"wp:attachment":[{"href":"https:\/\/thrillsyndicate.com\/es\/wp-json\/wp\/v2\/media?parent=20136"}],"wp:term":[{"taxonomy":"product_brand","embeddable":true,"href":"https:\/\/thrillsyndicate.com\/es\/wp-json\/wp\/v2\/product_brand?post=20136"},{"taxonomy":"product_cat","embeddable":true,"href":"https:\/\/thrillsyndicate.com\/es\/wp-json\/wp\/v2\/product_cat?post=20136"},{"taxonomy":"product_tag","embeddable":true,"href":"https:\/\/thrillsyndicate.com\/es\/wp-json\/wp\/v2\/product_tag?post=20136"}],"curies":[{"name":"wp","href":"https:\/\/api.w.org\/{rel}","templated":true}]}}