{"id":20152,"date":"2024-03-24T12:35:12","date_gmt":"2024-03-24T11:35:12","guid":{"rendered":"https:\/\/thrillsyndicate.com\/shop\/edelrid-ombilix-adjust-adjustable-lanyard\/"},"modified":"2025-08-25T15:18:19","modified_gmt":"2025-08-25T13:18:19","slug":"edelrid-ombilix-adjust-adjustable-lanyard","status":"publish","type":"product","link":"https:\/\/thrillsyndicate.com\/es\/product\/edelrid-ombilix-adjust-adjustable-lanyard\/","title":{"rendered":"Edelrid OMBILIX ADJUST | Elemento de amarre ajustable"},"content":{"rendered":"<p data-sourcepos=\"9:1-9:360\">Agiliza tu jornada laboral en las alturas con el OMBILIX ADJUST de Edelrid, un elemento de amarre de posicionamiento ajustable de primera calidad fabricado para ofrecer eficacia y confianza. Este innovador elemento de amarre cuenta con un dise\u00f1o f\u00e1cil de usar, caracter\u00edsticas de seguridad de primer nivel y una construcci\u00f3n robusta, lo que lo convierte en la opci\u00f3n ideal para los profesionales de los sectores de la aventura, las actividades al aire libre, la diversi\u00f3n y el ocio. <\/p>\n<h2 data-sourcepos=\"11:1-11:71\">Ajustabilidad inigualable para un confort \u00f3ptimo:<\/h2>\n<ul data-sourcepos=\"13:1-14:0\">\n<li data-sourcepos=\"13:1-14:0\"><strong>Control de longitud sin esfuerzo:<\/strong> El OMBILIX ADJUST incorpora un bloqueador de cuerda f\u00e1cil de usar, que permite ajustar con rapidez y precisi\u00f3n tu posici\u00f3n de trabajo a lo largo del d\u00eda. \u00a1Se acabaron los tediosos nudos y las p\u00e9rdidas de tiempo! <\/li>\n<\/ul>\n<h2 data-sourcepos=\"15:1-15:60\">La Protecci\u00f3n Superior Te Mantiene Concentrado:<\/h2>\n<ul data-sourcepos=\"17:1-19:0\">\n<li data-sourcepos=\"17:1-17:193\">Cuerda de kernmantle <strong>duradera:<\/strong> Edelrid utiliza una cuerda de kernmantle de 12 mm muy robusta para el OMBILIX ADJUST, que garantiza una solidez y una resistencia a la abrasi\u00f3n excepcionales para un rendimiento duradero.<\/li>\n<li data-sourcepos=\"18:1-19:0\"><strong>Cubierta protectora:<\/strong> Una cubierta ajustable protege la cuerda del sistema del desgaste, alargando la vida \u00fatil de tu equipo vital.<\/li>\n<\/ul>\n<h2 data-sourcepos=\"20:1-20:66\">Caracter\u00edsticas de seguridad que inspiran confianza:<\/h2>\n<ul data-sourcepos=\"22:1-24:0\">\n<li data-sourcepos=\"22:1-22:165\"><strong>Certificado EN 358:<\/strong> Puedes estar seguro de que el OMBILIX ADJUST cumple la rigurosa norma EN 358 para los elementos de amarre de posicionamiento en el trabajo, garantizando tu seguridad en las alturas.<\/li>\n<li data-sourcepos=\"23:1-24:0\"><strong>Mosquetones de alto rendimiento:<\/strong> Este Elemento de amarre viene equipado con el fiable mosquet\u00f3n DSG TRITON para un manejo intuitivo y el robusto mosquet\u00f3n Oval Power 2500 con cierre de triple bloqueo para una sujeci\u00f3n segura a tu arn\u00e9s.<\/li>\n<\/ul>\n<h2 data-sourcepos=\"25:1-25:23\">Especificaciones clave:<\/h2>\n<ul data-sourcepos=\"27:1-30:0\">\n<li data-sourcepos=\"27:1-27:21\">Di\u00e1metro de la cuerda: 12 mm<\/li>\n<li data-sourcepos=\"28:1-28:14\">Peso: 900 g<\/li>\n<li data-sourcepos=\"29:1-30:0\">Resistencia m\u00ednima a la rotura: 15kN<\/li>\n<li>Cubierta ajustable para proteger la cuerda del sistema<\/li>\n<li>Construcci\u00f3n kernmantle muy robusta<\/li>\n<li>Incluye el Mosquet\u00f3n DSG TRITON con mecanismo intuitivo y seguro de apriete con la palma de la mano y el Mosquet\u00f3n OVAL POWER 2500 con mecanismo de cierre Triple Lock para engancharlo al arn\u00e9s<\/li>\n<li>La cuerda puede sustituirse si es necesario<\/li>\n<li>Certificaci\u00f3n : EN 358<\/li>\n<\/ul>\n<p data-sourcepos=\"33:1-33:304\">El OMBILIX ADJUST de Edelrid es el compa\u00f1ero definitivo para los profesionales que buscan un elemento de amarre de posicionamiento fiable, ajustable y seguro. Con su dise\u00f1o f\u00e1cil de usar, sus caracter\u00edsticas de seguridad de primera categor\u00eda y su excepcional durabilidad, el OMBILIX ADJUST te permite centrarte en la tarea que tienes entre manos, no en tu equipo. <\/p>\n<h3 class=\"western\">\ud83d\udc49 \u00bfEst\u00e1s buscando un art\u00edculo Edelrid espec\u00edfico que no aparece en la tienda? Vendemos toda la gama de productos de aventura, deporte y seguridad. Por favor, <strong><a href=\"https:\/\/thrillsyndicate.com\/es\/contacto\/\">env\u00eda a<\/a><\/strong> un correo electr\u00f3nico o consulta la <strong><a href=\"https:\/\/thrillsyndicate.com\/edelrid-safety-price-list-2025\/\">lista de precios de seguridad aqu\u00ed<\/a><\/strong>. \ud83d\udc48<\/h3>\n","protected":false},"excerpt":{"rendered":"<p data-sourcepos=\"1:1-1:64\">Posicionamiento de trabajo en altura sin esfuerzo &#8211; El Edelrid OMBILIX ADJUST es un elemento de amarre de posicionamiento ajustable dise\u00f1ado para ofrecer una comodidad y seguridad excepcionales durante el posicionamiento de trabajo en altura.<\/p>\n","protected":false},"featured_media":12921,"template":"","meta":{"_coblocks_attr":"","_coblocks_dimensions":"","_coblocks_responsive_height":"","_coblocks_accordion_ie_support":"","wds_primary_product_brand":0,"wds_primary_product_cat":0},"product_brand":[62],"product_cat":[846],"product_tag":[57,877,176,807,67],"class_list":{"0":"post-20152","1":"product","2":"type-product","3":"status-publish","4":"has-post-thumbnail","6":"product_brand-edelrid","7":"product_cat-lanyards","8":"product_tag-lanyard","9":"product_tag-scaffolding","10":"product_tag-connecting","11":"product_tag-adjustable-lanyard","12":"product_tag-ppe","14":"first","15":"instock","16":"taxable","17":"shipping-taxable","18":"purchasable","19":"product-type-variable","20":"has-default-attributes"},"_links":{"self":[{"href":"https:\/\/thrillsyndicate.com\/es\/wp-json\/wp\/v2\/product\/20152","targetHints":{"allow":["GET"]}}],"collection":[{"href":"https:\/\/thrillsyndicate.com\/es\/wp-json\/wp\/v2\/product"}],"about":[{"href":"https:\/\/thrillsyndicate.com\/es\/wp-json\/wp\/v2\/types\/product"}],"wp:featuredmedia":[{"embeddable":true,"href":"https:\/\/thrillsyndicate.com\/es\/wp-json\/wp\/v2\/media\/12921"}],"wp:attachment":[{"href":"https:\/\/thrillsyndicate.com\/es\/wp-json\/wp\/v2\/media?parent=20152"}],"wp:term":[{"taxonomy":"product_brand","embeddable":true,"href":"https:\/\/thrillsyndicate.com\/es\/wp-json\/wp\/v2\/product_brand?post=20152"},{"taxonomy":"product_cat","embeddable":true,"href":"https:\/\/thrillsyndicate.com\/es\/wp-json\/wp\/v2\/product_cat?post=20152"},{"taxonomy":"product_tag","embeddable":true,"href":"https:\/\/thrillsyndicate.com\/es\/wp-json\/wp\/v2\/product_tag?post=20152"}],"curies":[{"name":"wp","href":"https:\/\/api.w.org\/{rel}","templated":true}]}}