{"id":20161,"date":"2024-03-21T12:50:41","date_gmt":"2024-03-21T11:50:41","guid":{"rendered":"https:\/\/thrillsyndicate.com\/shop\/edelrid-flex-pro-full-body-harness\/"},"modified":"2025-08-25T15:53:10","modified_gmt":"2025-08-25T13:53:10","slug":"edelrid-flex-pro-full-body-harness","status":"publish","type":"product","link":"https:\/\/thrillsyndicate.com\/es\/product\/edelrid-flex-pro-full-body-harness\/","title":{"rendered":"Edelrid FLEX PRO | Arn\u00e9s completo"},"content":{"rendered":"<p data-sourcepos=\"7:1-7:240\">El Arn\u00e9s completo Edelrid FLEX PRO es una soluci\u00f3n de primer nivel para los profesionales que trabajan en zonas con riesgo de ca\u00eddas. Este arn\u00e9s prioriza la comodidad y la capacidad de ajuste para llevarlo todo el d\u00eda, a la vez que incorpora caracter\u00edsticas de seguridad cruciales para mantenerte protegido. <\/p>\n<h2 data-sourcepos=\"9:1-9:44\">Un confort inigualable se une a una seguridad inquebrantable<\/h2>\n<p data-sourcepos=\"11:1-11:368\"><strong>Movilidad sin esfuerzo:<\/strong> El sistema de chaqueta del FLEX PRO permite un ajuste perfecto a cualquier tipo de cuerpo, garantizando la libertad de movimientos durante toda la jornada laboral. <strong>Funciones de seguridad avanzadas:<\/strong> Edelrid da prioridad a tu bienestar. Un indicador de ca\u00edda muestra claramente si se ha encontrado una carga superior a 6 kN, mientras que las correas de inspecci\u00f3n integradas revelan posibles da\u00f1os en las correas. <\/p>\n<h2 data-sourcepos=\"13:1-13:34\">Construido para resistir los elementos<\/h2>\n<p data-sourcepos=\"15:1-15:291\"><strong>Construcci\u00f3n duradera:<\/strong> Edelrid utiliza materiales robustos y un forro de malla 3D de superficie cerrada para garantizar que el FLEX PRO pueda soportar condiciones de trabajo duras. <strong>Dise\u00f1o funcional:<\/strong> Cuatro trabillas para el equipo y puntos de enganche para bolsas portaherramientas Edelrid (hasta 25 kg) mantienen tus objetos esenciales a mano.<\/p>\n<h2 data-sourcepos=\"17:1-17:49\">Especificaciones Edelrid FLEX PRO: Un vistazo m\u00e1s de cerca<\/h2>\n<ul data-sourcepos=\"19:1-25:0\">\n<li data-sourcepos=\"19:1-19:20\"><strong>Peso:<\/strong> 1940 g<\/li>\n<li data-sourcepos=\"20:1-20:60\"><strong>Certificaciones:<\/strong> EN 361, EN 358, ANSI\/ASSE Z359.11-2014<\/li>\n<li data-sourcepos=\"21:1-21:75\"><strong>Ojales Antica\u00eddas:<\/strong> Textil (dorsal y esternal), conforme a EN 361<\/li>\n<li data-sourcepos=\"22:1-22:72\"><strong>Perneras:<\/strong> Ajustable con hebillas de triple cierre, acolchado desmontable<\/li>\n<li data-sourcepos=\"23:1-23:54\"><strong>Soporte para la espalda:<\/strong> Acolchado ancho, placa de respaldo extra\u00edble<\/li>\n<li data-sourcepos=\"24:1-25:0\"><strong>Caracter\u00edsticas adicionales:<\/strong> Hebillas Easy Glider, bolsillo RFID, cinchas de inspecci\u00f3n<\/li>\n<\/ul>\n<p data-sourcepos=\"26:1-26:95\"><strong>Mantente seguro y c\u00f3modo en altura. Elige hoy mismo el Arn\u00e9s completo Edelrid FLEX PRO. <\/strong><\/p>\n<p><iframe loading=\"lazy\" title=\"Edelrid FLEX LITE, FLEX PRO &amp; FLEX PRO PLUS  Harnesses\" width=\"980\" height=\"551\" src=\"https:\/\/www.youtube.com\/embed\/cTBc2P0vtio?feature=oembed\" frameborder=\"0\" allow=\"accelerometer; autoplay; clipboard-write; encrypted-media; gyroscope; picture-in-picture; web-share\" referrerpolicy=\"strict-origin-when-cross-origin\" allowfullscreen><\/iframe><\/p>\n<h2>Todas las especificaciones<\/h2>\n<ul>\n<li>F\u00e1cil de poner y ajustar a cualquier tama\u00f1o corporal gracias al sistema de chaqueta<\/li>\n<li>Placa posterior integrada y extra\u00edble para una mayor protecci\u00f3n, por ejemplo al escalar en espacios reducidos<\/li>\n<li>Los ojales antica\u00eddas textiles (dorsal y esternal en dos partes) conforme a la norma EN 361 permanecen abiertos bajo precarga y permiten colocar f\u00e1cilmente otro mosquet\u00f3n<\/li>\n<li>Indicador de ca\u00edda en el acolchado trasero; una etiqueta roja se hace visible en la ventana de la placa trasera tras una carga superior a 6 kN<\/li>\n<li>Todas las correas de carga est\u00e1n equipadas con cinta indicadora; las fibras rojas se hacen visibles en caso de da\u00f1os<\/li>\n<li>Articulaciones textiles para una adaptaci\u00f3n \u00f3ptima a los movimientos, incluso cuando las correas est\u00e1n tirantes<\/li>\n<li>Acolchado para el hombro con bolsillo RFID, campo de etiquetado y opci\u00f3n de enganche para el dispositivo inal\u00e1mbrico<\/li>\n<li>Hebilla Easy Glider en las correas de los hombros para ajustarlas f\u00e1cilmente, guarda correas desmontable para guardarlas limpiamente<\/li>\n<li>Acolchado desmontable para las piernas<\/li>\n<li>La malla 3D con estructura de superficie cerrada evita la adherencia de suciedad y gravilla y permite una buena circulaci\u00f3n del aire<\/li>\n<li>Hebillas de triple cierre en piernas y caderas para mayor seguridad<\/li>\n<li>Dos grandes anillas en D de aluminio como ojales laterales seg\u00fan la norma EN 358 proporcionan una posici\u00f3n de trabajo y una posici\u00f3n de espera para sujetar una eslinga<\/li>\n<li>Cuatro anillas textiles<\/li>\n<li>Cuatro opciones de fijaci\u00f3n para las bolsas de herramientas EDELRID (carga: 25 kg)<\/li>\n<li>Los ojales antica\u00eddas textiles (dorsal y esternal en dos partes) conforme a la norma EN 361 permanecen abiertos bajo precarga y permiten colocar f\u00e1cilmente otro mosquet\u00f3n<\/li>\n<li>Peso m\u00e1ximo del usuario: 150 kg<\/li>\n<li>Certificaci\u00f3n : EN 361<\/li>\n<li>Certificaci\u00f3n : EN 358<\/li>\n<li>Certificaci\u00f3n : ANSI \/ ASSE Z359.11-2014<\/li>\n<li>Ojales Antica\u00eddas Delanteros<\/li>\n<li>Antica\u00eddas Ojal Espalda<\/li>\n<li>Ojales laterales<\/li>\n<li>Perneras ajustables<\/li>\n<li>Acolchado de espuma m\u00f3vil en la cintura<\/li>\n<\/ul>\n<h3 class=\"western\">\ud83d\udc49 \u00bfEst\u00e1s buscando un art\u00edculo Edelrid espec\u00edfico que no aparece en la tienda? Vendemos toda la gama de productos de aventura, deporte y seguridad. Por favor, <strong><a href=\"https:\/\/thrillsyndicate.com\/es\/contacto\/\">env\u00eda a<\/a><\/strong> un correo electr\u00f3nico o consulta la <strong><a href=\"https:\/\/thrillsyndicate.com\/edelrid-safety-price-list-2025\/\">lista de precios de seguridad aqu\u00ed<\/a><\/strong>. \ud83d\udc48<\/h3>\n<p>&nbsp;<\/p>\n","protected":false},"excerpt":{"rendered":"<p>Arn\u00e9s completo Edelrid FLEX PRO: Seguridad y Confort en Altura. Arn\u00e9s c\u00f3modo y pr\u00e1ctico para trabajar en zonas con riesgo de ca\u00eddas. Equipado con un indicador de ca\u00edda y un amplio acolchado dorsal, es agradable de llevar y se adapta perfectamente a cualquier forma corporal.  <\/p>\n","protected":false},"featured_media":12789,"template":"","meta":{"_coblocks_attr":"","_coblocks_dimensions":"","_coblocks_responsive_height":"","_coblocks_accordion_ie_support":"","wds_primary_product_brand":0,"wds_primary_product_cat":0},"product_brand":[660],"product_cat":[852,569,916],"product_tag":[910,576,588,581,853],"class_list":{"0":"post-20161","1":"product","2":"type-product","3":"status-publish","4":"has-post-thumbnail","6":"product_brand-edelrid-es","7":"product_cat-arneses-de-seguridad-laboral","8":"product_cat-arneses-para-cuerdas","9":"product_cat-arneses-profesionales","10":"product_tag-andamios","11":"product_tag-arnes-de-cuerpo-entero","12":"product_tag-descenso-y-rescate","13":"product_tag-epp","14":"product_tag-seguridad-en-el-trabajo","16":"first","17":"instock","18":"taxable","19":"shipping-taxable","20":"purchasable","21":"product-type-variable","22":"has-default-attributes"},"_links":{"self":[{"href":"https:\/\/thrillsyndicate.com\/es\/wp-json\/wp\/v2\/product\/20161","targetHints":{"allow":["GET"]}}],"collection":[{"href":"https:\/\/thrillsyndicate.com\/es\/wp-json\/wp\/v2\/product"}],"about":[{"href":"https:\/\/thrillsyndicate.com\/es\/wp-json\/wp\/v2\/types\/product"}],"wp:featuredmedia":[{"embeddable":true,"href":"https:\/\/thrillsyndicate.com\/es\/wp-json\/wp\/v2\/media\/12789"}],"wp:attachment":[{"href":"https:\/\/thrillsyndicate.com\/es\/wp-json\/wp\/v2\/media?parent=20161"}],"wp:term":[{"taxonomy":"product_brand","embeddable":true,"href":"https:\/\/thrillsyndicate.com\/es\/wp-json\/wp\/v2\/product_brand?post=20161"},{"taxonomy":"product_cat","embeddable":true,"href":"https:\/\/thrillsyndicate.com\/es\/wp-json\/wp\/v2\/product_cat?post=20161"},{"taxonomy":"product_tag","embeddable":true,"href":"https:\/\/thrillsyndicate.com\/es\/wp-json\/wp\/v2\/product_tag?post=20161"}],"curies":[{"name":"wp","href":"https:\/\/api.w.org\/{rel}","templated":true}]}}