{"id":20167,"date":"2024-03-21T15:51:44","date_gmt":"2024-03-21T14:51:44","guid":{"rendered":"https:\/\/thrillsyndicate.com\/shop\/edelrid-treerex-triple-lock-sit-harness\/"},"modified":"2025-08-25T15:29:24","modified_gmt":"2025-08-25T13:29:24","slug":"edelrid-treerex-triple-lock-sit-harness","status":"publish","type":"product","link":"https:\/\/thrillsyndicate.com\/es\/product\/edelrid-treerex-triple-lock-sit-harness\/","title":{"rendered":"Arn\u00e9s Edelrid TREEREX II | Sit"},"content":{"rendered":"<p>Conquista cualquier reto en la copa de un \u00e1rbol con el Arn\u00e9s de Asiento TREEREX II de Edelrid. Comodidad inigualable, configuraciones seguras de puentes de cuerda y funcionalidad superior para arboricultores profesionales. <\/p>\n<h2 data-sourcepos=\"7:1-7:42\">Comodidad y transpirabilidad inigualables:<\/h2>\n<ul data-sourcepos=\"9:1-10:0\">\n<li data-sourcepos=\"9:1-10:0\"><strong>Tecnolog\u00eda 3D Vent:<\/strong> Experimenta una comodidad excepcional gracias al acolchado semirr\u00edgido ancho moldeado en 3D que distribuye el peso uniformemente y maximiza la transpirabilidad durante un uso prolongado.<\/li>\n<\/ul>\n<h2 data-sourcepos=\"11:1-11:46\">Versatilidad y eficacia sin precedentes:<\/h2>\n<ul data-sourcepos=\"13:1-15:0\">\n<li data-sourcepos=\"13:1-13:180\"><strong>M\u00faltiples Configuraciones de Puentes de Cuerda:<\/strong> El TREEREX permite varias configuraciones de puente de cuerda para diversas aplicaciones de trabajo, junto con un puente SRT opcional para trabajos con una sola cuerda.<\/li>\n<li data-sourcepos=\"14:1-15:0\"><strong>Flujo de trabajo optimizado:<\/strong> Cuatro grandes trabillas para el equipo, numerosos puntos de enganche de mosquet\u00f3n y un sistema de suspensi\u00f3n de motosierra mantienen tus herramientas organizadas y f\u00e1cilmente accesibles.<\/li>\n<\/ul>\n<h2 data-sourcepos=\"16:1-16:42\">Seguridad y durabilidad en las que puedes confiar:<\/h2>\n<ul data-sourcepos=\"18:1-21:0\">\n<li data-sourcepos=\"18:1-18:84\"><strong>Hebillas de triple cierre:<\/strong> Garantizan que el arn\u00e9s se ponga y se quite r\u00e1pida y f\u00e1cilmente.<\/li>\n<li data-sourcepos=\"19:1-19:115\"><strong>Indicadores de da\u00f1os:<\/strong> Las fibras rojas entretejidas en las correas se\u00f1alan el desgaste, favoreciendo la sustituci\u00f3n segura del arn\u00e9s.<\/li>\n<li data-sourcepos=\"20:1-21:0\"><strong>Seguridad certificada:<\/strong> Cumple las normas EN 358, EN 813, ANSI Z133 y ASTM F887 para uso arbor\u00edcola.<\/li>\n<\/ul>\n<h2 data-sourcepos=\"22:1-22:30\">Especificaciones adicionales:<\/h2>\n<ul data-sourcepos=\"24:1-27:0\">\n<li data-sourcepos=\"24:1-24:20\"><strong>Peso:<\/strong> 1,5 kg<\/li>\n<li data-sourcepos=\"25:1-25:84\"><strong>Ojales laterales:<\/strong> Para fijar puentes de cuerda o estabilizar tu posici\u00f3n de trabajo.<\/li>\n<li data-sourcepos=\"26:1-27:0\"><strong>Bolsa de primeros auxilios y puente SRT incluidos:<\/strong> Mejora tu preparaci\u00f3n y eficacia.<\/li>\n<\/ul>\n<p data-sourcepos=\"28:1-28:164\">Invierte en el Arn\u00e9s Sentado TREEREX de Edelrid y experimenta la cumbre de la comodidad, la versatilidad y la seguridad para todas tus necesidades profesionales en el cuidado de los \u00e1rboles.<\/p>\n<p><iframe loading=\"lazy\" title=\"The TREEREX II Harness | EDELRID\" width=\"980\" height=\"551\" src=\"https:\/\/www.youtube.com\/embed\/CZTvjWVt8Q8?feature=oembed\" frameborder=\"0\" allow=\"accelerometer; autoplay; clipboard-write; encrypted-media; gyroscope; picture-in-picture; web-share\" referrerpolicy=\"strict-origin-when-cross-origin\" allowfullscreen><\/iframe><\/p>\n<h2>Especificaciones completas<\/h2>\n<ul>\n<li>Tecnolog\u00eda 3D Vent: sujeci\u00f3n y comodidad insuperables gracias al moldeado tridimensional, la amplia distribuci\u00f3n de la fuerza y la m\u00e1xima transpirabilidad<\/li>\n<li>Todas las correas de carga est\u00e1n equipadas con cinta indicadora; las fibras rojas se hacen visibles en caso de da\u00f1o para informar al usuario de que debe sustituir el arn\u00e9s<\/li>\n<li>Las hebillas de doble cierre del cintur\u00f3n y las perneras permiten ponerse y quitarse f\u00e1cilmente el arn\u00e9s<\/li>\n<li>Correas de las perneras con protectores textiles contra la abrasi\u00f3n de Dyneema<\/li>\n<li>Ojales de sujeci\u00f3n laterales en las perneras para instalar hasta dos puentes de cuerda o para estabilizar el puesto de trabajo<\/li>\n<li>El \u00e1ngulo de los ojales de sujeci\u00f3n laterales tambi\u00e9n se puede ajustar bajo carga gracias a un mecanismo de ajuste inteligente para una posici\u00f3n de trabajo \u00f3ptima en el \u00e1rbol<\/li>\n<li>Dos puentes de cuerda codificados por colores y un anillo de anclaje para una m\u00e1xima libertad de movimiento lateral<\/li>\n<li>Incluye bolsa de primeros auxilios y puente SRT <\/li>\n<li>NFC interior<\/li>\n<li>En el cintur\u00f3n de cadera integrado<\/li>\n<li>Certificaci\u00f3n: EN 358<\/li>\n<li>Certificaci\u00f3n: EN 813<\/li>\n<li>Certificaci\u00f3n: ANSI Z133<\/li>\n<li>Certificaci\u00f3n: + Vector Pecho X\/Y = EN 361<\/li>\n<li>Lazo de sujeci\u00f3n<\/li>\n<\/ul>\n<h3>Tabla de tallas: TREEREX II<\/h3>\n<div class=\"ed-blog-content\">\n<p>Aqu\u00ed encontrar\u00e1s la tabla de tallas actual.<\/p>\n<\/div>\n<div class=\"uk-margin-medium-top uk-position-relative ed-modal-size-chart-table-container\">\n<table class=\"uk-table ed-table-fixed ed-table-sticky uk-margin-remove-top\">\n<thead>\n<tr>\n<th>Talla<\/th>\n<th>Circunferencia de cadera<\/th>\n<th>Circunferencia de muslos<\/th>\n<\/tr>\n<\/thead>\n<tbody>\n<tr>\n<td>Talla 0<\/td>\n<td>58 &#8211; 75 cm<\/td>\n<td>48 &#8211; 63 cm<\/td>\n<\/tr>\n<tr>\n<td>TALLA 1<\/td>\n<td>68 &#8211; 109 cm<\/td>\n<td>50 &#8211; 65 cm<\/td>\n<\/tr>\n<tr>\n<td>TALLA 2<\/td>\n<td>84 &#8211; 121 cm<\/td>\n<td>57 &#8211; 72 cm<\/td>\n<\/tr>\n<\/tbody>\n<\/table>\n<\/div>\n<div class=\"uk-margin-medium-top uk-position-relative ed-modal-size-chart-table-container\">\n<h3 class=\"western\">\ud83d\udc49 \u00bfEst\u00e1s buscando un art\u00edculo Edelrid espec\u00edfico que no aparece en la tienda? Vendemos toda la gama de productos de aventura, deporte y seguridad. Por favor, <strong><a href=\"https:\/\/thrillsyndicate.com\/es\/contacto\/\">env\u00eda a<\/a><\/strong> un correo electr\u00f3nico o consulta la <strong><a href=\"https:\/\/thrillsyndicate.com\/edelrid-safety-price-list-2025\/\">lista de precios de seguridad aqu\u00ed<\/a><\/strong>. \ud83d\udc48<\/h3>\n<\/div>\n","protected":false},"excerpt":{"rendered":"<p>Arn\u00e9s de Asiento Edelrid TREEREX II: M\u00e1xima Comodidad y Versatilidad para Arboricultores. El Arn\u00e9s Sentado Edelrid TREEREX ofrece una comodidad y versatilidad sin igual para los arboricultores profesionales. Con caracter\u00edsticas innovadoras como la tecnolog\u00eda de ventilaci\u00f3n 3D y m\u00faltiples configuraciones de puentes de cuerda, es el arn\u00e9s definitivo para el cuidado de los \u00e1rboles.  <\/p>\n","protected":false},"featured_media":12852,"template":"","meta":{"_coblocks_attr":"","_coblocks_dimensions":"","_coblocks_responsive_height":"","_coblocks_accordion_ie_support":"","wds_primary_product_brand":0,"wds_primary_product_cat":0},"product_brand":[660],"product_cat":[852,569,916],"product_tag":[1074,1026,581,853],"class_list":{"0":"post-20167","1":"product","2":"type-product","3":"status-publish","4":"has-post-thumbnail","6":"product_brand-edelrid-es","7":"product_cat-arneses-de-seguridad-laboral","8":"product_cat-arneses-para-cuerdas","9":"product_cat-arneses-profesionales","10":"product_tag-arnes-sit","11":"product_tag-cuidado-de-los-arboles","12":"product_tag-epp","13":"product_tag-seguridad-en-el-trabajo","15":"first","16":"instock","17":"taxable","18":"shipping-taxable","19":"purchasable","20":"product-type-variable","21":"has-default-attributes"},"_links":{"self":[{"href":"https:\/\/thrillsyndicate.com\/es\/wp-json\/wp\/v2\/product\/20167","targetHints":{"allow":["GET"]}}],"collection":[{"href":"https:\/\/thrillsyndicate.com\/es\/wp-json\/wp\/v2\/product"}],"about":[{"href":"https:\/\/thrillsyndicate.com\/es\/wp-json\/wp\/v2\/types\/product"}],"wp:featuredmedia":[{"embeddable":true,"href":"https:\/\/thrillsyndicate.com\/es\/wp-json\/wp\/v2\/media\/12852"}],"wp:attachment":[{"href":"https:\/\/thrillsyndicate.com\/es\/wp-json\/wp\/v2\/media?parent=20167"}],"wp:term":[{"taxonomy":"product_brand","embeddable":true,"href":"https:\/\/thrillsyndicate.com\/es\/wp-json\/wp\/v2\/product_brand?post=20167"},{"taxonomy":"product_cat","embeddable":true,"href":"https:\/\/thrillsyndicate.com\/es\/wp-json\/wp\/v2\/product_cat?post=20167"},{"taxonomy":"product_tag","embeddable":true,"href":"https:\/\/thrillsyndicate.com\/es\/wp-json\/wp\/v2\/product_tag?post=20167"}],"curies":[{"name":"wp","href":"https:\/\/api.w.org\/{rel}","templated":true}]}}