{"id":20173,"date":"2024-03-21T13:18:14","date_gmt":"2024-03-21T12:18:14","guid":{"rendered":"https:\/\/thrillsyndicate.com\/shop\/edelrid-flex-lite-full-body-harness\/"},"modified":"2025-08-25T15:29:29","modified_gmt":"2025-08-25T13:29:29","slug":"edelrid-flex-lite-full-body-harness","status":"publish","type":"product","link":"https:\/\/thrillsyndicate.com\/es\/product\/edelrid-flex-lite-full-body-harness\/","title":{"rendered":"Edelrid FLEX LITE | Arn\u00e9s completo"},"content":{"rendered":"<p data-sourcepos=\"5:1-5:264\">El Arn\u00e9s completo FLEX LITE de Edelrid es el m\u00e1s ligero de su serie, y ofrece un confort excepcional, f\u00e1cil ajuste y caracter\u00edsticas de seguridad esenciales para uso profesional en los sectores de la aventura, las actividades al aire libre, la diversi\u00f3n y el ocio.<\/p>\n<p data-sourcepos=\"9:1-9:302\">Alza nuevas alturas con el Arn\u00e9s completo Edelrid FLEX LITE. Este campe\u00f3n del dise\u00f1o ligero no compromete la seguridad ni la comodidad. Fabricado para profesionales de los sectores de la aventura, las actividades al aire libre, la diversi\u00f3n y el ocio, el FLEX LITE te mantiene \u00e1gil y seguro mientras conquistas cualquier reto.  <\/p>\n<h2 data-sourcepos=\"11:1-11:25\">Ventajas inigualables:<\/h2>\n<ul data-sourcepos=\"13:1-16:0\">\n<li data-sourcepos=\"13:1-13:164\"><strong>Libertad Peso Pluma:<\/strong> Con un peso de s\u00f3lo 1100 gramos, el FLEX LITE es el arn\u00e9s m\u00e1s ligero de la serie FLEX de Edelrid, lo que minimiza la fatiga y maximiza la movilidad.<\/li>\n<li data-sourcepos=\"14:1-14:196\"><strong>Ajuste sin esfuerzo:<\/strong> Las hebillas Easy Glider en los hombros y las hebillas Triple Lock en las piernas y las caderas garantizan un ajuste preciso y c\u00f3modo, f\u00e1cil de regular, incluso con guantes.<\/li>\n<li data-sourcepos=\"15:1-16:0\"><strong>Seguridad en la que puedes confiar:<\/strong> La FLEX LITE incorpora un indicador de ca\u00edda que confirma visualmente que se ha producido una detenci\u00f3n de ca\u00edda, junto con una cinta indicadora en las correas de carga para identificar posibles da\u00f1os.<\/li>\n<\/ul>\n<h2 data-sourcepos=\"17:1-17:53\">Especificaciones t\u00e9cnicas &#8211; Construida para rendir:<\/h2>\n<ul data-sourcepos=\"19:1-22:0\">\n<li data-sourcepos=\"19:1-19:142\"><strong>Dise\u00f1o duradero:<\/strong> Certificado seg\u00fan las normas EN 361 y ANSI\/ASSE Z359.11-2014, el FLEX LITE est\u00e1 fabricado para soportar entornos de trabajo exigentes.<\/li>\n<li data-sourcepos=\"20:1-20:98\"><strong>Peso m\u00e1ximo del usuario:<\/strong> Con una capacidad de 150 kg, el arn\u00e9s se adapta a una amplia gama de usuarios.<\/li>\n<li data-sourcepos=\"21:1-22:0\"><strong>Comodidad transpirable:<\/strong> El forro de malla 3D favorece la circulaci\u00f3n del aire y evita la acumulaci\u00f3n de suciedad y residuos, manteni\u00e9ndote fresco y c\u00f3modo durante toda la jornada laboral.<\/li>\n<\/ul>\n<h2 data-sourcepos=\"23:1-23:40\">Caracter\u00edsticas principales &#8211; Cada detalle importa:<\/h2>\n<ul data-sourcepos=\"25:1-27:136\">\n<li data-sourcepos=\"25:1-25:125\"><strong>Acolchado desmontable:<\/strong> Tanto el acolchado de las perneras como el de las correas son extra\u00edbles para ofrecer una comodidad personalizada y un almacenamiento racionalizado.<\/li>\n<li data-sourcepos=\"26:1-26:90\"><strong>Bolsillo RFID:<\/strong> El acolchado del hombro integra un bolsillo RFID para facilitar la identificaci\u00f3n.<\/li>\n<li data-sourcepos=\"27:1-27:136\"><strong>M\u00faltiples puntos de enganche:<\/strong> Los ojales antica\u00eddas textiles de la parte delantera, la espalda y el estern\u00f3n permiten una fijaci\u00f3n vers\u00e1til con mosquet\u00f3n.<\/li>\n<\/ul>\n<p><iframe loading=\"lazy\" title=\"Edelrid FLEX LITE, FLEX PRO &amp; FLEX PRO PLUS  Harnesses\" width=\"980\" height=\"551\" src=\"https:\/\/www.youtube.com\/embed\/cTBc2P0vtio?feature=oembed\" frameborder=\"0\" allow=\"accelerometer; autoplay; clipboard-write; encrypted-media; gyroscope; picture-in-picture; web-share\" referrerpolicy=\"strict-origin-when-cross-origin\" allowfullscreen><\/iframe><\/p>\n<h2>Todas las especificaciones<\/h2>\n<ul>\n<li>Indicador de ca\u00edda en el acolchado trasero; una etiqueta roja se hace visible en la ventana de la placa trasera tras una carga superior a 6 kN<\/li>\n<li>Todas las correas de carga est\u00e1n equipadas con cinta indicadora; las fibras rojas se hacen visibles en caso de da\u00f1os<\/li>\n<li>Acolchado para el hombro con bolsillo RFID, campo de etiquetado y opci\u00f3n de enganche para el dispositivo inal\u00e1mbrico<\/li>\n<li>Hebilla Easy Glider en las correas de los hombros para ajustarlas f\u00e1cilmente, guarda correas desmontable para guardarlas limpiamente<\/li>\n<li>Acolchado desmontable para las piernas<\/li>\n<li>La malla 3D con estructura de superficie cerrada evita la adherencia de suciedad y gravilla y permite una buena circulaci\u00f3n del aire<\/li>\n<li>Hebillas de triple cierre en piernas y caderas para mayor seguridad<\/li>\n<li>Peso m\u00e1ximo del usuario: 150 kg<\/li>\n<li>Los ojales antica\u00eddas textiles (dorsal y esternal en dos partes) conforme a la norma EN 361 permanecen abiertos bajo precarga y permiten colocar f\u00e1cilmente otro mosquet\u00f3n<\/li>\n<li>Certificaci\u00f3n : EN 361<\/li>\n<li>Certificaci\u00f3n : ANSI \/ ASSE Z359.11-2014<\/li>\n<li>Ojales Antica\u00eddas Delanteros<\/li>\n<li>Antica\u00eddas Ojal Espalda<\/li>\n<li>Perneras ajustables<\/li>\n<\/ul>\n<h3 class=\"western\">\ud83d\udc49 \u00bfEst\u00e1s buscando un art\u00edculo Edelrid espec\u00edfico que no aparece en la tienda? Vendemos toda la gama de productos de aventura, deporte y seguridad. Por favor, <strong><a href=\"https:\/\/thrillsyndicate.com\/es\/contacto\/\">env\u00eda a<\/a><\/strong> un correo electr\u00f3nico o consulta la <strong><a href=\"https:\/\/thrillsyndicate.com\/edelrid-safety-price-list-2025\/\">lista de precios de seguridad aqu\u00ed<\/a><\/strong>. \ud83d\udc48<\/h3>\n<p>&nbsp;<\/p>\n","protected":false},"excerpt":{"rendered":"<p>Aumenta la seguridad con el Arn\u00e9s Antica\u00eddas Edelrid Flex Lite &#8211; EN 361. Dise\u00f1o ultraligero de f\u00e1cil ajuste para una mayor facilidad de uso. <\/p>\n","protected":false},"featured_media":12825,"template":"","meta":{"_coblocks_attr":"","_coblocks_dimensions":"","_coblocks_responsive_height":"","_coblocks_accordion_ie_support":"","wds_primary_product_brand":0,"wds_primary_product_cat":0},"product_brand":[660],"product_cat":[852,916],"product_tag":[910,576,588,581,853],"class_list":{"0":"post-20173","1":"product","2":"type-product","3":"status-publish","4":"has-post-thumbnail","6":"product_brand-edelrid-es","7":"product_cat-arneses-de-seguridad-laboral","8":"product_cat-arneses-profesionales","9":"product_tag-andamios","10":"product_tag-arnes-de-cuerpo-entero","11":"product_tag-descenso-y-rescate","12":"product_tag-epp","13":"product_tag-seguridad-en-el-trabajo","15":"first","16":"instock","17":"taxable","18":"shipping-taxable","19":"purchasable","20":"product-type-variable","21":"has-default-attributes"},"_links":{"self":[{"href":"https:\/\/thrillsyndicate.com\/es\/wp-json\/wp\/v2\/product\/20173","targetHints":{"allow":["GET"]}}],"collection":[{"href":"https:\/\/thrillsyndicate.com\/es\/wp-json\/wp\/v2\/product"}],"about":[{"href":"https:\/\/thrillsyndicate.com\/es\/wp-json\/wp\/v2\/types\/product"}],"wp:featuredmedia":[{"embeddable":true,"href":"https:\/\/thrillsyndicate.com\/es\/wp-json\/wp\/v2\/media\/12825"}],"wp:attachment":[{"href":"https:\/\/thrillsyndicate.com\/es\/wp-json\/wp\/v2\/media?parent=20173"}],"wp:term":[{"taxonomy":"product_brand","embeddable":true,"href":"https:\/\/thrillsyndicate.com\/es\/wp-json\/wp\/v2\/product_brand?post=20173"},{"taxonomy":"product_cat","embeddable":true,"href":"https:\/\/thrillsyndicate.com\/es\/wp-json\/wp\/v2\/product_cat?post=20173"},{"taxonomy":"product_tag","embeddable":true,"href":"https:\/\/thrillsyndicate.com\/es\/wp-json\/wp\/v2\/product_tag?post=20173"}],"curies":[{"name":"wp","href":"https:\/\/api.w.org\/{rel}","templated":true}]}}