{"id":20180,"date":"2024-03-22T13:47:42","date_gmt":"2024-03-22T12:47:42","guid":{"rendered":"https:\/\/thrillsyndicate.com\/shop\/edelrid-shockstop-lite-i-140-one-touch\/"},"modified":"2025-08-25T15:29:20","modified_gmt":"2025-08-25T13:29:20","slug":"edelrid-shockstop-lite-i-140-one-touch","status":"publish","type":"product","link":"https:\/\/thrillsyndicate.com\/es\/product\/edelrid-shockstop-lite-i-140-one-touch\/","title":{"rendered":"Edelrid Shockstop-Lite-I 140 One Touch"},"content":{"rendered":"<p data-sourcepos=\"9:1-9:361\">\u00bfBuscas una soluci\u00f3n de protecci\u00f3n antica\u00eddas fiable y c\u00f3moda? No busques m\u00e1s: el SHOCKSTOP-I 140 ONE TOUCH de Edelrid. Este innovador elemento de amarre se ha dise\u00f1ado pensando en los profesionales de los sectores de la aventura, las actividades al aire libre, la diversi\u00f3n y el ocio. Combina caracter\u00edsticas de seguridad excepcionales con un dise\u00f1o f\u00e1cil de usar para obtener el m\u00e1ximo rendimiento y facilidad de uso.   <\/p>\n<h2 data-sourcepos=\"13:3-13:29\">Comodidad inigualable:<\/h2>\n<ul>\n<li style=\"list-style-type: none;\">\n<ul data-sourcepos=\"14:5-17:0\">\n<li data-sourcepos=\"14:5-14:138\"><strong>Ligera y compacta:<\/strong> Con un peso de s\u00f3lo 245 g, el SHOCKSTOP-I 140 ONE TOUCH es un placer de llevar y no te pesa.<\/li>\n<li data-sourcepos=\"15:5-15:125\"><strong>Correa el\u00e1stica:<\/strong> El brazo el\u00e1stico integrado permite una mayor libertad de movimiento sin comprometer la seguridad.<\/li>\n<li data-sourcepos=\"16:5-17:0\"><strong>Mosquet\u00f3n ONE TOUCH II:<\/strong> El mosquet\u00f3n intuitivo ONE TOUCH II simplifica la conexi\u00f3n y desconexi\u00f3n para un manejo sin esfuerzo.<\/li>\n<\/ul>\n<\/li>\n<\/ul>\n<h2 data-sourcepos=\"18:3-18:22\">Seguridad mejorada:<\/h2>\n<ul>\n<li style=\"list-style-type: none;\">\n<ul data-sourcepos=\"19:5-22:0\">\n<li data-sourcepos=\"19:5-19:137\"><strong>Absorci\u00f3n de impactos certificada:<\/strong> El Absorbedor de energ\u00eda integrado est\u00e1 homologado para una carga m\u00e1xima de 140 kg, mitigando las fuerzas de impacto de la ca\u00edda.<\/li>\n<li data-sourcepos=\"20:5-20:162\"><strong>A prueba de cantos:<\/strong> Tanto el mosquet\u00f3n individual como todo el sistema SHOCKSTOP-I 140 ONE TOUCH se someten a pruebas de cantos, lo que garantiza una durabilidad y seguridad excepcionales.<\/li>\n<li data-sourcepos=\"21:5-22:0\"><strong>Amplia gama de pesos:<\/strong> Aprobado para su uso con un rango de peso de 40-140 kg, ofrece versatilidad para diversas aplicaciones.<\/li>\n<\/ul>\n<\/li>\n<\/ul>\n<h2 data-sourcepos=\"23:3-23:20\">Construido para durar:<\/h2>\n<ul>\n<li style=\"list-style-type: none;\">\n<ul data-sourcepos=\"24:5-27:0\">\n<li data-sourcepos=\"24:5-24:140\"><strong>Conforme a la norma EN<\/strong> 355<strong>:<\/strong> El SHOCKSTOP-I 140 ONE TOUCH cumple las estrictas normas de seguridad de la norma EN 355, lo que garantiza su fiabilidad.<\/li>\n<li data-sourcepos=\"25:5-25:125\"><strong>Alta resistencia a la rotura:<\/strong> Con una resistencia m\u00ednima a la rotura de 15 kN, puedes confiar en su robusta construcci\u00f3n.<\/li>\n<li data-sourcepos=\"26:5-27:0\"><strong>Autorizado para uso horizontal:<\/strong> La prueba de cantos seg\u00fan RFU 11.075 permite un uso horizontal seguro, ampliando su campo de aplicaci\u00f3n.<\/li>\n<\/ul>\n<\/li>\n<\/ul>\n<h2 data-sourcepos=\"28:1-28:41\">Especificaciones y ventajas clave:<\/h2>\n<ul data-sourcepos=\"30:1-38:0\">\n<li data-sourcepos=\"30:1-30:45\"><strong>Peso:<\/strong> 245 g (ligero y port\u00e1til)<\/li>\n<li data-sourcepos=\"31:1-31:86\"><strong>Absorbedores de energ\u00eda:<\/strong> Dise\u00f1ado para una carga m\u00e1xima de 140 kg (mayor protecci\u00f3n contra ca\u00eddas)<\/li>\n<li data-sourcepos=\"32:1-32:71\"><strong>Correa extensible:<\/strong> 160 cm de extensi\u00f3n (mejora la libertad de movimiento)<\/li>\n<li data-sourcepos=\"33:1-33:91\"><strong>Mosquet\u00f3n ONE TOUCH II:<\/strong> Simplifica la conexi\u00f3n\/desconexi\u00f3n (manejo sencillo)<\/li>\n<li data-sourcepos=\"34:1-34:78\"><strong>Probado en bordes:<\/strong> Cumple la norma RFU 11.075 para uso horizontal (mayor versatilidad)<\/li>\n<li data-sourcepos=\"35:1-35:66\"><strong>Rango de peso aprobado:<\/strong> 40-140 kg (adecuado para varios usuarios)<\/li>\n<li data-sourcepos=\"36:1-36:62\"><strong>Resistencia m\u00ednima a la rotura:<\/strong> 15 kN (durabilidad excepcional)<\/li>\n<li data-sourcepos=\"37:1-38:0\"><strong>Certificaci\u00f3n:<\/strong> EN 355 (conformidad de seguridad garantizada)<\/li>\n<\/ul>\n<p data-sourcepos=\"39:1-39:164\">Con su perfecta combinaci\u00f3n de seguridad, comodidad y durabilidad, el SHOCKSTOP-I 140 ONE TOUCH de Edelrid es el elemento de amarre ideal para los profesionales que exigen lo mejor.<\/p>\n<h3 class=\"western\">\ud83d\udc49 \u00bfEst\u00e1s buscando un art\u00edculo Edelrid espec\u00edfico que no aparece en la tienda? Vendemos toda la gama de productos de aventura, deporte y seguridad. Por favor, <strong><a href=\"https:\/\/thrillsyndicate.com\/es\/contacto\/\">env\u00eda a<\/a><\/strong> un correo electr\u00f3nico o consulta la <strong><a href=\"https:\/\/thrillsyndicate.com\/edelrid-safety-price-list-2025\/\">lista de precios de seguridad aqu\u00ed<\/a><\/strong>. \ud83d\udc48<\/h3>\n","protected":false},"excerpt":{"rendered":"<p data-sourcepos=\"1:1-1:97\">Edelrid SHOCKSTOP-I 140 ONE TOUCH: Seguridad y comodidad para profesionales. El Edelrid SHOCKSTOP-I 140 ONE TOUCH es un elemento de amarre en I compacto y ligero con un absorbedor de impactos integrado. Su dise\u00f1o f\u00e1cil de usar la hace ideal para autodescuelgue, plataformas de trabajo y conexi\u00f3n a l\u00edneas de vida.  <\/p>\n","protected":false},"featured_media":12864,"template":"","meta":{"_coblocks_attr":"","_coblocks_dimensions":"","_coblocks_responsive_height":"","_coblocks_accordion_ie_support":"","wds_primary_product_brand":0,"wds_primary_product_cat":0},"product_brand":[660],"product_cat":[965],"product_tag":[957,551,552,581],"class_list":{"0":"post-20180","1":"product","2":"type-product","3":"status-publish","4":"has-post-thumbnail","6":"product_brand-edelrid-es","7":"product_cat-lanyards-es","8":"product_tag-absorbedores-de-energia","9":"product_tag-acollador","10":"product_tag-conectando","11":"product_tag-epp","13":"first","14":"instock","15":"taxable","16":"shipping-taxable","17":"purchasable","18":"product-type-simple"},"_links":{"self":[{"href":"https:\/\/thrillsyndicate.com\/es\/wp-json\/wp\/v2\/product\/20180","targetHints":{"allow":["GET"]}}],"collection":[{"href":"https:\/\/thrillsyndicate.com\/es\/wp-json\/wp\/v2\/product"}],"about":[{"href":"https:\/\/thrillsyndicate.com\/es\/wp-json\/wp\/v2\/types\/product"}],"wp:featuredmedia":[{"embeddable":true,"href":"https:\/\/thrillsyndicate.com\/es\/wp-json\/wp\/v2\/media\/12864"}],"wp:attachment":[{"href":"https:\/\/thrillsyndicate.com\/es\/wp-json\/wp\/v2\/media?parent=20180"}],"wp:term":[{"taxonomy":"product_brand","embeddable":true,"href":"https:\/\/thrillsyndicate.com\/es\/wp-json\/wp\/v2\/product_brand?post=20180"},{"taxonomy":"product_cat","embeddable":true,"href":"https:\/\/thrillsyndicate.com\/es\/wp-json\/wp\/v2\/product_cat?post=20180"},{"taxonomy":"product_tag","embeddable":true,"href":"https:\/\/thrillsyndicate.com\/es\/wp-json\/wp\/v2\/product_tag?post=20180"}],"curies":[{"name":"wp","href":"https:\/\/api.w.org\/{rel}","templated":true}]}}