{"id":20181,"date":"2024-03-21T12:09:22","date_gmt":"2024-03-21T11:09:22","guid":{"rendered":"https:\/\/thrillsyndicate.com\/shop\/edelrid-flex-pro-plus-full-body-harness\/"},"modified":"2025-08-25T15:52:56","modified_gmt":"2025-08-25T13:52:56","slug":"edelrid-flex-pro-plus-full-body-harness","status":"publish","type":"product","link":"https:\/\/thrillsyndicate.com\/es\/product\/edelrid-flex-pro-plus-full-body-harness\/","title":{"rendered":"Edelrid FLEX PRO PLUS | Arn\u00e9s completo"},"content":{"rendered":"<p>Nuestro arn\u00e9s polivalente con ojales antica\u00eddas para cualquier trabajo o movimiento en zonas con riesgo de ca\u00edda es f\u00e1cil de poner y se puede ajustar de forma \u00f3ptima para adaptarse a cualquier forma corporal. Un indicador de ca\u00edda en el acolchado de la espalda hace que el arn\u00e9s sea m\u00e1s seguro. <\/p>\n<h2 data-sourcepos=\"9:1-9:36\">Seguridad sin igual en la que puedes confiar<\/h2>\n<ul data-sourcepos=\"11:1-14:0\">\n<li data-sourcepos=\"11:1-11:140\"><strong>Indicador de Antica\u00eddas:<\/strong> Un claro indicador visual se muestra tras una detenci\u00f3n de ca\u00edda, asegurando la correcta retirada del arn\u00e9s para una seguridad continuada.<\/li>\n<li data-sourcepos=\"12:1-12:159\"><strong>M\u00faltiples puntos de enganche:<\/strong> Certificado EN 361 y EN 358, el FLEX PRO PLUS dispone de varias anillas en D y ojales textiles para asegurar las eslingas y el equipo.<\/li>\n<li data-sourcepos=\"13:1-14:0\"><strong>Construcci\u00f3n de alta resistencia:<\/strong> Los materiales duraderos y las hebillas de triple cierre garantizan un rendimiento fiable, incluso en situaciones exigentes.<\/li>\n<\/ul>\n<h2 data-sourcepos=\"15:1-15:46\">Dise\u00f1ado para el m\u00e1ximo confort y eficiencia<\/h2>\n<ul data-sourcepos=\"17:1-20:0\">\n<li data-sourcepos=\"17:1-17:162\"><strong>F\u00e1cil de poner y ajustar:<\/strong> El innovador sistema de la chaqueta permite pon\u00e9rsela y quit\u00e1rsela sin esfuerzo, mientras que las correas ajustables garantizan un ajuste perfecto para todo tipo de cuerpos.<\/li>\n<li data-sourcepos=\"18:1-18:150\"><strong>Transpirabilidad excepcional: El<\/strong> forro de malla 3D favorece el flujo de aire y evita la acumulaci\u00f3n de calor, manteni\u00e9ndote fresco y c\u00f3modo durante toda la jornada laboral.<\/li>\n<li data-sourcepos=\"19:1-20:0\"><strong>Caracter\u00edsticas funcionales:<\/strong> El acolchado desmontable de las perneras, el bolsillo RFID y los puntos de sujeci\u00f3n espec\u00edficos para herramientas optimizan tu experiencia en la jornada laboral.<\/li>\n<\/ul>\n<h2 data-sourcepos=\"21:1-21:49\">Construido para soportar los entornos de trabajo m\u00e1s duros<\/h2>\n<ul data-sourcepos=\"23:1-26:0\">\n<li data-sourcepos=\"23:1-23:118\"><strong>Dise\u00f1o ligero:<\/strong> Con un peso de s\u00f3lo 2000 g, la FLEX PRO PLUS prioriza la comodidad del usuario sin comprometer la seguridad.<\/li>\n<li data-sourcepos=\"24:1-24:146\"><strong>Identificaci\u00f3n de da\u00f1os:<\/strong> La cinta indicadora de desgaste integrada permite detectar f\u00e1cilmente posibles da\u00f1os en el arn\u00e9s, garantizando la seguridad continua del usuario.<\/li>\n<li data-sourcepos=\"25:1-26:0\"><strong>Peso m\u00e1ximo del usuario:<\/strong> Con una capacidad de 150 kg, la FLEX PRO PLUS se adapta a una amplia gama de operadores.<\/li>\n<\/ul>\n<p data-sourcepos=\"27:1-27:183\">El Arn\u00e9s completo FLEX PRO PLUS de Edelrid es la elecci\u00f3n perfecta para los profesionales que buscan un arn\u00e9s rico en funciones, c\u00f3modo y fiable para cualquier aplicaci\u00f3n de trabajo en altura.<\/p>\n<p><iframe loading=\"lazy\" title=\"Edelrid FLEX LITE, FLEX PRO &amp; FLEX PRO PLUS  Harnesses\" width=\"980\" height=\"551\" src=\"https:\/\/www.youtube.com\/embed\/cTBc2P0vtio?feature=oembed\" frameborder=\"0\" allow=\"accelerometer; autoplay; clipboard-write; encrypted-media; gyroscope; picture-in-picture; web-share\" referrerpolicy=\"strict-origin-when-cross-origin\" allowfullscreen><\/iframe><\/p>\n<h2 data-sourcepos=\"27:1-27:183\">Caracter\u00edsticas y especificaciones<\/h2>\n<ul>\n<li>F\u00e1cil de poner y ajustar a cualquier tama\u00f1o corporal gracias al sistema de chaqueta<\/li>\n<li>Dos grandes anillas en D de aluminio como ojales laterales seg\u00fan la norma EN 358 proporcionan una posici\u00f3n de trabajo y una posici\u00f3n de espera para sujetar una eslinga<\/li>\n<li>Ojales antica\u00eddas m\u00f3viles y de acero templado seg\u00fan EN 361 en uso con EN 353-1<\/li>\n<li>Los ojales antica\u00eddas textiles (dorsal y esternal en dos partes) conforme a la norma EN 361 permanecen abiertos bajo precarga y permiten colocar f\u00e1cilmente otro mosquet\u00f3n<\/li>\n<li>Indicador de ca\u00edda en el acolchado trasero; una etiqueta roja se hace visible en la ventana de la placa trasera tras una carga superior a 6 kN<\/li>\n<li>Todas las correas de carga est\u00e1n equipadas con cinta indicadora; las fibras rojas se hacen visibles en caso de da\u00f1os<\/li>\n<li>Articulaciones textiles para una adaptaci\u00f3n \u00f3ptima a los movimientos, incluso cuando las correas est\u00e1n tirantes<\/li>\n<li>Acolchado para el hombro con bolsillo RFID, campo de etiquetado y opci\u00f3n de enganche para el dispositivo inal\u00e1mbrico<\/li>\n<li>Hebilla Easy Glider en las correas de los hombros para ajustarlas f\u00e1cilmente, guarda correas desmontable para guardarlas limpiamente<\/li>\n<li>Acolchado desmontable para las piernas<\/li>\n<li>La malla 3D con estructura de superficie cerrada evita la adherencia de suciedad y gravilla y permite una buena circulaci\u00f3n del aire<\/li>\n<li>Hebillas de triple cierre en piernas y caderas para mayor seguridad<\/li>\n<li>Cuatro anillas textiles<\/li>\n<li>Cuatro opciones de fijaci\u00f3n para las bolsas de herramientas EDELRID (carga: 25 kg)<\/li>\n<li>Peso m\u00e1ximo del usuario: 150 kg<\/li>\n<li>Certificaci\u00f3n : EN 361<\/li>\n<li>Certificaci\u00f3n : EN 358<\/li>\n<li>Certificaci\u00f3n : EN 813<\/li>\n<li>Ojales Antica\u00eddas Delanteros<\/li>\n<li>Antica\u00eddas Ojal Espalda<\/li>\n<li>Ojales laterales<\/li>\n<li>Perneras ajustables<\/li>\n<\/ul>\n<h3 class=\"western\">\ud83d\udc49 \u00bfEst\u00e1s buscando un art\u00edculo Edelrid espec\u00edfico que no aparece en la tienda? Vendemos toda la gama de productos de aventura, deporte y seguridad. Por favor, <strong><a href=\"https:\/\/thrillsyndicate.com\/es\/contacto\/\">env\u00eda a<\/a><\/strong> un correo electr\u00f3nico o consulta la <strong><a href=\"https:\/\/thrillsyndicate.com\/edelrid-safety-price-list-2025\/\">lista de precios de seguridad aqu\u00ed<\/a><\/strong>. \ud83d\udc48<\/h3>\n","protected":false},"excerpt":{"rendered":"<p>El Arn\u00e9s completo FLEX PRO PLUS de Edelrid es el compa\u00f1ero ideal para los operadores profesionales de los sectores de la aventura, las actividades al aire libre, la diversi\u00f3n y el ocio. Este arn\u00e9s f\u00e1cil de ajustar prioriza tanto la comodidad como la seguridad, por lo que es perfecto para un uso prolongado en cualquier escenario de trabajo en altura. <\/p>\n","protected":false},"featured_media":12749,"template":"","meta":{"_coblocks_attr":"","_coblocks_dimensions":"","_coblocks_responsive_height":"","_coblocks_accordion_ie_support":"","wds_primary_product_brand":0,"wds_primary_product_cat":0},"product_brand":[660],"product_cat":[852,569,916],"product_tag":[576,588,581,853],"class_list":{"0":"post-20181","1":"product","2":"type-product","3":"status-publish","4":"has-post-thumbnail","6":"product_brand-edelrid-es","7":"product_cat-arneses-de-seguridad-laboral","8":"product_cat-arneses-para-cuerdas","9":"product_cat-arneses-profesionales","10":"product_tag-arnes-de-cuerpo-entero","11":"product_tag-descenso-y-rescate","12":"product_tag-epp","13":"product_tag-seguridad-en-el-trabajo","15":"first","16":"instock","17":"taxable","18":"shipping-taxable","19":"purchasable","20":"product-type-variable","21":"has-default-attributes"},"_links":{"self":[{"href":"https:\/\/thrillsyndicate.com\/es\/wp-json\/wp\/v2\/product\/20181","targetHints":{"allow":["GET"]}}],"collection":[{"href":"https:\/\/thrillsyndicate.com\/es\/wp-json\/wp\/v2\/product"}],"about":[{"href":"https:\/\/thrillsyndicate.com\/es\/wp-json\/wp\/v2\/types\/product"}],"wp:featuredmedia":[{"embeddable":true,"href":"https:\/\/thrillsyndicate.com\/es\/wp-json\/wp\/v2\/media\/12749"}],"wp:attachment":[{"href":"https:\/\/thrillsyndicate.com\/es\/wp-json\/wp\/v2\/media?parent=20181"}],"wp:term":[{"taxonomy":"product_brand","embeddable":true,"href":"https:\/\/thrillsyndicate.com\/es\/wp-json\/wp\/v2\/product_brand?post=20181"},{"taxonomy":"product_cat","embeddable":true,"href":"https:\/\/thrillsyndicate.com\/es\/wp-json\/wp\/v2\/product_cat?post=20181"},{"taxonomy":"product_tag","embeddable":true,"href":"https:\/\/thrillsyndicate.com\/es\/wp-json\/wp\/v2\/product_tag?post=20181"}],"curies":[{"name":"wp","href":"https:\/\/api.w.org\/{rel}","templated":true}]}}