{"id":20273,"date":"2025-06-16T15:40:54","date_gmt":"2025-06-16T13:40:54","guid":{"rendered":"https:\/\/thrillsyndicate.com\/shop\/zipline-tyro-sit-harness\/"},"modified":"2025-12-01T10:37:31","modified_gmt":"2025-12-01T09:37:31","slug":"zipline-tyro-sit-harness","status":"publish","type":"product","link":"https:\/\/thrillsyndicate.com\/es\/product\/zipline-tyro-sit-harness\/","title":{"rendered":"Tirolina TYRO Arn\u00e9s de asiento"},"content":{"rendered":"<p data-sourcepos=\"7:1-7:468\">El arn\u00e9s sentado TYRO para tirolinas es la primera opci\u00f3n para los operadores de la industria de la aventura, el aire libre y las atracciones que buscan una soluci\u00f3n especializada para sus atracciones. Como Equipo de Protecci\u00f3n Individual (EPI) de Categor\u00eda III, est\u00e1 dise\u00f1ado espec\u00edficamente para recorridos acrob\u00e1ticos en altura, en particular tirolinas gigantes y curvas. Este arn\u00e9s combina un dise\u00f1o innovador con materiales robustos para ofrecer un producto que mejore la experiencia de los clientes, al tiempo que agiliza tus operaciones.  <\/p>\n<h3 data-sourcepos=\"9:1-9:50\">Dise\u00f1ada para un confort y un rendimiento superiores<\/h3>\n<p data-sourcepos=\"11:1-12:464\"><strong>Comodidad inigualable para el usuario<\/strong> El arn\u00e9s Zipline TYRO Sit est\u00e1 dise\u00f1ado para una posici\u00f3n sentada c\u00f3moda, ideal para tirolinas largas o de alta velocidad. Los refuerzos acolchados en los muslos y las costillas evitan los puntos de presi\u00f3n, mientras que las correas ajustables para los hombros permiten a los usuarios definir su reclinaci\u00f3n para un ajuste personalizado y seguro. Su construcci\u00f3n ligera tambi\u00e9n hace que sea c\u00f3modo para los participantes pasear por el parque entre una actividad y otra, mejorando significativamente su experiencia general.  <\/p>\n<p data-sourcepos=\"14:1-15:478\"><strong>Operaciones racionalizadas para una m\u00e1xima<\/strong> eficacia Dise\u00f1ado pensando en el operario, el arn\u00e9s TYRO Sit de tirolesa simplifica el proceso de equipamiento. Una hebilla autom\u00e1tica r\u00e1pida y segura en el cintur\u00f3n garantiza una colocaci\u00f3n r\u00e1pida, mientras que el sencillo sistema de dos tallas (codificadas por colores para una identificaci\u00f3n instant\u00e1nea) se adapta a una amplia gama de participantes, desde 1,35 m de altura hasta adultos de hasta 130 kg. Esta eficacia reduce los tiempos de espera, aumenta el rendimiento y permite que tu personal se centre en ofrecer una experiencia de primera a los clientes.  <\/p>\n<h3 data-sourcepos=\"17:1-17:39\">Dise\u00f1o robusto, seguridad sin compromisos<\/h3>\n<p data-sourcepos=\"19:1-20:439\"><strong>Materiales y puntos de anclaje avanzados<\/strong> El arn\u00e9s de cintura TYRO de Tirolinas est\u00e1 fabricado para soportar las rigurosas exigencias de un entorno comercial. Est\u00e1 fabricado con cintas de poli\u00e9ster y poliamida duraderas, e incorpora dos puntos de anclaje laterales reforzados para la conexi\u00f3n primaria. El cintur\u00f3n se sujeta con una hebilla autom\u00e1tica de aleaci\u00f3n de aluminio 7075 de alta resistencia, y las correas de los hombros se ajustan con robustas hebillas de acero, lo que garantiza una fiabilidad absoluta y una larga vida \u00fatil.  <\/p>\n<p data-sourcepos=\"22:1-23:450\"><strong>Sistemas integrados de seguridad y evacuaci\u00f3n<\/strong> La seguridad es primordial, y el arn\u00e9s sentado TYRO de tirolesa cumple plenamente la norma EN 12277:2015+A1:2018 y est\u00e1 certificado conforme al Reglamento sobre EPI (UE) 2016\/425. Incluye puntos de anclaje de evacuaci\u00f3n laterales y dorsales espec\u00edficos, que proporcionan opciones vers\u00e1tiles y accesibles para escenarios de rescate. Un soporte polea cuidadosamente colocado en la espalda permite guardar el equipo de forma organizada con un Mosquet\u00f3n, manteniendo el equipo esencial fuera del camino pero f\u00e1cilmente disponible.  <\/p>\n<h3 data-sourcepos=\"25:1-25:18\">Especificaciones<\/h3>\n<ul data-sourcepos=\"27:1-39:0\">\n<li data-sourcepos=\"27:1-27:44\"><strong>Nombre del producto<\/strong> Tirolina TYRO Arn\u00e9s de cintura<\/li>\n<li data-sourcepos=\"28:1-28:77\"><strong>Tipo de producto:<\/strong> EPI de categor\u00eda III, Arn\u00e9s completo para cursos de aventura<\/li>\n<li data-sourcepos=\"29:1-29:60\"><strong>Uso previsto:<\/strong> Tirolinas gigantes y curvas, cursos de cuerdas<\/li>\n<li data-sourcepos=\"30:1-32:91\"><strong>Talla:<\/strong>\n<ul data-sourcepos=\"31:5-32:91\">\n<li data-sourcepos=\"31:5-31:73\">Talla T1 (XS-S): de 1,35 m a 1,50 m &#8211; Naranja<\/li>\n<li data-sourcepos=\"32:5-32:91\">Talla T2 (M-L): &gt;1,50 m (&gt;4 ft 11 in), hasta 130 kg (286 lbs) de peso m\u00e1ximo del usuario &#8211; Amarillo<\/li>\n<\/ul>\n<\/li>\n<li data-sourcepos=\"33:1-33:113\"><strong>Materiales:<\/strong> Cinchas de poli\u00e9ster y poliamida, hebilla autom\u00e1tica de aleaci\u00f3n de aluminio 7075, hebillas de ajuste de acero<\/li>\n<li data-sourcepos=\"34:1-34:56\"><strong>Puntos de anclaje:<\/strong> 2 puntos de anclaje laterales reforzados<\/li>\n<li data-sourcepos=\"35:1-35:66\"><strong>Puntos de evacuaci\u00f3n:<\/strong> 2 presillas laterales y 1 presilla dorsal<\/li>\n<li data-sourcepos=\"36:1-36:77\"><strong>Certificaciones:<\/strong> CE, Reglamento EPI (UE) 2016\/425, EN 12277:2015+A1:2018<\/li>\n<li data-sourcepos=\"37:1-37:98\"><strong>Vida \u00fatil m\u00e1xima:<\/strong> 13 a\u00f1os desde la fecha de fabricaci\u00f3n (3 a\u00f1os de almacenamiento + 10 a\u00f1os de uso)<\/li>\n<li data-sourcepos=\"38:1-39:0\"><strong>Accesorios opcionales:<\/strong> Bolsillo extra\u00edble con cremallera, CORREA DE EVACUACI\u00d3N \/ Logotipo personalizado bordado<\/li>\n<\/ul>\n<table>\n<tbody>\n<tr>\n<td>\n  <strong>Opciones<\/strong>\n<\/td>\n<td>\n  <strong>Precio<\/strong>\n<\/td>\n<\/tr>\n<tr>\n<td>Bolsa extra\u00edble con cremallera (M o L) para llevar las pertenencias de los clientes, atada al arn\u00e9s<\/td>\n<td>\u20ac13,00<\/td>\n<\/tr>\n<tr>\n<td>Logotipo personalizado (M\u00ednimo 20 unidades)<\/td>\n<td>\u20ac17,00<\/td>\n<\/tr>\n<tr>\n<td>CORREA DE EVACUACI\u00d3N \/ Elemento de amarre en Y 40cm (Permite unir los 2 puentes y el sistema de evacuaci\u00f3n)<\/td>\n<td>\u20ac21,00<\/td>\n<\/tr>\n<\/tbody>\n<\/table>\n<p>&nbsp;<\/p>\n","protected":false},"excerpt":{"rendered":"<p class=\"ai-optimize-50 ai-optimize-introduction\">Experimenta una comodidad y seguridad inigualables con el <strong>arn\u00e9s TYRO Sit de tirolesa<\/strong>, la soluci\u00f3n definitiva para los parques de aventura profesionales. Dise\u00f1ado para tirolinas gigantes y circuitos de cuerdas, su dise\u00f1o intuitivo garantiza el m\u00e1ximo disfrute del usuario y la m\u00e1xima eficacia operativa. <\/p>\n","protected":false},"featured_media":20261,"template":"","meta":{"_coblocks_attr":"","_coblocks_dimensions":"","_coblocks_responsive_height":"","_coblocks_accordion_ie_support":"","wds_primary_product_brand":0,"wds_primary_product_cat":0},"product_brand":[662],"product_cat":[605],"product_tag":[576,607,581,450],"class_list":{"0":"post-20273","1":"product","2":"type-product","3":"status-publish","4":"has-post-thumbnail","6":"product_brand-thrill-syndicate-es","7":"product_cat-arneses-de-tirolesa","8":"product_tag-arnes-de-cuerpo-entero","9":"product_tag-arnes-tirolesa","10":"product_tag-epp","11":"product_tag-tirolesa","13":"first","14":"outofstock","15":"taxable","16":"shipping-taxable","17":"purchasable","18":"product-type-variable"},"_links":{"self":[{"href":"https:\/\/thrillsyndicate.com\/es\/wp-json\/wp\/v2\/product\/20273","targetHints":{"allow":["GET"]}}],"collection":[{"href":"https:\/\/thrillsyndicate.com\/es\/wp-json\/wp\/v2\/product"}],"about":[{"href":"https:\/\/thrillsyndicate.com\/es\/wp-json\/wp\/v2\/types\/product"}],"wp:featuredmedia":[{"embeddable":true,"href":"https:\/\/thrillsyndicate.com\/es\/wp-json\/wp\/v2\/media\/20261"}],"wp:attachment":[{"href":"https:\/\/thrillsyndicate.com\/es\/wp-json\/wp\/v2\/media?parent=20273"}],"wp:term":[{"taxonomy":"product_brand","embeddable":true,"href":"https:\/\/thrillsyndicate.com\/es\/wp-json\/wp\/v2\/product_brand?post=20273"},{"taxonomy":"product_cat","embeddable":true,"href":"https:\/\/thrillsyndicate.com\/es\/wp-json\/wp\/v2\/product_cat?post=20273"},{"taxonomy":"product_tag","embeddable":true,"href":"https:\/\/thrillsyndicate.com\/es\/wp-json\/wp\/v2\/product_tag?post=20273"}],"curies":[{"name":"wp","href":"https:\/\/api.w.org\/{rel}","templated":true}]}}