{"id":20287,"date":"2025-06-16T18:17:44","date_gmt":"2025-06-16T16:17:44","guid":{"rendered":"https:\/\/thrillsyndicate.com\/shop\/lanyard-kit-zipspeed-l-stabiliser-bar\/"},"modified":"2026-03-05T16:05:22","modified_gmt":"2026-03-05T15:05:22","slug":"lanyard-kit-zipspeed-l-stabiliser-bar","status":"publish","type":"product","link":"https:\/\/thrillsyndicate.com\/es\/product\/lanyard-kit-zipspeed-l-stabiliser-bar\/","title":{"rendered":"Elemento de amarre para la ISC ZipSpeed-L con barra estabilizadora"},"content":{"rendered":"<p data-sourcepos=\"11:1-11:475\">La seguridad y la fiabilidad son las piedras angulares de cualquier operaci\u00f3n profesional de tirolesa. Este Elemento de amarre est\u00e1 dise\u00f1ado por expertos para proporcionar una conexi\u00f3n robusta y redundante entre un arn\u00e9s de asiento de 2 puntos y la Polea ISC <a href=\"https:\/\/thrillsyndicate.com\/shop\/isc-zipspeed-l-trolley\/\">ZipSpeed-L<\/a> equipada con una barra estabilizadora. Al crear un punto de enganche primario y otro secundario, este kit mejora significativamente la seguridad del usuario, dando a los operadores plena confianza en su equipo y ofreciendo a los clientes la experiencia m\u00e1s segura posible.  <\/p>\n<p data-sourcepos=\"11:1-11:475\"><strong>Nota<\/strong>: Este Elemento de amarre para el ZipSpeed L y la Barra estabilizadora, est\u00e1 pensado para ser utilizado con un <strong><a href=\"https:\/\/thrillsyndicate.com\/es\/categoria\/soluciones-de-seguridad-para-tirolesas\/arneses-de-tirolesa\/\">Arn\u00e9s de tirolesa<\/a> en posici\u00f3n sentada con lazos de conexi\u00f3n de 2 puntos<\/strong>. Para otras configuraciones de arn\u00e9s o Poleas, <a href=\"mailto:sales@thrillsyndicate.com?subject=Question%20about%20a%20Zipline%20Lanyard%20Kit\">ponte en contacto con nosotros<\/a>. <\/p>\n<h2 data-sourcepos=\"13:1-13:39\">Seguridad y conexi\u00f3n sin compromisos<\/h2>\n<p data-sourcepos=\"15:1-15:54\"><strong>Maximiza la seguridad del Rider con conexiones redundantes<\/strong><\/p>\n<p data-sourcepos=\"17:1-17:500\">En el mundo de las atracciones de aventura, no hay sustituto para la seguridad. Nuestro kit de cord\u00f3n cuenta con un sistema de conexi\u00f3n doble, que proporciona un enlace primario y otro secundario al carro ZipSpeed-L Polea. Esta redundancia es la clave para mitigar el riesgo; en el improbable caso de que falle la conexi\u00f3n primaria, el elemento de amarre secundario se engancha inmediatamente, garantizando que el usuario permanece bien sujeto. Esta doble capa de protecci\u00f3n es una caracter\u00edstica cr\u00edtica para cualquier operador comprometido con los m\u00e1s altos est\u00e1ndares de seguridad.   <\/p>\n<p data-sourcepos=\"19:1-19:52\"><strong>Dise\u00f1ado para las exigencias de las operaciones profesionales<\/strong><\/p>\n<p data-sourcepos=\"21:1-21:429\">La durabilidad es primordial para los equipos que se utilizan constantemente. Este Elemento de amarre est\u00e1 fabricado con materiales robustos de alta resistencia, elegidos por su excepcional resistencia y longevidad. Cada componente, desde las eslingas de doble anilla hasta los mosquetones de acero, est\u00e1 dise\u00f1ado para soportar las fuerzas din\u00e1micas de la tirolesa y los rigores de un entorno comercial. Esto garantiza un rendimiento fiable, recorrido tras recorrido, temporada tras temporada.   <\/p>\n<h2 data-sourcepos=\"23:1-23:54\">Dise\u00f1ado para una integraci\u00f3n y un rendimiento perfectos<\/h2>\n<p data-sourcepos=\"25:1-25:50\"><strong>Compatibilidad perfecta para un rendimiento impecable<\/strong><\/p>\n<p data-sourcepos=\"27:1-27:428\">Este kit de amarre no es una soluci\u00f3n gen\u00e9rica; est\u00e1 dise\u00f1ado espec\u00edficamente para la <a href=\"https:\/\/thrillsyndicate.com\/shop\/isc-zipspeed-l-trolley\/\">Polea ISC ZipSpeed-L<\/a> con barra estabilizadora. Esta compatibilidad precisa garantiza un ajuste perfecto y una integraci\u00f3n perfecta con tu equipo actual. Los elementos de amarre, mosquetones y eslabones r\u00e1pidos incluidos est\u00e1n dimensionados para asegurar un funcionamiento \u00f3ptimo, eliminando conjeturas y garantizando un sistema de conexi\u00f3n seguro y fiable nada m\u00e1s sacarlo de la caja.  <\/p>\n<p data-sourcepos=\"29:1-29:52\"><strong>Componentes de alta resistencia para la m\u00e1xima confianza<\/strong><\/p>\n<p data-sourcepos=\"31:1-31:485\">Cada elemento de este kit ha sido seleccionado por su resistencia y fiabilidad. El conjunto incluye dos Elementos de amarre de 69 cm y dos Elementos de amarre de 67 cm, que permiten una configuraci\u00f3n redundante correctamente configurada. Los tres mosquetones STEEL HMS TRIPLE de Edelrid proporcionan un bloqueo seguro de triple acci\u00f3n, mientras que los dos eslabones r\u00e1pidos triangulares ofrecen un punto de conexi\u00f3n fuerte y estable. Esta combinaci\u00f3n de herrajes certificados de alta calidad proporciona a los operadores la confianza de que su sistema es seguro.   <\/p>\n<h2 data-sourcepos=\"33:1-33:17\">Especificaciones<\/h2>\n<ul data-sourcepos=\"35:1-40:0\">\n<li data-sourcepos=\"35:1-35:49\"><strong>Elemento de amarre Twin Eye:<\/strong>\n<ul data-sourcepos=\"35:1-40:0\">\n<li data-sourcepos=\"35:1-35:49\">2 piezas, Rojo, 19 mm, 69 cm (27,2 pulg.)<\/li>\n<li data-sourcepos=\"35:1-35:49\">2 piezas, Negro 19 mm, 67 cm (26,4 pulg.)<\/li>\n<\/ul>\n<\/li>\n<li data-sourcepos=\"37:1-37:52\"><strong>Mosquetones:<\/strong> 3 piezas, Edelrid STEEL HMS TRIPLE<\/li>\n<li data-sourcepos=\"38:1-38:37\"><strong>Eslabones r\u00e1pidos:<\/strong> 2 piezas, eslab\u00f3n r\u00e1pido de tornillo triangular (PPE, Delta) <strong>o<\/strong> anillo de acero Cupido (apertura f\u00e1cil)<\/li>\n<li data-sourcepos=\"39:1-40:0\"><strong>Compatibilidad:<\/strong> <a href=\"https:\/\/thrillsyndicate.com\/shop\/isc-zipspeed-l-trolley\/\">Polea ISC ZipSpeed-L<\/a> con barra estabilizadora<\/li>\n<\/ul>\n","protected":false},"excerpt":{"rendered":"<p>Garantiza la m\u00e1xima seguridad del motorista con nuestro <strong>Elemento de amarre redundante para Poleas ZipSpeed L<\/strong>. Este juego de conexi\u00f3n esencial proporciona un enlace primario y secundario seguro entre el arn\u00e9s y el Polea para tu m\u00e1xima tranquilidad. <\/p>\n","protected":false},"featured_media":16212,"template":"","meta":{"_coblocks_attr":"","_coblocks_dimensions":"","_coblocks_responsive_height":"","_coblocks_accordion_ie_support":"","wds_primary_product_brand":0,"wds_primary_product_cat":0},"product_brand":[70],"product_cat":[69,68],"product_tag":[67,1046,37,36],"class_list":{"0":"post-20287","1":"product","2":"type-product","3":"status-publish","4":"has-post-thumbnail","6":"product_brand-thrill-syndicate","7":"product_cat-zipline-harnesses","8":"product_cat-zipline-trolleys","9":"product_tag-ppe","10":"product_tag-lanyard-kit","11":"product_tag-zipline-trolley","12":"product_tag-zipline","14":"first","15":"instock","16":"taxable","17":"shipping-taxable","18":"purchasable","19":"product-type-variable"},"_links":{"self":[{"href":"https:\/\/thrillsyndicate.com\/es\/wp-json\/wp\/v2\/product\/20287","targetHints":{"allow":["GET"]}}],"collection":[{"href":"https:\/\/thrillsyndicate.com\/es\/wp-json\/wp\/v2\/product"}],"about":[{"href":"https:\/\/thrillsyndicate.com\/es\/wp-json\/wp\/v2\/types\/product"}],"wp:featuredmedia":[{"embeddable":true,"href":"https:\/\/thrillsyndicate.com\/es\/wp-json\/wp\/v2\/media\/16212"}],"wp:attachment":[{"href":"https:\/\/thrillsyndicate.com\/es\/wp-json\/wp\/v2\/media?parent=20287"}],"wp:term":[{"taxonomy":"product_brand","embeddable":true,"href":"https:\/\/thrillsyndicate.com\/es\/wp-json\/wp\/v2\/product_brand?post=20287"},{"taxonomy":"product_cat","embeddable":true,"href":"https:\/\/thrillsyndicate.com\/es\/wp-json\/wp\/v2\/product_cat?post=20287"},{"taxonomy":"product_tag","embeddable":true,"href":"https:\/\/thrillsyndicate.com\/es\/wp-json\/wp\/v2\/product_tag?post=20287"}],"curies":[{"name":"wp","href":"https:\/\/api.w.org\/{rel}","templated":true}]}}