{"id":20290,"date":"2025-06-16T11:59:29","date_gmt":"2025-06-16T09:59:29","guid":{"rendered":"https:\/\/thrillsyndicate.com\/shop\/zip-line-simulation-pre-design-analyze-optimize\/"},"modified":"2025-09-16T10:24:22","modified_gmt":"2025-09-16T08:24:22","slug":"zip-line-simulation-pre-design-analyze-optimize","status":"publish","type":"product","link":"https:\/\/thrillsyndicate.com\/es\/product\/zip-line-simulation-pre-design-analyze-optimize\/","title":{"rendered":"Estudio de viabilidad de tirolesas: Predise\u00f1ar, Analizar y Optimizar"},"content":{"rendered":"<p>Antes de invertir en acero y hormig\u00f3n, invierte en confianza. Una gran idea para una tirolesa es el comienzo, pero los datos son lo que convierte esa idea en una atracci\u00f3n de \u00e9xito y generadora de ingresos. Nuestro <b>Estudio de Viabilidad de la Tirolina<\/b> es el primer paso fundamental en la <b>planificaci\u00f3n de la construcci\u00f3n de<\/b> tu <b>tirolina<\/b>, ya que proporciona un an\u00e1lisis t\u00e9cnico y de seguridad exhaustivo que salva la distancia entre el concepto y la construcci\u00f3n, garantizando que tu proyecto est\u00e9 preparado para el \u00e9xito desde el primer d\u00eda.  <\/p>\n<h2>Resultados completos del estudio<\/h2>\n<ul>\n<li><b>An\u00e1lisis del perfil de la tirolesa:<\/b> Un mapeo completo del corredor de la tirolesa, incluyendo la distancia horizontal, el desnivel vertical y la pendiente media para determinar el potencial bruto del recorrido elegido.<\/li>\n<li><b>Simulaci\u00f3n de Velocidad y Trayectoria:<\/b> An\u00e1lisis predictivo de las velocidades de los pilotos para una gama completa de pesos (por ejemplo, de 40 kg a 110 kg | de 88 lbs a 242 lbs) para garantizar una experiencia emocionante pero segura para todos los invitados.<\/li>\n<li><b>Estimaciones de flecha y tensi\u00f3n del cable:<\/b> C\u00e1lculos cruciales para perfiles de cable con carga y sin carga para garantizar la distancia al suelo e informar el <b>an\u00e1lisis de ingenier\u00eda de tirolesas<\/b> para las estructuras de anclaje.<\/li>\n<li><b>Informe completo de viabilidad:<\/b> Un informe final claro en el que se resumen todos los hallazgos, se destacan las posibles se\u00f1ales de alarma y se ofrece una recomendaci\u00f3n profesional sobre <b>la viabilidad de<\/b> tu <b>proyecto de tirolinas<\/b>.<\/li>\n<\/ul>\n<h2>Reduce el riesgo de tu inversi\u00f3n, maximiza tu ROI<\/h2>\n<p>En el desarrollo de atracciones, los problemas m\u00e1s caros son los que se descubren durante la construcci\u00f3n. Nuestro <b>Estudio de Viabilidad de Tirolinas<\/b> act\u00faa como la p\u00f3liza de seguros m\u00e1s potente de tu proyecto. Al identificar los posibles defectos de dise\u00f1o, calcular las fuerzas precisas y validar digitalmente la experiencia del jinete, eliminas el riesgo de costosas repeticiones, retrasos y excesos de presupuesto. Esta peque\u00f1a inversi\u00f3n inicial proporciona los datos fidedignos necesarios para prever los presupuestos con precisi\u00f3n, optimizar la selecci\u00f3n de equipos y asegurar la confianza de los inversores, garantizando que cada d\u00f3lar gastado sea un d\u00f3lar gastado sabiamente.   <\/p>\n<h2>Dise\u00f1a la experiencia perfecta para el piloto<\/h2>\n<p>El \u00e9xito de una tirolesa depende de que ofrezca un recorrido emocionante y seguro. Nuestra avanzada <b>simulaci\u00f3n de dise\u00f1o de tirolinas<\/b> te permite dise\u00f1ar esa experiencia perfecta antes de empezar a construir. Modelamos c\u00f3mo se comportar\u00e1n los distintos pesos de los pasajeros, las condiciones meteorol\u00f3gicas y los tipos de Poleas en tu terreno \u00fanico. Esta <b>evaluaci\u00f3n t\u00e9cnica de la tirolesa<\/b> proporciona datos precisos sobre las velocidades de llegada, lo que es fundamental para dise\u00f1ar un sistema de frenado que sea seguro y c\u00f3modo para todos y cada uno de los jinetes.   <\/p>\n<h2>Preguntas frecuentes<\/h2>\n<p><b>\u00bfQu\u00e9 necesitas de nosotros para iniciar el estudio?<\/b><\/p>\n<p>S\u00f3lo necesitamos las coordenadas geogr\u00e1ficas (latitud\/longitud) de los puntos de despegue y aterrizaje propuestos. Nosotros nos encargamos del resto utilizando un avanzado software de simulaci\u00f3n. <\/p>\n<p><b>\u00bfCu\u00e1nto dura el estudio de viabilidad?<\/b><\/p>\n<p>El proceso es r\u00e1pido y eficaz. Normalmente recibir\u00e1s tu informe completo y detallado y tus recomendaciones en pocos d\u00edas laborables. <\/p>\n<p><b>\u00bfEs este estudio un plan completo de ingenier\u00eda y construcci\u00f3n?<\/b><\/p>\n<p>No. Se trata de la primera fase esencial de la diligencia debida. El informe valida la viabilidad del proyecto y proporciona los datos b\u00e1sicos necesarios para que tus ingenieros procedan con el dise\u00f1o detallado y los planes de construcci\u00f3n.  <\/p>\n<p><b>\u00bfPuede este informe ayudarme a conseguir financiaci\u00f3n para mi proyecto?<\/b><\/p>\n<p>Absolutamente. Un informe de viabilidad positivo es una herramienta poderosa para los inversores potenciales, ya que demuestra que tu proyecto se basa en un an\u00e1lisis t\u00e9cnico s\u00f3lido y en una gesti\u00f3n responsable de los riesgos. <\/p>\n<p><b>\u00bfQu\u00e9 ocurre si el estudio identifica un problema importante?<\/b><\/p>\n<p>\u00c9se es el resultado ideal de esta fase. Identificar un fallo -como una pendiente insuficiente o una velocidad de llegada excesiva- sobre el papel te permite hacer ajustes r\u00e1pidos y gratuitos en las alturas o ubicaciones de las torres antes de comprometerte a una costosa construcci\u00f3n. <\/p>\n<p>Env\u00edanos <a href=\"mailto:sales@thrillsyndicate.com?subject=Zipline%20design%20investigaci\u00f3n\">un correo electr\u00f3nico<\/a> con tus requisitos.<\/p>\n","protected":false},"excerpt":{"rendered":"<p class=\"ai-optimize-50 ai-optimize-introduction\">Transforma tu visi\u00f3n en una realidad rentable con nuestro <b>Estudio de Viabilidad de Tirolinas<\/b> profesional. Este servicio esencial proporciona el an\u00e1lisis basado en datos que necesitas para validar la viabilidad t\u00e9cnica de tu proyecto antes de realizar una inversi\u00f3n importante. <\/p>\n","protected":false},"featured_media":2929,"template":"","meta":{"_coblocks_attr":"","_coblocks_dimensions":"","_coblocks_responsive_height":"","_coblocks_accordion_ie_support":"","wds_primary_product_brand":0,"wds_primary_product_cat":0},"product_brand":[662],"product_cat":[658],"product_tag":[1076,1077,1078,36],"class_list":{"0":"post-20290","1":"product","2":"type-product","3":"status-publish","4":"has-post-thumbnail","6":"product_brand-thrill-syndicate-es","7":"product_cat-servicios-ingenieria-de-diseno","8":"product_tag-design","9":"product_tag-engineering","10":"product_tag-pre-design","11":"product_tag-zipline","13":"first","14":"instock","15":"virtual","16":"taxable","17":"purchasable","18":"product-type-simple"},"_links":{"self":[{"href":"https:\/\/thrillsyndicate.com\/es\/wp-json\/wp\/v2\/product\/20290","targetHints":{"allow":["GET"]}}],"collection":[{"href":"https:\/\/thrillsyndicate.com\/es\/wp-json\/wp\/v2\/product"}],"about":[{"href":"https:\/\/thrillsyndicate.com\/es\/wp-json\/wp\/v2\/types\/product"}],"wp:featuredmedia":[{"embeddable":true,"href":"https:\/\/thrillsyndicate.com\/es\/wp-json\/wp\/v2\/media\/2929"}],"wp:attachment":[{"href":"https:\/\/thrillsyndicate.com\/es\/wp-json\/wp\/v2\/media?parent=20290"}],"wp:term":[{"taxonomy":"product_brand","embeddable":true,"href":"https:\/\/thrillsyndicate.com\/es\/wp-json\/wp\/v2\/product_brand?post=20290"},{"taxonomy":"product_cat","embeddable":true,"href":"https:\/\/thrillsyndicate.com\/es\/wp-json\/wp\/v2\/product_cat?post=20290"},{"taxonomy":"product_tag","embeddable":true,"href":"https:\/\/thrillsyndicate.com\/es\/wp-json\/wp\/v2\/product_tag?post=20290"}],"curies":[{"name":"wp","href":"https:\/\/api.w.org\/{rel}","templated":true}]}}