{"id":20297,"date":"2025-04-14T16:01:15","date_gmt":"2025-04-14T14:01:15","guid":{"rendered":"https:\/\/thrillsyndicate.com\/shop\/lanyard-kit-lightspeed-impact-trolley\/"},"modified":"2025-08-24T16:06:58","modified_gmt":"2025-08-24T14:06:58","slug":"lanyard-kit-lightspeed-impact-trolley","status":"publish","type":"product","link":"https:\/\/thrillsyndicate.com\/es\/product\/lanyard-kit-lightspeed-impact-trolley\/","title":{"rendered":"Elemento de amarre para la Polea de Impacto Lightspeed"},"content":{"rendered":"<p data-sourcepos=\"15:1-15:394\">La seguridad es primordial en las operaciones de tirolesa. Los elementos de amarre redundantes para tirolinas proporcionan una capa adicional de protecci\u00f3n a los usuarios <a href=\"https:\/\/thrillsyndicate.com\/es\/shop\/lightspeed-impac-tirolesa-carro\/\">de los carros de impacto Lightspeed<\/a>. Estos elementos de amarre conectan el arn\u00e9s del usuario al Polea, actuando como reserva primaria y secundaria en caso de fallo de la conexi\u00f3n primaria. Ofrecemos elementos de amarre espec\u00edficos compatibles con las dos configuraciones de Poleas de Impacto Lightspeed, con o sin manillar.   <\/p>\n<p data-sourcepos=\"15:1-15:394\"><strong>Nota<\/strong>: Este Elemento de amarre para la Polea de Impacto Lightspeed debe utilizarse con un arn\u00e9s de cuerpo entero con <strong>anilla de fijaci\u00f3n a la altura de la cadera<\/strong>. Para otras configuraciones de arn\u00e9s, <a href=\"mailto:sales@thrillsyndicate.com?subject=Question%20about%20a%20Zipline%20Lanyard%20Kit\">ponte en contacto con nosotros<\/a>. <\/p>\n<h2 data-sourcepos=\"17:1-17:68\">Maximiza la seguridad del motorista con confianza:<\/h2>\n<ul data-sourcepos=\"19:1-19:167\">\n<li data-sourcepos=\"19:1-19:167\"><strong>Mayor seguridad:<\/strong> Las eslingas redundantes proporcionan un punto de conexi\u00f3n primario y secundario, minimizando el riesgo y maximizando la seguridad del motorista en caso de fallo de la conexi\u00f3n primaria.<\/li>\n<li data-sourcepos=\"20:1-20:161\"><strong>Tranquilidad para los operadores:<\/strong> Estos elementos de amarre ofrecen tranquilidad a los operadores al a\u00f1adir una capa adicional de protecci\u00f3n para los conductores de las Poleas de Impacto Lightspeed.<\/li>\n<li data-sourcepos=\"21:1-22:0\"><strong>Configuraciones compatibles:<\/strong> Ofrecemos elementos de amarre espec\u00edficos dise\u00f1ados para las dos configuraciones de Poleas de Impacto Lightspeed -con o sin manillar- que garantizan la compatibilidad con tu sistema actual.<\/li>\n<\/ul>\n<h2 data-sourcepos=\"23:1-23:71\">Construido para un rendimiento fiable:<\/h2>\n<ul data-sourcepos=\"25:1-28:0\">\n<li data-sourcepos=\"25:1-25:152\"><strong>Materiales de alta calidad:<\/strong> Fabricado con materiales robustos para una resistencia y durabilidad excepcionales, que garantizan un rendimiento fiable trayecto tras trayecto.<\/li>\n<li data-sourcepos=\"26:1-26:93\"><strong>Conexi\u00f3n redundante:<\/strong> Proporciona una medida de seguridad primaria y secundaria para la m\u00e1xima seguridad del motorista.<\/li>\n<li data-sourcepos=\"27:1-28:0\"><strong>Compatible con las Poleas de Impacto Lightspeed:<\/strong> Disponible en dos versiones para integrarse perfectamente con tu sistema de <a href=\"https:\/\/thrillsyndicate.com\/es\/shop\/lightspeed-impac-tirolesa-carro\/\">Poleas de Impacto Lightspeed<\/a> existente.<\/li>\n<\/ul>\n<h2 data-sourcepos=\"29:1-29:103\">Elementos de amarre redundantes para Poleas de Impacto Lightspeed &#8211; Especificaciones:<\/h2>\n<h3><strong>Polea de Impacto Lightspeed sin Manillar<\/strong><\/h3>\n<p><strong>Conexi\u00f3n primaria:<\/strong><\/p>\n<ul>\n<li>1 x Cabestrillo PES Edelrid 16 mm, 90 cm<\/li>\n<li>1 x Mosquet\u00f3n HMS TRIPLE DE ACERO Edelrid<\/li>\n<li>1 x Edelrid Antitorsi\u00f3n 16 mm (mantiene el Mosquet\u00f3n en su sitio)<\/li>\n<\/ul>\n<p><strong>Conexi\u00f3n de reserva secundaria:<\/strong><\/p>\n<ul>\n<li>1 x Cabestrillo PES Edelrid 16 mm, 120 cm<\/li>\n<li>1 x Mosquet\u00f3n TRIPLE FUERTE DE ACERO Edelrid<\/li>\n<li>1 x Edelrid Antitorsi\u00f3n 16 mm (mantiene el Mosquet\u00f3n en su sitio)<\/li>\n<\/ul>\n<p><img loading=\"lazy\" decoding=\"async\" class=\"alignnone size-full wp-image-16065\" src=\"https:\/\/thrillsyndicate.com\/wp-content\/uploads\/2024\/06\/Headrush_IT-100_Lightspeed_Impact_Trolley_No_Handle.jpg\" alt=\"Elementos de amarre redundantes para Poleas de Impacto Lightspeed - Mejora las medidas de seguridad de tus tirolinas con elementos de amarre redundantes y fiables para Poleas de Impacto Lightspeed. \u00a1Haz clic para descubrir!\" width=\"800\" height=\"541\" srcset=\"https:\/\/thrillsyndicate.com\/wp-content\/uploads\/2024\/06\/Headrush_IT-100_Lightspeed_Impact_Trolley_No_Handle.jpg 800w, https:\/\/thrillsyndicate.com\/wp-content\/uploads\/2024\/06\/Headrush_IT-100_Lightspeed_Impact_Trolley_No_Handle-458x310.jpg 458w, https:\/\/thrillsyndicate.com\/wp-content\/uploads\/2024\/06\/Headrush_IT-100_Lightspeed_Impact_Trolley_No_Handle-300x203.jpg 300w, https:\/\/thrillsyndicate.com\/wp-content\/uploads\/2024\/06\/Headrush_IT-100_Lightspeed_Impact_Trolley_No_Handle-768x519.jpg 768w, https:\/\/thrillsyndicate.com\/wp-content\/uploads\/2024\/06\/Headrush_IT-100_Lightspeed_Impact_Trolley_No_Handle-100x68.jpg 100w\" sizes=\"auto, (max-width: 800px) 100vw, 800px\" \/><\/p>\n<h3><strong>Polea de Impacto Lightspeed con Barra de Manillar<\/strong><\/h3>\n<p><strong>Conexi\u00f3n primaria y secundaria:<\/strong><\/p>\n<ul>\n<li>1 x Elemento de amarre doble Edelrid Switch (75 cm\/40 cm)<\/li>\n<li>3 x Mosquet\u00f3n Edelrid HMS BRUCE STEEL TRIPLE FG con protecci\u00f3n antitorsi\u00f3n<\/li>\n<\/ul>\n<p><img loading=\"lazy\" decoding=\"async\" class=\"alignnone size-full wp-image-16069\" src=\"https:\/\/thrillsyndicate.com\/wp-content\/uploads\/2024\/06\/Headrush_IT-100_Lightspeed_Impact_Trolley_Handle.jpg\" alt=\"Asegura cada viaje: Elementos de amarre redundantes para Poleas de Impacto Lightspeed - Elimina los problemas de seguridad y da prioridad a la seguridad del conductor con nuestras soluciones de elementos de amarre redundantes para Poleas de Impacto Lightspeed. \u00a1C\u00f3mpralo ya!\" width=\"600\" height=\"584\" srcset=\"https:\/\/thrillsyndicate.com\/wp-content\/uploads\/2024\/06\/Headrush_IT-100_Lightspeed_Impact_Trolley_Handle.jpg 600w, https:\/\/thrillsyndicate.com\/wp-content\/uploads\/2024\/06\/Headrush_IT-100_Lightspeed_Impact_Trolley_Handle-458x446.jpg 458w, https:\/\/thrillsyndicate.com\/wp-content\/uploads\/2024\/06\/Headrush_IT-100_Lightspeed_Impact_Trolley_Handle-300x292.jpg 300w, https:\/\/thrillsyndicate.com\/wp-content\/uploads\/2024\/06\/Headrush_IT-100_Lightspeed_Impact_Trolley_Handle-100x97.jpg 100w\" sizes=\"auto, (max-width: 600px) 100vw, 600px\" \/><\/p>\n<p>&nbsp;<\/p>\n<p>Consulta el <a href=\"https:\/\/cdn2.hubspot.net\/hubfs\/5957371\/website-docs\/manuals\/lightspeed\/EN_impact-trolley-operation-manual.pdf\" target=\"_blank\" rel=\"noopener\">Manual de Operaciones de la Polea de Impacto Lightspeed<\/a> para obtener m\u00e1s informaci\u00f3n.<\/p>\n","protected":false},"excerpt":{"rendered":"<p>Nuestra configuraci\u00f3n de <strong>elementos de amarre redundantes<\/strong> para tirolinas ofrece una mejora de seguridad vital para las tirolinas. Proporcionan un <strong>elemento de amarre principal y otro de reserva<\/strong> para las Poleas de Impacto Lightspeed, garantizando la m\u00e1xima seguridad del usuario tanto en las configuraciones con manillar como sin \u00e9l. <\/p>\n","protected":false},"featured_media":16072,"template":"","meta":{"_coblocks_attr":"","_coblocks_dimensions":"","_coblocks_responsive_height":"","_coblocks_accordion_ie_support":"","wds_primary_product_brand":0,"wds_primary_product_cat":0},"product_brand":[662],"product_cat":[605,479],"product_tag":[581,1081,482,450],"class_list":{"0":"post-20297","1":"product","2":"type-product","3":"status-publish","4":"has-post-thumbnail","6":"product_brand-thrill-syndicate-es","7":"product_cat-arneses-de-tirolesa","8":"product_cat-poleas-de-tirolesa","9":"product_tag-epp","10":"product_tag-kit-de-amarre","11":"product_tag-polea-de-tirolesa","12":"product_tag-tirolesa","14":"first","15":"instock","16":"taxable","17":"shipping-taxable","18":"purchasable","19":"product-type-variable"},"_links":{"self":[{"href":"https:\/\/thrillsyndicate.com\/es\/wp-json\/wp\/v2\/product\/20297","targetHints":{"allow":["GET"]}}],"collection":[{"href":"https:\/\/thrillsyndicate.com\/es\/wp-json\/wp\/v2\/product"}],"about":[{"href":"https:\/\/thrillsyndicate.com\/es\/wp-json\/wp\/v2\/types\/product"}],"wp:featuredmedia":[{"embeddable":true,"href":"https:\/\/thrillsyndicate.com\/es\/wp-json\/wp\/v2\/media\/16072"}],"wp:attachment":[{"href":"https:\/\/thrillsyndicate.com\/es\/wp-json\/wp\/v2\/media?parent=20297"}],"wp:term":[{"taxonomy":"product_brand","embeddable":true,"href":"https:\/\/thrillsyndicate.com\/es\/wp-json\/wp\/v2\/product_brand?post=20297"},{"taxonomy":"product_cat","embeddable":true,"href":"https:\/\/thrillsyndicate.com\/es\/wp-json\/wp\/v2\/product_cat?post=20297"},{"taxonomy":"product_tag","embeddable":true,"href":"https:\/\/thrillsyndicate.com\/es\/wp-json\/wp\/v2\/product_tag?post=20297"}],"curies":[{"name":"wp","href":"https:\/\/api.w.org\/{rel}","templated":true}]}}