{"id":20318,"date":"2024-05-31T12:39:35","date_gmt":"2024-05-31T10:39:35","guid":{"rendered":"https:\/\/thrillsyndicate.com\/shop\/edelrid-hard-line-6mm-accessory-cord\/"},"modified":"2025-08-25T10:10:50","modified_gmt":"2025-08-25T08:10:50","slug":"edelrid-hard-line-6mm-accessory-cord","status":"publish","type":"product","link":"https:\/\/thrillsyndicate.com\/es\/product\/edelrid-hard-line-6mm-accessory-cord\/","title":{"rendered":"Edelrid HARD LINE 6mm | Cord\u00f3n Accesorio"},"content":{"rendered":"<p data-sourcepos=\"17:1-17:480\">Los operadores profesionales de los sectores de la aventura, el aire libre, la diversi\u00f3n y el ocio necesitan equipos fiables que puedan realizar diversas tareas. La cuerda Edelrid HARD LINE 6MM es la respuesta. Este vers\u00e1til cord\u00f3n accesorio presume de una resistencia excepcional (23 kN) y un dise\u00f1o ligero (24 g\/m) para facilitar su manejo. La funda protectora de poli\u00e9ster ofrece un agarre c\u00f3modo y una mayor resistencia de los nudos, por lo que es ideal para construir estaciones de aseguramiento, fabricar eslingas y crear lazos prusik.   <\/p>\n<h2 data-sourcepos=\"19:1-19:77\">Versatilidad inigualable, rendimiento excepcional:<\/h2>\n<ul data-sourcepos=\"21:1-24:0\">\n<li data-sourcepos=\"21:1-21:189\"><strong>Muy vers\u00e1til:<\/strong> el Edelrid HARD LINE 6MM es un aut\u00e9ntico todoterreno. Util\u00edzala para construir puntos de aseguramiento, rapelar, crear eslingas, bucles prusik y otras aplicaciones diversas. <\/li>\n<li data-sourcepos=\"22:1-22:146\"><strong>Resistencia excepcional:<\/strong> Esta cuerda de 6 mm tiene una impresionante resistencia a la rotura de 23 kN, lo que garantiza un rendimiento fiable en situaciones exigentes.<\/li>\n<li data-sourcepos=\"23:1-24:0\"><strong>Manejo mejorado:<\/strong> La funda protectora de poli\u00e9ster proporciona un agarre c\u00f3modo, incluso cuando est\u00e1 mojada, para mejorar el manejo y la seguridad del usuario.<\/li>\n<\/ul>\n<h2 data-sourcepos=\"25:1-25:81\">Construido para resistir las condiciones m\u00e1s duras:<\/h2>\n<ul data-sourcepos=\"27:1-31:0\">\n<li data-sourcepos=\"27:1-27:134\"><strong>Dise\u00f1o ligero (24 g\/m):<\/strong> Proporciona una resistencia excepcional para tareas exigentes a la vez que minimiza el peso para una portabilidad \u00f3ptima.<\/li>\n<li data-sourcepos=\"28:1-28:98\"><strong>N\u00facleo de HMPE duradero:<\/strong> Ofrece una impresionante resistencia a los cortes para un uso prolongado en entornos duros.<\/li>\n<li data-sourcepos=\"29:1-29:109\"><strong>Funda protectora de poli\u00e9ster:<\/strong> Mejora el agarre y la resistencia del nudo, al tiempo que protege el n\u00facleo de los elementos.<\/li>\n<li data-sourcepos=\"30:1-31:0\"><strong>Seguridad certificada (EN 564):<\/strong> Garantiza el cumplimiento de las normas de seguridad m\u00e1s estrictas para uso profesional.<\/li>\n<\/ul>\n<h2 data-sourcepos=\"32:1-32:85\">Edelrid HARD LINE 6MM &#8211; Detalles t\u00e9cnicos:<\/h2>\n<ul data-sourcepos=\"34:1-39:24\">\n<li data-sourcepos=\"34:1-34:22\"><span class=\"citation-0\">Di\u00e1metro: 6 mm<\/span><\/li>\n<li data-sourcepos=\"35:1-35:26\"><span class=\"citation-0\">Peso por metro: 24 g\/m<\/span><\/li>\n<li data-sourcepos=\"36:1-36:34\"><span class=\"citation-0\">Resistencia m\u00ednima a la rotura: 23 kN<\/span><\/li>\n<li data-sourcepos=\"37:1-37:23\"><span class=\"citation-0\">Certificaci\u00f3n: EN 564<\/span><\/li>\n<li data-sourcepos=\"38:1-38:28\"><span class=\"citation-0\">Material: Poli\u00e9ster \/ HMPE<\/span><\/li>\n<li data-sourcepos=\"39:1-39:24\"><span class=\"citation-0 citation-end-0\">Tipo de cuerda: Cuerda<\/span><\/li>\n<\/ul>\n<h3>\ud83d\udc49 \u00bfEst\u00e1s buscando un art\u00edculo Edelrid espec\u00edfico que no aparece en la tienda? Vendemos toda la gama de productos de aventura, deporte y seguridad. <a href=\"https:\/\/thrillsyndicate.com\/es\/contacto\/\">Env\u00edanos<\/a> un correo electr\u00f3nico o consulta la <a href=\"https:\/\/thrillsyndicate.com\/edelrid-safety-price-list-2025\/\">lista completa de precios de seguridad aqu\u00ed<\/a>. \ud83d\udc48<\/h3>\n","protected":false},"excerpt":{"rendered":"<p>El Edelrid HARD LINE 6MM es un cordino accesorio <strong>vers\u00e1til<\/strong> y <strong>ultrarresistente<\/strong>, ideal para diversas aplicaciones. Este cordino <strong>ligero<\/strong> (24 g\/m) lleva una <strong>funda protectora<\/strong> para facilitar el agarre y la resistencia del nudo, por lo que es perfecto para descuelgues, eslingas, lazos de prusik y mucho m\u00e1s. <\/p>\n","protected":false},"featured_media":15824,"template":"","meta":{"_coblocks_attr":"","_coblocks_dimensions":"","_coblocks_responsive_height":"","_coblocks_accordion_ie_support":"","wds_primary_product_brand":0,"wds_primary_product_cat":0},"product_brand":[660],"product_cat":[502,952,951],"product_tag":[1090,954],"class_list":{"0":"post-20318","1":"product","2":"type-product","3":"status-publish","4":"has-post-thumbnail","6":"product_brand-edelrid-es","7":"product_cat-accesorios-zipstop","8":"product_cat-cuerdas-es","9":"product_cat-cuerdas","10":"product_tag-cable-accesorio","11":"product_tag-cuerdas","13":"first","14":"instock","15":"taxable","16":"shipping-taxable","17":"purchasable","18":"product-type-variable","19":"has-default-attributes"},"_links":{"self":[{"href":"https:\/\/thrillsyndicate.com\/es\/wp-json\/wp\/v2\/product\/20318","targetHints":{"allow":["GET"]}}],"collection":[{"href":"https:\/\/thrillsyndicate.com\/es\/wp-json\/wp\/v2\/product"}],"about":[{"href":"https:\/\/thrillsyndicate.com\/es\/wp-json\/wp\/v2\/types\/product"}],"wp:featuredmedia":[{"embeddable":true,"href":"https:\/\/thrillsyndicate.com\/es\/wp-json\/wp\/v2\/media\/15824"}],"wp:attachment":[{"href":"https:\/\/thrillsyndicate.com\/es\/wp-json\/wp\/v2\/media?parent=20318"}],"wp:term":[{"taxonomy":"product_brand","embeddable":true,"href":"https:\/\/thrillsyndicate.com\/es\/wp-json\/wp\/v2\/product_brand?post=20318"},{"taxonomy":"product_cat","embeddable":true,"href":"https:\/\/thrillsyndicate.com\/es\/wp-json\/wp\/v2\/product_cat?post=20318"},{"taxonomy":"product_tag","embeddable":true,"href":"https:\/\/thrillsyndicate.com\/es\/wp-json\/wp\/v2\/product_tag?post=20318"}],"curies":[{"name":"wp","href":"https:\/\/api.w.org\/{rel}","templated":true}]}}