{"id":20442,"date":"2025-08-12T10:18:52","date_gmt":"2025-08-12T08:18:52","guid":{"rendered":"https:\/\/thrillsyndicate.com\/shop\/programa-de-servicio-de-autoaseguramiento-con-tiempo-de-inactividad-cero\/"},"modified":"2025-08-27T15:54:40","modified_gmt":"2025-08-27T13:54:40","slug":"programa-de-servicio-de-autoaseguramiento-con-tiempo-de-inactividad-cero","status":"publish","type":"product","link":"https:\/\/thrillsyndicate.com\/es\/product\/programa-de-servicio-de-autoaseguramiento-con-tiempo-de-inactividad-cero\/","title":{"rendered":"Programa de Servicio de Autoaseguramiento de Tiempo Cero"},"content":{"rendered":"<p>Para cualquier operador del sector de la aventura y el ocio, la revisi\u00f3n anual obligatoria del Autoaseguramiento siempre ha supuesto un tiempo de inactividad inevitable, una p\u00e9rdida de ingresos y quebraderos de cabeza log\u00edsticos. El proceso tradicional de desinstalar, enviar y esperar a que vuelva el dispositivo es ineficaz y costoso. Hemos revolucionado este proceso con un servicio moderno, basado en suscripciones, que garantiza que tus v\u00edas de escalada permanezcan abiertas 365 d\u00edas al a\u00f1o, transformando una tarea necesaria en una ventaja operativa sin fisuras.  <\/p>\n<h2>Mejora tus operaciones y elimina el tiempo de inactividad<\/h2>\n<h3><b>De pesadilla log\u00edstica a intercambio sin fisuras<\/b><\/h3>\n<p>Olv\u00eddate de la vieja rutina de empaquetar unidades y tratar con transportistas. Nuestro programa redefine la eficiencia. Aproximadamente diez d\u00edas antes del vencimiento del servicio de tu dispositivo, llega a tus instalaciones un Autoaseguramiento TRUBLUE reci\u00e9n recertificado. Esta unidad de recambio viene con una cinta nueva preinstalada y est\u00e1 lista para su instalaci\u00f3n inmediata. S\u00f3lo tienes que cambiarla por tu antiguo dispositivo, colocar la unidad antigua en la misma caja utilizando la etiqueta de devoluci\u00f3n prepagada incluida y programar una recogida. El cambio completo se realiza en cuesti\u00f3n de minutos, no de semanas, lo que garantiza que tu negocio nunca pierda el ritmo.     <\/p>\n<h3><b>De costes impredecibles a cuotas mensuales fijas<\/b><\/h3>\n<p>Presupuestar el mantenimiento anual puede ser un reto, con grandes pagos globales y los costes ocultos de reparaciones inesperadas, env\u00edos y nuevas correas. Nuestro <b>programa de servicio de Autoaseguramiento<\/b> suaviza tu flujo de caja con una cuota mensual sencilla y predecible. Este precio con todo incluido se fija durante dos a\u00f1os tras la inscripci\u00f3n, protegi\u00e9ndote de las subidas de precios y permitiendo una planificaci\u00f3n financiera precisa. Para las instalaciones con varios dispositivos, esto significa que se acabaron los gastos masivos y puntuales, s\u00f3lo un coste operativo manejable que mantiene tu negocio funcionando con la m\u00e1xima eficacia.   <\/p>\n<h2>Servicio Todo Incluido para tu M\u00e1xima Tranquilidad<\/h2>\n<h3><b>Garant\u00eda de por vida y reparaciones cubiertas<\/b><\/h3>\n<p>Las garant\u00edas est\u00e1ndar caducan, y las facturas de reparaciones inesperadas pueden hacer descarrilar tu presupuesto. Con nuestro programa de suscripci\u00f3n, tu Autoaseguramiento est\u00e1 cubierto por una garant\u00eda de por vida mientras dure tu inscripci\u00f3n. Si se detecta alg\u00fan problema durante la revisi\u00f3n anual, todas las reparaciones y piezas de repuesto necesarias est\u00e1n cubiertas sin coste adicional para ti. Esta cobertura integral proporciona la m\u00e1xima tranquilidad, garantizando que tu equipo de seguridad vital est\u00e9 siempre en perfecto estado de funcionamiento, sin riesgo de gastos imprevistos.   <\/p>\n<h3><b>Sustituci\u00f3n anual de correas y env\u00edo gratuito incluidos<\/b><\/h3>\n<p>El coste de sustituir una cincha puede ser importante, a menudo superior a 250 euros. Nuestro programa elimina este gasto por completo. Cada a\u00f1o, tu Autoaseguramiento de repuesto llega con una cinta nueva, instalada en f\u00e1brica, que garantiza la m\u00e1xima seguridad y rendimiento. Adem\u00e1s, todos los gastos de env\u00edo est\u00e1n incluidos. Cubrimos la entrega de tu unidad reci\u00e9n revisada y la devoluci\u00f3n de la antigua, eliminando otro coste variable de tu presupuesto anual de mantenimiento.    <\/p>\n<h2>Especificaciones<\/h2>\n<ul>\n<li><b>Modelo de servicio:<\/b> Intercambio de suscripciones sin tiempo de inactividad<\/li>\n<li><b>Tiempo de inactividad:<\/b> Ninguno<\/li>\n<li><b>Estructura de pago:<\/b> Cuota mensual fija (49,95 &#8211; 54,95 euros)<\/li>\n<li><b>Servicio anual:<\/b> Recertificaci\u00f3n completa incluida<\/li>\n<li><b>Cinchas:<\/b> Se incluye una correa nueva preinstalada al a\u00f1o<\/li>\n<li><b>Garant\u00eda:<\/b> Garant\u00eda de por vida para suscriptores activos<\/li>\n<li><b>Reparaciones:<\/b> Todas las piezas y reparaciones necesarias incluidas<\/li>\n<li><b>Gastos de env\u00edo:<\/b> Env\u00edo gratuito de ida y vuelta incluido<\/li>\n<li><b>Propiedad:<\/b> Mantienes la plena propiedad de un dispositivo<\/li>\n<li><b>Elegibilidad:<\/b> Disponible para todos los modelos TRUBLUE, TRUBLUE iQ, iQ+ y Speed<\/li>\n<\/ul>\n","protected":false},"excerpt":{"rendered":"<p>Elimina los costosos tiempos de inactividad operativa y simplifica tu mantenimiento anual con nuestro <b>programa de servicio de Autoaseguramiento<\/b> con todo incluido. Recibe en tu casa una unidad reci\u00e9n revisada con una cinta nueva, incluso antes de que la antigua tenga que volver a certificarse. <\/p>\n","protected":false},"featured_media":20418,"template":"","meta":{"_coblocks_attr":"","_coblocks_dimensions":"","_coblocks_responsive_height":"","_coblocks_accordion_ie_support":"","wds_primary_product_brand":0,"wds_primary_product_cat":0},"product_brand":[667],"product_cat":[786],"product_tag":[983,787,470],"class_list":{"0":"post-20442","1":"product","2":"type-product","3":"status-publish","4":"has-post-thumbnail","6":"product_brand-head-rush-technologies-es","7":"product_cat-mantenimiento","8":"product_tag-inspecciones","9":"product_tag-mantenimiento","10":"product_tag-trublue-es","12":"first","13":"instock","14":"taxable","15":"shipping-taxable","16":"purchasable","17":"product-type-variable"},"_links":{"self":[{"href":"https:\/\/thrillsyndicate.com\/es\/wp-json\/wp\/v2\/product\/20442","targetHints":{"allow":["GET"]}}],"collection":[{"href":"https:\/\/thrillsyndicate.com\/es\/wp-json\/wp\/v2\/product"}],"about":[{"href":"https:\/\/thrillsyndicate.com\/es\/wp-json\/wp\/v2\/types\/product"}],"wp:featuredmedia":[{"embeddable":true,"href":"https:\/\/thrillsyndicate.com\/es\/wp-json\/wp\/v2\/media\/20418"}],"wp:attachment":[{"href":"https:\/\/thrillsyndicate.com\/es\/wp-json\/wp\/v2\/media?parent=20442"}],"wp:term":[{"taxonomy":"product_brand","embeddable":true,"href":"https:\/\/thrillsyndicate.com\/es\/wp-json\/wp\/v2\/product_brand?post=20442"},{"taxonomy":"product_cat","embeddable":true,"href":"https:\/\/thrillsyndicate.com\/es\/wp-json\/wp\/v2\/product_cat?post=20442"},{"taxonomy":"product_tag","embeddable":true,"href":"https:\/\/thrillsyndicate.com\/es\/wp-json\/wp\/v2\/product_tag?post=20442"}],"curies":[{"name":"wp","href":"https:\/\/api.w.org\/{rel}","templated":true}]}}